{"id":266,"date":"2024-12-12T13:10:17","date_gmt":"2024-12-12T05:10:17","guid":{"rendered":"https:\/\/shuangy.gg12.globaldeepsea.site\/?post_type=product&#038;p=266"},"modified":"2024-12-12T13:10:17","modified_gmt":"2024-12-12T05:10:17","slug":"2-1a-usb-socket","status":"publish","type":"product","link":"https:\/\/www.soyang-group.com\/af\/product\/2-1a-usb-socket\/","title":{"rendered":"2.1A USB Socket"},"content":{"rendered":"<p><strong>Oorsig<\/strong><\/p>\n<p><strong>Vinnige besonderhede<\/strong><br \/>\nPlek van herkoms: Zhejiang, China<br \/>\nBrand Name:Soyang<br \/>\nModel Number: USB-D2<br \/>\nDC:5V AC<br \/>\nMax:2.1A<br \/>\nColor:white<br \/>\nApplication:Timer switch<\/p>\n<p><strong>Voorsieningsvermo\u00eb<\/strong><br \/>\nVoorsieningsvermo\u00eb: 100000 stuk\/stukke per maand<\/p>\n<p><strong>Verpakking en aflewering<\/strong><br \/>\nPackaging Details:double blister,10pcs\/ inner box, 60pcs\/ outer carton<br \/>\nPoort: Ningbo\/Sjanghai<br \/>\nloodtyd:<br \/>\nhoeveelheid (stukke) 1 - 10000&gt; 10000<br \/>\nest. tyd (dae) 60 om onderhandel te word<\/p>\n<p>&nbsp;<\/p>\n<p><strong>Detail Produkbeskrywing<\/strong><\/p>\n<p><strong>2.1A USB Socket<\/strong><br \/>\nModel Number:USB-D2<br \/>\nDuitsland weergawe<br \/>\nhandelsnaam: shuangyang<br \/>\nUsage:Charger socket<br \/>\nTeorie: Meganies<br \/>\nbeskrywing en funksies<br \/>\n1.Max: 2.1A<br \/>\n2.DC: 5V<br \/>\n3.The unit size:<\/p>\n<p><a class=\"fancybox\" href=\"https:\/\/www.soyanggroup.com\/uploads\/125.jpg\" target=\"_blank\" rel=\"noopener\"><img decoding=\"async\" class=\"alignnone size-full wp-image-4344\" src=\"https:\/\/www.soyanggroup.com\/uploads\/125.jpg\" alt=\"1\" \/><\/a><\/p>\n<p>4. Supply Ability:1000000 Piece\/Pieces per Month Timer<br \/>\n5. Available capacity for another design: Gemany version,Denmark version,France version<\/p>\n<p>&nbsp;<\/p>\n<p><strong>spesifikasie<\/strong><br \/>\nPackage: Double blister<br \/>\nQty\/box: 10pcs<br \/>\nQty\/ctn: 60pcs<br \/>\nGW: 5.8kg<br \/>\nnw: 4,8 kg<br \/>\nCarton size: 38*73*23cm<br \/>\nQty\/20\u2032: 23,040pcs<br \/>\nCertifications: GS, CE, RoHS, REACH, PAHS<\/p>\n<p>&nbsp;<\/p>\n<p><strong>Verkooppunt<\/strong><br \/>\n1. ho\u00eb kwaliteit<br \/>\n2. gunstige prys<br \/>\n3. Groot verskeidenheid produkte<br \/>\n4. Aantreklike ontwerp<br \/>\n5. Omgewingsvriendelike tegnologie<br \/>\n6.OEM en ODM -diens gelewer<\/p>\n<p>&nbsp;<\/p>\n<p><strong>Verpakking en betaling en versending<\/strong><br \/>\nPackaging Details: White box<br \/>\nBetaalmetode: Voorskot TT, T\/T, L\/C<br \/>\nAflewering: 30-45 dae nadat die afsetting ontvang is<br \/>\nPoort: Ningbo of Sjanghai<\/p>\n<p>&nbsp;<\/p>\n<p><strong>ons dienste<\/strong><br \/>\n1. sodra u u boodskap kry, sal ons u binne 24 uur antwoord<br \/>\n2. ons het 'n professionele verkoopspan om diens vir u aan te bied<br \/>\n3. bied 2 jaar aan as waarborgtyd en na-verkope diens<\/p>\n<p>&nbsp;<\/p>\n<p><strong>maatskappyinligting<\/strong><\/p>\n<p>zhejiang shuangyang group co.ltd. is in 1986 gestig, is 'n privaatonderneming, een van die star enterprise van ningbo city in 1998, en is goedgekeur deur iso9001\/14000\/18000. ons het in cixi, ningbo city, gele\u00eb, wat net een uur na ningbo -hawe en lughawe is, en twee uur na sjanghai.<\/p>\n<p><a class=\"fancybox\" href=\"https:\/\/www.soyanggroup.com\/uploads\/11.jpg\" target=\"_blank\" rel=\"noopener\"><img decoding=\"async\" class=\"alignnone size-full wp-image-4014\" src=\"https:\/\/www.soyanggroup.com\/uploads\/11.jpg\" alt=\"\u00c4\u00da\u00d2\u00b3\u00d0\u00a7\u00b9\u00fb-1\" \/><\/a><br \/>\ntot nou toe is die geregistreerde kapitaal meer as 16 miljoen dollar. ons vloeroppervlakte is ongeveer 120.000 m\u00b2, en die konstruksiegebied is ongeveer 85.000 m\u00b2. in 2018 is ons totale omskakeling 80 miljoen usdollar. ons het tien r &amp; d -persone en meer as 100 qc's om die gehalte te waarborg, elke jaar ontwerp en ontwikkel ons meer as tien nuwe produkte wat as hoofvervaardiger optree.<\/p>\n<p>ons belangrikste produkte is timers, voetstukke, buigsame kabels, netkoorde, proppe, verlengstukke, kabelrolle en ligte. ons kan baie soorte timers verskaf, soos daaglikse timers, meganiese en digitale timers, telling aftellers, industrie -timers met allerlei voetstukke. ons teikenmarkte is die europese mark en die amerikaanse mark. ons produkte wat goedgekeur is deur ce, gs, d, n, s, nf, etl, vde, rohs, reach, pahs en so aan.<\/p>\n<p>ons het 'n goeie reputasie onder ons kli\u00ebnte. ons fokus altyd op die beskerming van die omgewing en veiligheid van die mens. die verbetering van die lewensgehalte is ons finale doel.<\/p>\n<p>kragkoorde, verlengkoorde en kabelrolle is ons belangrikste onderneming; ons is elke jaar die hoofvervaardiger van die promosiebestellings van die europese mark. ons is die beste vervaardiger wat saamwerk met vde global service in duitsland om handelsmerk te beskerm.<\/p>\n<p>Hartlik welkom om met al die kli\u00ebnte saam te werk vir die wedersydse voordeel en die blink toekoms.<\/p>\n<p>&nbsp;<\/p>\n<p><strong>Vrae<\/strong><br \/>\nV1. Kan u voorbeeldbestelling aanvaar?<\/p>\n<p>A: Ja, seker, ons aanvaar voorbeeldbestelling.<\/p>\n<p>&nbsp;<\/p>\n<p>V2. Hoe om ons te kontrakteer?<\/p>\n<p>A: U kan e -pos na ons stuur of skakel.<\/p>","protected":false},"excerpt":{"rendered":"<p>Home USB charger mini Socket plug<br \/>\nIOS and Android devices are compatible,<br \/>\nsupport two devices to charge together solve the problem of difficult charging<\/p>","protected":false},"featured_media":270,"template":"","meta":[],"product_cat":[24],"product_tag":[],"class_list":{"0":"post-266","1":"product","2":"type-product","3":"status-publish","4":"has-post-thumbnail","6":"product_cat-socketplug","8":"first","9":"instock","10":"shipping-taxable","11":"product-type-simple"},"_links":{"self":[{"href":"https:\/\/www.soyang-group.com\/af\/wp-json\/wp\/v2\/product\/266","targetHints":{"allow":["GET"]}}],"collection":[{"href":"https:\/\/www.soyang-group.com\/af\/wp-json\/wp\/v2\/product"}],"about":[{"href":"https:\/\/www.soyang-group.com\/af\/wp-json\/wp\/v2\/types\/product"}],"version-history":[{"count":0,"href":"https:\/\/www.soyang-group.com\/af\/wp-json\/wp\/v2\/product\/266\/revisions"}],"wp:featuredmedia":[{"embeddable":true,"href":"https:\/\/www.soyang-group.com\/af\/wp-json\/wp\/v2\/media\/270"}],"wp:attachment":[{"href":"https:\/\/www.soyang-group.com\/af\/wp-json\/wp\/v2\/media?parent=266"}],"wp:term":[{"taxonomy":"product_cat","embeddable":true,"href":"https:\/\/www.soyang-group.com\/af\/wp-json\/wp\/v2\/product_cat?post=266"},{"taxonomy":"product_tag","embeddable":true,"href":"https:\/\/www.soyang-group.com\/af\/wp-json\/wp\/v2\/product_tag?post=266"}],"curies":[{"name":"wp","href":"https:\/\/api.w.org\/{rel}","templated":true}]}}