{"id":266,"date":"2024-12-12T13:10:17","date_gmt":"2024-12-12T05:10:17","guid":{"rendered":"https:\/\/shuangy.gg12.globaldeepsea.site\/?post_type=product&#038;p=266"},"modified":"2024-12-12T13:10:17","modified_gmt":"2024-12-12T05:10:17","slug":"2-1a-usb-socket","status":"publish","type":"product","link":"https:\/\/www.soyang-group.com\/ar\/product\/2-1a-usb-socket\/","title":{"rendered":"2.1A \u0645\u0642\u0628\u0633 USB"},"content":{"rendered":"<p><strong>Overview<\/strong><\/p>\n<p><strong>Quick Details<\/strong><br \/>\nPlace of Origin:Zhejiang, China<br \/>\n\u0627\u0633\u0645 \u0627\u0644\u0639\u0644\u0627\u0645\u0629 \u0627\u0644\u062a\u062c\u0627\u0631\u064a\u0629: Soyang<br \/>\n\u0631\u0642\u0645 \u0627\u0644\u0646\u0645\u0648\u0630\u062c: USB-D2<br \/>\nDC: 5V AC<br \/>\nMax:2.1A<br \/>\n\u0627\u0644\u0644\u0648\u0646: \u0623\u0628\u064a\u0636<br \/>\n\u0627\u0644\u062a\u0637\u0628\u064a\u0642: \u062a\u0628\u062f\u064a\u0644 \u0627\u0644\u0645\u0624\u0642\u062a<\/p>\n<p><strong>Supply Ability<\/strong><br \/>\nSupply Ability:100000 Piece\/Pieces per Month<\/p>\n<p><strong>Packaging &amp; Delivery<\/strong><br \/>\n\u062a\u0641\u0627\u0635\u064a\u0644 \u0627\u0644\u062a\u063a\u0644\u064a\u0641: \u0646\u0641\u0637\u0629 \u0645\u0632\u062f\u0648\u062c\u0629 \u060c 10 \u0645\u0633\u0627\u0621\u064b\/ \u0645\u0631\u0628\u0639\u064b\u0627 \u062f\u0627\u062e\u0644\u064a\u064b\u0627 \u060c 60 \u066a\/ \u0643\u0631\u062a\u0648\u0646 \u062e\u0627\u0631\u062c\u064a<br \/>\nPort:Ningbo\/Shanghai<br \/>\n\u0645\u0647\u0644\u0629 :<br \/>\n\u0627\u0644\u0643\u0645\u064a\u0629 (\u0627\u0644\u0642\u0637\u0639) 1 - 10000&gt; 10000<br \/>\nEST. \u0627\u0644\u0648\u0642\u062a (\u0623\u064a\u0627\u0645) 60 \u0644\u064a\u062a\u0645 \u0627\u0644\u062a\u0641\u0627\u0648\u0636 \u0639\u0644\u064a\u0647\u0627<\/p>\n<p>&nbsp;<\/p>\n<p><strong>Detail Product Description<\/strong><\/p>\n<p><strong>2.1A \u0645\u0642\u0628\u0633 USB<\/strong><br \/>\n\u0631\u0642\u0645 \u0627\u0644\u0646\u0645\u0648\u0630\u062c: USB-D2<br \/>\n\u0646\u0633\u062e\u0629 \u0623\u0644\u0645\u0627\u0646\u064a\u0627<br \/>\nBrand Name:Shuangyang<br \/>\n\u0627\u0644\u0627\u0633\u062a\u062e\u062f\u0627\u0645: \u0645\u0623\u062e\u0630 \u0627\u0644\u0634\u0627\u062d\u0646<br \/>\nTheory: Mechanical<br \/>\n\u0627\u0644\u0648\u0635\u0641 \u0648\u0627\u0644\u0645\u064a\u0632\u0627\u062a<br \/>\n1.max: 2.1a<br \/>\n2.dc: 5v<br \/>\n3. \u062d\u062c\u0645 \u0627\u0644\u0648\u062d\u062f\u0629:<\/p>\n<p><a class=\"fancybox\" href=\"https:\/\/www.soyanggroup.com\/uploads\/125.jpg\" target=\"_blank\" rel=\"noopener\"><img decoding=\"async\" class=\"alignnone size-full wp-image-4344\" src=\"https:\/\/www.soyanggroup.com\/uploads\/125.jpg\" alt=\"1\" \/><\/a><\/p>\n<p>4. \u0627\u0644\u0642\u062f\u0631\u0629 \u0639\u0644\u0649 \u0627\u0644\u062a\u0648\u0631\u064a\u062f: 1000000 \u0642\u0637\u0639\u0629\/\u0642\u0637\u0639 \u0634\u0647\u0631\u064a\u064b\u0627<br \/>\n5. \u0627\u0644\u0633\u0639\u0629 \u0627\u0644\u0645\u062a\u0627\u062d\u0629 \u0644\u062a\u0635\u0645\u064a\u0645 \u0622\u062e\u0631: \u0625\u0635\u062f\u0627\u0631 Gemany \u060c \u0625\u0635\u062f\u0627\u0631 \u0627\u0644\u062f\u0646\u0645\u0627\u0631\u0643 \u060c \u0625\u0635\u062f\u0627\u0631 \u0641\u0631\u0646\u0633\u0627<\/p>\n<p>&nbsp;<\/p>\n<p><strong>Specification<\/strong><br \/>\n\u0627\u0644\u062d\u0632\u0645\u0629: \u0646\u0641\u0637\u0629 \u0645\u0632\u062f\u0648\u062c\u0629<br \/>\nQty\/Box: 10pcs<br \/>\nQty\/ctn: 60pcs<br \/>\nGW: 5.8 \u0643\u062c\u0645<br \/>\nNW: 4.8 \u0643\u062c\u0645<br \/>\n\u062d\u062c\u0645 \u0627\u0644\u0643\u0631\u062a\u0648\u0646: 38*73*23 \u0633\u0645<br \/>\nQty\/20 \u2032: 23\u060c040pcs<br \/>\n\u0627\u0644\u0634\u0647\u0627\u062f\u0627\u062a: GS \u060c CE \u060c ROHS \u060c REACH \u060c PAHS<\/p>\n<p>&nbsp;<\/p>\n<p><strong>Sales point<\/strong><br \/>\n1.High quality<br \/>\n2.Favorable price<br \/>\n3.Great variety of products<br \/>\n4.Attractive design<br \/>\n5.Environment friendly technology<br \/>\n6.OEM and ODM service provided<\/p>\n<p>&nbsp;<\/p>\n<p><strong>Packaging&amp;Payment&amp;Shippment<\/strong><br \/>\n\u062a\u0641\u0627\u0635\u064a\u0644 \u0627\u0644\u062a\u063a\u0644\u064a\u0641: \u0635\u0646\u062f\u0648\u0642 \u0623\u0628\u064a\u0636<br \/>\nPayment Method:Advance TT, T\/T, L\/C<br \/>\nDelivery:30-45 days after received the deposite<br \/>\nPort:Ningbo or Shanghai<\/p>\n<p>&nbsp;<\/p>\n<p><strong>Our Services<\/strong><br \/>\n1. Once get your message, we will reply you in 24 hours<br \/>\n2. We have professional sales team to offer service for you<br \/>\n3. Offer 2 years as warranty time and after-sales service<\/p>\n<p>&nbsp;<\/p>\n<p><strong>\u0645\u0639\u0644\u0648\u0645\u0627\u062a \u0627\u0644\u0634\u0631\u0643\u0629<\/strong><\/p>\n<p>Zhejiang Shuangyang Group Co.Ltd. \u062a\u0645 \u062a\u0623\u0633\u064a\u0633\u0647\u0627 \u0641\u064a \u0639\u0627\u0645 1986 \u060c \u0648\u0647\u064a \u0645\u0624\u0633\u0633\u0629 \u0645\u0645\u0644\u0648\u0643\u0629 \u062e\u0627\u0635\u0629 \u060c \u0648\u0627\u062d\u062f\u0629 \u0645\u0646 Star Enterprise of Ningbo City \u0641\u064a \u0639\u0627\u0645 1998 \u060c \u0648\u062a\u0645\u062a \u0627\u0644\u0645\u0648\u0627\u0641\u0642\u0629 \u0639\u0644\u064a\u0647\u0627 \u0645\u0646 \u0642\u0628\u0644 ISO9001\/14000\/18000. \u0644\u0642\u062f \u0648\u0636\u0639\u0646\u0627 \u0641\u064a Cixi \u060c \u0645\u062f\u064a\u0646\u0629 Ningbo \u060c \u0627\u0644\u062a\u064a \u0644\u0627 \u062a\u0628\u0639\u062f \u0633\u0648\u0649 \u0633\u0627\u0639\u0629 \u0648\u0627\u062d\u062f\u0629 \u0625\u0644\u0649 \u0645\u064a\u0646\u0627\u0621 \u0648\u0645\u0637\u0627\u0631 Ningbo \u060c \u0648\u0633\u0627\u0639\u062a\u064a\u0646 \u0625\u0644\u0649 Shanghai.<\/p>\n<p><a class=\"fancybox\" href=\"https:\/\/www.soyanggroup.com\/uploads\/11.jpg\" target=\"_blank\" rel=\"noopener\"><img decoding=\"async\" class=\"alignnone size-full wp-image-4014\" src=\"https:\/\/www.soyanggroup.com\/uploads\/11.jpg\" alt=\"\u00c4\u00da\u00d2\u00b3\u00d0\u00a7\u00b9\u00fb-1\" \/><\/a><br \/>\n\u062d\u062a\u0649 \u0627\u0644\u0622\u0646 \u060c \u0641\u0625\u0646 \u0627\u0644\u0639\u0627\u0635\u0645\u0629 \u0627\u0644\u0645\u0633\u062c\u0644\u0629 \u062a\u0632\u064a\u062f \u0639\u0646 16 \u0645\u0644\u064a\u0648\u0646 \u062f\u0648\u0644\u0627\u0631. \u062a\u0628\u0644\u063a \u0645\u0633\u0627\u062d\u062a\u0646\u0627 \u0627\u0644\u0623\u0631\u0636\u064a\u0629 \u062d\u0648\u0627\u0644\u064a 120.000 \u0645\u062a\u0631 \u0645\u0631\u0628\u0639 \u060c \u0648\u062a\u0628\u0644\u063a \u0645\u0633\u0627\u062d\u0629 \u0627\u0644\u0628\u0646\u0627\u0621 \u062d\u0648\u0627\u0644\u064a 85000 \u0645\u062a\u0631 \u0645\u0631\u0628\u0639. \u0641\u064a \u0639\u0627\u0645 2018 \u060c \u064a\u0628\u0644\u063a \u0625\u062c\u0645\u0627\u0644\u064a \u062f\u0648\u0631\u0646\u0627 80 \u0645\u0644\u064a\u0648\u0646 \u062f\u0648\u0644\u0627\u0631. \u0644\u062f\u064a\u0646\u0627 \u0639\u0634\u0631\u0629 \u0623\u0634\u062e\u0627\u0635 \u0645\u0646 \u0627\u0644\u0628\u062d\u062b \u0648\u0627\u0644\u062a\u0637\u0648\u064a\u0631 \u0648\u0623\u0643\u062b\u0631 \u0645\u0646 100 \u0645\u0631\u0627\u0642\u0628\u0629 \u0627\u0644\u062c\u0648\u062f\u0629 \u0644\u0636\u0645\u0627\u0646 \u0627\u0644\u062c\u0648\u062f\u0629 \u060c \u0643\u0644 \u0639\u0627\u0645 \u060c \u0646\u0642\u0648\u0645 \u0628\u062a\u0635\u0645\u064a\u0645 \u0648\u062a\u0637\u0648\u064a\u0631 \u0623\u0643\u062b\u0631 \u0645\u0646 \u0639\u0634\u0631\u0629 \u0645\u0646\u062a\u062c\u0627\u062a \u062c\u062f\u064a\u062f\u0629 \u062a\u0639\u0645\u0644 \u0643\u0634\u0631\u0643\u0629 \u0645\u0635\u0646\u0639\u0629 \u0631\u0626\u064a\u0633\u064a\u0629.<\/p>\n<p>\u0645\u0646\u062a\u062c\u0627\u062a\u0646\u0627 \u0627\u0644\u0631\u0626\u064a\u0633\u064a\u0629 \u0647\u064a \u0623\u062c\u0647\u0632\u0629 \u0627\u0644\u062a\u0648\u0642\u064a\u062a \u0648\u0627\u0644\u0645\u0622\u062e\u0630 \u0648\u0627\u0644\u0643\u0627\u0628\u0644\u0627\u062a \u0627\u0644\u0645\u0631\u0646\u0629 \u0648\u062d\u0628\u0627\u0644 \u0627\u0644\u0637\u0627\u0642\u0629 \u0648\u0627\u0644\u0645\u0642\u0627\u0637\u0639 \u0648\u0645\u0622\u062e\u0630 \u0627\u0644\u062a\u0645\u062f\u064a\u062f \u0648\u0643\u0631\u0627\u062a \u0627\u0644\u0643\u0627\u0628\u0644\u0627\u062a \u0648\u0627\u0644\u0625\u0636\u0627\u0621\u0629. \u064a\u0645\u0643\u0646\u0646\u0627 \u062a\u0648\u0641\u064a\u0631 \u0623\u0646\u0648\u0627\u0639 \u0643\u062b\u064a\u0631\u0629 \u0645\u0646 \u0623\u062c\u0647\u0632\u0629 \u0636\u0628\u0637 \u0627\u0644\u0648\u0642\u062a \u0645\u062b\u0644 \u0623\u062c\u0647\u0632\u0629 \u0636\u0628\u0637 \u0627\u0644\u0648\u0642\u062a \u0627\u0644\u064a\u0648\u0645\u064a\u0629 \u060c \u0648\u0627\u0644\u062a\u0648\u0642\u064a\u062a\u0627\u062a \u0627\u0644\u0645\u064a\u0643\u0627\u0646\u064a\u0643\u064a\u0629 \u0648\u0627\u0644\u0631\u0642\u0645\u064a\u0629 \u060c \u0648\u0627\u0644\u0648\u0642\u0648\u062f \u0627\u0644\u0645\u0648\u0642\u062a \u060c \u0648\u062c\u0647\u0627\u0632 \u0636\u0628\u0637 \u0627\u0644\u0648\u0642\u062a \u0641\u064a \u0627\u0644\u0635\u0646\u0627\u0639\u0629 \u0645\u0639 \u062c\u0645\u064a\u0639 \u0623\u0646\u0648\u0627\u0639 \u0627\u0644\u0645\u0642\u0627\u0628\u0633. \u0623\u0633\u0648\u0627\u0642\u0646\u0627 \u0627\u0644\u0645\u0633\u062a\u0647\u062f\u0641\u0629 \u0647\u064a \u0627\u0644\u0633\u0648\u0642 \u0627\u0644\u0623\u0648\u0631\u0648\u0628\u064a\u0629 \u0648\u0627\u0644\u0633\u0648\u0642 \u0627\u0644\u0623\u0645\u0631\u064a\u0643\u064a\u0629. \u0645\u0646\u062a\u062c\u0627\u062a\u0646\u0627 \u0627\u0644\u0645\u0639\u062a\u0645\u062f\u0629 \u0645\u0646 \u0642\u0628\u0644 CE \u060c GS \u060c D \u060c N \u060c S \u060c NF \u060c ETL \u060c VDE \u060c ROHS \u060c REACH \u060c PAHS \u0648\u0645\u0627 \u0625\u0644\u0649 \u0630\u0644\u0643.<\/p>\n<p>\u0644\u062f\u064a\u0646\u0627 \u0633\u0645\u0639\u0629 \u0637\u064a\u0628\u0629 \u0628\u064a\u0646 \u0639\u0645\u0644\u0627\u0626\u0646\u0627. \u0646\u0631\u0643\u0632 \u062f\u0627\u0626\u0645\u064b\u0627 \u0639\u0644\u0649 \u062d\u0645\u0627\u064a\u0629 \u0627\u0644\u0628\u064a\u0626\u0629 \u0648\u0627\u0644\u0625\u0646\u0633\u0627\u0646 \u0627\u0644\u0633\u0644\u0627\u0645\u0629. \u062a\u062d\u0633\u064a\u0646 \u0646\u0648\u0639\u064a\u0629 \u0627\u0644\u062d\u064a\u0627\u0629 \u0647\u0648 \u0647\u062f\u0641\u0646\u0627 \u0627\u0644\u0646\u0647\u0627\u0626\u064a.<\/p>\n<p>\u062a\u0639\u062f \u0627\u0644\u062d\u0628\u0627\u0644 \u0627\u0644\u0643\u0647\u0631\u0628\u0627\u0626\u064a\u0629 \u0648\u0643\u0631\u0627\u062a \u0627\u0644\u062a\u0645\u062f\u064a\u062f \u0648\u0628\u0643\u0631\u0627\u062a \u0627\u0644\u0643\u0627\u0628\u0644\u0627\u062a \u0644\u062f\u064a\u0646\u0627 \u0623\u0639\u0645\u0627\u0644\u0646\u0627 \u0627\u0644\u0631\u0626\u064a\u0633\u064a\u0629 \u060c \u0648\u0646\u062d\u0646 \u0627\u0644\u0634\u0631\u0643\u0629 \u0627\u0644\u0645\u0635\u0646\u0639\u0629 \u0627\u0644\u0631\u0626\u064a\u0633\u064a\u0629 \u0644\u0623\u0648\u0627\u0645\u0631 \u0627\u0644\u062a\u0631\u0648\u064a\u062c \u0645\u0646 \u0627\u0644\u0633\u0648\u0642 \u0627\u0644\u0623\u0648\u0631\u0648\u0628\u064a\u0629 \u0643\u0644 \u0639\u0627\u0645. \u0646\u062d\u0646 \u0623\u0641\u0636\u0644 \u0634\u0631\u0643\u0629 \u062a\u0635\u0646\u064a\u0639 \u062a\u0639\u0627\u0648\u0646 \u0645\u0639 VDE Global Service \u0641\u064a \u0623\u0644\u0645\u0627\u0646\u064a\u0627 \u0644\u062d\u0645\u0627\u064a\u0629 \u0627\u0644\u0639\u0644\u0627\u0645\u0627\u062a \u0627\u0644\u062a\u062c\u0627\u0631\u064a\u0629.<\/p>\n<p>\u0645\u0631\u062d\u0628\u064b\u0627 \u0628\u0643 \u0628\u062d\u0631\u0627\u0631\u0629 \u0644\u0644\u062a\u0639\u0627\u0648\u0646 \u0645\u0639 \u062c\u0645\u064a\u0639 \u0627\u0644\u0639\u0645\u0644\u0627\u0621 \u0645\u0646 \u0623\u062c\u0644 \u0627\u0644\u0641\u0627\u0626\u062f\u0629 \u0627\u0644\u0645\u062a\u0628\u0627\u062f\u0644\u0629 \u0648\u0627\u0644\u0645\u0633\u062a\u0642\u0628\u0644 \u0627\u0644\u0645\u0634\u0631\u0642.<\/p>\n<p>&nbsp;<\/p>\n<p><strong>\u0627\u0644\u062a\u0639\u0644\u064a\u0645\u0627\u062a<\/strong><br \/>\n\u0633 1. \u0647\u0644 \u064a\u0645\u0643\u0646\u0643 \u0642\u0628\u0648\u0644 \u0639\u064a\u0646\u0629 \u0627\u0644\u0637\u0644\u0628\u061f<\/p>\n<p>\u062c: \u0646\u0639\u0645 \u060c \u0628\u0627\u0644\u062a\u0623\u0643\u064a\u062f \u060c \u0646\u062d\u0646 \u0646\u0642\u0628\u0644 \u0627\u0644\u0639\u064a\u0646\u0629.<\/p>\n<p>&nbsp;<\/p>\n<p>Q2. How to contract us?<\/p>\n<p>A : You can send mail to us or call.<\/p>","protected":false},"excerpt":{"rendered":"<p>\u0645\u0646\u0632\u0644 \u0634\u0627\u062d\u0646 USB Mini Socket<br \/>\n\u0623\u062c\u0647\u0632\u0629 iOS \u0648 Android \u0645\u062a\u0648\u0627\u0641\u0642\u0629 \u060c<br \/>\n\u062f\u0639\u0645 \u062c\u0647\u0627\u0632\u064a\u0646 \u0644\u0634\u062d\u0646 \u0645\u0639\u064b\u0627 \u062d\u0644 \u0645\u0634\u0643\u0644\u0629 \u0627\u0644\u0634\u062d\u0646 \u0627\u0644\u0635\u0639\u0628\u0629<\/p>","protected":false},"featured_media":270,"template":"","meta":[],"product_cat":[24],"product_tag":[],"class_list":{"0":"post-266","1":"product","2":"type-product","3":"status-publish","4":"has-post-thumbnail","6":"product_cat-socketplug","8":"first","9":"instock","10":"shipping-taxable","11":"product-type-simple"},"_links":{"self":[{"href":"https:\/\/www.soyang-group.com\/ar\/wp-json\/wp\/v2\/product\/266","targetHints":{"allow":["GET"]}}],"collection":[{"href":"https:\/\/www.soyang-group.com\/ar\/wp-json\/wp\/v2\/product"}],"about":[{"href":"https:\/\/www.soyang-group.com\/ar\/wp-json\/wp\/v2\/types\/product"}],"version-history":[{"count":0,"href":"https:\/\/www.soyang-group.com\/ar\/wp-json\/wp\/v2\/product\/266\/revisions"}],"wp:featuredmedia":[{"embeddable":true,"href":"https:\/\/www.soyang-group.com\/ar\/wp-json\/wp\/v2\/media\/270"}],"wp:attachment":[{"href":"https:\/\/www.soyang-group.com\/ar\/wp-json\/wp\/v2\/media?parent=266"}],"wp:term":[{"taxonomy":"product_cat","embeddable":true,"href":"https:\/\/www.soyang-group.com\/ar\/wp-json\/wp\/v2\/product_cat?post=266"},{"taxonomy":"product_tag","embeddable":true,"href":"https:\/\/www.soyang-group.com\/ar\/wp-json\/wp\/v2\/product_tag?post=266"}],"curies":[{"name":"wp","href":"https:\/\/api.w.org\/{rel}","templated":true}]}}