{"id":227,"date":"2024-12-12T11:13:59","date_gmt":"2024-12-12T03:13:59","guid":{"rendered":"https:\/\/shuangy.gg12.globaldeepsea.site\/?post_type=product&#038;p=227"},"modified":"2024-12-12T11:13:59","modified_gmt":"2024-12-12T03:13:59","slug":"digital-weekly-timer-switch","status":"publish","type":"product","link":"https:\/\/www.soyang-group.com\/de\/product\/digital-weekly-timer-switch\/","title":{"rendered":"Digital Weekly Timer Switch"},"content":{"rendered":"<p><strong>\u00dcberblick<\/strong><\/p>\n<p><strong>Schnelle Details<\/strong><br \/>\nHerkunftsort: Zhejiang, China<br \/>\nMarkenname: Soyang<br \/>\nModellnummer: TS-Ed20<br \/>\nTheorie: Digital<br \/>\nVerwendung: Timerschalter<br \/>\nSpannung: 220-240V AC<br \/>\nFrequency:50Hz<br \/>\nMaximale Leistung: 3500W<br \/>\nFarbe: Wei\u00df<br \/>\nAnwendung: Timer -Switch<br \/>\ncurrent:16A<\/p>\n<p>&nbsp;<\/p>\n<p><strong>Versorgungsf\u00e4higkeit<\/strong><br \/>\nVersorgungsf\u00e4higkeit: 100000 St\u00fcck\/St\u00fccke pro Monat<\/p>\n<p>&nbsp;<\/p>\n<p><strong>Verpackung &amp; Lieferung<\/strong><br \/>\nVerpackungsdetails: Doppelblister, 12pcs\/ Inner Box, 48pcs\/ Au\u00dfenkarton<br \/>\nPort: Ningbo\/Shanghai<br \/>\nVorlaufzeit:<br \/>\nMenge (St\u00fccke) 1 - 10000&gt; 10000<br \/>\nEst. Zeit (Tage) 60 zu verhandeln<\/p>\n<p>&nbsp;<\/p>\n<p><strong>Detail Produktbeschreibung<\/strong><\/p>\n<p>Digital Weekly Timer im Freien<br \/>\nModellnummer: TS-Ed20<br \/>\nDeutschlandversion<br \/>\nMarkenname: Shuangyang<br \/>\nVerwendung: Timerschalter<br \/>\nTheorie: Digital<br \/>\n<strong>Beschreibung &amp; Funktionen<\/strong><br \/>\n1. Maximum Power: 3500W<br \/>\n2. Voltage: 220-240V AC<br \/>\n3.Frequenz: 50 Hz<br \/>\n4. Strom: 16a<br \/>\n5. Zeitanzeige: Stunde\/Minute\/Sekunde<br \/>\n6.20 Ein\/Aus -Programme<br \/>\n7.7 Tasten f\u00fcr den einfachen Betrieb<br \/>\n8. einfache Umstellung f\u00fcr Sommertimer<br \/>\n9. Aneigner Ni-MH-Akku im Inneren verwendet<br \/>\n10.Reset -Funktion<br \/>\n11.Random -Funktion<br \/>\n14. Akzente: Weniger als 3 Sekunden an einem Tag<br \/>\n15. Versorgungsf\u00e4higkeit: 1000000 St\u00fcck\/St\u00fccke pro Monat Timer<\/p>\n<p><strong>Spezifikation<\/strong><br \/>\nPaket: Double Blase<br \/>\nQty\/Box: 12pcs<br \/>\nQty\/ctn: 48pcs<br \/>\nGW: 10 kg<br \/>\nNW: 8 kg<br \/>\nKartongr\u00f6\u00dfe: 55*53*28 cm<br \/>\nQty\/20 ': 16.464pcs<br \/>\nZertifizierungen: GS, CE, ROHS, REACH, PAKS<\/p>\n<p><strong>Verkaufspunkt<\/strong><br \/>\n1. Hohe Qualit\u00e4t<br \/>\n2. Vorstellbarer Preis<br \/>\n3. ZWEISETUNG VON PRODUKTE<br \/>\n4.Attraktives Design<br \/>\n5. Umweltfreundliche Technologie<br \/>\n6.OEM- und ODM -Service erbracht<\/p>\n<p>&nbsp;<\/p>\n<p>&nbsp;<\/p>\n<p><strong>Unternehmensinformationen<\/strong><\/p>\n<p>Zhejiang Shuangyang Group Co.Ltd. wurde 1986 gegr\u00fcndet, ist ein privates Unternehmen, das 1998 von Star Enterprise von Ningbo City genehmigt wurde und von ISO9001\/14000\/18000 genehmigt wurde. Wir befanden uns in Cixi, Ningbo City, das nur eine Stunde bis zum Ningbo Harbour und Flughafen und zwei Stunden nach Shanghai ist.<\/p>\n<p><img decoding=\"async\" src=\"https:\/\/sc01.alicdn.com\/kf\/He5ba632c74e44a68a587403dde671c5eH\/1942321\/He5ba632c74e44a68a587403dde671c5eH.png_.webp\" alt=\"\" \/><br \/>\nBisher betr\u00e4gt das registrierte Kapital \u00fcber 16 Millionen USDollar. Unsere Bodenfl\u00e4che betr\u00e4gt etwa 120.000 m\u00b2 und das Baubereich etwa 85.000 m\u00b2. Im Jahr 2018 betr\u00e4gt unser Gesamtumdrehen 80 Millionen USDollar. Wir haben zehn F &amp; E -Personen und \u00fcber 100 QCs, um die Qualit\u00e4t zu gew\u00e4hrleisten. Jedes Jahr entwerfen und entwickeln wir \u00fcber zehn neue Produkte, die als Leithersteller fungieren.<\/p>\n<p>Unsere Hauptprodukte sind Timer, Steckdosen, flexible Kabel, Netzkabel, Stecker, Verl\u00e4ngerungsstecker, Kabelrollen und Beleuchtung. Wir k\u00f6nnen viele Arten von Timern wie t\u00e4gliche Timer, mechanische und digitale Timer, Timer, Branchen -Timer mit allen Arten von Steckdosen liefern. Unsere Zielm\u00e4rkte sind europ\u00e4ischer Markt und amerikanischer Markt. Unsere Produkte genehmigt von CE, GS, D, N, S, NF, ETL, VDE, ROHS, REACH, PAK usw.<\/p>\n<p>Wir haben einen guten Ruf bei unseren Kunden. Wir konzentrieren uns immer auf den Schutz der Umwelt und des menschlichen Wesens. Die Verbesserung der Lebensqualit\u00e4t ist unser letzter Zweck.<\/p>\n<p>Netzkabel, Verl\u00e4ngerungskabel und Kabelrollen sind unser Hauptgesch\u00e4ft. Wir sind der leitende Hersteller der Werbeauftr\u00e4ge auf dem europ\u00e4ischen Markt jedes Jahr. Wir sind der oberste Hersteller, der mit dem VDE Global Service in Deutschland zusammenarbeitet, um Marken zu sch\u00fctzen.<\/p>\n<p>Ganz willkommen, mit allen Kunden f\u00fcr den gegenseitigen Nutzen und die gl\u00e4nzende Zukunft zusammenzuarbeiten.<\/p>\n<p>&nbsp;<\/p>\n<p><strong>Unternehmensprofil:<\/strong><br \/>\n1.Business Typ: Hersteller, Handelsgesellschaft<br \/>\n2. Machen Sie Produkte: Timer -Steckdosen, Kabel, Kabelrollen, Beleuchtung<br \/>\n3. Insgesamt Mitarbeiter: 501 - 1000 Personen<br \/>\n4. Jahr gegr\u00fcndet: 1994<br \/>\n5. Management -System -Zertifizierung: ISO9001, ISO14001, OHSAS18001<br \/>\n6. Land \/ Region: Zhejiang, China<br \/>\n7. Eigent\u00fcmer: Privateigent\u00fcmer<br \/>\n8. Hauptm\u00e4rkte: Osteuropa 39.00%<br \/>\nNordeuropa 30.00%<br \/>\nWesteuropa 16.00%<br \/>\nInlandsmarkt: 7%<br \/>\nMid Ost: 5%<br \/>\nS\u00fcdamerika: 3%<\/p>\n<p><strong>FAQ<\/strong><\/p>\n<p>Q1. Was sind Ihre Zahlungsbedingungen?<\/p>\n<p>A: t\/t, l\/c.<\/p>\n<p>&nbsp;<\/p>\n<p>Q2. Wie k\u00f6nnen Sie eine langj\u00e4hrige Gesch\u00e4ftsbeziehung zwischen uns aufbauen?<\/p>\n<p>A: Wir bieten eine hohe Qualit\u00e4t an Produkten und einen sehr wettbewerbsf\u00e4higen Preis, um den Gewinn unserer Kunden zu versichern.<\/p>\n<p>&nbsp;<\/p>\n<p>Q3. Welche Versandbedingungen k\u00f6nnen wir w\u00e4hlen?<\/p>\n<p>A: Es gibt auf See, auf Luft, durch ausdr\u00fcckliche Lieferung f\u00fcr Ihre Optionen.<\/p>","protected":false},"excerpt":{"rendered":"<p>Der Timer -Switch kann automatisch verschiedene Arten von elektrischen Ger\u00e4ten entsprechend der festen Zeit einschalten und ausschalten.<br \/>\nEs wird h\u00e4ufig zur programmierbaren Steuerung von Elektrokocher, Booster, Lampe, Warmwasserbereiter, Spr\u00fchger\u00e4t, Abf\u00fcller, Vorheizen, verwendet, vorhanden.<br \/>\nLandwirtschaftsanlagen, Rundfunkger\u00e4te und alle Leitungsger\u00e4te und Haushaltsger\u00e4te m\u00fcssen Zeit einstellen, um ein- und auszuschalten.<br \/>\nDer digitale Timer ist genauer als mechanischer Timer.<br \/>\nTimer sparen nicht nur Ihr Geld, sondern es ist, Ihnen ein sicheres, gesundes, umwelt und intelligentes Leben zu bringen.<\/p>","protected":false},"featured_media":228,"template":"","meta":[],"product_cat":[22],"product_tag":[],"class_list":{"0":"post-227","1":"product","2":"type-product","3":"status-publish","4":"has-post-thumbnail","6":"product_cat-timer","8":"first","9":"instock","10":"shipping-taxable","11":"product-type-simple"},"_links":{"self":[{"href":"https:\/\/www.soyang-group.com\/de\/wp-json\/wp\/v2\/product\/227","targetHints":{"allow":["GET"]}}],"collection":[{"href":"https:\/\/www.soyang-group.com\/de\/wp-json\/wp\/v2\/product"}],"about":[{"href":"https:\/\/www.soyang-group.com\/de\/wp-json\/wp\/v2\/types\/product"}],"version-history":[{"count":0,"href":"https:\/\/www.soyang-group.com\/de\/wp-json\/wp\/v2\/product\/227\/revisions"}],"wp:featuredmedia":[{"embeddable":true,"href":"https:\/\/www.soyang-group.com\/de\/wp-json\/wp\/v2\/media\/228"}],"wp:attachment":[{"href":"https:\/\/www.soyang-group.com\/de\/wp-json\/wp\/v2\/media?parent=227"}],"wp:term":[{"taxonomy":"product_cat","embeddable":true,"href":"https:\/\/www.soyang-group.com\/de\/wp-json\/wp\/v2\/product_cat?post=227"},{"taxonomy":"product_tag","embeddable":true,"href":"https:\/\/www.soyang-group.com\/de\/wp-json\/wp\/v2\/product_tag?post=227"}],"curies":[{"name":"wp","href":"https:\/\/api.w.org\/{rel}","templated":true}]}}