{"id":248,"date":"2024-12-12T11:37:52","date_gmt":"2024-12-12T03:37:52","guid":{"rendered":"https:\/\/shuangy.gg12.globaldeepsea.site\/?post_type=product&#038;p=248"},"modified":"2024-12-12T11:37:52","modified_gmt":"2024-12-12T03:37:52","slug":"germany-weekly-mechanical-timer","status":"publish","type":"product","link":"https:\/\/www.soyang-group.com\/de\/product\/germany-weekly-mechanical-timer\/","title":{"rendered":"Deutschland w\u00f6chentlicher mechanischer Timer"},"content":{"rendered":"<p><strong>\u00dcberblick<\/strong><\/p>\n<p><strong>Schnelle Details<\/strong><br \/>\nHerkunftsort: Zhejiang, China<br \/>\nMarkenname: Shuangyang<br \/>\nModellnummer: TS-WD1<br \/>\nTheorie: mechanisch<br \/>\nVerwendung: Timerschalter<br \/>\nZertifikat: GS, CE, ROHS, REACH PAK<br \/>\nSoyang<br \/>\nKreis: 7 Tage Programmierung<\/p>\n<p><strong>Versorgungsf\u00e4higkeit<\/strong><br \/>\nVersorgungsf\u00e4higkeit: 100000 St\u00fcck\/St\u00fccke pro Monat<\/p>\n<p><strong>Verpackung &amp; Lieferung<\/strong><br \/>\nVerpackungsdetails: Doppelblister, 12pcs\/ Inner Box, 48pcs\/ Au\u00dfenkarton<br \/>\nPort: Ningbo\/Shanghai<br \/>\nVorlaufzeit: 40 Tage nach Erhalt der Abdeckung<\/p>\n<p>&nbsp;<\/p>\n<p><strong>Detail Produktbeschreibung<\/strong><\/p>\n<p>Herkunftsort: Zhejiang China (Festland)<br \/>\nMarkenname: Shuangyang<br \/>\nModellnummer: TS-WD1<br \/>\nTheorie: mechanisch<br \/>\nAnsicht: Zhejiang Shuangyang Group Co., Ltd. Halten Sie sich immer an Qualit\u00e4t und Service.<br \/>\nWir liefern nicht nur hohe Qualit\u00e4t, sondern achten auch auf den Schutz von Umwelt und Menschensicherheit.<br \/>\nUnunterbrochen die Qualit\u00e4t des menschlichen Lebens ist unser letztes Ziel.<\/p>\n<p>&nbsp;<\/p>\n<p><strong>Verkaufspunkt<\/strong><br \/>\n1. Hohe Qualit\u00e4t<br \/>\n2. Vorstellbarer Preis<br \/>\n3. ZWEISETUNG VON PRODUKTE<br \/>\n4.Attraktives Design<br \/>\n5. Umweltfreundliche Technologie<br \/>\n6.OEM- und ODM -Service erbracht<\/p>\n<p>&nbsp;<\/p>\n<p><strong>Spezifikation<\/strong><br \/>\nVerpackung: 12pcs\/ Inner Box, 48pcs\/ Au\u00dfenkarton<br \/>\nKartongr\u00f6\u00dfe: 61*48*25 cm<br \/>\nQ'ty\/20'ft: 18720pcs<br \/>\nStromversorgung: 220-240V\/50 Hz max.3500W<br \/>\nGW\/NW von Karton: 13\/11 kgs<\/p>\n<p>&nbsp;<\/p>\n<p><strong>Beschreibung &amp; Funktionen<\/strong><\/p>\n<p>1,7 Tage Programmierung<br \/>\n2.42 Ein\/Aus -Programme<br \/>\n3. Akzente: Weniger als 2 Stunden pro Woche<br \/>\n4.Minimum -Einstellung: 2 Stunden<br \/>\n5.comPakte und elegantes Design f\u00fcr den einfachen Betrieb<br \/>\n6. Multi-L\u00e4nderstile mit unterschiedlichem Stecker und Stecker<br \/>\n7. verf\u00fcgbare Kapazit\u00e4t f\u00fcr ein anderes Design<br \/>\nBrasilienversion, Deutschlandversion, Frankreich Version, Argentinienversion,<br \/>\nAustralienversion, Italienversion, USA Version, D\u00e4nemark -Version<br \/>\n8. Popul\u00e4rmarkt: Europ\u00e4er<\/p>\n<p>&nbsp;<\/p>\n<p><strong>Vorteil<\/strong><br \/>\n1 Markennamen Teile<br \/>\n2 Herkunftsland<br \/>\n3 angebotene Vertriebsh\u00e4ndler<br \/>\n4 erfahrene Mitarbeiter<br \/>\n5 Form a<br \/>\n6 Gr\u00fcnes Produkt<br \/>\n7 Garantie\/Garantie<br \/>\n8 Internationale Genehmigungen<br \/>\n9 Verpackung<br \/>\n10 Preis<br \/>\n11 Produktmerkmale<br \/>\n12 Produktleistung<br \/>\n13 sofortige Lieferung<br \/>\n14 Qualit\u00e4tsgenehmigungen<br \/>\n15 Ruf<br \/>\n16 Service<br \/>\n17 kleine Bestellungen angenommen<br \/>\n18 OEM- und ODM -Service erbracht<br \/>\n19 hohe Qualit\u00e4t<\/p>\n<p>&nbsp;<\/p>\n<p><strong>Verpackung &amp; Zahlung &amp; Versendung<\/strong><br \/>\nVerpackungsdetails: Double Blase<br \/>\nZahlungsmethode: Fortschritte TT, T\/T, L\/C.<br \/>\nLieferung: 30-45 Tage nach Erhalt der Abdeckung<br \/>\nHafen: Ningbo oder Shanghai<\/p>\n<p>&nbsp;<\/p>\n<p><strong>Unsere Dienste<\/strong><\/p>\n<p>1. Sobald Ihre Nachricht erhalten wurde, antworten wir Ihnen in 24 Stunden<br \/>\n2. Wir haben professionelles Verkaufsteam, um Ihnen Service anzubieten<br \/>\n3. Bieten Sie 2 Jahre als Garantiezeit und After-Sales-Service an<\/p>\n<p>&nbsp;<\/p>\n<p><strong>Unternehmensprofil:<\/strong><br \/>\n1.Business Typ: Hersteller, Handelsgesellschaft<br \/>\n2. Machen Sie Produkte: Timer -Steckdosen, Kabel, Kabelrollen, Beleuchtung<br \/>\n3. Insgesamt Mitarbeiter: 501 - 1000 Personen<br \/>\n4. Jahr gegr\u00fcndet: 1994<br \/>\n5. Management -System -Zertifizierung: ISO9001, ISO14001, OHSAS18001<br \/>\n6. Land \/ Region: Zhejiang, China<br \/>\n7. Eigent\u00fcmer: Privateigent\u00fcmer<br \/>\n8. Hauptm\u00e4rkte: Osteuropa 39.00%<br \/>\nNordeuropa 30.00%<br \/>\nWesteuropa 16.00%<br \/>\nInlandsmarkt: 7%<br \/>\nMid Ost: 5%<br \/>\nS\u00fcdamerika: 3%<br \/>\n<strong>FAQ<\/strong><\/p>\n<p>Q1. Wie kann ich uns zusammenziehen?<\/p>\n<p>A: Sie k\u00f6nnen uns Post an uns senden oder anrufen.<\/p>\n<p>&nbsp;<\/p>\n<p>Q2. Was sind Ihre Zahlungsbedingungen?<\/p>\n<p>A: t\/t, l\/c.<\/p>\n<p>&nbsp;<\/p>\n<p>Q3. Welche Versandbedingungen k\u00f6nnen wir w\u00e4hlen?<\/p>\n<p>A: Es gibt auf See, auf Luft, durch ausdr\u00fcckliche Lieferung f\u00fcr Ihre Optionen.<\/p>\n<p>Q4. K\u00f6nnen Ihre Produkte G\u00e4ste Logo drucken?<\/p>\n<p>A: Ja, die G\u00e4ste stellen das Logo an, wir k\u00f6nnen das Produkt drucken.<\/p>","protected":false},"excerpt":{"rendered":"<p>Mechanischer Betrieb,<br \/>\nEinfach zu bedienen,<br \/>\nStiller Betrieb,<br \/>\nKinderschutzt\u00fcr,<br \/>\nVermeiden Sie versehentlich verstopft,<br \/>\nKinder an Elektrik verhindern,<br \/>\nSchock verbessern die Sicherheit,<br \/>\nHalten Sie den Timer mit dem Zyklus an.<br \/>\nmechanische Disc -Technologie,<\/p>","protected":false},"featured_media":249,"template":"","meta":[],"product_cat":[22],"product_tag":[],"class_list":{"0":"post-248","1":"product","2":"type-product","3":"status-publish","4":"has-post-thumbnail","6":"product_cat-timer","8":"first","9":"instock","10":"shipping-taxable","11":"product-type-simple"},"_links":{"self":[{"href":"https:\/\/www.soyang-group.com\/de\/wp-json\/wp\/v2\/product\/248","targetHints":{"allow":["GET"]}}],"collection":[{"href":"https:\/\/www.soyang-group.com\/de\/wp-json\/wp\/v2\/product"}],"about":[{"href":"https:\/\/www.soyang-group.com\/de\/wp-json\/wp\/v2\/types\/product"}],"version-history":[{"count":0,"href":"https:\/\/www.soyang-group.com\/de\/wp-json\/wp\/v2\/product\/248\/revisions"}],"wp:featuredmedia":[{"embeddable":true,"href":"https:\/\/www.soyang-group.com\/de\/wp-json\/wp\/v2\/media\/249"}],"wp:attachment":[{"href":"https:\/\/www.soyang-group.com\/de\/wp-json\/wp\/v2\/media?parent=248"}],"wp:term":[{"taxonomy":"product_cat","embeddable":true,"href":"https:\/\/www.soyang-group.com\/de\/wp-json\/wp\/v2\/product_cat?post=248"},{"taxonomy":"product_tag","embeddable":true,"href":"https:\/\/www.soyang-group.com\/de\/wp-json\/wp\/v2\/product_tag?post=248"}],"curies":[{"name":"wp","href":"https:\/\/api.w.org\/{rel}","templated":true}]}}