{"id":250,"date":"2024-12-12T11:41:57","date_gmt":"2024-12-12T03:41:57","guid":{"rendered":"https:\/\/shuangy.gg12.globaldeepsea.site\/?post_type=product&#038;p=250"},"modified":"2025-01-10T17:54:36","modified_gmt":"2025-01-10T09:54:36","slug":"diy-assemble-plugsocket","status":"publish","type":"product","link":"https:\/\/www.soyang-group.com\/de\/product\/diy-assemble-plugsocket\/","title":{"rendered":"DIY Assemble Plug &amp; Socket"},"content":{"rendered":"<p>(<strong>1) Grundinformationen<\/strong><br \/>\nModell Nr.: Plug &amp; Socket zusammenstellen<br \/>\nMarkenname: Shuangyang<br \/>\nFarbe f\u00fcr Shell: Schwarz (kann durch Ihre Idee ge\u00e4ndert werden)<br \/>\nVerwendung: Verbinden Sie sich mit Draht<br \/>\nKrieger: 1 Jahre<br \/>\nZertifikat: CE, GS, ROHS, REACH, PAK<br \/>\n<strong>(2) IP20 -Gummi -Plug &amp; Socket<\/strong><br \/>\nModellnummer: SY-32\/SY-CZ-32<br \/>\nDeutschlandversion<br \/>\nMarkenname: Shuangyang<br \/>\nVerwendung: Schlie\u00dfen Sie sich mit Draht an<br \/>\nMaterial: Gummi, Kupfer<br \/>\nTyp: DIY<br \/>\nBeschreibung &amp; Funktionen<br \/>\n1. Maximum Power: 3.680W<br \/>\n2.Voltage: 250 V ac<br \/>\n3.Frequenz: 50 Hz<br \/>\n4. Strom: 16a<br \/>\n5. Wassersicher: IP20<\/p>\n<p><strong>Spezifikation<\/strong><br \/>\nPaket: Etikett<br \/>\nEinheitsgr\u00f6\u00dfe:<\/p>\n<p><a class=\"fancybox\" href=\"https:\/\/www.soyanggroup.com\/uploads\/774005f81.png\" target=\"_blank\" rel=\"noopener\"><img decoding=\"async\" class=\"alignnone size-full wp-image-4415\" src=\"https:\/\/www.soyanggroup.com\/uploads\/774005f81.png\" alt=\"774005f8\" \/><\/a><br \/>\nZertifizierungen: TUV-GS, CE, ROHS, REACH, PAKS<\/p>\n<p>&nbsp;<\/p>\n<p><strong>Verkaufspunkt<\/strong><br \/>\n1. Hohe Qualit\u00e4t<br \/>\n2. Vorstellbarer Preis<br \/>\n3. ZWEISETUNG VON PRODUKTE<br \/>\n4.Attraktives Design<br \/>\n5. Umweltfreundliche Technologie<br \/>\n6.OEM- und ODM -Service erbracht<\/p>\n<p>&nbsp;<\/p>\n<p><strong>Verpackung &amp; Zahlung &amp; Versendung<\/strong><br \/>\nVerpackungsdetails: Double Blase<br \/>\nZahlungsmethode: Fortschritte TT, T\/T, L\/C.<br \/>\nLieferung: 30-45 Tage nach Erhalt der Abdeckung<br \/>\nHafen: Ningbo oder Shanghai<\/p>\n<p>&nbsp;<\/p>\n<p><strong>Unsere Dienste<\/strong><br \/>\n1. Sobald Ihre Nachricht erhalten wurde, antworten wir Ihnen in 24 Stunden<br \/>\n2. Wir haben professionelles Verkaufsteam, um Ihnen Service anzubieten<br \/>\n3. Bieten Sie 2 Jahre als Garantiezeit und After-Sales-Service an<\/p>\n<p>&nbsp;<\/p>\n<p><strong>FAQ<\/strong><br \/>\nQ1. K\u00f6nnen Sie eine Stichprobenordnung akzeptieren?<\/p>\n<p>A: Ja, sicher, wir akzeptieren Stichprobenreihenfolge.<\/p>\n<p>&nbsp;<\/p>\n<p>Q2. Wie kann ich uns zusammenziehen?<\/p>\n<p>A: Sie k\u00f6nnen uns Post an uns senden oder anrufen.<\/p>\n<p>&nbsp;<\/p>\n<p>Q3. Wie w\u00e4re es mit Garantiezeit- und Garantieprodukten?<\/p>\n<p>A: Die meisten Produkte sind 2 Jahre, schneiden Dr\u00e4hte ab und machen Sie einige Fotos.<\/p>\n<p>&nbsp;<\/p>\n<p>Q4. Was sind Ihre Zahlungsbedingungen?<\/p>\n<p>A: t\/t, l\/c.<\/p>\n<p>&nbsp;<\/p>\n<p>Q5. Wie k\u00f6nnen Sie eine langj\u00e4hrige Gesch\u00e4ftsbeziehung zwischen uns aufbauen?<\/p>\n<p>A: Wir bieten eine hohe Qualit\u00e4t an Produkten und einen sehr wettbewerbsf\u00e4higen Preis, um den Gewinn unserer Kunden zu versichern.<\/p>\n<p>&nbsp;<\/p>\n<p>Q6. Welche Versandbedingungen k\u00f6nnen wir w\u00e4hlen?<\/p>\n<p>A: Es gibt auf See, auf Luft, durch ausdr\u00fcckliche Lieferung f\u00fcr Ihre Optionen.<\/p>\n<p>&nbsp;<\/p>\n<p>Q7. Testen Sie alle Produkte vor der Lieferung?<\/p>\n<p>A: Ja, wir testen 100% von Produkten vor der Lieferung und halten 100% -Produkte normal.<\/p>\n<p>Q8.KANN IHRE PRODUKTE DRUCKEN GASTE LOGO?<\/p>\n<p>A: Ja, die G\u00e4ste stellen das Logo an, wir k\u00f6nnen das Produkt drucken.<\/p>\n<p>&nbsp;<\/p>\n<p>F9.Welche Social Responsibility -Audit haben Sie bestanden?<\/p>\n<p>A: Ja, wir haben BSCI, SEDEX.<\/p>\n<p>&nbsp;<\/p>\n<p>F10.Was sind Ihre Preise?<\/p>\n<p>A: Unsere Preise k\u00f6nnen sich je nach Angebot und anderen Marktfaktoren \u00e4ndern.<br \/>\nWir senden Ihnen und aktualisierte Preisliste, nachdem sich Ihr Conmany -Kontakt f\u00fcr weitere Informationen in Verbindung setzen kann.<\/p>","protected":false},"excerpt":{"rendered":"<p>Plug &amp; Socket zusammenstellen<br \/>\nEinfach DIY<\/p>\n<p>Versorgungsf\u00e4higkeit<br \/>\nVersorgungsf\u00e4higkeit: 100000 St\u00fcck\/St\u00fccke pro Monat<\/p>","protected":false},"featured_media":543,"template":"","meta":[],"product_cat":[24],"product_tag":[],"class_list":{"0":"post-250","1":"product","2":"type-product","3":"status-publish","4":"has-post-thumbnail","6":"product_cat-socketplug","8":"first","9":"instock","10":"shipping-taxable","11":"product-type-simple"},"_links":{"self":[{"href":"https:\/\/www.soyang-group.com\/de\/wp-json\/wp\/v2\/product\/250","targetHints":{"allow":["GET"]}}],"collection":[{"href":"https:\/\/www.soyang-group.com\/de\/wp-json\/wp\/v2\/product"}],"about":[{"href":"https:\/\/www.soyang-group.com\/de\/wp-json\/wp\/v2\/types\/product"}],"version-history":[{"count":2,"href":"https:\/\/www.soyang-group.com\/de\/wp-json\/wp\/v2\/product\/250\/revisions"}],"predecessor-version":[{"id":544,"href":"https:\/\/www.soyang-group.com\/de\/wp-json\/wp\/v2\/product\/250\/revisions\/544"}],"wp:featuredmedia":[{"embeddable":true,"href":"https:\/\/www.soyang-group.com\/de\/wp-json\/wp\/v2\/media\/543"}],"wp:attachment":[{"href":"https:\/\/www.soyang-group.com\/de\/wp-json\/wp\/v2\/media?parent=250"}],"wp:term":[{"taxonomy":"product_cat","embeddable":true,"href":"https:\/\/www.soyang-group.com\/de\/wp-json\/wp\/v2\/product_cat?post=250"},{"taxonomy":"product_tag","embeddable":true,"href":"https:\/\/www.soyang-group.com\/de\/wp-json\/wp\/v2\/product_tag?post=250"}],"curies":[{"name":"wp","href":"https:\/\/api.w.org\/{rel}","templated":true}]}}