{"id":257,"date":"2024-12-12T13:06:21","date_gmt":"2024-12-12T05:06:21","guid":{"rendered":"https:\/\/shuangy.gg12.globaldeepsea.site\/?post_type=product&#038;p=257"},"modified":"2025-01-10T17:53:46","modified_gmt":"2025-01-10T09:53:46","slug":"cee-5-pin-16a-6h-plug","status":"publish","type":"product","link":"https:\/\/www.soyang-group.com\/de\/product\/cee-5-pin-16a-6h-plug\/","title":{"rendered":"CEE 5-Pin 16A 6H-Stecker"},"content":{"rendered":"<p><strong>\u00dcberblick<\/strong><\/p>\n<p><strong>Schnelle Details<\/strong><br \/>\nHerkunftsort: Zhejiang, Markenname China: Shuangyang<br \/>\nModellnummer: GP55 Typ: Stecker<br \/>\nErdung: Standardspannung der Erdung: 200\/346-240\/415V<br \/>\nBewertet aktuell: 16A -Anwendung: Industrial<br \/>\nZertifizierung: CE -Schnittstelle: 2p+e<br \/>\nIP:44<\/p>\n<p><strong>Versorgungsf\u00e4higkeit<\/strong><br \/>\nVersorgungsf\u00e4higkeit: 100000 St\u00fcck\/St\u00fccke pro Monat<\/p>\n<p><strong>Verpackung &amp; Lieferung<\/strong><br \/>\nVerpackungsdetails: Standard -Exportpackung oder gem\u00e4\u00df der Anfrage des Kunden<br \/>\nPort: Ningbo, Shanghai<br \/>\nVorlaufzeit: Abh\u00e4ngig von Ihrer Bestellmenge<\/p>\n<p>&nbsp;<\/p>\n<p><strong>Detail Produktbeschreibung<\/strong><\/p>\n<p><strong>Beschreibung &amp; Funktionen<\/strong><br \/>\nHerkunftsort: Zhejiang China (Festland)<br \/>\nModellnummer: GP55<br \/>\nErdung: Standard Erdung<br \/>\nNennspannung: 200\/346-240\/415V<br \/>\nBewertungsstrom: 16a-6h<br \/>\nAnwendung: Industrial Plug<br \/>\nWasserdicht: IP44 Spritzsicher<br \/>\nPole: 3p+n+e<br \/>\nFarbe: Rot<br \/>\nVersorgungsf\u00e4higkeit: 5000000 St\u00fcck\/St\u00fccke pro Monat Timer<\/p>\n<p><strong>Spezifikation<\/strong><br \/>\nPaket: PP -Tasche mit Karte<br \/>\nQty\/ctn: 100pcs<br \/>\nGW: 12 kg<br \/>\nNW: 11 kg<br \/>\nKartongr\u00f6\u00dfe: 60x29x24,6 cm<br \/>\nQty\/20 ': 63.000 PCs<br \/>\nZertifizierungen: CE, ROHS, REACH, PAKS<\/p>\n<p><strong>Sicht<\/strong><br \/>\nZhejiang Shuangyang Group Co., Ltd. Halten Sie sich immer an Qualit\u00e4t und Service,<br \/>\nWir liefern nicht nur hohe Qualit\u00e4t, sondern achten auch auf den Schutz von Umwelt und Menschensicherheit.<br \/>\nUnunterbrochen die Qualit\u00e4t des menschlichen Lebens ist unser letztes Ziel.<\/p>\n<p><img decoding=\"async\" src=\"https:\/\/sc01.alicdn.com\/kf\/HTB1XAGrIFXXXXX8XVXXq6xXFXXXD\/1942321\/HTB1XAGrIFXXXXX8XVXXq6xXFXXXD.jpg_.webp\" alt=\"\" \/><\/p>\n<p><strong>Produktlinie<\/strong><\/p>\n<p><img decoding=\"async\" src=\"https:\/\/sc01.alicdn.com\/kf\/HTB1FM3uIFXXXXXxXVXXq6xXFXXXK\/1942321\/HTB1FM3uIFXXXXXxXVXXq6xXFXXXK.jpg_.webp\" alt=\"\" \/><\/p>\n<p>&nbsp;<\/p>\n<p><strong>Unsere Dienste<\/strong><\/p>\n<p>Versand in<\/p>\n<p><img decoding=\"async\" src=\"https:\/\/sc01.alicdn.com\/kf\/HTB19FIlJFXXXXXkXVXXq6xXFXXXv\/1942321\/HTB19FIlJFXXXXXkXVXXq6xXFXXXv.jpg_.webp\" alt=\"\" \/><\/p>\n<p>Wir k\u00f6nnen die eingerichtete Reederei annehmen oder Schiff f\u00fcr den Kunden buchen und die Container verfolgen, bis der Kunde die Ware erhalten hat<br \/>\nWenn Sie weitere Informationen wissen m\u00f6chten, kontaktieren Sie uns bitte ohne zu z\u00f6gern.<\/p>\n<p><strong>FAQ\u00a0<\/strong><\/p>\n<p>Q1.KANN IHRE PRODUKTE DRUCKEN GASTE LOGO?<\/p>\n<p>A: Ja, die G\u00e4ste stellen das Logo an, wir k\u00f6nnen das Produkt drucken.<\/p>\n<p>&nbsp;<\/p>\n<p>Q2. Wie k\u00f6nnen Sie eine langj\u00e4hrige Gesch\u00e4ftsbeziehung zwischen uns aufbauen?<\/p>\n<p>A: Wir bieten eine hohe Qualit\u00e4t an Produkten und einen sehr wettbewerbsf\u00e4higen Preis, um den Gewinn unserer Kunden zu versichern.<\/p>\n<p>&nbsp;<\/p>\n<p>Q3. Welche Versandbedingungen k\u00f6nnen wir w\u00e4hlen?<\/p>\n<p>A: Es gibt auf See, auf Luft, durch ausdr\u00fcckliche Lieferung f\u00fcr Ihre Optionen.<\/p>","protected":false},"excerpt":{"rendered":"<p>Industrial 5Pin 16A -Stecker<\/p>\n<p>Versorgungsf\u00e4higkeit: 100000 St\u00fcck\/St\u00fccke pro Monat<\/p>\n<p>Verpackungsdetails: PE -Tasche<br \/>\nPort: Ningbo\/Shanghai<br \/>\nVorlaufzeit:<br \/>\nMenge (St\u00fccke) 1 - 10000&gt; 10000<br \/>\nEst. Zeit (Tage) 60 zu verhandeln<\/p>","protected":false},"featured_media":541,"template":"","meta":[],"product_cat":[24],"product_tag":[],"class_list":{"0":"post-257","1":"product","2":"type-product","3":"status-publish","4":"has-post-thumbnail","6":"product_cat-socketplug","8":"first","9":"instock","10":"shipping-taxable","11":"product-type-simple"},"_links":{"self":[{"href":"https:\/\/www.soyang-group.com\/de\/wp-json\/wp\/v2\/product\/257","targetHints":{"allow":["GET"]}}],"collection":[{"href":"https:\/\/www.soyang-group.com\/de\/wp-json\/wp\/v2\/product"}],"about":[{"href":"https:\/\/www.soyang-group.com\/de\/wp-json\/wp\/v2\/types\/product"}],"version-history":[{"count":1,"href":"https:\/\/www.soyang-group.com\/de\/wp-json\/wp\/v2\/product\/257\/revisions"}],"predecessor-version":[{"id":542,"href":"https:\/\/www.soyang-group.com\/de\/wp-json\/wp\/v2\/product\/257\/revisions\/542"}],"wp:featuredmedia":[{"embeddable":true,"href":"https:\/\/www.soyang-group.com\/de\/wp-json\/wp\/v2\/media\/541"}],"wp:attachment":[{"href":"https:\/\/www.soyang-group.com\/de\/wp-json\/wp\/v2\/media?parent=257"}],"wp:term":[{"taxonomy":"product_cat","embeddable":true,"href":"https:\/\/www.soyang-group.com\/de\/wp-json\/wp\/v2\/product_cat?post=257"},{"taxonomy":"product_tag","embeddable":true,"href":"https:\/\/www.soyang-group.com\/de\/wp-json\/wp\/v2\/product_tag?post=257"}],"curies":[{"name":"wp","href":"https:\/\/api.w.org\/{rel}","templated":true}]}}