{"id":266,"date":"2024-12-12T13:10:17","date_gmt":"2024-12-12T05:10:17","guid":{"rendered":"https:\/\/shuangy.gg12.globaldeepsea.site\/?post_type=product&#038;p=266"},"modified":"2024-12-12T13:10:17","modified_gmt":"2024-12-12T05:10:17","slug":"2-1a-usb-socket","status":"publish","type":"product","link":"https:\/\/www.soyang-group.com\/de\/product\/2-1a-usb-socket\/","title":{"rendered":"2.1a USB -Sockel"},"content":{"rendered":"<p><strong>\u00dcberblick<\/strong><\/p>\n<p><strong>Schnelle Details<\/strong><br \/>\nHerkunftsort: Zhejiang, China<br \/>\nMarkenname: Soyang<br \/>\nModellnummer: USB-D2<br \/>\nDC: 5V AC<br \/>\nMax:2.1A<br \/>\nFarbe: Wei\u00df<br \/>\nAnwendung: Timer -Switch<\/p>\n<p><strong>Versorgungsf\u00e4higkeit<\/strong><br \/>\nVersorgungsf\u00e4higkeit: 100000 St\u00fcck\/St\u00fccke pro Monat<\/p>\n<p><strong>Verpackung &amp; Lieferung<\/strong><br \/>\nVerpackungsdetails: Double Blister, 10pcs\/ Inner Box, 60pcs\/ Au\u00dfenkarton<br \/>\nPort: Ningbo\/Shanghai<br \/>\nVorlaufzeit:<br \/>\nMenge (St\u00fccke) 1 - 10000&gt; 10000<br \/>\nEst. Zeit (Tage) 60 zu verhandeln<\/p>\n<p>&nbsp;<\/p>\n<p><strong>Detail Produktbeschreibung<\/strong><\/p>\n<p><strong>2.1a USB -Sockel<\/strong><br \/>\nModellnummer: USB-D2<br \/>\nDeutschlandversion<br \/>\nMarkenname: Shuangyang<br \/>\nNutzung: Ladeger\u00e4t<br \/>\nTheorie: mechanisch<br \/>\nBeschreibung &amp; Funktionen<br \/>\n1.Max: 2.1a<br \/>\n2.DC: 5V<br \/>\n3. Die Einheitgr\u00f6\u00dfe:<\/p>\n<p><a class=\"fancybox\" href=\"https:\/\/www.soyanggroup.com\/uploads\/125.jpg\" target=\"_blank\" rel=\"noopener\"><img decoding=\"async\" class=\"alignnone size-full wp-image-4344\" src=\"https:\/\/www.soyanggroup.com\/uploads\/125.jpg\" alt=\"1\" \/><\/a><\/p>\n<p>4. Versorgungsf\u00e4higkeit: 1000000 St\u00fcck\/St\u00fccke pro Monat Timer<br \/>\n5. Verf\u00fcgbare Kapazit\u00e4t f\u00fcr ein anderes Design: Gememany -Version, D\u00e4nemark -Version, Frankreichversion<\/p>\n<p>&nbsp;<\/p>\n<p><strong>Spezifikation<\/strong><br \/>\nPaket: Double Blase<br \/>\nQty\/Box: 10pcs<br \/>\nQty\/ctn: 60pcs<br \/>\nGW: 5,8 kg<br \/>\nNW: 4,8 kg<br \/>\nKartongr\u00f6\u00dfe: 38*73*23 cm<br \/>\nQty\/20 ': 23.040pcs<br \/>\nZertifizierungen: GS, CE, ROHS, REACH, PAKS<\/p>\n<p>&nbsp;<\/p>\n<p><strong>Verkaufspunkt<\/strong><br \/>\n1. Hohe Qualit\u00e4t<br \/>\n2. Vorstellbarer Preis<br \/>\n3. ZWEISETUNG VON PRODUKTE<br \/>\n4.Attraktives Design<br \/>\n5. Umweltfreundliche Technologie<br \/>\n6.OEM- und ODM -Service erbracht<\/p>\n<p>&nbsp;<\/p>\n<p><strong>Verpackung &amp; Zahlung &amp; Versendung<\/strong><br \/>\nVerpackungsdetails: White Box<br \/>\nZahlungsmethode: Fortschritte TT, T\/T, L\/C.<br \/>\nLieferung: 30-45 Tage nach Erhalt der Abdeckung<br \/>\nHafen: Ningbo oder Shanghai<\/p>\n<p>&nbsp;<\/p>\n<p><strong>Unsere Dienste<\/strong><br \/>\n1. Sobald Ihre Nachricht erhalten wurde, antworten wir Ihnen in 24 Stunden<br \/>\n2. Wir haben professionelles Verkaufsteam, um Ihnen Service anzubieten<br \/>\n3. Bieten Sie 2 Jahre als Garantiezeit und After-Sales-Service an<\/p>\n<p>&nbsp;<\/p>\n<p><strong>Unternehmensinformationen<\/strong><\/p>\n<p>Zhejiang Shuangyang Group Co.Ltd. wurde 1986 gegr\u00fcndet, ist ein privates Unternehmen, das 1998 von Star Enterprise von Ningbo City genehmigt wurde und von ISO9001\/14000\/18000 genehmigt wurde. Wir befanden uns in Cixi, Ningbo City, das nur eine Stunde bis zum Ningbo Harbour und Flughafen und zwei Stunden nach Shanghai ist.<\/p>\n<p><a class=\"fancybox\" href=\"https:\/\/www.soyanggroup.com\/uploads\/11.jpg\" target=\"_blank\" rel=\"noopener\"><img decoding=\"async\" class=\"alignnone size-full wp-image-4014\" src=\"https:\/\/www.soyanggroup.com\/uploads\/11.jpg\" alt=\"\u00c4\u00da\u00d2\u00b3\u00d0\u00a7\u00b9\u00fb-1\" \/><\/a><br \/>\nBisher betr\u00e4gt das registrierte Kapital \u00fcber 16 Millionen USDollar. Unsere Bodenfl\u00e4che betr\u00e4gt etwa 120.000 m\u00b2 und das Baubereich etwa 85.000 m\u00b2. Im Jahr 2018 betr\u00e4gt unser Gesamtumdrehen 80 Millionen USDollar. Wir haben zehn F &amp; E -Personen und \u00fcber 100 QCs, um die Qualit\u00e4t zu gew\u00e4hrleisten. Jedes Jahr entwerfen und entwickeln wir \u00fcber zehn neue Produkte, die als Leithersteller fungieren.<\/p>\n<p>Unsere Hauptprodukte sind Timer, Steckdosen, flexible Kabel, Netzkabel, Stecker, Verl\u00e4ngerungsstecker, Kabelrollen und Beleuchtung. Wir k\u00f6nnen viele Arten von Timern wie t\u00e4gliche Timer, mechanische und digitale Timer, Timer, Branchen -Timer mit allen Arten von Steckdosen liefern. Unsere Zielm\u00e4rkte sind europ\u00e4ischer Markt und amerikanischer Markt. Unsere Produkte genehmigt von CE, GS, D, N, S, NF, ETL, VDE, ROHS, REACH, PAK usw.<\/p>\n<p>Wir haben einen guten Ruf bei unseren Kunden. Wir konzentrieren uns immer auf den Schutz der Umwelt und des menschlichen Wesens. Die Verbesserung der Lebensqualit\u00e4t ist unser letzter Zweck.<\/p>\n<p>Netzkabel, Verl\u00e4ngerungskabel und Kabelrollen sind unser Hauptgesch\u00e4ft. Wir sind der leitende Hersteller der Werbeauftr\u00e4ge auf dem europ\u00e4ischen Markt jedes Jahr. Wir sind der oberste Hersteller, der mit dem VDE Global Service in Deutschland zusammenarbeitet, um Marken zu sch\u00fctzen.<\/p>\n<p>Ganz willkommen, mit allen Kunden f\u00fcr den gegenseitigen Nutzen und die gl\u00e4nzende Zukunft zusammenzuarbeiten.<\/p>\n<p>&nbsp;<\/p>\n<p><strong>FAQ<\/strong><br \/>\nQ1. K\u00f6nnen Sie eine Stichprobenordnung akzeptieren?<\/p>\n<p>A: Ja, sicher, wir akzeptieren Stichprobenreihenfolge.<\/p>\n<p>&nbsp;<\/p>\n<p>Q2. Wie kann ich uns zusammenziehen?<\/p>\n<p>A: Sie k\u00f6nnen uns Post an uns senden oder anrufen.<\/p>","protected":false},"excerpt":{"rendered":"<p>Home USB Charger Mini Socket Plug<br \/>\nIOS- und Android -Ger\u00e4te sind kompatibel,<br \/>\nUnterst\u00fctzen Sie zwei Ger\u00e4te, um zusammen das Problem der schwierigen Ladung zu l\u00f6sen<\/p>","protected":false},"featured_media":270,"template":"","meta":[],"product_cat":[24],"product_tag":[],"class_list":{"0":"post-266","1":"product","2":"type-product","3":"status-publish","4":"has-post-thumbnail","6":"product_cat-socketplug","8":"first","9":"instock","10":"shipping-taxable","11":"product-type-simple"},"_links":{"self":[{"href":"https:\/\/www.soyang-group.com\/de\/wp-json\/wp\/v2\/product\/266","targetHints":{"allow":["GET"]}}],"collection":[{"href":"https:\/\/www.soyang-group.com\/de\/wp-json\/wp\/v2\/product"}],"about":[{"href":"https:\/\/www.soyang-group.com\/de\/wp-json\/wp\/v2\/types\/product"}],"version-history":[{"count":0,"href":"https:\/\/www.soyang-group.com\/de\/wp-json\/wp\/v2\/product\/266\/revisions"}],"wp:featuredmedia":[{"embeddable":true,"href":"https:\/\/www.soyang-group.com\/de\/wp-json\/wp\/v2\/media\/270"}],"wp:attachment":[{"href":"https:\/\/www.soyang-group.com\/de\/wp-json\/wp\/v2\/media?parent=266"}],"wp:term":[{"taxonomy":"product_cat","embeddable":true,"href":"https:\/\/www.soyang-group.com\/de\/wp-json\/wp\/v2\/product_cat?post=266"},{"taxonomy":"product_tag","embeddable":true,"href":"https:\/\/www.soyang-group.com\/de\/wp-json\/wp\/v2\/product_tag?post=266"}],"curies":[{"name":"wp","href":"https:\/\/api.w.org\/{rel}","templated":true}]}}