{"id":278,"date":"2024-12-12T13:12:57","date_gmt":"2024-12-12T05:12:57","guid":{"rendered":"https:\/\/shuangy.gg12.globaldeepsea.site\/?post_type=product&#038;p=278"},"modified":"2024-12-12T13:12:57","modified_gmt":"2024-12-12T05:12:57","slug":"industry-extension-cord","status":"publish","type":"product","link":"https:\/\/www.soyang-group.com\/de\/product\/industry-extension-cord\/","title":{"rendered":"Branchenerweiterungskabel"},"content":{"rendered":"<p><strong>\u00dcberblick<\/strong><br \/>\n<strong>Schnelle Details<\/strong><br \/>\nHerkunftsort: Zhejiang, China<br \/>\nMarkenname: Sy<br \/>\nModellnummer: EZ54\/GP52<br \/>\nTyp: Erweiterungssteck mit Branchenstopfen<br \/>\nErdung: Standard Erdung<br \/>\nNennspannung: 16a<br \/>\nBewertungsstrom: 250 V<br \/>\nAntrag: Wohngeb\u00e4ude \/ Allzweck<br \/>\nZertifizierung: CE, s<br \/>\nKabelstil: Gummi -Kabel -VDE<br \/>\nWassersicher: IP44<br \/>\nKabell\u00e4nge: Laut den Kunden '<\/p>\n<p><a class=\"fancybox\" href=\"https:\/\/www.soyanggroup.com\/uploads\/135.jpg\" target=\"_blank\" rel=\"noopener\"><img fetchpriority=\"high\" decoding=\"async\" class=\"alignnone  wp-image-4903\" src=\"https:\/\/www.soyanggroup.com\/uploads\/135.jpg\" alt=\"13\" width=\"434\" height=\"298\" \/><\/a><\/p>\n<p><strong>Versorgungsf\u00e4higkeit<\/strong><br \/>\nVersorgungsf\u00e4higkeit: 500000 St\u00fcck\/St\u00fccke pro Monat Erweiterung Multi Socket<\/p>\n<p><strong>Verpackung &amp; Lieferung<\/strong><br \/>\nVerpackungsdetails: PE -Tasche mit Karte<br \/>\nPort: Ningbo<br \/>\nVorlaufzeit: 25 Tage nach Erhalt der Ablage<\/p>\n<p>&nbsp;<\/p>\n<p><strong>Beschreibung &amp; Funktionen<\/strong><br \/>\n1. CEE -Stecker:<br \/>\nSpannung: 100-130 VAC<br \/>\nStrom: 16- 4h<br \/>\nPole: 2p+e<br \/>\nWassersicher: IP44<\/p>\n<p>2. CEE -Sockel:<br \/>\nSpannung: 100-130 VAC<br \/>\nStrom: 16- 4h<br \/>\nPole: 2p+e<br \/>\nWassersicher: IP44<\/p>\n<p>3.Color: Gelb<\/p>\n<p>4.Match-Kabel wie folgt: H05VV-F 3G1.5\/2.5,<br \/>\nH05RR-F 3G1.5\/2.5,<br \/>\nH07RN-F 3G1.5\/2.5.<\/p>\n<p>5. Die L\u00e4nge des Kabels kann gem\u00e4\u00df den Anforderungen des Kunden. Zum Beispiel: 10 m, 25 m, 50 m\u2026.<\/p>\n<p>6. Kann nach dem Verpacken des Kunden.<\/p>\n<p>7. Versorgungsf\u00e4higkeit: 9000000 Meter\/Meter pro Monat Europ\u00e4isches Verl\u00e4ngerungskabel<br \/>\n<strong>Spezifikation<\/strong><br \/>\nPaket: PE -Tasche mit Karte<br \/>\nZertifizierungen: CE, ROHS, REACH, PAKS<\/p>\n<p><img decoding=\"async\" src=\"https:\/\/sc01.alicdn.com\/kf\/HTB1eXO6JFXXXXbAXFXXq6xXFXXX1\/1942321\/HTB1eXO6JFXXXXbAXFXXq6xXFXXX1.jpg\" alt=\"\" width=\"639\" height=\"469\" \/><br \/>\n<strong>Sicht<\/strong><br \/>\nZhejiang Shuangyang Group Co., Ltd bleiben immer an Qualit\u00e4t und Service, wir liefern nicht nur hohe Qualit\u00e4t,<br \/>\nAchten Sie auch auf den Schutz von Umwelt und Menschensicherheit.<br \/>\nUnunterbrochen die Qualit\u00e4t des menschlichen Lebens ist unser letztes Ziel.<\/p>\n<p><a class=\"fancybox\" href=\"https:\/\/www.soyanggroup.com\/uploads\/1211.jpg\" target=\"_blank\" rel=\"noopener\"><img decoding=\"async\" class=\"alignnone  wp-image-4900\" src=\"https:\/\/www.soyanggroup.com\/uploads\/1211.jpg\" alt=\"12\" width=\"269\" height=\"196\" \/><\/a>\u00a0 \u00a0<img loading=\"lazy\" decoding=\"async\" class=\"wp-image-4904 alignnone\" src=\"https:\/\/www.soyanggroup.com\/uploads\/1212.jpg\" alt=\"12\" width=\"301\" height=\"175\" \/><\/p>\n<p>&nbsp;<\/p>\n<p><strong>Vorteil<\/strong><br \/>\n1. Teile<br \/>\n2. Rang von Herkunft<br \/>\n3.Distributorientiert angeboten<br \/>\n4. Erfahrene Mitarbeiter<br \/>\n5.Form a<br \/>\n6. Gr\u00fcne Produkt<br \/>\n7.Guarantee\/Warranty<br \/>\n8.Interationale Genehmigungen<br \/>\n9.Packaging<br \/>\n10.Price<br \/>\n11. Produktfunktionen<br \/>\n12. Produktleistung<br \/>\n13.Prompt Lieferung<br \/>\n14. Qualit\u00e4tsgenehmigungen<br \/>\n15.Reputation<br \/>\n16.Service<br \/>\n17.Small Bestellungen akzeptiert<br \/>\n18.OEM- und ODM -Service erbracht<br \/>\n19. Hoche Qualit\u00e4t<br \/>\n<strong>Popul\u00e4rer Markt: Europ\u00e4er<\/strong><strong><br \/>\n<\/strong><\/p>\n<p><img decoding=\"async\" src=\"https:\/\/sc01.alicdn.com\/kf\/HTB1.scCIFXXXXXVXpXXq6xXFXXX6\/1942321\/HTB1.scCIFXXXXXVXpXXq6xXFXXX6.jpg_.webp\" alt=\"\" \/><\/p>\n<p>&nbsp;<\/p>\n<p><strong>Kontakt<\/strong><br \/>\nWir werden Ihre E -Mail oder Ihr Fax innerhalb von 24 Stunden beantworten<br \/>\nSie k\u00f6nnen uns jederzeit anrufen, wenn unsere Produktion Fragen gibt<\/p>\n<p>&nbsp;<\/p>\n<p><strong>Versand in<\/strong><br \/>\nWir k\u00f6nnen die eingerichtete Reederei annehmen oder Schiff f\u00fcr den Kunden buchen und die Container verfolgen, bis der Kunde die Ware erhalten hat<\/p>\n<p><img decoding=\"async\" src=\"https:\/\/sc01.alicdn.com\/kf\/HTB19FIlJFXXXXXkXVXXq6xXFXXXv\/1942321\/HTB19FIlJFXXXXXkXVXXq6xXFXXXv.jpg_.webp\" alt=\"\" \/><br \/>\n<strong>Wenn Sie weitere Informationen wissen m\u00f6chten, kontaktieren Sie uns bitte ohne zu z\u00f6gern<\/strong><\/p>","protected":false},"excerpt":{"rendered":"<p>Die L\u00e4nge des Kabels kann gem\u00e4\u00df den Anforderungen des Kunden.<br \/>\nZum Beispiel: 10 m, 25 m, 50 m\u2026.<\/p>\n<p>Verpackung &amp; Lieferung<br \/>\nVerpackungsdetails: PE -Tasche<br \/>\nPort: Ningbo\/Shanghai<br \/>\nVorlaufzeit:<br \/>\nMenge (St\u00fccke) 1 - 10000&gt; 10000<br \/>\nEst. Zeit (Tage) 60 zu verhandeln<\/p>","protected":false},"featured_media":279,"template":"","meta":[],"product_cat":[25],"product_tag":[],"class_list":{"0":"post-278","1":"product","2":"type-product","3":"status-publish","4":"has-post-thumbnail","6":"product_cat-extension-cord","8":"first","9":"instock","10":"shipping-taxable","11":"product-type-simple"},"_links":{"self":[{"href":"https:\/\/www.soyang-group.com\/de\/wp-json\/wp\/v2\/product\/278","targetHints":{"allow":["GET"]}}],"collection":[{"href":"https:\/\/www.soyang-group.com\/de\/wp-json\/wp\/v2\/product"}],"about":[{"href":"https:\/\/www.soyang-group.com\/de\/wp-json\/wp\/v2\/types\/product"}],"version-history":[{"count":0,"href":"https:\/\/www.soyang-group.com\/de\/wp-json\/wp\/v2\/product\/278\/revisions"}],"wp:featuredmedia":[{"embeddable":true,"href":"https:\/\/www.soyang-group.com\/de\/wp-json\/wp\/v2\/media\/279"}],"wp:attachment":[{"href":"https:\/\/www.soyang-group.com\/de\/wp-json\/wp\/v2\/media?parent=278"}],"wp:term":[{"taxonomy":"product_cat","embeddable":true,"href":"https:\/\/www.soyang-group.com\/de\/wp-json\/wp\/v2\/product_cat?post=278"},{"taxonomy":"product_tag","embeddable":true,"href":"https:\/\/www.soyang-group.com\/de\/wp-json\/wp\/v2\/product_tag?post=278"}],"curies":[{"name":"wp","href":"https:\/\/api.w.org\/{rel}","templated":true}]}}