{"id":281,"date":"2024-12-12T13:16:19","date_gmt":"2024-12-12T05:16:19","guid":{"rendered":"https:\/\/shuangy.gg12.globaldeepsea.site\/?post_type=product&#038;p=281"},"modified":"2024-12-12T13:16:20","modified_gmt":"2024-12-12T05:16:20","slug":"uk-indoor-extension-cord","status":"publish","type":"product","link":"https:\/\/www.soyang-group.com\/de\/product\/uk-indoor-extension-cord\/","title":{"rendered":"Gro\u00dfbritannien in der Indoor -Erweiterung des Indoors"},"content":{"rendered":"<p><strong>\u00dcberblick<\/strong><br \/>\n<strong>Schnelle Details<\/strong><br \/>\nHerkunftsort: Zhejiang, China<br \/>\nMarkenname: Shunchi<br \/>\nModellnummer: SY-28\/SY-CZ-28<br \/>\nTyp: Verl\u00e4ngerungskabel<br \/>\nZertifikat: CE ROHS erreicht PAK<\/p>\n<p><strong>Versorgungsf\u00e4higkeit<\/strong><br \/>\nVersorgungsf\u00e4higkeit: 9000000 Meter\/Meter pro Monat Europ\u00e4isches Verl\u00e4ngerungskabel<\/p>\n<p><strong>Verpackung &amp; Lieferung<\/strong><br \/>\nVerpackungsdetails: PE -Tasche mit Karte<br \/>\nPort: Ningbo<br \/>\nVorlaufzeit: 25 Tage nach Erhalt der Ablage<br \/>\nUK Extension Cord<br \/>\n<strong>Detail Produktbeschreibung<\/strong><br \/>\nHerkunftsort: Zhejiang China (Festland)<br \/>\nMarkenname: Shuangyang<br \/>\nModellnummer: SY-28\/SY-CZ-28<br \/>\nTyp: Verl\u00e4ngerungskabel<br \/>\nAnwendung: Haushaltsger\u00e4t<br \/>\n<strong>Sicht<\/strong><br \/>\nZhejiang Shuangyang Group Co., Ltd bleiben immer an Qualit\u00e4t und Service, wir liefern nicht nur hohe Qualit\u00e4t,<br \/>\nAchten Sie auch auf den Schutz von Umwelt und Menschensicherheit.<br \/>\nUnunterbrochen die Qualit\u00e4t des menschlichen Lebens ist unser letztes Ziel.<\/p>\n<p><img decoding=\"async\" src=\"https:\/\/sc01.alicdn.com\/kf\/He5ba632c74e44a68a587403dde671c5eH\/1942321\/He5ba632c74e44a68a587403dde671c5eH.png_.webp\" alt=\"\" \/><br \/>\n<strong>Beschreibung &amp; Funktionen<\/strong><br \/>\n1.Match-Kabel wie folgt: H05VV-F 3G1.0\/1.5, H05RN-F 3G1.0, H05RR-F 3G1.0\/1.5, H07RN-F 3G1.0\/1,5.<br \/>\n2. Die L\u00e4nge des Kabels kann gem\u00e4\u00df den Anforderungen des Kunden. Zum Beispiel: 10 m, 25 m, 50 m\u2026.<br \/>\n3.Kannt nach dem Verpacken des Kunden.<br \/>\n<strong>Popul\u00e4rer Markt: Europ\u00e4er<\/strong><br \/>\n<strong><br \/>\n<\/strong><\/p>\n<p><img decoding=\"async\" src=\"https:\/\/sc01.alicdn.com\/kf\/HTB1.scCIFXXXXXVXpXXq6xXFXXX6\/1942321\/HTB1.scCIFXXXXXVXpXXq6xXFXXX6.jpg_.webp\" alt=\"\" \/><br \/>\n<strong>Kontakt<\/strong><br \/>\nWir werden Ihre E -Mail oder Ihr Fax innerhalb von 24 Stunden beantworten<br \/>\nSie k\u00f6nnen uns jederzeit anrufen, wenn unsere Produktion Fragen gibt<br \/>\n<strong>Versand in<\/strong><br \/>\nWir k\u00f6nnen die eingerichtete Reederei annehmen oder Schiff f\u00fcr den Kunden buchen und die Container verfolgen, bis der Kunde die Ware erhalten hat<\/p>\n<p><img decoding=\"async\" src=\"https:\/\/sc01.alicdn.com\/kf\/HTB19FIlJFXXXXXkXVXXq6xXFXXXv\/1942321\/HTB19FIlJFXXXXXkXVXXq6xXFXXXv.jpg_.webp\" alt=\"\" \/><br \/>\n<strong><br \/>\n<\/strong><\/p>\n<p><strong>FAQ<\/strong><\/p>\n<p>Q1. Welche Versandbedingungen k\u00f6nnen wir w\u00e4hlen?<\/p>\n<p>A: Es gibt auf See, auf Luft, durch ausdr\u00fcckliche Lieferung f\u00fcr Ihre Optionen.<\/p>\n<p>&nbsp;<\/p>\n<p>Q2. Testen Sie alle Produkte vor der Lieferung?<\/p>\n<p>A: Ja, wir testen 100% von Produkten vor der Lieferung und halten 100% -Produkte normal.<\/p>\n<p>Q3.Kannt Ihre Produkte Logo f\u00fcr G\u00e4ste?<\/p>\n<p>A: Ja, die G\u00e4ste stellen das Logo an, wir k\u00f6nnen das Produkt drucken.<\/p>","protected":false},"excerpt":{"rendered":"<p>IP20<br \/>\nDie L\u00e4nge des Kabels kann gem\u00e4\u00df den Anforderungen des Kunden.<br \/>\nGro\u00dfbritannienversion<\/p>","protected":false},"featured_media":282,"template":"","meta":[],"product_cat":[25],"product_tag":[],"class_list":{"0":"post-281","1":"product","2":"type-product","3":"status-publish","4":"has-post-thumbnail","6":"product_cat-extension-cord","8":"first","9":"instock","10":"shipping-taxable","11":"product-type-simple"},"_links":{"self":[{"href":"https:\/\/www.soyang-group.com\/de\/wp-json\/wp\/v2\/product\/281","targetHints":{"allow":["GET"]}}],"collection":[{"href":"https:\/\/www.soyang-group.com\/de\/wp-json\/wp\/v2\/product"}],"about":[{"href":"https:\/\/www.soyang-group.com\/de\/wp-json\/wp\/v2\/types\/product"}],"version-history":[{"count":0,"href":"https:\/\/www.soyang-group.com\/de\/wp-json\/wp\/v2\/product\/281\/revisions"}],"wp:featuredmedia":[{"embeddable":true,"href":"https:\/\/www.soyang-group.com\/de\/wp-json\/wp\/v2\/media\/282"}],"wp:attachment":[{"href":"https:\/\/www.soyang-group.com\/de\/wp-json\/wp\/v2\/media?parent=281"}],"wp:term":[{"taxonomy":"product_cat","embeddable":true,"href":"https:\/\/www.soyang-group.com\/de\/wp-json\/wp\/v2\/product_cat?post=281"},{"taxonomy":"product_tag","embeddable":true,"href":"https:\/\/www.soyang-group.com\/de\/wp-json\/wp\/v2\/product_tag?post=281"}],"curies":[{"name":"wp","href":"https:\/\/api.w.org\/{rel}","templated":true}]}}