{"id":283,"date":"2024-12-12T13:18:03","date_gmt":"2024-12-12T05:18:03","guid":{"rendered":"https:\/\/shuangy.gg12.globaldeepsea.site\/?post_type=product&#038;p=283"},"modified":"2024-12-12T13:18:03","modified_gmt":"2024-12-12T05:18:03","slug":"rubber-extension-cord","status":"publish","type":"product","link":"https:\/\/www.soyang-group.com\/de\/product\/rubber-extension-cord\/","title":{"rendered":"Kautschukverl\u00e4ngerungskabel"},"content":{"rendered":"<div class=\"fl-col-group fl-node-5ea003d5f3f3d\" data-node=\"5ea003d5f3f3d\">\n<div class=\"fl-col fl-node-5ea003d5f41dc\" data-node=\"5ea003d5f41dc\">\n<div class=\"fl-col-content fl-node-content\">\n<div class=\"fl-module fl-module-rich-text fl-node-5ea003abc3c1e\" data-node=\"5ea003abc3c1e\" data-animation-delay=\"0.0\">\n<div class=\"fl-module-content fl-node-content\">\n<div class=\"fl-rich-text\">\n<p><b>Grundinformationen<\/b><br \/>\nModell Nr.: Kautschukverl\u00e4ngerungskabel<br \/>\nMarkenname: Shuangyang<br \/>\nSchalenmaterial: Gummi &amp; Kupfer<br \/>\nVerwendung: Anschluss der Stromversorgung an Elektroger\u00e4te<br \/>\nKrieger: 1 Jahre<br \/>\nZertifikat: CE, GS, S, ROHS, REACH, PAK<\/p>\n<\/div>\n<\/div>\n<\/div>\n<\/div>\n<\/div>\n<\/div>\n<div class=\"fl-col-group fl-node-5ea003f136eef\" data-node=\"5ea003f136eef\">\n<div class=\"fl-col fl-node-5ea003f1373e3 fl-col-small\" data-node=\"5ea003f1373e3\">\n<div class=\"fl-col-content fl-node-content\">\n<div class=\"fl-module fl-module-rich-text fl-node-5ea003fd57dd0\" data-node=\"5ea003fd57dd0\" data-animation-delay=\"0.0\">\n<div class=\"fl-module-content fl-node-content\">\n<div class=\"fl-rich-text\">\n<p><strong>Produktdetail:<\/strong><br \/>\n<strong>(1) IP44 -Verl\u00e4ngerungskabel<\/strong><br \/>\nModellnummer: SY-11\/SY-CZ-05<br \/>\nBrandname: Shuangyang<br \/>\nVerwendung: Anschluss der Stromversorgung an Elektroger\u00e4te<br \/>\nDeutschlandversion<\/p>\n<\/div>\n<\/div>\n<\/div>\n<\/div>\n<\/div>\n<div class=\"fl-col fl-node-5ea003f137446 fl-col-small\" data-node=\"5ea003f137446\">\n<div class=\"fl-col-content fl-node-content\">\n<div class=\"fl-module fl-module-rich-text fl-node-5ea004625e75c\" data-node=\"5ea004625e75c\" data-animation-delay=\"0.0\">\n<div class=\"fl-module-content fl-node-content\">\n<div class=\"fl-rich-text\">\n<p><img decoding=\"async\" src=\"https:\/\/www.soyanggroup.com\/uploads\/1b330689.png\" alt=\"Kautschukverl\u00e4ngerungskabel437\" \/><\/p>\n<\/div>\n<\/div>\n<\/div>\n<\/div>\n<\/div>\n<\/div>\n<div class=\"fl-col-group fl-node-5ea0046a2994e\" data-node=\"5ea0046a2994e\">\n<div class=\"fl-col fl-node-5ea0046a29d8c\" data-node=\"5ea0046a29d8c\">\n<div class=\"fl-col-content fl-node-content\">\n<div class=\"fl-module fl-module-rich-text fl-node-5ea0046a2976c\" data-node=\"5ea0046a2976c\" data-animation-delay=\"0.0\">\n<div class=\"fl-module-content fl-node-content\">\n<div class=\"fl-rich-text\">\n<p><b>Beschreibung &amp; Funktionen<\/b><b><\/b><br \/>\n1. Maximum Power: 3.680W<br \/>\n2.Voltage: 250 V ac<br \/>\n3.Frequenz: 50 Hz<br \/>\n4. Strom: 16a<br \/>\n5.Water-proof:IP44<br \/>\n6.color:black<br \/>\n7.Match-Kabel wie folgt: H05RN-F 3G0.75\/1.0,<br \/>\nH05RR-F 3G0.75\/1,0\/1,5\/2.5<br \/>\nH07RN-F 3G1.0\/1,5\/2.5<br \/>\nH07BQ-F 3G1.5\/2.5,<br \/>\nAT-N05V3V3-F 3G1.0\/1,5\/2,5,,<br \/>\nAT-N07V3V3-F 3G1.0\/1,5\/2.5<br \/>\n8. Die L\u00e4nge des Kabels kann gem\u00e4\u00df den Anforderungen des Kunden. Zum Beispiel: 10 m, 25 m, 50 m\u2026.<br \/>\n9.Kannt nach dem Verpacken des Kunden.<br \/>\n10. Lieferf\u00e4higkeit: 9000000 Meter\/Meter pro Monat Europ\u00e4isches Verl\u00e4ngerungskabel<\/p>\n<\/div>\n<\/div>\n<\/div>\n<\/div>\n<\/div>\n<\/div>\n<div class=\"fl-col-group fl-node-5ea004ce07bad\" data-node=\"5ea004ce07bad\">\n<div class=\"fl-col fl-node-5ea004ce07ff2\" data-node=\"5ea004ce07ff2\">\n<div class=\"fl-col-content fl-node-content\">\n<div class=\"fl-module fl-module-rich-text fl-node-5ea004d293e12\" data-node=\"5ea004d293e12\" data-animation-delay=\"0.0\">\n<div class=\"fl-module-content fl-node-content\">\n<div class=\"fl-rich-text\">\n<p><strong>Spezifikation<\/strong><br \/>\nPaket: PE -Tasche mit Karte<br \/>\nZertifizierungen: S, N, GS, CE, ROHS, REACH, PAKS<br \/>\n<a class=\"fancybox\" href=\"https:\/\/www.soyanggroup.com\/uploads\/ec478681.png\" target=\"_blank\" rel=\"noopener\"><img decoding=\"async\" src=\"https:\/\/www.soyanggroup.com\/uploads\/ec478681.png\" alt=\"1586507530(1)\" \/><\/a><\/p>\n<\/div>\n<\/div>\n<\/div>\n<\/div>\n<\/div>\n<\/div>\n<div class=\"fl-col-group fl-node-5ea0056ab4686\" data-node=\"5ea0056ab4686\">\n<div class=\"fl-col fl-node-5ea0056ab4a44\" data-node=\"5ea0056ab4a44\">\n<div class=\"fl-col-content fl-node-content\">\n<div class=\"fl-module fl-module-rich-text fl-node-5ea005701d614\" data-node=\"5ea005701d614\" data-animation-delay=\"0.0\">\n<div class=\"fl-module-content fl-node-content\">\n<div class=\"fl-rich-text\">\n<p><strong>(2) Kautschukverl\u00e4ngerungskabel<\/strong><br \/>\nModellnummer: SY-11\/SY-CZ-12<br \/>\nMarkenname: Shuangyang<br \/>\nVerwendung: Anschluss der Stromversorgung an Elektroger\u00e4te<br \/>\nFrankreich Version<\/p>\n<\/div>\n<\/div>\n<\/div>\n<\/div>\n<\/div>\n<div class=\"fl-col fl-node-5ea0056ab4a9c fl-col-small\" data-node=\"5ea0056ab4a9c\">\n<div class=\"fl-col-content fl-node-content\">\n<div class=\"fl-module fl-module-rich-text fl-node-5ea00593df23c\" data-node=\"5ea00593df23c\" data-animation-delay=\"0.0\">\n<div class=\"fl-module-content fl-node-content\">\n<div class=\"fl-rich-text\">\n<p><a class=\"fancybox\" href=\"https:\/\/www.soyanggroup.com\/uploads\/f172a324.png\" target=\"_blank\" rel=\"noopener\"><img decoding=\"async\" src=\"https:\/\/www.soyanggroup.com\/uploads\/f172a324.png\" alt=\"Kautschukverl\u00e4ngerungskabel1589\" \/><\/a><\/p>\n<\/div>\n<\/div>\n<\/div>\n<\/div>\n<\/div>\n<\/div>\n<div class=\"fl-col-group fl-node-5ea005a88cbc4\" data-node=\"5ea005a88cbc4\">\n<div class=\"fl-col fl-node-5ea005a88cec8\" data-node=\"5ea005a88cec8\">\n<div class=\"fl-col-content fl-node-content\">\n<div class=\"fl-module fl-module-rich-text fl-node-5ea005a88c9b7\" data-node=\"5ea005a88c9b7\" data-animation-delay=\"0.0\">\n<div class=\"fl-module-content fl-node-content\">\n<div class=\"fl-rich-text\">\n<p><b>Beschreibung &amp; Funktionen<\/b><b><\/b><br \/>\n1. Maximum Power: 3.680W<br \/>\n2.Voltage: 250 V ac<br \/>\n3.Frequenz: 50 Hz<br \/>\n4. Strom: 16a<br \/>\n5.Water-proof:IP44<br \/>\n6.color:black<br \/>\n7.Match-Kabel wie folgt: H05RN-F 3G1.0,<br \/>\nH05RR-F 3G1.0\/1,5,<br \/>\nH07RN-F 3G1.0\/1,5\/2.5.<br \/>\n8. Die L\u00e4nge des Kabels kann gem\u00e4\u00df den Anforderungen des Kunden. Zum Beispiel: 10 m, 25 m, 50 m\u2026.<br \/>\n9.Kannt nach dem Verpacken des Kunden.<br \/>\n10. Lieferf\u00e4higkeit: 9000000 Meter\/Meter pro Monat Europ\u00e4isches Verl\u00e4ngerungskabel<\/p>\n<\/div>\n<\/div>\n<\/div>\n<\/div>\n<\/div>\n<\/div>\n<div class=\"fl-col-group fl-node-5ea0068282c8d\" data-node=\"5ea0068282c8d\">\n<div class=\"fl-col fl-node-5ea0068282f9a\" data-node=\"5ea0068282f9a\">\n<div class=\"fl-col-content fl-node-content\">\n<div class=\"fl-module fl-module-rich-text fl-node-5ea0068282aaa\" data-node=\"5ea0068282aaa\" data-animation-delay=\"0.0\">\n<div class=\"fl-module-content fl-node-content\">\n<div class=\"fl-rich-text\">\n<p><strong>Spezifikation<\/strong><br \/>\nPaket: PE -Tasche mit Karte<br \/>\nZertifizierungen: NF, CE, ROHS, REACH, PAKS<br \/>\n<a class=\"fancybox\" href=\"https:\/\/www.soyanggroup.com\/uploads\/38a0b9233.png\" target=\"_blank\" rel=\"noopener\"><img decoding=\"async\" src=\"https:\/\/www.soyanggroup.com\/uploads\/38a0b9233.png\" alt=\"1\" \/><\/a><\/p>\n<\/div>\n<\/div>\n<\/div>\n<\/div>\n<\/div>\n<\/div>\n<div class=\"fl-col-group fl-node-5ea006eed09a3\" data-node=\"5ea006eed09a3\">\n<div class=\"fl-col fl-node-5ea006eed0e51\" data-node=\"5ea006eed0e51\">\n<div class=\"fl-col-content fl-node-content\">\n<div class=\"fl-module fl-module-rich-text fl-node-5ea0071df16fd\" data-node=\"5ea0071df16fd\" data-animation-delay=\"0.0\">\n<div class=\"fl-module-content fl-node-content\">\n<div class=\"fl-rich-text\">\n<p><strong>(3) IP44 -Verl\u00e4ngerungskabel<\/strong><br \/>\nModellnummer: SY-24\/SY-CZ-24<br \/>\nBrandname: Shuangyang<br \/>\nVerwendung: Anschluss der Stromversorgung an Elektroger\u00e4te<br \/>\nDanmark -Version<\/p>\n<\/div>\n<\/div>\n<\/div>\n<\/div>\n<\/div>\n<div class=\"fl-col fl-node-5ea006eed0eba fl-col-small\" data-node=\"5ea006eed0eba\">\n<div class=\"fl-col-content fl-node-content\">\n<div class=\"fl-module fl-module-rich-text fl-node-5ea0076943955\" data-node=\"5ea0076943955\" data-animation-delay=\"0.0\">\n<div class=\"fl-module-content fl-node-content\">\n<div class=\"fl-rich-text\">\n<p><a class=\"fancybox\" href=\"https:\/\/www.soyanggroup.com\/uploads\/1df81614.png\" target=\"_blank\" rel=\"noopener\"><img decoding=\"async\" src=\"https:\/\/www.soyanggroup.com\/uploads\/1df81614.png\" alt=\"Kautschukverl\u00e4ngerungskabel2634\" \/><\/a><\/p>\n<\/div>\n<\/div>\n<\/div>\n<\/div>\n<\/div>\n<\/div>\n<div class=\"fl-col-group fl-node-5ea00773115c7\" data-node=\"5ea00773115c7\">\n<div class=\"fl-col fl-node-5ea007731192d\" data-node=\"5ea007731192d\">\n<div class=\"fl-col-content fl-node-content\">\n<div class=\"fl-module fl-module-rich-text fl-node-5ea00773113b5\" data-node=\"5ea00773113b5\" data-animation-delay=\"0.0\">\n<div class=\"fl-module-content fl-node-content\">\n<div class=\"fl-rich-text\">\n<p><b>Beschreibung &amp; Funktionen<\/b><b><\/b><br \/>\n1. Maximum Power: 3.680W<br \/>\n2.Voltage: 250 V ac<br \/>\n3.Frequenz: 50 Hz<br \/>\n4. Strom: 16a<br \/>\n5.Water-proof:IP44<br \/>\n6.color:black<br \/>\n7.Match-Kabel wie folgt: H05VV-F 3G1.0\/1.5,<br \/>\nH05RN-F3G1.0,<br \/>\nH05RR-F3G1.0\/1.5,<br \/>\nH05RN-F3G1.0\/1.5<br \/>\n8. Die L\u00e4nge des Kabels kann gem\u00e4\u00df den Anforderungen des Kunden. Zum Beispiel: 10 m, 25 m, 50 m\u2026.<br \/>\n9.Kannt nach dem Verpacken des Kunden.<br \/>\n10. Lieferf\u00e4higkeit: 9000000 Meter\/Meter pro Monat Europ\u00e4isches Verl\u00e4ngerungskabel<\/p>\n<\/div>\n<\/div>\n<\/div>\n<\/div>\n<\/div>\n<\/div>\n<div class=\"fl-col-group fl-node-5ea007cdd7117\" data-node=\"5ea007cdd7117\">\n<div class=\"fl-col fl-node-5ea007cdd74f5\" data-node=\"5ea007cdd74f5\">\n<div class=\"fl-col-content fl-node-content\">\n<div class=\"fl-module fl-module-rich-text fl-node-5ea007cdd6eae\" data-node=\"5ea007cdd6eae\" data-animation-delay=\"0.0\">\n<div class=\"fl-module-content fl-node-content\">\n<div class=\"fl-rich-text\">\n<p><strong>Spezifikation<\/strong><br \/>\nPaket: PE -Tasche mit Karte<br \/>\nZertifizierungen: D, CE, ROHS, REACH, PAKS<br \/>\n<a class=\"fancybox\" href=\"https:\/\/www.soyanggroup.com\/uploads\/8e6e3e60.png\" target=\"_blank\" rel=\"noopener\"><img decoding=\"async\" class=\"alignnone size-full wp-image-1811\" src=\"https:\/\/www.soyanggroup.com\/uploads\/8e6e3e60.png\" alt=\"4fdhgf\" \/><\/a><img decoding=\"async\" class=\"alignnone size-full wp-image-1692\" src=\"https:\/\/www.soyanggroup.com\/uploads\/a19d8a12.png\" alt=\"111\" \/><\/p>\n<\/div>\n<\/div>\n<\/div>\n<\/div>\n<\/div>\n<\/div>\n<div class=\"fl-col-group fl-node-5ea0082a9afcd\" data-node=\"5ea0082a9afcd\">\n<div class=\"fl-col fl-node-5ea0082a9b43a fl-col-small\" data-node=\"5ea0082a9b43a\">\n<div class=\"fl-col-content fl-node-content\">\n<div class=\"fl-module fl-module-rich-text fl-node-5ea00837126b2\" data-node=\"5ea00837126b2\" data-animation-delay=\"0.0\">\n<div class=\"fl-module-content fl-node-content\">\n<div class=\"fl-rich-text\">\n<p><b>(4) zwei M\u00f6glichkeiten\u00a0<\/b><b>IP<\/b><b>44<\/b><b>\u00a0Verl\u00e4ngerungskabel<\/b><br \/>\nModellnummer: SY-11\/SY-CZ-42<br \/>\nBrandname: Shuangyang<br \/>\nVerwendung: Anschluss der Stromversorgung an Elektroger\u00e4te<br \/>\nZwei M\u00f6glichkeiten Deutschlandversion<\/p>\n<\/div>\n<\/div>\n<\/div>\n<\/div>\n<\/div>\n<div class=\"fl-col fl-node-5ea0082a9b49b fl-col-small\" data-node=\"5ea0082a9b49b\">\n<div class=\"fl-col-content fl-node-content\">\n<div class=\"fl-module fl-module-rich-text fl-node-5ea0086e739f3\" data-node=\"5ea0086e739f3\" data-animation-delay=\"0.0\">\n<div class=\"fl-module-content fl-node-content\">\n<div class=\"fl-rich-text\">\n<p><a class=\"fancybox\" href=\"https:\/\/www.soyanggroup.com\/uploads\/902dc7d2.png\" target=\"_blank\" rel=\"noopener\"><img decoding=\"async\" src=\"https:\/\/www.soyanggroup.com\/uploads\/902dc7d2.png\" alt=\"Kautschukverl\u00e4ngerungskabel3686\" \/><\/a><\/p>\n<\/div>\n<\/div>\n<\/div>\n<\/div>\n<\/div>\n<\/div>\n<div class=\"fl-col-group fl-node-5ea008813b52e\" data-node=\"5ea008813b52e\">\n<div class=\"fl-col fl-node-5ea008813b8ba\" data-node=\"5ea008813b8ba\">\n<div class=\"fl-col-content fl-node-content\">\n<div class=\"fl-module fl-module-rich-text fl-node-5ea008813b304\" data-node=\"5ea008813b304\" data-animation-delay=\"0.0\">\n<div class=\"fl-module-content fl-node-content\">\n<div class=\"fl-rich-text\">\n<p><b>Beschreibung &amp; Funktionen<\/b><b><\/b><br \/>\n1. Maximum Power: 3.680W<br \/>\n2.Voltage: 250 V ac<br \/>\n3.Frequenz: 50 Hz<br \/>\n4. Strom: 16a<br \/>\n5.Water-proof:IP44<br \/>\n6.color:black<br \/>\n7.Match-Kabel wie folgt: H05RR-F 3G1.5\/2.5,<br \/>\nH07RN-F3G1.5\/2.5,<br \/>\n8. Die L\u00e4nge des Kabels kann gem\u00e4\u00df den Anforderungen des Kunden. Zum Beispiel: 10 m, 25 m, 50 m\u2026.<br \/>\n9.Kannt nach dem Verpacken des Kunden.<br \/>\n10. Lieferf\u00e4higkeit: 9000000 Meter\/Meter pro Monat Europ\u00e4isches Verl\u00e4ngerungskabel<\/p>\n<\/div>\n<\/div>\n<\/div>\n<\/div>\n<\/div>\n<\/div>\n<div class=\"fl-col-group fl-node-5ea008c4c604b\" data-node=\"5ea008c4c604b\">\n<div class=\"fl-col fl-node-5ea008c4c646a\" data-node=\"5ea008c4c646a\">\n<div class=\"fl-col-content fl-node-content\">\n<div class=\"fl-module fl-module-rich-text fl-node-5ea008c4c5e05\" data-node=\"5ea008c4c5e05\" data-animation-delay=\"0.0\">\n<div class=\"fl-module-content fl-node-content\">\n<div class=\"fl-rich-text\">\n<p><strong>Spezifikation<\/strong><br \/>\nPaket: PE -Tasche mit Karte<br \/>\nZertifizierungen: S, GS, CE, ROHS, REACH, PAKS<br \/>\n<a class=\"fancybox\" href=\"https:\/\/www.soyanggroup.com\/uploads\/8d9d4c2f3.png\" target=\"_blank\" rel=\"noopener\"><img decoding=\"async\" src=\"https:\/\/www.soyanggroup.com\/uploads\/8d9d4c2f3.png\" alt=\"2\" \/><\/a><\/p>\n<\/div>\n<\/div>\n<\/div>\n<\/div>\n<\/div>\n<\/div>\n<div class=\"fl-col-group fl-node-5ea009dae76a7\" data-node=\"5ea009dae76a7\">\n<div class=\"fl-col fl-node-5ea009dae7bf4\" data-node=\"5ea009dae7bf4\">\n<div class=\"fl-col-content fl-node-content\">\n<div class=\"fl-module fl-module-rich-text fl-node-5ea00a1e8319d\" data-node=\"5ea00a1e8319d\" data-animation-delay=\"0.0\">\n<div class=\"fl-module-content fl-node-content\">\n<div class=\"fl-rich-text\">\n<h3><b>Produktionsfluss<\/b><b>:<\/b><\/h3>\n<\/div>\n<\/div>\n<\/div>\n<\/div>\n<\/div>\n<\/div>\n<div class=\"fl-col-group fl-node-5ea00a007b71c\" data-node=\"5ea00a007b71c\">\n<div class=\"fl-col fl-node-5ea00a007bc1f fl-col-small\" data-node=\"5ea00a007bc1f\">\n<div class=\"fl-col-content fl-node-content\">\n<div class=\"fl-module fl-module-rich-text fl-node-5ea00a490312f\" data-node=\"5ea00a490312f\" data-animation-delay=\"0.0\">\n<div class=\"fl-module-content fl-node-content\">\n<div class=\"fl-rich-text\">\n<div data-node=\"5e9fbed61f05c\" data-animation-delay=\"0.0\">\n<div>\n<div>\n<p>Winde (Kabel, Kabelrollen)<\/p>\n<\/div>\n<\/div>\n<\/div>\n<div data-node=\"5e9fccd7af26e\" data-animation-delay=\"0.0\">\n<div>\n<div>\n<div><img decoding=\"async\" src=\"https:\/\/www.soyanggroup.com\/uploads\/60f9d174.png\" alt=\"ghgsssdf1\" \/><\/div>\n<\/div>\n<\/div>\n<\/div>\n<\/div>\n<\/div>\n<\/div>\n<\/div>\n<\/div>\n<div class=\"fl-col fl-node-5ea00a007bc79 fl-col-small\" data-node=\"5ea00a007bc79\">\n<div class=\"fl-col-content fl-node-content\">\n<div class=\"fl-module fl-module-rich-text fl-node-5ea00a58c4153\" data-node=\"5ea00a58c4153\" data-animation-delay=\"0.0\">\n<div class=\"fl-module-content fl-node-content\">\n<div class=\"fl-rich-text\">\n<div data-node=\"5e9fbf1740fb0\" data-animation-delay=\"0.0\">\n<div>\n<div>\n<p>Extrudieren<\/p>\n<\/div>\n<\/div>\n<\/div>\n<div data-node=\"5e9fcd0852b28\" data-animation-delay=\"0.0\">\n<div>\n<div>\n<div><img decoding=\"async\" src=\"https:\/\/www.soyanggroup.com\/uploads\/24ee4d75.png\" alt=\"dfgshghg\" \/><\/div>\n<\/div>\n<\/div>\n<\/div>\n<\/div>\n<\/div>\n<\/div>\n<\/div>\n<\/div>\n<div class=\"fl-col fl-node-5ea00a007bccd fl-col-small\" data-node=\"5ea00a007bccd\">\n<div class=\"fl-col-content fl-node-content\">\n<div class=\"fl-module fl-module-rich-text fl-node-5ea00a6e1347e\" data-node=\"5ea00a6e1347e\" data-animation-delay=\"0.0\">\n<div class=\"fl-module-content fl-node-content\">\n<div class=\"fl-rich-text\">\n<div data-node=\"5e9fbf3f1e188\" data-animation-delay=\"0.0\">\n<div>\n<div>\n<p>H\u00e4ngend<\/p>\n<\/div>\n<\/div>\n<\/div>\n<div data-node=\"5e9fcd2e1e520\" data-animation-delay=\"0.0\">\n<div>\n<div>\n<div><img decoding=\"async\" src=\"https:\/\/www.soyanggroup.com\/uploads\/206e152b.png\" alt=\"ADFDGAGFDDFGFH\" \/><\/div>\n<\/div>\n<\/div>\n<\/div>\n<\/div>\n<\/div>\n<\/div>\n<\/div>\n<\/div>\n<\/div>\n<div class=\"fl-col-group fl-node-5ea00a0604759\" data-node=\"5ea00a0604759\">\n<div class=\"fl-col fl-node-5ea00a0604c3a fl-col-small\" data-node=\"5ea00a0604c3a\">\n<div class=\"fl-col-content fl-node-content\">\n<div class=\"fl-module fl-module-rich-text fl-node-5ea00a8565aee\" data-node=\"5ea00a8565aee\" data-animation-delay=\"0.0\">\n<div class=\"fl-module-content fl-node-content\">\n<div class=\"fl-rich-text\">\n<div data-node=\"5e9fbf5d1cea7\" data-animation-delay=\"0.0\">\n<div>\n<div>\n<p>Spannend<\/p>\n<\/div>\n<\/div>\n<\/div>\n<div data-node=\"5e9fcd50178d1\" data-animation-delay=\"0.0\">\n<div>\n<div>\n<div><img decoding=\"async\" src=\"https:\/\/www.soyanggroup.com\/uploads\/b1c754db.png\" alt=\"DSGFHGHGFH\" \/><\/div>\n<\/div>\n<\/div>\n<\/div>\n<\/div>\n<\/div>\n<\/div>\n<\/div>\n<\/div>\n<div class=\"fl-col fl-node-5ea00a0604c95 fl-col-small\" data-node=\"5ea00a0604c95\">\n<div class=\"fl-col-content fl-node-content\">\n<div class=\"fl-module fl-module-rich-text fl-node-5ea00aa31c2d5\" data-node=\"5ea00aa31c2d5\" data-animation-delay=\"0.0\">\n<div class=\"fl-module-content fl-node-content\">\n<div class=\"fl-rich-text\">\n<div data-node=\"5e9fbf5549745\" data-animation-delay=\"0.0\">\n<div>\n<div>\n<p>Steckerinjektion<\/p>\n<\/div>\n<\/div>\n<\/div>\n<div data-node=\"5e9fcd69139bc\" data-animation-delay=\"0.0\">\n<div>\n<div>\n<div><img decoding=\"async\" src=\"https:\/\/www.soyanggroup.com\/uploads\/69323a26.png\" alt=\"AfDFSDFDs\" \/><\/div>\n<\/div>\n<\/div>\n<\/div>\n<\/div>\n<\/div>\n<\/div>\n<\/div>\n<\/div>\n<div class=\"fl-col fl-node-5ea00a0604ce9 fl-col-small\" data-node=\"5ea00a0604ce9\">\n<div class=\"fl-col-content fl-node-content\">\n<div class=\"fl-module fl-module-rich-text fl-node-5ea00ab852770\" data-node=\"5ea00ab852770\" data-animation-delay=\"0.0\">\n<div class=\"fl-module-content fl-node-content\">\n<div class=\"fl-rich-text\">\n<div data-node=\"5e9fbf5a19e43\" data-animation-delay=\"0.0\">\n<div>\n<div>\n<p>Zusammenstellung<\/p>\n<\/div>\n<\/div>\n<\/div>\n<div data-node=\"5e9fcd7a14001\" data-animation-delay=\"0.0\">\n<div>\n<div>\n<div><img decoding=\"async\" src=\"https:\/\/www.soyanggroup.com\/uploads\/f0374276.png\" alt=\"DGDFGDFH\" \/><\/div>\n<\/div>\n<\/div>\n<\/div>\n<\/div>\n<\/div>\n<\/div>\n<\/div>\n<\/div>\n<\/div>\n<div class=\"fl-col-group fl-node-5ea00a0e06883\" data-node=\"5ea00a0e06883\">\n<div class=\"fl-col fl-node-5ea00a0e06d8e fl-col-small\" data-node=\"5ea00a0e06d8e\">\n<div class=\"fl-col-content fl-node-content\">\n<div class=\"fl-module fl-module-rich-text fl-node-5ea00ad605348\" data-node=\"5ea00ad605348\" data-animation-delay=\"0.0\">\n<div class=\"fl-module-content fl-node-content\">\n<div class=\"fl-rich-text\">\n<div data-node=\"5e9fbf5b91d70\" data-animation-delay=\"0.0\">\n<div>\n<div>\n<p>Testen<\/p>\n<\/div>\n<\/div>\n<\/div>\n<div data-node=\"5e9fcd9359f7b\" data-animation-delay=\"0.0\">\n<div>\n<div>\n<div><img decoding=\"async\" src=\"https:\/\/www.soyanggroup.com\/uploads\/fb597fa3.png\" alt=\"adfagfg\" \/><\/div>\n<\/div>\n<\/div>\n<\/div>\n<\/div>\n<\/div>\n<\/div>\n<\/div>\n<\/div>\n<div class=\"fl-col fl-node-5ea00a0e06de9 fl-col-small\" data-node=\"5ea00a0e06de9\">\n<div class=\"fl-col-content fl-node-content\">\n<div class=\"fl-module fl-module-rich-text fl-node-5ea00af7c9ddc\" data-node=\"5ea00af7c9ddc\" data-animation-delay=\"0.0\">\n<div class=\"fl-module-content fl-node-content\">\n<div class=\"fl-rich-text\">\n<div data-node=\"5e9fbf588c875\" data-animation-delay=\"0.0\">\n<div>\n<div>\n<p>Verpackung<\/p>\n<\/div>\n<\/div>\n<\/div>\n<div data-node=\"5e9fcda981a7a\" data-animation-delay=\"0.0\">\n<div>\n<div>\n<div><img decoding=\"async\" src=\"https:\/\/www.soyanggroup.com\/uploads\/b0d9a9c0.png\" alt=\"FDGDFGFDHGF\" \/><\/div>\n<\/div>\n<\/div>\n<\/div>\n<\/div>\n<\/div>\n<\/div>\n<\/div>\n<\/div>\n<div class=\"fl-col fl-node-5ea00a0e06e39 fl-col-small\" data-node=\"5ea00a0e06e39\">\n<div class=\"fl-col-content fl-node-content\">\n<div class=\"fl-module fl-module-rich-text fl-node-5ea00b178fb41\" data-node=\"5ea00b178fb41\" data-animation-delay=\"0.0\">\n<div class=\"fl-module-content fl-node-content\">\n<div class=\"fl-rich-text\">\n<div data-node=\"5e9fbf571ae6e\" data-animation-delay=\"0.0\">\n<div>\n<div>\n<p>Lager<\/p>\n<\/div>\n<\/div>\n<\/div>\n<div data-node=\"5e9fcdba739ab\" data-animation-delay=\"0.0\">\n<div>\n<div>\n<div><img decoding=\"async\" src=\"https:\/\/www.soyanggroup.com\/uploads\/2497ad44.png\" alt=\"ADFAGDFSD\" \/><\/div>\n<\/div>\n<\/div>\n<\/div>\n<\/div>\n<\/div>\n<\/div>\n<\/div>\n<\/div>\n<\/div>\n<div class=\"fl-col-group fl-node-5ea0094753556\" data-node=\"5ea0094753556\">\n<div class=\"fl-col fl-node-5ea0094753901\" data-node=\"5ea0094753901\">\n<div class=\"fl-col-content fl-node-content\">\n<div class=\"fl-module fl-module-rich-text fl-node-5ea00947532de\" data-node=\"5ea00947532de\" data-animation-delay=\"0.0\">\n<div class=\"fl-module-content fl-node-content\">\n<div class=\"fl-rich-text\">\n<p><strong>Vorteil<\/strong><\/p>\n<p>\u25cf Markennamen Teile<br \/>\n\u25cf Herkunftsland<br \/>\n\u25cf Angebot<br \/>\n\u25cf erfahrenes Personal<br \/>\n\u25cf Form a<br \/>\n\u25cf Gr\u00fcnes Produkt<br \/>\n\u25cf Garantie\/Garantie<br \/>\n\u25cf Internationale Zulassungen<br \/>\n\u25cf Verpackung<br \/>\n\u25cf Preis<br \/>\n\u25cf Produktfunktionen<br \/>\n\u25cf Produktleistung<br \/>\n\u25cf sofortige Lieferung<br \/>\n\u25cf Qualit\u00e4tsgenehmigungen<br \/>\n\u25cf Ruf<br \/>\n\u25cf Service<br \/>\n\u25cf kleine Bestellungen akzeptiert<br \/>\n\u25cf OEM- und ODM -Dienst bereitgestellt<br \/>\n\u25cf hohe Qualit\u00e4t<\/p>\n<\/div>\n<\/div>\n<\/div>\n<\/div>\n<\/div>\n<\/div>\n<div class=\"fl-col-group fl-node-5ea009f1bf22b\" data-node=\"5ea009f1bf22b\">\n<div class=\"fl-col fl-node-5ea009f1bf76e\" data-node=\"5ea009f1bf76e\">\n<div class=\"fl-col-content fl-node-content\">\n<div class=\"fl-module fl-module-rich-text fl-node-5ea009dae7416\" data-node=\"5ea009dae7416\" data-animation-delay=\"0.0\">\n<div class=\"fl-module-content fl-node-content\">\n<div class=\"fl-rich-text\">\n<p><strong>Die \u00e4hnlichen Produkte<\/strong><\/p>\n<p><a class=\"fancybox\" href=\"https:\/\/www.soyanggroup.com\/uploads\/7e4b5ce23.png\" target=\"_blank\" rel=\"noopener\"><img decoding=\"async\" src=\"https:\/\/www.soyanggroup.com\/uploads\/7e4b5ce23.png\" alt=\"3\" \/><\/a><\/p>\n<\/div>\n<\/div>\n<\/div>\n<\/div>\n<\/div>\n<\/div>\n<div class=\"fl-col-group fl-node-5ea0097513ca8\" data-node=\"5ea0097513ca8\">\n<div class=\"fl-col fl-node-5ea0097514218\" data-node=\"5ea0097514218\">\n<div class=\"fl-col-content fl-node-content\">\n<div class=\"fl-module fl-module-rich-text fl-node-5ea009751399a\" data-node=\"5ea009751399a\" data-animation-delay=\"0.0\">\n<div class=\"fl-module-content fl-node-content\">\n<div class=\"fl-rich-text\">\n<p><strong>Verpackung &amp; Zahlung &amp; Versendung<\/strong><br \/>\n<strong>Verpackungsdetails: Farbbox<\/strong><br \/>\n<strong>Zahlungsmethode: Fortschritte TT, T\/T, L\/C.<\/strong><br \/>\n<strong>Lieferung: 30-45 Tage nach Erhalt der Abdeckung<\/strong><br \/>\n<strong>Hafen: Ningbo oder Shanghai<\/strong><\/p>\n<p><strong>Unternehmensprofil:<\/strong><br \/>\n1.Business Typ: Hersteller, Handelsgesellschaft<br \/>\n2. Machen Sie Produkte: Timer -Steckdosen, Kabel, Kabelrollen, Beleuchtung<br \/>\n3. Insgesamt Mitarbeiter: 501 - 1000 Personen<br \/>\n4. Jahr gegr\u00fcndet: 1994<br \/>\n5. Management -System -Zertifizierung: ISO9001, ISO14001, OHSAS18001<br \/>\n6. Land \/ Region: Zhejiang, China<br \/>\n7. Eigent\u00fcmer: Privateigent\u00fcmer<br \/>\n8. Hauptm\u00e4rkte:<\/p>\n<p>Osteuropa 39.00%<br \/>\nNordeuropa 30.00%<br \/>\nWesteuropa 16.00%<br \/>\nInlandsmarkt: 7%<br \/>\nMid Ost: 5%<br \/>\nS\u00fcdamerika: 3%<\/p>\n<p><strong>FAQ:<\/strong><br \/>\n1. Kennen Sie Ihre Produkte Logo?<br \/>\nJa, G\u00e4ste stellen das Logo an, wir k\u00f6nnen das Produkt drucken.<br \/>\n2.Welche Social Responsibility -Audit haben Sie bestanden?<br \/>\nJa, wir haben BSCI, sedex.<br \/>\n3.Was sind Ihre Preise?<br \/>\nUnsere Preise k\u00f6nnen sich je nach Angebot und anderen Marktfaktoren \u00e4ndern. Wir werden Ihnen die Preisliste senden und aktualisiert, nachdem sich Ihr Conmany uns in Verbindung setzen kann, um weitere Informationen zu erhalten.<\/p>\n<\/div>\n<\/div>\n<\/div>\n<\/div>\n<\/div>\n<\/div>","protected":false},"excerpt":{"rendered":"<p>Kautschukverl\u00e4ngerungskabel<\/p>\n<p>IP44<\/p>\n<p>Die L\u00e4nge des Kabels kann gem\u00e4\u00df den Anforderungen des Kunden.<\/p>\n<p>Zum Beispiel: 10 m, 25 m, 50 m\u2026.<\/p>","protected":false},"featured_media":284,"template":"","meta":[],"product_cat":[25],"product_tag":[],"class_list":{"0":"post-283","1":"product","2":"type-product","3":"status-publish","4":"has-post-thumbnail","6":"product_cat-extension-cord","8":"first","9":"instock","10":"shipping-taxable","11":"product-type-simple"},"_links":{"self":[{"href":"https:\/\/www.soyang-group.com\/de\/wp-json\/wp\/v2\/product\/283","targetHints":{"allow":["GET"]}}],"collection":[{"href":"https:\/\/www.soyang-group.com\/de\/wp-json\/wp\/v2\/product"}],"about":[{"href":"https:\/\/www.soyang-group.com\/de\/wp-json\/wp\/v2\/types\/product"}],"version-history":[{"count":0,"href":"https:\/\/www.soyang-group.com\/de\/wp-json\/wp\/v2\/product\/283\/revisions"}],"wp:featuredmedia":[{"embeddable":true,"href":"https:\/\/www.soyang-group.com\/de\/wp-json\/wp\/v2\/media\/284"}],"wp:attachment":[{"href":"https:\/\/www.soyang-group.com\/de\/wp-json\/wp\/v2\/media?parent=283"}],"wp:term":[{"taxonomy":"product_cat","embeddable":true,"href":"https:\/\/www.soyang-group.com\/de\/wp-json\/wp\/v2\/product_cat?post=283"},{"taxonomy":"product_tag","embeddable":true,"href":"https:\/\/www.soyang-group.com\/de\/wp-json\/wp\/v2\/product_tag?post=283"}],"curies":[{"name":"wp","href":"https:\/\/api.w.org\/{rel}","templated":true}]}}