{"id":285,"date":"2024-12-12T13:29:04","date_gmt":"2024-12-12T05:29:04","guid":{"rendered":"https:\/\/shuangy.gg12.globaldeepsea.site\/?post_type=product&#038;p=285"},"modified":"2024-12-12T13:29:04","modified_gmt":"2024-12-12T05:29:04","slug":"steel-plate-indoor-50m-cable-reel","status":"publish","type":"product","link":"https:\/\/www.soyang-group.com\/de\/product\/steel-plate-indoor-50m-cable-reel\/","title":{"rendered":"Stahlplatte innen 50 m Kabelrollen"},"content":{"rendered":"<p><strong>(1) Grundinformationen<\/strong><br \/>\nModell Nr.: Steel 50m Kabelrollen<br \/>\nMarkenname: Shuangyang<br \/>\nSchalenmaterial: PVC &amp; Kupfer<br \/>\nVerwendung: Anschluss der Stromversorgung an Elektroger\u00e4te<br \/>\nKrieger: 1 Jahre<\/p>\n<p><strong>(2) Produktdetail:<\/strong><br \/>\nModellnummer: XP17-D1<br \/>\nDeutschlandversion<\/p>\n<p><strong>Beschreibung &amp; Funktionen<\/strong><br \/>\n1.Voltage: 230 V AC<br \/>\n2.Frequenz: 50 Hz<br \/>\n3.. Max bewertete Power: 1000W (voll zur\u00fcckgezogen), 2300 W (ungezogen)<br \/>\nMatch-Kabel: H05VV-F 3G1.0mm2 (max. 40meter)<\/p>\n<p>MAX -Nennleistung: 1000W (vollrundet), 3000W (ungezogen)<br \/>\nMatch-Kabel: H05VV-F 3G1.5mm2 (max. 50meter)<\/p>\n<p><a class=\"fancybox\" href=\"https:\/\/www.soyanggroup.com\/uploads\/H05VV-F%E5%89%AF%E6%9C%AC.jpg\" target=\"_blank\" rel=\"noopener\"><img fetchpriority=\"high\" decoding=\"async\" class=\"alignnone  wp-image-4757\" src=\"https:\/\/www.soyanggroup.com\/uploads\/H05VV-F%E5%89%AF%E6%9C%AC.jpg\" alt=\"H05VV-F Kopie\" width=\"443\" height=\"170\" \/><\/a><\/p>\n<p>4.color:black<br \/>\n5.outer Dia. (MM): \u03c6280<br \/>\n6. W\u00e4rmesicherheit<br \/>\n7. Die L\u00e4nge des Kabels kann gem\u00e4\u00df den Anforderungen des Kunden. Zum Beispiel: 10 m, 25 m, 50 m\u2026.<br \/>\n8. k\u00f6nnen nach dem Verpacken des Kunden.<br \/>\n9. Versorgungsf\u00e4higkeit: 50000 St\u00fcck\/Teile pro Monat Kabelrollen<br \/>\n10. Verf\u00fcgbare Kapazit\u00e4t f\u00fcr ein anderes Design: Frankreich Version, D\u00e4nemark -Version, England -Version<\/p>\n<p><img decoding=\"async\" src=\"https:\/\/www.soyanggroup.com\/uploads\/614af031.png\" alt=\"\" \/><img decoding=\"async\" src=\"https:\/\/www.soyanggroup.com\/uploads\/3197aa1d.png\" alt=\"\" \/><img decoding=\"async\" src=\"https:\/\/www.soyanggroup.com\/uploads\/2d8fa21d.png\" alt=\"\" \/><\/p>\n<p>&nbsp;<\/p>\n<p><strong>Spezifikation<\/strong><br \/>\nPaket: 1PCS\/Farbbox<br \/>\nKartongr\u00f6\u00dfe: 29*21*37 cm<br \/>\nZertifizierungen: S, GS, CE, ROHS, REACH, PAKS<\/p>\n<p><a class=\"fancybox\" href=\"https:\/\/www.soyanggroup.com\/uploads\/2.png\" target=\"_blank\" rel=\"noopener\"><img decoding=\"async\" class=\"alignnone size-full wp-image-4430\" src=\"https:\/\/www.soyanggroup.com\/uploads\/2.png\" alt=\"2\" \/><\/a><\/p>\n<p>&nbsp;<\/p>\n<p><strong>Vorteil<\/strong><br \/>\n1. Teile<br \/>\n2. Rang von Herkunft<br \/>\n3.Distributorientiert angeboten<br \/>\n4. Erfahrene Mitarbeiter<br \/>\n5.Form a<br \/>\n6. Gr\u00fcne Produkt<br \/>\n7.Guarantee\/Warranty<br \/>\n8.Interationale Genehmigungen<\/p>\n<p>&nbsp;<\/p>\n<p><strong>Komanienfomation<\/strong><\/p>\n<p><img decoding=\"async\" src=\"https:\/\/sc01.alicdn.com\/kf\/HTB1XAGrIFXXXXX8XVXXq6xXFXXXD\/1942321\/HTB1XAGrIFXXXXX8XVXXq6xXFXXXD.jpg_.webp\" alt=\"\" \/><\/p>\n<p><strong>Beliebter Markt<\/strong><\/p>\n<p><img decoding=\"async\" src=\"https:\/\/sc01.alicdn.com\/kf\/HTB1.scCIFXXXXXVXpXXq6xXFXXX6\/1942321\/HTB1.scCIFXXXXXVXpXXq6xXFXXX6.jpg_.webp\" alt=\"\" \/><\/p>\n<p>&nbsp;<\/p>\n<p><strong>FAQ<\/strong><\/p>\n<p>Q1. K\u00f6nnen Sie eine Stichprobenordnung akzeptieren?<\/p>\n<p>A: Ja, sicher, wir akzeptieren Stichprobenreihenfolge.<\/p>\n<p>&nbsp;<\/p>\n<p>Q2. Wie w\u00e4re es mit Garantiezeit- und Garantieprodukten?<\/p>\n<p>A: Die meisten Produkte sind 2 Jahre, schneiden Dr\u00e4hte ab und machen Sie einige Fotos.<\/p>\n<p>&nbsp;<\/p>\n<p>Q3. Wie k\u00f6nnen Sie eine langj\u00e4hrige Gesch\u00e4ftsbeziehung zwischen uns aufbauen?<\/p>\n<p>A: Wir bieten eine hohe Qualit\u00e4t an Produkten und einen sehr wettbewerbsf\u00e4higen Preis, um den Gewinn unserer Kunden zu versichern.<\/p>\n<p>&nbsp;<\/p>\n<p>Q4. Testen Sie alle Produkte vor der Lieferung?<\/p>\n<p>A: Ja, wir testen 100% von Produkten vor der Lieferung und halten 100% -Produkte normal.<\/p>\n<p>&nbsp;<\/p>\n<p>F5.Welche Social Responsibility -Audit haben Sie bestanden?<\/p>\n<p>A: Ja, wir haben BSCI, SEDEX.<\/p>","protected":false},"excerpt":{"rendered":"<p>Stahlkabelrollen in Indoor 50m<br \/>\nDie L\u00e4nge des Kabels kann gem\u00e4\u00df den Anforderungen des Kunden.<br \/>\nZum Beispiel: 10 m, 25 m, 50 m\u2026.<\/p>","protected":false},"featured_media":286,"template":"","meta":[],"product_cat":[26],"product_tag":[],"class_list":{"0":"post-285","1":"product","2":"type-product","3":"status-publish","4":"has-post-thumbnail","6":"product_cat-cable-reel","8":"first","9":"instock","10":"shipping-taxable","11":"product-type-simple"},"_links":{"self":[{"href":"https:\/\/www.soyang-group.com\/de\/wp-json\/wp\/v2\/product\/285","targetHints":{"allow":["GET"]}}],"collection":[{"href":"https:\/\/www.soyang-group.com\/de\/wp-json\/wp\/v2\/product"}],"about":[{"href":"https:\/\/www.soyang-group.com\/de\/wp-json\/wp\/v2\/types\/product"}],"version-history":[{"count":0,"href":"https:\/\/www.soyang-group.com\/de\/wp-json\/wp\/v2\/product\/285\/revisions"}],"wp:featuredmedia":[{"embeddable":true,"href":"https:\/\/www.soyang-group.com\/de\/wp-json\/wp\/v2\/media\/286"}],"wp:attachment":[{"href":"https:\/\/www.soyang-group.com\/de\/wp-json\/wp\/v2\/media?parent=285"}],"wp:term":[{"taxonomy":"product_cat","embeddable":true,"href":"https:\/\/www.soyang-group.com\/de\/wp-json\/wp\/v2\/product_cat?post=285"},{"taxonomy":"product_tag","embeddable":true,"href":"https:\/\/www.soyang-group.com\/de\/wp-json\/wp\/v2\/product_tag?post=285"}],"curies":[{"name":"wp","href":"https:\/\/api.w.org\/{rel}","templated":true}]}}