{"id":287,"date":"2024-12-12T13:31:12","date_gmt":"2024-12-12T05:31:12","guid":{"rendered":"https:\/\/shuangy.gg12.globaldeepsea.site\/?post_type=product&#038;p=287"},"modified":"2024-12-12T13:31:12","modified_gmt":"2024-12-12T05:31:12","slug":"industrial-equipment-ip44-european-cable-reel","status":"publish","type":"product","link":"https:\/\/www.soyang-group.com\/de\/product\/industrial-equipment-ip44-european-cable-reel\/","title":{"rendered":"IP44 IP44 Europ\u00e4ische Kabelrollen"},"content":{"rendered":"<p><strong>Grundinformationen<\/strong><br \/>\nModell Nr.: Branchenkabelrolle<br \/>\nMarkenname: Shuangyang<br \/>\nSchalenmaterial: Gummi &amp; Kupfer<br \/>\nVerwendung: Anschluss der Stromversorgung an elektrische<br \/>\nGer\u00e4te<br \/>\nKrieger: 1 Jahre<br \/>\nZertifikat: CE, GS, S, ROHS, REACH, PAK<\/p>\n<p>&nbsp;<\/p>\n<p><strong>Industrie\u00a0<a title=\"Alle Beitr\u00e4ge in Kabelrollen anzeigen\" href=\"https:\/\/www.soyanggroup.com\/cable-reel\/\" target=\"_blank\" rel=\"noopener\">Kabelrollen<\/a><\/strong><br \/>\nModellnummer: XP03-SY6H<br \/>\nMarkenname: Shuangyang<br \/>\nVerwendung: Anschluss der Stromversorgung an Elektroger\u00e4te<\/p>\n<p><strong>Beschreibung &amp; Funktionen<\/strong><br \/>\n1.Voltage: 230 V AC<br \/>\n2.Frequenz: 50 Hz<br \/>\n3.Water-proof:IP44<br \/>\n4. Max bewertete Power: 720W (voll zur\u00fcckgezogen), 3680W (nicht wieder aufgenommen)<br \/>\nMatch-Kabel: H05VV-F 3G1.5mm2 (max. 50meter)<br \/>\nH05RR-F 3G1.5\/ H07RN-F 3G1.5mm2 (Max 25meter)<\/p>\n<p>5.color:black<br \/>\n6.OUTER DIA. (MM): \u03c6280<br \/>\n7. W\u00e4rmesicherheit<br \/>\n8. Die L\u00e4nge des Kabels kann gem\u00e4\u00df den Anforderungen des Kunden. Zum Beispiel: 10 m, 25 m, 50 m\u2026.<br \/>\n9.Kannt nach dem Verpacken des Kunden.<br \/>\n10. Versorgungsf\u00e4higkeit: 50000 St\u00fcck\/Teile pro Monat Kabelrollen<\/p>\n<p>&nbsp;<\/p>\n<p><strong>Spezifikation<\/strong><br \/>\nPaket: 1PCS\/Farbbox<br \/>\n2pcs\/\u00e4u\u00dferer Karton<br \/>\nKartongr\u00f6\u00dfe: 46*31,5*40 cm<br \/>\nZertifizierungen: CE, ROHS, REACH, PAKS<\/p>\n<p><img decoding=\"async\" src=\"https:\/\/www.soyanggroup.com\/uploads\/38a0b92314.jpg\" alt=\"\" \/><\/p>\n<p>&nbsp;<\/p>\n<p><strong>Vorteil<\/strong><br \/>\n1. Teile<br \/>\n2. Rang von Herkunft<br \/>\n3.Distributorientiert angeboten<br \/>\n4. Erfahrene Mitarbeiter<br \/>\n5.Form a<br \/>\n6. Gr\u00fcne Produkt<br \/>\n7.Guarantee\/Warranty<br \/>\n8.Interationale Genehmigungen<br \/>\n9.Packaging<br \/>\n10.Price<br \/>\n11. Produktfunktionen<br \/>\n12. Produktleistung<br \/>\n13.Prompt Lieferung<br \/>\n14. Qualit\u00e4tsgenehmigungen<br \/>\n15.Reputation<br \/>\n16.Service<br \/>\n17.Small Bestellungen akzeptiert<br \/>\n18.OEM- und ODM -Service erbracht<br \/>\n19. Hoche Qualit\u00e4t<\/p>\n<p>&nbsp;<\/p>\n<p>&nbsp;<\/p>\n<p><strong>Unternehmensinformationen<\/strong><\/p>\n<p>Zhejiang Shuangyang Group Co.Ltd. wurde 1986 gegr\u00fcndet, ist ein privates Unternehmen, das 1998 von Star Enterprise von Ningbo City genehmigt wurde und von ISO9001\/14000\/18000 genehmigt wurde. Wir befanden uns in Cixi, Ningbo City, das nur eine Stunde bis zum Ningbo Harbour und Flughafen und zwei Stunden nach Shanghai ist.<\/p>\n<p><img decoding=\"async\" src=\"https:\/\/sc01.alicdn.com\/kf\/He5ba632c74e44a68a587403dde671c5eH\/1942321\/He5ba632c74e44a68a587403dde671c5eH.png_.webp\" alt=\"\" \/><br \/>\nBisher betr\u00e4gt das registrierte Kapital \u00fcber 16 Millionen USDollar. Unsere Bodenfl\u00e4che betr\u00e4gt etwa 120.000 m\u00b2 und das Baubereich etwa 85.000 m\u00b2. Im Jahr 2018 betr\u00e4gt unser Gesamtumdrehen 80 Millionen USDollar. Wir haben zehn F &amp; E -Personen und \u00fcber 100 QCs, um die Qualit\u00e4t zu gew\u00e4hrleisten. Jedes Jahr entwerfen und entwickeln wir \u00fcber zehn neue Produkte, die als Leithersteller fungieren.<\/p>\n<p>Unsere Hauptprodukte sind Timer, Steckdosen, flexible Kabel, Netzkabel, Stecker, Verl\u00e4ngerungsstecker, Kabelrollen und Beleuchtung. Wir k\u00f6nnen viele Arten von Timern wie t\u00e4gliche Timer, mechanische und digitale Timer, Timer, Branchen -Timer mit allen Arten von Steckdosen liefern. Unsere Zielm\u00e4rkte sind europ\u00e4ischer Markt und amerikanischer Markt. Unsere Produkte genehmigt von CE, GS, D, N, S, NF, ETL, VDE, ROHS, REACH, PAK usw.<\/p>\n<p>Wir haben einen guten Ruf bei unseren Kunden. Wir konzentrieren uns immer auf den Schutz der Umwelt und des menschlichen Wesens. Die Verbesserung der Lebensqualit\u00e4t ist unser letzter Zweck.<\/p>\n<p>Netzkabel, Verl\u00e4ngerungskabel und Kabelrollen sind unser Hauptgesch\u00e4ft. Wir sind der leitende Hersteller der Werbeauftr\u00e4ge auf dem europ\u00e4ischen Markt jedes Jahr. Wir sind der oberste Hersteller, der mit dem VDE Global Service in Deutschland zusammenarbeitet, um Marken zu sch\u00fctzen. WARMLY GELECY, mit allen Kunden f\u00fcr den gegenseitigen Nutzen und die gl\u00e4nzende Zukunft zusammenzuarbeiten.<\/p>\n<p>&nbsp;<\/p>\n<p><strong>Produktlinien<\/strong><\/p>\n<p><img decoding=\"async\" src=\"https:\/\/sc02.alicdn.com\/kf\/HTB17nDwaFqZBuNjt_jqq6ymzpXa2\/1942321\/HTB17nDwaFqZBuNjt_jqq6ymzpXa2.jpg_.webp\" alt=\"\" \/><\/p>\n<p><strong>Genehmigungen<\/strong><\/p>\n<p><img decoding=\"async\" src=\"https:\/\/sc01.alicdn.com\/kf\/HTB1mMxLgOQnBKNjSZFmq6AApVXab\/1942321\/HTB1mMxLgOQnBKNjSZFmq6AApVXab.jpg_.webp\" alt=\"\" \/><\/p>\n<p><strong>FAQ<\/strong><\/p>\n<p>Q1. Wie kann ich uns zusammenziehen?<\/p>\n<p>A: Sie k\u00f6nnen uns Post an uns senden oder anrufen.<\/p>\n<p>&nbsp;<\/p>\n<p>Q2. Was sind Ihre Zahlungsbedingungen?<\/p>\n<p>A: t\/t, l\/c.<\/p>","protected":false},"excerpt":{"rendered":"<p>IP44 Branchenkabelrolle<br \/>\nDie L\u00e4nge des Kabels kann gem\u00e4\u00df den Anforderungen des Kunden.<br \/>\nZum Beispiel: 10 m, 25 m, 40 m, 50 m\u2026.<br \/>\n1000 St\u00fcck\/St\u00fccke Europ\u00e4ische Kabelrollen (Min. Bestellung)<\/p>","protected":false},"featured_media":288,"template":"","meta":[],"product_cat":[26],"product_tag":[],"class_list":{"0":"post-287","1":"product","2":"type-product","3":"status-publish","4":"has-post-thumbnail","6":"product_cat-cable-reel","8":"first","9":"instock","10":"shipping-taxable","11":"product-type-simple"},"_links":{"self":[{"href":"https:\/\/www.soyang-group.com\/de\/wp-json\/wp\/v2\/product\/287","targetHints":{"allow":["GET"]}}],"collection":[{"href":"https:\/\/www.soyang-group.com\/de\/wp-json\/wp\/v2\/product"}],"about":[{"href":"https:\/\/www.soyang-group.com\/de\/wp-json\/wp\/v2\/types\/product"}],"version-history":[{"count":0,"href":"https:\/\/www.soyang-group.com\/de\/wp-json\/wp\/v2\/product\/287\/revisions"}],"wp:featuredmedia":[{"embeddable":true,"href":"https:\/\/www.soyang-group.com\/de\/wp-json\/wp\/v2\/media\/288"}],"wp:attachment":[{"href":"https:\/\/www.soyang-group.com\/de\/wp-json\/wp\/v2\/media?parent=287"}],"wp:term":[{"taxonomy":"product_cat","embeddable":true,"href":"https:\/\/www.soyang-group.com\/de\/wp-json\/wp\/v2\/product_cat?post=287"},{"taxonomy":"product_tag","embeddable":true,"href":"https:\/\/www.soyang-group.com\/de\/wp-json\/wp\/v2\/product_tag?post=287"}],"curies":[{"name":"wp","href":"https:\/\/api.w.org\/{rel}","templated":true}]}}