{"id":289,"date":"2024-12-12T13:32:55","date_gmt":"2024-12-12T05:32:55","guid":{"rendered":"https:\/\/shuangy.gg12.globaldeepsea.site\/?post_type=product&#038;p=289"},"modified":"2025-01-10T17:52:13","modified_gmt":"2025-01-10T09:52:13","slug":"ce-retractable-waterproof-ip44-power-cable-reel","status":"publish","type":"product","link":"https:\/\/www.soyang-group.com\/de\/product\/ce-retractable-waterproof-ip44-power-cable-reel\/","title":{"rendered":"CE REAKRAKTIBLICHE WASGAFFORTISCHE IP44 -Stromkabelrollen"},"content":{"rendered":"<p><strong>\u00dcberblick<\/strong><\/p>\n<p><strong>Schnelle Details<\/strong><br \/>\nHerkunftsort: Zhejiang, Markenname China: Shuangyang<br \/>\nModellnummer: XP06-4D-Typ: Kabelrollen, isoliert<br \/>\nAnwendung: Industrieger\u00e4te IP: 44<br \/>\nZertifizierung: CE GS ROHS -Leiter Material: Kupfer<br \/>\nIsolationsmaterial: Gummi -Leitertyp: gestrandet<\/p>\n<p><strong>Versorgungsf\u00e4higkeit<\/strong><br \/>\nVersorgungsf\u00e4higkeit: 100000 St\u00fcck\/St\u00fccke pro Monat<\/p>\n<p><strong>Verpackung &amp; Lieferung<\/strong><br \/>\nVerpackungsdetails: Standard -Exportpackung oder gem\u00e4\u00df der Anfrage des Kunden<br \/>\nPort: Ningbo, Shanghai<br \/>\nVorlaufzeit: Abh\u00e4ngig von Ihrer Bestellmenge<\/p>\n<p>&nbsp;<\/p>\n<p><strong>Detail Produktbeschreibung<\/strong><\/p>\n<p><strong>Metallkabelrolle im Freien<\/strong><br \/>\nModellnummer: XP16-nn<br \/>\nMarkenname: Shuangyang<br \/>\nVerwendung: Anschluss der Stromversorgung an Elektroger\u00e4te<\/p>\n<p><strong>\u00a0Merkmale:<\/strong><br \/>\n1.Voltage: 230 V AC<br \/>\n2.Frequenz: 50 Hz<br \/>\n3.Water-proof:IP44<br \/>\n4. Max bewertete Power: 1000W (voll zur\u00fcckgezogen), 2300 W (ungezogen)<br \/>\nMatch-Kabel: H05RR-F 3G1.0\/H05RN-F 3G1.0mm2 (Max 40meter)<br \/>\n5. Max bewertete Power: 1000W (vollrundet), 3000W (ungezogen)<br \/>\nMatch-Kabel: H05RR-F 3G1.5\/H07RN-F 3G1.5mm2 (Max 50meter)<br \/>\n6. Max -Bewertungsleistung: 1200 W (voll zur\u00fcckgezogen), 3600W (ungezogen)<br \/>\nMatch-Kabel: H05RR-F 3G2.5\/H07RN-F 3G2.5mm2 (Max 40meter)<\/p>\n<p><a class=\"fancybox\" href=\"https:\/\/www.soyanggroup.com\/uploads\/315.jpg\" target=\"_blank\" rel=\"noopener\"><img decoding=\"async\" class=\"alignnone size-full wp-image-4446\" src=\"https:\/\/www.soyanggroup.com\/uploads\/315.jpg\" alt=\"3\" \/><\/a><\/p>\n<p>7.color:black<br \/>\n8.OUTER DIA. (MM): \u03c6280<br \/>\n9. W\u00e4rmesicherheit<br \/>\n10. Die L\u00e4nge des Kabels kann gem\u00e4\u00df den Anforderungen des Kunden. Zum Beispiel: 10 m, 25 m, 50 m\u2026.<br \/>\n11.Kannt nach dem Verpacken des Kunden.<br \/>\n12. Versorgungsf\u00e4higkeit: 50000 St\u00fcck\/Teile pro Monat Kabelrollen<br \/>\n13. Verf\u00fcgbare Kapazit\u00e4t f\u00fcr ein anderes Design: Frankreich Version, D\u00e4nemark -Version<\/p>\n<p><a class=\"fancybox\" href=\"https:\/\/www.soyanggroup.com\/uploads\/121.png\" target=\"_blank\" rel=\"noopener\"><img decoding=\"async\" class=\"alignnone size-full wp-image-4447\" src=\"https:\/\/www.soyanggroup.com\/uploads\/121.png\" alt=\"12\" \/><\/a><a class=\"fancybox\" href=\"https:\/\/www.soyanggroup.com\/uploads\/1.png\" target=\"_blank\" rel=\"noopener\"><img decoding=\"async\" class=\"alignnone size-full wp-image-4429\" src=\"https:\/\/www.soyanggroup.com\/uploads\/1.png\" alt=\"1\" \/><\/a><\/p>\n<p>&nbsp;<\/p>\n<p><strong>Spezifikation<\/strong><br \/>\nPaket: 1PCS\/Farbbox<br \/>\n2pcs\/\u00e4u\u00dferer Karton<br \/>\nKartongr\u00f6\u00dfe: 44*31,5*44 cm<br \/>\nZertifizierungen: S, NF, GS, CE, ROHS, REACH, PAKS<\/p>\n<p><a class=\"fancybox\" href=\"https:\/\/www.soyanggroup.com\/uploads\/13.png\" target=\"_blank\" rel=\"noopener\"><img decoding=\"async\" class=\"alignnone size-full wp-image-4437\" src=\"https:\/\/www.soyanggroup.com\/uploads\/13.png\" alt=\"13\" \/><\/a><\/p>\n<p>&nbsp;<\/p>\n<p><strong>Unternehmensprofil:<\/strong><br \/>\n1.Business Typ: Hersteller, Handelsgesellschaft<br \/>\n2. Machen Sie Produkte: Timer -Steckdosen, Kabel, Kabelrollen, Beleuchtung<br \/>\n3. Insgesamt Mitarbeiter: 501 - 1000 Personen<br \/>\n4. Jahr gegr\u00fcndet: 1994<br \/>\n5. Management -System -Zertifizierung: ISO9001, ISO14001, OHSAS18001<br \/>\n6. Land \/ Region: Zhejiang, China<br \/>\n7. Eigent\u00fcmer: Privateigent\u00fcmer<br \/>\n8. Hauptm\u00e4rkte: Osteuropa 39.00%<br \/>\nNordeuropa 30.00%<br \/>\nWesteuropa 16.00%<br \/>\nInlandsmarkt: 7%<br \/>\nMid Ost: 5%<br \/>\nS\u00fcdamerika: 3%<\/p>\n<p>&nbsp;<\/p>\n<p><strong>Produktlinien<\/strong><\/p>\n<p><img decoding=\"async\" src=\"https:\/\/sc02.alicdn.com\/kf\/HTB17nDwaFqZBuNjt_jqq6ymzpXa2\/1942321\/HTB17nDwaFqZBuNjt_jqq6ymzpXa2.jpg_.webp\" alt=\"\" \/><\/p>\n<p><strong>Genehmigungen<\/strong><\/p>\n<p><img decoding=\"async\" src=\"https:\/\/sc01.alicdn.com\/kf\/HTB1mMxLgOQnBKNjSZFmq6AApVXab\/1942321\/HTB1mMxLgOQnBKNjSZFmq6AApVXab.jpg_.webp\" alt=\"\" \/><\/p>\n<p><strong>FAQ<\/strong><\/p>\n<p>Q1. Wie kann ich uns zusammenziehen?<\/p>\n<p>A: Sie k\u00f6nnen uns Post an uns senden oder anrufen.<\/p>\n<p>&nbsp;<\/p>\n<p>Q2. Was sind Ihre Zahlungsbedingungen?<\/p>\n<p>A: t\/t, l\/c.<\/p>\n<p>&nbsp;<\/p>\n<p>Q3. Welche Versandbedingungen k\u00f6nnen wir w\u00e4hlen?<\/p>\n<p>A: Es gibt auf See, auf Luft, durch ausdr\u00fcckliche Lieferung f\u00fcr Ihre Optionen.<br \/>\nQ4.KANN IHRE PRODUKTE DRUCKEN GASTE Logo?<\/p>\n<p>A: Ja, die G\u00e4ste stellen das Logo an, wir k\u00f6nnen das Produkt drucken.<\/p>","protected":false},"excerpt":{"rendered":"<p>\u00dcbersicht Schnelle Details Herkunftsort: Zhejiang, China Markenname: Shuangyang Modellnummer: XP06-4D Typ: Kabelrollen, isolierte Anwendung: Industrieausr\u00fcstung IP: 44 Zertifizierung: CE GS ROHS [\u2026]<\/p>","protected":false},"featured_media":537,"template":"","meta":[],"product_cat":[26],"product_tag":[],"class_list":{"0":"post-289","1":"product","2":"type-product","3":"status-publish","4":"has-post-thumbnail","6":"product_cat-cable-reel","8":"first","9":"instock","10":"shipping-taxable","11":"product-type-simple"},"_links":{"self":[{"href":"https:\/\/www.soyang-group.com\/de\/wp-json\/wp\/v2\/product\/289","targetHints":{"allow":["GET"]}}],"collection":[{"href":"https:\/\/www.soyang-group.com\/de\/wp-json\/wp\/v2\/product"}],"about":[{"href":"https:\/\/www.soyang-group.com\/de\/wp-json\/wp\/v2\/types\/product"}],"version-history":[{"count":1,"href":"https:\/\/www.soyang-group.com\/de\/wp-json\/wp\/v2\/product\/289\/revisions"}],"predecessor-version":[{"id":538,"href":"https:\/\/www.soyang-group.com\/de\/wp-json\/wp\/v2\/product\/289\/revisions\/538"}],"wp:featuredmedia":[{"embeddable":true,"href":"https:\/\/www.soyang-group.com\/de\/wp-json\/wp\/v2\/media\/537"}],"wp:attachment":[{"href":"https:\/\/www.soyang-group.com\/de\/wp-json\/wp\/v2\/media?parent=289"}],"wp:term":[{"taxonomy":"product_cat","embeddable":true,"href":"https:\/\/www.soyang-group.com\/de\/wp-json\/wp\/v2\/product_cat?post=289"},{"taxonomy":"product_tag","embeddable":true,"href":"https:\/\/www.soyang-group.com\/de\/wp-json\/wp\/v2\/product_tag?post=289"}],"curies":[{"name":"wp","href":"https:\/\/api.w.org\/{rel}","templated":true}]}}