{"id":301,"date":"2024-12-12T13:49:52","date_gmt":"2024-12-12T05:49:52","guid":{"rendered":"https:\/\/shuangy.gg12.globaldeepsea.site\/?post_type=product&#038;p=301"},"modified":"2024-12-12T13:49:52","modified_gmt":"2024-12-12T05:49:52","slug":"distribution-box","status":"publish","type":"product","link":"https:\/\/www.soyang-group.com\/de\/product\/distribution-box\/","title":{"rendered":"Verteilungsbox"},"content":{"rendered":"<div class=\"fl-col-group fl-node-5ea14fb3ab9ad\" data-node=\"5ea14fb3ab9ad\">\n<div class=\"fl-col fl-node-5ea14fb3abc58 fl-col-has-cols\" data-node=\"5ea14fb3abc58\">\n<div class=\"fl-col-content fl-node-content\">\n<div class=\"fl-module fl-module-rich-text fl-node-5ea14fb85e291\" data-node=\"5ea14fb85e291\" data-animation-delay=\"0.0\">\n<div class=\"fl-module-content fl-node-content\">\n<div class=\"fl-rich-text\">\n<p><b>Grundinformationen<\/b><br \/>\nModell Nr.: Verteilungsbox<br \/>\nMarkenname: Shuangyang<br \/>\nMaterial: Gummi, Kupfer, Metall\u2026<br \/>\nVerwendung: Anschluss der Stromversorgung an elektrische<br \/>\nGer\u00e4te<br \/>\nKrieger: 1 Jahre<br \/>\nZertifikat: CE, ROHS, REACH, PAK<\/p>\n<\/div>\n<\/div>\n<\/div>\n<div class=\"fl-col-group fl-node-5ea14fe4a5132 fl-col-group-nested\" data-node=\"5ea14fe4a5132\">\n<div class=\"fl-col fl-node-5ea14fe4a56a8\" data-node=\"5ea14fe4a56a8\">\n<div class=\"fl-col-content fl-node-content\">\n<div class=\"fl-module fl-module-rich-text fl-node-5ea14ff2d0279\" data-node=\"5ea14ff2d0279\" data-animation-delay=\"0.0\">\n<div class=\"fl-module-content fl-node-content\">\n<div class=\"fl-rich-text\">\n<p><strong>Produktdetail:<\/strong><br \/>\n<b>(1) Typ 1<\/b><br \/>\nModellnummer: GJX01B-KM-D<br \/>\nMarkenname: Shuangyang<br \/>\nVerwendung: Anschluss der Stromversorgung an Elektroger\u00e4te<br \/>\n<b>Beschreibung &amp; Funktionen<\/b><br \/>\n1. Maximum Power: 3.680W<br \/>\n2.Voltage: 250 V ac<br \/>\n3.Frequenz: 50 Hz<br \/>\n4. Strom: 16a<br \/>\n5.Water-proof:IP44<br \/>\n6.Poles: 3p+n+e<br \/>\n7. Einheitgr\u00f6\u00dfe: 362,5x195x215 mm<br \/>\n8.Match-Kabel wie folgt: H05RN-F 3G0.75\/1.0,<br \/>\nH05RR-F 3G0.75\/1,0\/1,5\/2.5<br \/>\nH07RN-F 3G1.0\/1,5\/2.5<br \/>\n9. Die L\u00e4nge des Kabels kann gem\u00e4\u00df den Anforderungen des Kunden. Zum Beispiel: 10 m, 25 m, 50 m\u2026.<br \/>\n10. Kann nach dem Verpacken des Kunden.<br \/>\n11. Versorgungsf\u00e4higkeit: 500000 Meter\/Meter pro Monat Europ\u00e4isches Verl\u00e4ngerungskabel<br \/>\n<b>Spezifikation<\/b><br \/>\nPaket: White Box<br \/>\nZertifizierungen: CE, ROHS, REACH, PAKS<br \/>\n<a class=\"fancybox\" href=\"https:\/\/www.soyanggroup.com\/uploads\/deac14ab.png\" target=\"_blank\" rel=\"noopener\"><img decoding=\"async\" src=\"https:\/\/www.soyanggroup.com\/uploads\/deac14ab.png\" alt=\"Verteilungsbox1468\" \/><\/a><img decoding=\"async\" src=\"https:\/\/www.soyanggroup.com\/uploads\/589df2ee.png\" alt=\"Verteilungsbox1507\" \/><\/p>\n<\/div>\n<\/div>\n<\/div>\n<\/div>\n<\/div>\n<div class=\"fl-col fl-node-5ea14fe4a570b fl-col-small\" data-node=\"5ea14fe4a570b\">\n<div class=\"fl-col-content fl-node-content\">\n<div class=\"fl-module fl-module-rich-text fl-node-5ea15099c5cf1\" data-node=\"5ea15099c5cf1\" data-animation-delay=\"0.0\">\n<div class=\"fl-module-content fl-node-content\">\n<div class=\"fl-rich-text\">\n<p><a class=\"fancybox\" href=\"https:\/\/www.soyanggroup.com\/uploads\/8eeafddf.png\" target=\"_blank\" rel=\"noopener\"><img decoding=\"async\" src=\"https:\/\/www.soyanggroup.com\/uploads\/8eeafddf.png\" alt=\"Verteilungsbox0\" \/><\/a><\/p>\n<\/div>\n<\/div>\n<\/div>\n<\/div>\n<\/div>\n<\/div>\n<\/div>\n<\/div>\n<\/div>\n<div class=\"fl-col-group fl-node-5ea150bb27b8c\" data-node=\"5ea150bb27b8c\">\n<div class=\"fl-col fl-node-5ea150bb27f3b\" data-node=\"5ea150bb27f3b\">\n<div class=\"fl-col-content fl-node-content\">\n<div class=\"fl-module fl-module-rich-text fl-node-5ea150d1c667b\" data-node=\"5ea150d1c667b\" data-animation-delay=\"0.0\">\n<div class=\"fl-module-content fl-node-content\">\n<div class=\"fl-rich-text\">\n<p><b>(2) Typ 2<\/b><br \/>\n<b><\/b>Modellnummer: GJX01B-K3-F<br \/>\nMarkenname: Shuangyang<br \/>\nVerwendung: Anschluss der Stromversorgung an Elektroger\u00e4te<br \/>\n<b>Beschreibung &amp; Funktionen<\/b><br \/>\n<b><\/b>1. Maximum Power: 3.680W<br \/>\n2.Voltage: 250 V ac<br \/>\n3.Frequenz: 50 Hz<br \/>\n4. Strom: 16a<br \/>\n5.Water-proof:IP44<br \/>\n6.Poles: 3p+n+e<br \/>\n7. Einheitgr\u00f6\u00dfe: 362,5x195x215 mm<br \/>\n8.Match-Kabel wie folgt: H05RN-F 3G1.0,<br \/>\nH05RR-F 3G1.0\/1,5,<br \/>\nH07RN-F 3G1.0\/1,5\/2.5.<br \/>\n9. Die L\u00e4nge des Kabels kann gem\u00e4\u00df den Anforderungen des Kunden. Zum Beispiel: 10 m, 25 m, 50 m\u2026.<br \/>\n10. Kann nach dem Verpacken des Kunden.<br \/>\n11. Versorgungsf\u00e4higkeit: 500000 Meter\/Meter pro Monat Europ\u00e4isches Verl\u00e4ngerungskabel<br \/>\n<b>Spezifikation<\/b><br \/>\nPaket: White Box<br \/>\nZertifizierungen: CE, ROHS, REACH, PAKS<br \/>\n<a class=\"fancybox\" href=\"https:\/\/www.soyanggroup.com\/uploads\/deac14ab.png\" target=\"_blank\" rel=\"noopener\"><img decoding=\"async\" src=\"https:\/\/www.soyanggroup.com\/uploads\/deac14ab.png\" alt=\"Verteilungsbox1468\" \/><\/a><img decoding=\"async\" src=\"https:\/\/www.soyanggroup.com\/uploads\/589df2ee.png\" alt=\"Verteilungsbox1507\" \/><\/p>\n<\/div>\n<\/div>\n<\/div>\n<\/div>\n<\/div>\n<div class=\"fl-col fl-node-5ea150bb27f93 fl-col-small\" data-node=\"5ea150bb27f93\">\n<div class=\"fl-col-content fl-node-content\">\n<div class=\"fl-module fl-module-rich-text fl-node-5ea15165e56d6\" data-node=\"5ea15165e56d6\" data-animation-delay=\"0.0\">\n<div class=\"fl-module-content fl-node-content\">\n<div class=\"fl-rich-text\">\n<p><a class=\"fancybox\" href=\"https:\/\/www.soyanggroup.com\/uploads\/56c4eff2.png\" target=\"_blank\" rel=\"noopener\"><img decoding=\"async\" src=\"https:\/\/www.soyanggroup.com\/uploads\/56c4eff2.png\" alt=\"Verteilungsbox1524\" \/><\/a><\/p>\n<\/div>\n<\/div>\n<\/div>\n<\/div>\n<\/div>\n<\/div>\n<div class=\"fl-col-group fl-node-5ea1519aa3814\" data-node=\"5ea1519aa3814\">\n<div class=\"fl-col fl-node-5ea1519aa3dcb\" data-node=\"5ea1519aa3dcb\">\n<div class=\"fl-col-content fl-node-content\">\n<div class=\"fl-module fl-module-rich-text fl-node-5ea151a22ca94\" data-node=\"5ea151a22ca94\" data-animation-delay=\"0.0\">\n<div class=\"fl-module-content fl-node-content\">\n<div class=\"fl-rich-text\">\n<p><b>(3) Typ 3<\/b><br \/>\nModellnummer: GJX01C-55-E<br \/>\nMarkenname: Shuangyang<br \/>\nVerwendung: Anschluss der Stromversorgung an Elektroger\u00e4te<br \/>\n<b>Beschreibung &amp; Funktionen<\/b><br \/>\n1. Maximum Power: 3.680W<br \/>\n2.Voltage: 250 V ac<br \/>\n3.Frequenz: 50 Hz<br \/>\n4. Strom: 16a<br \/>\n5.Water-proof:IP44<br \/>\n6.Poles: 2p+e<br \/>\n7. Einheitgr\u00f6\u00dfe: 362,5x195x215 mm<br \/>\n8.Match-Kabel wie folgt: H05RN-F3G1.0,<br \/>\nH05RR-F3G1.0\/1.5,<br \/>\nH05RN-F3G1.0\/1.5<br \/>\n9. Die L\u00e4nge des Kabels kann gem\u00e4\u00df den Anforderungen des Kunden. Zum Beispiel: 10 m, 25 m, 50 m\u2026.<br \/>\n10. Kann nach dem Verpacken des Kunden.<br \/>\n11. Versorgungsf\u00e4higkeit: 500000 Meter\/Meter pro Monat Europ\u00e4isches Verl\u00e4ngerungskabel<br \/>\n<b><\/b><b>Spezifikation<\/b><br \/>\nPaket: White Box<br \/>\nZertifizierungen: CE, ROHS, REACH, PAKS<br \/>\n<a class=\"fancybox\" href=\"https:\/\/www.soyanggroup.com\/uploads\/deac14ab.png\" target=\"_blank\" rel=\"noopener\"><img decoding=\"async\" src=\"https:\/\/www.soyanggroup.com\/uploads\/deac14ab.png\" alt=\"Verteilungsbox1468\" \/><\/a><img decoding=\"async\" src=\"https:\/\/www.soyanggroup.com\/uploads\/589df2ee.png\" alt=\"Verteilungsbox1507\" \/><\/p>\n<\/div>\n<\/div>\n<\/div>\n<\/div>\n<\/div>\n<div class=\"fl-col fl-node-5ea1519aa3e2f fl-col-small\" data-node=\"5ea1519aa3e2f\">\n<div class=\"fl-col-content fl-node-content\">\n<div class=\"fl-module fl-module-rich-text fl-node-5ea1523994a88\" data-node=\"5ea1523994a88\" data-animation-delay=\"0.0\">\n<div class=\"fl-module-content fl-node-content\">\n<div class=\"fl-rich-text\">\n<p><a class=\"fancybox\" href=\"https:\/\/www.soyanggroup.com\/uploads\/c91cae20.png\" target=\"_blank\" rel=\"noopener\"><img decoding=\"async\" src=\"https:\/\/www.soyanggroup.com\/uploads\/c91cae20.png\" alt=\"Verteilungsbox2542\" \/><\/a><\/p>\n<\/div>\n<\/div>\n<\/div>\n<\/div>\n<\/div>\n<\/div>\n<div class=\"fl-col-group fl-node-5ea1524aab91c\" data-node=\"5ea1524aab91c\">\n<div class=\"fl-col fl-node-5ea1524aabd28\" data-node=\"5ea1524aabd28\">\n<div class=\"fl-col-content fl-node-content\">\n<div class=\"fl-module fl-module-rich-text fl-node-5ea1525722ea5\" data-node=\"5ea1525722ea5\" data-animation-delay=\"0.0\">\n<div class=\"fl-module-content fl-node-content\">\n<div class=\"fl-rich-text\">\n<p><b>(4) Typ 4<\/b><br \/>\n<b><\/b>Modellnummer: GJX01B-33-D<br \/>\nMarkenname: Shuangyang<br \/>\nVerwendung: Anschluss der Stromversorgung an Elektroger\u00e4te<br \/>\n<b>Beschreibung &amp; Funktionen<\/b><br \/>\n<b><\/b>1. Maximum Power: 3.680W<br \/>\n2.Voltage: 250 V ac<br \/>\n3.Frequenz: 50 Hz<br \/>\n4. Strom: 16a<br \/>\n5.Water-proof:IP44<br \/>\n6.Poles: 3p+n+e<br \/>\n7. Einheitgr\u00f6\u00dfe: 362,5x195x215 mm<br \/>\n8.Match-Kabel wie folgt: H05RN-F3G1.0,<br \/>\nH05RR-F3G1.0\/1.5,<br \/>\nH05RN-F3G1.0\/1.5<br \/>\n9. Die L\u00e4nge des Kabels kann gem\u00e4\u00df den Anforderungen des Kunden. Zum Beispiel: 10 m, 25 m, 50 m\u2026.<br \/>\n10. Kann nach dem Verpacken des Kunden.<br \/>\n11. Versorgungsf\u00e4higkeit: 500000 Meter\/Meter pro Monat Europ\u00e4isches Verl\u00e4ngerungskabel<br \/>\n<b>\u00a0<\/b><b>Spezifikation<\/b><br \/>\nPaket: White Box<br \/>\nZertifizierungen: CE, ROHS, REACH, PAKS<br \/>\n<a class=\"fancybox\" href=\"https:\/\/www.soyanggroup.com\/uploads\/deac14ab.png\" target=\"_blank\" rel=\"noopener\"><img decoding=\"async\" src=\"https:\/\/www.soyanggroup.com\/uploads\/deac14ab.png\" alt=\"Verteilungsbox1468\" \/><\/a><img decoding=\"async\" src=\"https:\/\/www.soyanggroup.com\/uploads\/589df2ee.png\" alt=\"Verteilungsbox1507\" \/><\/p>\n<\/div>\n<\/div>\n<\/div>\n<\/div>\n<\/div>\n<div class=\"fl-col fl-node-5ea1524aabd80 fl-col-small\" data-node=\"5ea1524aabd80\">\n<div class=\"fl-col-content fl-node-content\">\n<div class=\"fl-module fl-module-rich-text fl-node-5ea152cf1c159\" data-node=\"5ea152cf1c159\" data-animation-delay=\"0.0\">\n<div class=\"fl-module-content fl-node-content\">\n<div class=\"fl-rich-text\">\n<p><a class=\"fancybox\" href=\"https:\/\/www.soyanggroup.com\/uploads\/23ba4296.png\" target=\"_blank\" rel=\"noopener\"><img decoding=\"async\" src=\"https:\/\/www.soyanggroup.com\/uploads\/23ba4296.png\" alt=\"Verteilungsbox3556\" \/><\/a><\/p>\n<\/div>\n<\/div>\n<\/div>\n<\/div>\n<\/div>\n<\/div>\n<div class=\"fl-col-group fl-node-5ea53407d9dd4\" data-node=\"5ea53407d9dd4\">\n<div class=\"fl-col fl-node-5ea53407da14a\" data-node=\"5ea53407da14a\">\n<div class=\"fl-col-content fl-node-content\">\n<div class=\"fl-module fl-module-rich-text fl-node-5ea53407d9ba2\" data-node=\"5ea53407d9ba2\" data-animation-delay=\"0.0\">\n<div class=\"fl-module-content fl-node-content\">\n<div class=\"fl-rich-text\">\n<h3><b>Produktionsfluss:<\/b><b><\/b><\/h3>\n<\/div>\n<\/div>\n<\/div>\n<\/div>\n<\/div>\n<\/div>\n<div class=\"fl-col-group fl-node-5ea153048e3c7\" data-node=\"5ea153048e3c7\">\n<div class=\"fl-col fl-node-5ea153048e7b4 fl-col-small\" data-node=\"5ea153048e7b4\">\n<div class=\"fl-col-content fl-node-content\">\n<div class=\"fl-module fl-module-rich-text fl-node-5ea15335d577c\" data-node=\"5ea15335d577c\" data-animation-delay=\"0.0\">\n<div class=\"fl-module-content fl-node-content\">\n<div class=\"fl-rich-text\">\n<div data-node=\"5e9fbed61f05c\" data-animation-delay=\"0.0\">\n<div>\n<div>\n<p>Winde (Kabel, Kabelrollen)<\/p>\n<\/div>\n<\/div>\n<\/div>\n<div data-node=\"5e9fccd7af26e\" data-animation-delay=\"0.0\">\n<div>\n<div>\n<div><img decoding=\"async\" src=\"https:\/\/www.soyanggroup.com\/uploads\/60f9d174.png\" alt=\"ghgsssdf1\" \/><\/div>\n<\/div>\n<\/div>\n<\/div>\n<\/div>\n<\/div>\n<\/div>\n<\/div>\n<\/div>\n<div class=\"fl-col fl-node-5ea153048e80b fl-col-small\" data-node=\"5ea153048e80b\">\n<div class=\"fl-col-content fl-node-content\">\n<div class=\"fl-module fl-module-rich-text fl-node-5ea153408bd88\" data-node=\"5ea153408bd88\" data-animation-delay=\"0.0\">\n<div class=\"fl-module-content fl-node-content\">\n<div class=\"fl-rich-text\">\n<div data-node=\"5e9fbf1740fb0\" data-animation-delay=\"0.0\">\n<div>\n<div>\n<p>Extrudieren<\/p>\n<\/div>\n<\/div>\n<\/div>\n<div data-node=\"5e9fcd0852b28\" data-animation-delay=\"0.0\">\n<div>\n<div>\n<div><img decoding=\"async\" src=\"https:\/\/www.soyanggroup.com\/uploads\/24ee4d75.png\" alt=\"dfgshghg\" \/><\/div>\n<\/div>\n<\/div>\n<\/div>\n<\/div>\n<\/div>\n<\/div>\n<\/div>\n<\/div>\n<div class=\"fl-col fl-node-5ea153048e85b fl-col-small\" data-node=\"5ea153048e85b\">\n<div class=\"fl-col-content fl-node-content\">\n<div class=\"fl-module fl-module-rich-text fl-node-5ea1536154831\" data-node=\"5ea1536154831\" data-animation-delay=\"0.0\">\n<div class=\"fl-module-content fl-node-content\">\n<div class=\"fl-rich-text\">\n<div data-node=\"5e9fbf3f1e188\" data-animation-delay=\"0.0\">\n<div>\n<div>\n<p>H\u00e4ngend<\/p>\n<\/div>\n<\/div>\n<\/div>\n<div data-node=\"5e9fcd2e1e520\" data-animation-delay=\"0.0\">\n<div>\n<div>\n<div><img decoding=\"async\" src=\"https:\/\/www.soyanggroup.com\/uploads\/206e152b.png\" alt=\"ADFDGAGFDDFGFH\" \/><\/div>\n<\/div>\n<\/div>\n<\/div>\n<\/div>\n<\/div>\n<\/div>\n<\/div>\n<\/div>\n<\/div>\n<div class=\"fl-col-group fl-node-5ea15309dcff4\" data-node=\"5ea15309dcff4\">\n<div class=\"fl-col fl-node-5ea15309dd3df fl-col-small\" data-node=\"5ea15309dd3df\">\n<div class=\"fl-col-content fl-node-content\">\n<div class=\"fl-module fl-module-rich-text fl-node-5ea153784f2d4\" data-node=\"5ea153784f2d4\" data-animation-delay=\"0.0\">\n<div class=\"fl-module-content fl-node-content\">\n<div class=\"fl-rich-text\">\n<div data-node=\"5e9fbf5d1cea7\" data-animation-delay=\"0.0\">\n<div>\n<div>\n<p>Spannend<\/p>\n<\/div>\n<\/div>\n<\/div>\n<div data-node=\"5e9fcd50178d1\" data-animation-delay=\"0.0\">\n<div>\n<div>\n<div><img decoding=\"async\" src=\"https:\/\/www.soyanggroup.com\/uploads\/b1c754db.png\" alt=\"DSGFHGHGFH\" \/><\/div>\n<\/div>\n<\/div>\n<\/div>\n<\/div>\n<\/div>\n<\/div>\n<\/div>\n<\/div>\n<div class=\"fl-col fl-node-5ea15309dd435 fl-col-small\" data-node=\"5ea15309dd435\">\n<div class=\"fl-col-content fl-node-content\">\n<div class=\"fl-module fl-module-rich-text fl-node-5ea15389aaf31\" data-node=\"5ea15389aaf31\" data-animation-delay=\"0.0\">\n<div class=\"fl-module-content fl-node-content\">\n<div class=\"fl-rich-text\">\n<div data-node=\"5e9fbf5549745\" data-animation-delay=\"0.0\">\n<div>\n<div>\n<p>Steckerinjektion<\/p>\n<\/div>\n<\/div>\n<\/div>\n<div data-node=\"5e9fcd69139bc\" data-animation-delay=\"0.0\">\n<div>\n<div>\n<div><img decoding=\"async\" src=\"https:\/\/www.soyanggroup.com\/uploads\/69323a26.png\" alt=\"AfDFSDFDs\" \/><\/div>\n<\/div>\n<\/div>\n<\/div>\n<\/div>\n<\/div>\n<\/div>\n<\/div>\n<\/div>\n<div class=\"fl-col fl-node-5ea15309dd482 fl-col-small\" data-node=\"5ea15309dd482\">\n<div class=\"fl-col-content fl-node-content\">\n<div class=\"fl-module fl-module-rich-text fl-node-5ea1539f6fdcd\" data-node=\"5ea1539f6fdcd\" data-animation-delay=\"0.0\">\n<div class=\"fl-module-content fl-node-content\">\n<div class=\"fl-rich-text\">\n<div data-node=\"5e9fbf5a19e43\" data-animation-delay=\"0.0\">\n<div>\n<div>\n<p>Zusammenstellung<\/p>\n<\/div>\n<\/div>\n<\/div>\n<div data-node=\"5e9fcd7a14001\" data-animation-delay=\"0.0\">\n<div>\n<div>\n<div><img decoding=\"async\" src=\"https:\/\/www.soyanggroup.com\/uploads\/f0374276.png\" alt=\"DGDFGDFH\" \/><\/div>\n<\/div>\n<\/div>\n<\/div>\n<\/div>\n<\/div>\n<\/div>\n<\/div>\n<\/div>\n<\/div>\n<div class=\"fl-col-group fl-node-5ea1530df0ad5\" data-node=\"5ea1530df0ad5\">\n<div class=\"fl-col fl-node-5ea1530df0ecb fl-col-small\" data-node=\"5ea1530df0ecb\">\n<div class=\"fl-col-content fl-node-content\">\n<div class=\"fl-module fl-module-rich-text fl-node-5ea153b349553\" data-node=\"5ea153b349553\" data-animation-delay=\"0.0\">\n<div class=\"fl-module-content fl-node-content\">\n<div class=\"fl-rich-text\">\n<div data-node=\"5e9fbf5b91d70\" data-animation-delay=\"0.0\">\n<div>\n<div>\n<p>Testen<\/p>\n<\/div>\n<\/div>\n<\/div>\n<div data-node=\"5e9fcd9359f7b\" data-animation-delay=\"0.0\">\n<div>\n<div>\n<div><img decoding=\"async\" src=\"https:\/\/www.soyanggroup.com\/uploads\/fb597fa3.png\" alt=\"adfagfg\" \/><\/div>\n<\/div>\n<\/div>\n<\/div>\n<\/div>\n<\/div>\n<\/div>\n<\/div>\n<\/div>\n<div class=\"fl-col fl-node-5ea1530df0f22 fl-col-small\" data-node=\"5ea1530df0f22\">\n<div class=\"fl-col-content fl-node-content\">\n<div class=\"fl-module fl-module-rich-text fl-node-5ea153ca7ad93\" data-node=\"5ea153ca7ad93\" data-animation-delay=\"0.0\">\n<div class=\"fl-module-content fl-node-content\">\n<div class=\"fl-rich-text\">\n<div data-node=\"5e9fbf588c875\" data-animation-delay=\"0.0\">\n<div>\n<div>\n<p>Verpackung<\/p>\n<\/div>\n<\/div>\n<\/div>\n<div data-node=\"5e9fcda981a7a\" data-animation-delay=\"0.0\">\n<div>\n<div>\n<div><img decoding=\"async\" src=\"https:\/\/www.soyanggroup.com\/uploads\/b0d9a9c0.png\" alt=\"FDGDFGFDHGF\" \/><\/div>\n<\/div>\n<\/div>\n<\/div>\n<\/div>\n<\/div>\n<\/div>\n<\/div>\n<\/div>\n<div class=\"fl-col fl-node-5ea1530df0f72 fl-col-small\" data-node=\"5ea1530df0f72\">\n<div class=\"fl-col-content fl-node-content\">\n<div class=\"fl-module fl-module-rich-text fl-node-5ea153dceeab3\" data-node=\"5ea153dceeab3\" data-animation-delay=\"0.0\">\n<div class=\"fl-module-content fl-node-content\">\n<div class=\"fl-rich-text\">\n<div data-node=\"5e9fbf571ae6e\" data-animation-delay=\"0.0\">\n<div>\n<div>\n<p>Lager<\/p>\n<\/div>\n<\/div>\n<\/div>\n<div data-node=\"5e9fcdba739ab\" data-animation-delay=\"0.0\">\n<div>\n<div>\n<div><img decoding=\"async\" src=\"https:\/\/www.soyanggroup.com\/uploads\/2497ad44.png\" alt=\"ADFAGDFSD\" \/><\/div>\n<\/div>\n<\/div>\n<\/div>\n<\/div>\n<\/div>\n<\/div>\n<\/div>\n<\/div>\n<\/div>\n<div class=\"fl-col-group fl-node-5ea153132afbe\" data-node=\"5ea153132afbe\">\n<div class=\"fl-col fl-node-5ea153132b428\" data-node=\"5ea153132b428\">\n<div class=\"fl-col-content fl-node-content\">\n<div class=\"fl-module fl-module-rich-text fl-node-5ea153132ad76\" data-node=\"5ea153132ad76\" data-animation-delay=\"0.0\">\n<div class=\"fl-module-content fl-node-content\">\n<div class=\"fl-rich-text\">\n<p><strong>Vorteil<\/strong><\/p>\n<p>\u25cf Markennamen Teile<br \/>\n\u25cf Herkunftsland<br \/>\n\u25cf Angebot<br \/>\n\u25cf erfahrenes Personal<br \/>\n\u25cf Form a<br \/>\n\u25cf Gr\u00fcnes Produkt<br \/>\n\u25cf Garantie\/Garantie<br \/>\n\u25cf Internationale Zulassungen<br \/>\n\u25cf Verpackung<br \/>\n\u25cf Preis<br \/>\n\u25cf Produktfunktionen<br \/>\n\u25cf Produktleistung<br \/>\n\u25cf sofortige Lieferung<br \/>\n\u25cf Qualit\u00e4tsgenehmigungen<br \/>\n\u25cf Ruf<br \/>\n\u25cf Service<br \/>\n\u25cf kleine Bestellungen akzeptiert<br \/>\n\u25cf OEM- und ODM -Dienst bereitgestellt<br \/>\n\u25cf hohe Qualit\u00e4t<\/p>\n<p><b>Verpackung &amp; Zahlung &amp; Versendung<\/b><br \/>\n<b>Verpackungsdetails: PP -Tasche mit Etikett<br \/>\n<\/b><b>Zahlungsmethode: Fortschritte TT, T\/T, L\/C.<br \/>\n<\/b><b>Lieferung: 30-45 Tage nach Erhalt der Abdeckung<br \/>\n<\/b><b>Hafen: Ningbo oder Shanghai<\/b><\/p>\n<p><strong>Unternehmensprofil:<\/strong><br \/>\n1.Business Typ: Hersteller, Handelsgesellschaft<br \/>\n2. Machen Sie Produkte: Timer -Steckdosen, Kabel, Kabelrollen, Beleuchtung<br \/>\n3. Insgesamt Mitarbeiter: 501 - 1000 Personen<br \/>\n4. Jahr gegr\u00fcndet: 1994<br \/>\n5. Management -System -Zertifizierung: ISO9001, ISO14001, OHSAS18001<br \/>\n6. Land \/ Region: Zhejiang, China<br \/>\n7. Eigent\u00fcmer: Privateigent\u00fcmer<br \/>\n8. Hauptm\u00e4rkte:<\/p>\n<p>Osteuropa 39.00%<br \/>\nNordeuropa 30.00%<br \/>\nWesteuropa 16.00%<br \/>\nInlandsmarkt: 7%<br \/>\nMid Ost: 5%<br \/>\nS\u00fcdamerika: 3%<\/p>\n<p><strong>FAQ:<\/strong><br \/>\n1. Kennen Sie Ihre Produkte Logo?<br \/>\nJa, G\u00e4ste stellen das Logo an, wir k\u00f6nnen das Produkt drucken.<br \/>\n2.Welche Social Responsibility -Audit haben Sie bestanden?<br \/>\nJa, wir haben BSCI, sedex.<br \/>\n3.Was sind Ihre Preise?<br \/>\nUnsere Preise k\u00f6nnen sich je nach Angebot und anderen Marktfaktoren \u00e4ndern. Wir werden Ihnen die Preisliste senden und aktualisiert, nachdem sich Ihr Conmany uns in Verbindung setzen kann, um weitere Informationen zu erhalten.<\/p>\n<\/div>\n<\/div>\n<\/div>\n<\/div>\n<\/div>\n<\/div>","protected":false},"excerpt":{"rendered":"<p>Verteilungsbox IP44<\/p>\n<p>Verschiedene Typen ma\u00dfgeschneiderte Leistung<\/p>\n<p>Die L\u00e4nge des Kabels kann gem\u00e4\u00df den Anforderungen des Kunden.<\/p>\n<p>Zum Beispiel: 10 m, 25 m, 50 m\u2026.<\/p>","protected":false},"featured_media":302,"template":"","meta":[],"product_cat":[28],"product_tag":[],"class_list":{"0":"post-301","1":"product","2":"type-product","3":"status-publish","4":"has-post-thumbnail","6":"product_cat-distribution-box","8":"first","9":"instock","10":"shipping-taxable","11":"product-type-simple"},"_links":{"self":[{"href":"https:\/\/www.soyang-group.com\/de\/wp-json\/wp\/v2\/product\/301","targetHints":{"allow":["GET"]}}],"collection":[{"href":"https:\/\/www.soyang-group.com\/de\/wp-json\/wp\/v2\/product"}],"about":[{"href":"https:\/\/www.soyang-group.com\/de\/wp-json\/wp\/v2\/types\/product"}],"version-history":[{"count":0,"href":"https:\/\/www.soyang-group.com\/de\/wp-json\/wp\/v2\/product\/301\/revisions"}],"wp:featuredmedia":[{"embeddable":true,"href":"https:\/\/www.soyang-group.com\/de\/wp-json\/wp\/v2\/media\/302"}],"wp:attachment":[{"href":"https:\/\/www.soyang-group.com\/de\/wp-json\/wp\/v2\/media?parent=301"}],"wp:term":[{"taxonomy":"product_cat","embeddable":true,"href":"https:\/\/www.soyang-group.com\/de\/wp-json\/wp\/v2\/product_cat?post=301"},{"taxonomy":"product_tag","embeddable":true,"href":"https:\/\/www.soyang-group.com\/de\/wp-json\/wp\/v2\/product_tag?post=301"}],"curies":[{"name":"wp","href":"https:\/\/api.w.org\/{rel}","templated":true}]}}