{"id":303,"date":"2024-12-12T13:52:00","date_gmt":"2024-12-12T05:52:00","guid":{"rendered":"https:\/\/shuangy.gg12.globaldeepsea.site\/?post_type=product&#038;p=303"},"modified":"2024-12-12T13:52:00","modified_gmt":"2024-12-12T05:52:00","slug":"3ways-extension-sockets","status":"publish","type":"product","link":"https:\/\/www.soyang-group.com\/de\/product\/3ways-extension-sockets\/","title":{"rendered":"3ways Extension Sockets"},"content":{"rendered":"<p><strong>\u00dcberblick<\/strong><\/p>\n<p><strong>Schnelle Details<\/strong><br \/>\nHerkunftsort: Zhejiang, China<br \/>\nMarkenname: Shuangyang<br \/>\nModellnummer: TXB-3-D<br \/>\nTyp: Erweiterungssteck<br \/>\nZertifikat: S nf gs CE<\/p>\n<p><strong>Versorgungsf\u00e4higkeit<\/strong><br \/>\nVersorgungsf\u00e4higkeit: 9000000 Meter\/Meter pro Monat Europ\u00e4isches Verl\u00e4ngerungskabel<\/p>\n<p><strong>Verpackung &amp; Lieferung<\/strong><br \/>\nVerpackungsdetails: PE -Tasche mit Etikett<br \/>\nPort: Ningbo<br \/>\nVorlaufzeit: 25 Tage nach Erhalt der Ablage<br \/>\nDeutschland Verl\u00e4ngerungskabel<\/p>\n<p>&nbsp;<\/p>\n<p><strong>Detail Produktbeschreibung<\/strong><\/p>\n<p><strong>Wohnh\u00f6hlen in Wohngeb\u00e4uden<\/strong><br \/>\nModellnummer: TXB-3-D<br \/>\nMarkenname: Shuangyang<br \/>\nErdung: Standard Erdung<\/p>\n<p><strong>Beschreibung &amp; Funktionen<\/strong><br \/>\n1.Voltage: 250 V ac<br \/>\n2. CORROS: 16A<br \/>\n3. Wasserdicht: IP44<br \/>\n4. Mit Kinderschutz-Sicherheits-Lock<br \/>\n5.Color: Schwarz<br \/>\n6.Match-Kabel wie folgt: H05RN-F 3G1.0<br \/>\nH05RR-F 3G1.5<br \/>\nH07RN-F 3G1.0\/1,5\/2.5<br \/>\n7. Die L\u00e4nge des Kabels kann gem\u00e4\u00df den Anforderungen des Kunden. Zum Beispiel: 10 m, 25 m, 50 m\u2026.<br \/>\n8. k\u00f6nnen nach dem Verpacken des Kunden.<br \/>\n9. Versorgungsf\u00e4higkeit: 5000000 St\u00fcck\/St\u00fccke pro Monat Timer<br \/>\n10. Verf\u00fcgbare Kapazit\u00e4t f\u00fcr ein anderes Design: Frankreich Version, Deutschlandversion<\/p>\n<p><img decoding=\"async\" src=\"https:\/\/www.soyanggroup.com\/uploads\/dc719d6c.png\" alt=\"\" \/><img decoding=\"async\" src=\"https:\/\/www.soyanggroup.com\/uploads\/d4047062.png\" alt=\"\" \/><\/p>\n<p><strong>Spezifikation<\/strong><br \/>\nPaket: PP -Tasche mit Karte<br \/>\nZertifizierungen: S, GS, CE, ROHS, REACH, PAKS<\/p>\n<p><img decoding=\"async\" src=\"https:\/\/www.soyanggroup.com\/uploads\/38a0b92314.jpg\" alt=\"\" \/><\/p>\n<p>&nbsp;<\/p>\n<p><strong>Unternehmensinformationen<\/strong><\/p>\n<p>Zhejiang Shuangyang Group Co.Ltd. wurde 1986 gegr\u00fcndet, ist ein privates Unternehmen, das 1998 von Star Enterprise von Ningbo City genehmigt wurde und von ISO9001\/14000\/18000 genehmigt wurde. Wir befanden uns in Cixi, Ningbo City, das nur eine Stunde bis zum Ningbo Harbour und Flughafen und zwei Stunden nach Shanghai ist.<\/p>\n<p><img decoding=\"async\" src=\"https:\/\/sc01.alicdn.com\/kf\/He5ba632c74e44a68a587403dde671c5eH\/1942321\/He5ba632c74e44a68a587403dde671c5eH.png_.webp\" alt=\"\" \/><br \/>\nBisher betr\u00e4gt das registrierte Kapital \u00fcber 16 Millionen USDollar. Unsere Bodenfl\u00e4che betr\u00e4gt etwa 120.000 m\u00b2 und das Baubereich etwa 85.000 m\u00b2. Im Jahr 2018 betr\u00e4gt unser Gesamtumdrehen 80 Millionen USDollar. Wir haben zehn F &amp; E -Personen und \u00fcber 100 QCs, um die Qualit\u00e4t zu gew\u00e4hrleisten. Jedes Jahr entwerfen und entwickeln wir \u00fcber zehn neue Produkte, die als Leithersteller fungieren.<\/p>\n<p>Unsere Hauptprodukte sind Timer, Steckdosen, flexible Kabel, Netzkabel, Stecker, Verl\u00e4ngerungsstecker, Kabelrollen und Beleuchtung. Wir k\u00f6nnen viele Arten von Timern wie t\u00e4gliche Timer, mechanische und digitale Timer, Timer, Branchen -Timer mit allen Arten von Steckdosen liefern. Unsere Zielm\u00e4rkte sind europ\u00e4ischer Markt und amerikanischer Markt. Unsere Produkte genehmigt von CE, GS, D, N, S, NF, ETL, VDE, ROHS, REACH, PAK usw.<\/p>\n<p>Wir haben einen guten Ruf bei unseren Kunden. Wir konzentrieren uns immer auf den Schutz der Umwelt und des menschlichen Wesens. Die Verbesserung der Lebensqualit\u00e4t ist unser letzter Zweck.<\/p>\n<p>Netzkabel, Verl\u00e4ngerungskabel und Kabelrollen sind unser Hauptgesch\u00e4ft. Wir sind der leitende Hersteller der Werbeauftr\u00e4ge auf dem europ\u00e4ischen Markt jedes Jahr. Wir sind der oberste Hersteller, der mit dem VDE Global Service in Deutschland zusammenarbeitet, um Marken zu sch\u00fctzen.<\/p>\n<p>Ganz willkommen, mit allen Kunden f\u00fcr den gegenseitigen Nutzen und die gl\u00e4nzende Zukunft zusammenzuarbeiten.<\/p>\n<p>&nbsp;<\/p>\n<p><strong>FAQ<\/strong><\/p>\n<p>Q1. Wie w\u00e4re es mit Garantiezeit- und Garantieprodukten?<\/p>\n<p>A: Die meisten Produkte sind 2 Jahre, schneiden Dr\u00e4hte ab und machen Sie einige Fotos.<\/p>\n<p>&nbsp;<\/p>\n<p>Q2. Was sind Ihre Zahlungsbedingungen?<\/p>\n<p>A: t\/t, l\/c.<\/p>\n<p>&nbsp;<\/p>\n<p>Q3. Testen Sie alle Produkte vor der Lieferung?<\/p>\n<p>A: Ja, wir testen 100% von Produkten vor der Lieferung und halten 100% -Produkte normal.<\/p>\n<p>&nbsp;<\/p>\n<p>Q4.Welche Social Responsibility -Audit haben Sie bestanden?<\/p>\n<p>A: Ja, wir haben BSCI, SEDEX.<\/p>","protected":false},"excerpt":{"rendered":"<p>1. Verdrahtung: H05RN-F 3G1.0, H05RR-F 3G1.0\/1.5, H07RN-F 3G1.0\/1.5.<br \/>\n2. Die L\u00e4nge des Kabels kann gem\u00e4\u00df den Anforderungen des Kunden. Zum Beispiel: 1m, 3m, 10m\u2026.<br \/>\n3.Kannt nach dem Verpacken des Kunden<\/p>\n<p>Vorlaufzeit:<br \/>\nMenge (St\u00fccke) 1 - 10000&gt; 10000<br \/>\nEst. Zeit (Tage) 60 zu verhandeln<\/p>","protected":false},"featured_media":304,"template":"","meta":[],"product_cat":[29],"product_tag":[],"class_list":{"0":"post-303","1":"product","2":"type-product","3":"status-publish","4":"has-post-thumbnail","6":"product_cat-extension-sockets","8":"first","9":"instock","10":"shipping-taxable","11":"product-type-simple"},"_links":{"self":[{"href":"https:\/\/www.soyang-group.com\/de\/wp-json\/wp\/v2\/product\/303","targetHints":{"allow":["GET"]}}],"collection":[{"href":"https:\/\/www.soyang-group.com\/de\/wp-json\/wp\/v2\/product"}],"about":[{"href":"https:\/\/www.soyang-group.com\/de\/wp-json\/wp\/v2\/types\/product"}],"version-history":[{"count":0,"href":"https:\/\/www.soyang-group.com\/de\/wp-json\/wp\/v2\/product\/303\/revisions"}],"wp:featuredmedia":[{"embeddable":true,"href":"https:\/\/www.soyang-group.com\/de\/wp-json\/wp\/v2\/media\/304"}],"wp:attachment":[{"href":"https:\/\/www.soyang-group.com\/de\/wp-json\/wp\/v2\/media?parent=303"}],"wp:term":[{"taxonomy":"product_cat","embeddable":true,"href":"https:\/\/www.soyang-group.com\/de\/wp-json\/wp\/v2\/product_cat?post=303"},{"taxonomy":"product_tag","embeddable":true,"href":"https:\/\/www.soyang-group.com\/de\/wp-json\/wp\/v2\/product_tag?post=303"}],"curies":[{"name":"wp","href":"https:\/\/api.w.org\/{rel}","templated":true}]}}