{"id":305,"date":"2024-12-12T13:53:58","date_gmt":"2024-12-12T05:53:58","guid":{"rendered":"https:\/\/shuangy.gg12.globaldeepsea.site\/?post_type=product&#038;p=305"},"modified":"2024-12-12T13:53:58","modified_gmt":"2024-12-12T05:53:58","slug":"ip44-garden-sockets","status":"publish","type":"product","link":"https:\/\/www.soyang-group.com\/de\/product\/ip44-garden-sockets\/","title":{"rendered":"IP44 Garden Sockets"},"content":{"rendered":"<p><strong>1) Grundinformationen<\/strong><br \/>\nModel Nr.: Gartenstecke<br \/>\nMarkenname: Shuangyang<br \/>\nMaterial: Gummi &amp; Kupfer<br \/>\nVerwendung: Anschluss der Stromversorgung an Elektroger\u00e4te<br \/>\nKrieger: 1 Jahre<br \/>\nZertifikat: CE, GS, S, ROHS, REACH, PAK<\/p>\n<p>&nbsp;<\/p>\n<p><strong>(2) Produktdetail:<\/strong><br \/>\nIP44 Garden Sockets<br \/>\nModellnummer: SYH05-D<br \/>\n2 Wege Sockel mit 24 Stunden Timer auf der R\u00fcckseite<br \/>\nMarkenname: Shuangyang<br \/>\nVerwendung: Anschluss der Stromversorgung an Elektroger\u00e4te<br \/>\nDeutschlandversion<\/p>\n<p><strong>Beschreibung &amp; Funktionen<\/strong><br \/>\n1. Maximum Power: 3.680W<br \/>\n2.Voltage: 250 V ac<br \/>\n3.Frequenz: 50 Hz<br \/>\n4. Strom: 16a<br \/>\n5.Water-proof:IP44<br \/>\n6.color:black<br \/>\n7.Match-Kabel wie folgt: H05RR-F 3G1.5<br \/>\nH07RN-F 3G1.5\/2.5<br \/>\n8. Die L\u00e4nge des Kabels kann gem\u00e4\u00df den Anforderungen des Kunden. Zum Beispiel: 10 m, 25 m, 50 m\u2026.<br \/>\n9.Kannt nach dem Verpacken des Kunden.<br \/>\n10. Lieferf\u00e4higkeit: 9000000 Meter\/Meter pro Monat Europ\u00e4isches Verl\u00e4ngerungskabel<br \/>\n11.Verreichungskapazit\u00e4t f\u00fcr ein anderes Design: Frankreich Version, D\u00e4nemark -Version, UK -Version,<\/p>\n<p><img decoding=\"async\" src=\"https:\/\/www.soyanggroup.com\/uploads\/6f376e2b.png\" alt=\"\" \/><img decoding=\"async\" src=\"https:\/\/www.soyanggroup.com\/uploads\/f9847a52.png\" alt=\"\" \/><img decoding=\"async\" src=\"https:\/\/www.soyanggroup.com\/uploads\/38ebe9c8.png\" alt=\"\" \/><\/p>\n<p><strong>Spezifikation<\/strong><br \/>\nPaket: White Box<br \/>\nZertifizierungen: S, GS, CE, ROHS, REACH, PAKS<\/p>\n<p><img decoding=\"async\" src=\"https:\/\/www.soyanggroup.com\/uploads\/fa9c9669.png\" alt=\"\" \/><br \/>\n<strong>Verkaufspunkt<\/strong><br \/>\n1. Hohe Qualit\u00e4t<br \/>\n2. Vorstellbarer Preis<br \/>\n3. ZWEISETUNG VON PRODUKTE<br \/>\n4.Attraktives Design<br \/>\n5. Umweltfreundliche Technologie<br \/>\n6.OEM- und ODM -Service erbracht<\/p>\n<p>&nbsp;<\/p>\n<p><strong>Sicht<\/strong><br \/>\nZhejiang Shuangyang Group Co., Ltd bleiben immer an Qualit\u00e4t und Service, wir liefern nicht nur hohe Qualit\u00e4t,<br \/>\nAchten Sie auch auf den Schutz von Umwelt und Menschensicherheit.<br \/>\nUnunterbrochen die Qualit\u00e4t des menschlichen Lebens ist unser letztes Ziel.<\/p>\n<p><img decoding=\"async\" src=\"https:\/\/sc02.alicdn.com\/kf\/HTB1sKohk5OYBuNjSsD4q6zSkFXaQ\/1942321\/HTB1sKohk5OYBuNjSsD4q6zSkFXaQ.jpg_.webp\" alt=\"\" \/><\/p>\n<p>&nbsp;<\/p>\n<p><strong>FAQ<\/strong><br \/>\nQ1. K\u00f6nnen Sie eine Stichprobenordnung akzeptieren?<\/p>\n<p>A: Ja, sicher, wir akzeptieren Stichprobenreihenfolge.<\/p>\n<p>&nbsp;<\/p>\n<p>Q2. Wie kann ich uns zusammenziehen?<\/p>\n<p>A: Sie k\u00f6nnen uns Post an uns senden oder anrufen.<\/p>\n<p>&nbsp;<\/p>\n<p>Q3. Wie w\u00e4re es mit Garantiezeit- und Garantieprodukten?<\/p>\n<p>A: Die meisten Produkte sind 2 Jahre, schneiden Dr\u00e4hte ab und machen Sie einige Fotos.<\/p>\n<p>&nbsp;<\/p>\n<p>Q4. Was sind Ihre Zahlungsbedingungen?<\/p>\n<p>A: t\/t, l\/c.<\/p>\n<p>&nbsp;<\/p>\n<p>Q5. Wie k\u00f6nnen Sie eine langj\u00e4hrige Gesch\u00e4ftsbeziehung zwischen uns aufbauen?<\/p>\n<p>A: Wir bieten eine hohe Qualit\u00e4t an Produkten und einen sehr wettbewerbsf\u00e4higen Preis, um den Gewinn unserer Kunden zu versichern.<\/p>\n<p>&nbsp;<\/p>\n<p>Q6. Welche Versandbedingungen k\u00f6nnen wir w\u00e4hlen?<\/p>\n<p>A: Es gibt auf See, auf Luft, durch ausdr\u00fcckliche Lieferung f\u00fcr Ihre Optionen.<\/p>\n<p>&nbsp;<\/p>","protected":false},"excerpt":{"rendered":"<p>Gartenh\u00f6hlen<br \/>\nIP44<br \/>\nDie L\u00e4nge des Kabels kann gem\u00e4\u00df den Anforderungen des Kunden.<br \/>\nZum Beispiel: 10 m, 25 m, 50 m\u2026.<\/p>","protected":false},"featured_media":306,"template":"","meta":[],"product_cat":[30],"product_tag":[],"class_list":{"0":"post-305","1":"product","2":"type-product","3":"status-publish","4":"has-post-thumbnail","6":"product_cat-gardenspike-sockets","8":"first","9":"instock","10":"shipping-taxable","11":"product-type-simple"},"_links":{"self":[{"href":"https:\/\/www.soyang-group.com\/de\/wp-json\/wp\/v2\/product\/305","targetHints":{"allow":["GET"]}}],"collection":[{"href":"https:\/\/www.soyang-group.com\/de\/wp-json\/wp\/v2\/product"}],"about":[{"href":"https:\/\/www.soyang-group.com\/de\/wp-json\/wp\/v2\/types\/product"}],"version-history":[{"count":1,"href":"https:\/\/www.soyang-group.com\/de\/wp-json\/wp\/v2\/product\/305\/revisions"}],"predecessor-version":[{"id":307,"href":"https:\/\/www.soyang-group.com\/de\/wp-json\/wp\/v2\/product\/305\/revisions\/307"}],"wp:featuredmedia":[{"embeddable":true,"href":"https:\/\/www.soyang-group.com\/de\/wp-json\/wp\/v2\/media\/306"}],"wp:attachment":[{"href":"https:\/\/www.soyang-group.com\/de\/wp-json\/wp\/v2\/media?parent=305"}],"wp:term":[{"taxonomy":"product_cat","embeddable":true,"href":"https:\/\/www.soyang-group.com\/de\/wp-json\/wp\/v2\/product_cat?post=305"},{"taxonomy":"product_tag","embeddable":true,"href":"https:\/\/www.soyang-group.com\/de\/wp-json\/wp\/v2\/product_tag?post=305"}],"curies":[{"name":"wp","href":"https:\/\/api.w.org\/{rel}","templated":true}]}}