{"id":236,"date":"2024-12-12T11:36:15","date_gmt":"2024-12-12T03:36:15","guid":{"rendered":"https:\/\/shuangy.gg12.globaldeepsea.site\/?post_type=product&#038;p=236"},"modified":"2024-12-12T11:36:15","modified_gmt":"2024-12-12T03:36:15","slug":"digital-industry-timer-switch","status":"publish","type":"product","link":"https:\/\/www.soyang-group.com\/es\/producto\/digital-industry-timer-switch\/","title":{"rendered":"Interruptor de temporizador de la industria digital"},"content":{"rendered":"<p><strong>Overview<\/strong><\/p>\n<p><strong>Quick Details<\/strong><br \/>\nPlace of Origin:Zhejiang, China<br \/>\nBrand Name:Soyang<br \/>\nN\u00famero de modelo: TS-GE2<br \/>\nTeor\u00eda: digital<br \/>\nUso: interruptor del temporizador<br \/>\nVoltaje: 220-240V CA<br \/>\nFrequency:50Hz<br \/>\nPotencia m\u00e1xima: 3500W<br \/>\nColor:white<br \/>\nAplicaci\u00f3n: interruptor del temporizador<br \/>\ncurrent:16A<\/p>\n<p>&nbsp;<\/p>\n<p><strong>Supply Ability<\/strong><br \/>\nSupply Ability:100000 Piece\/Pieces per Month<\/p>\n<p>&nbsp;<\/p>\n<p><strong>Packaging &amp; Delivery<\/strong><br \/>\nDetalles del empaque: ampolla doble, 12 piezas\/ caja interior, 48 piezas\/ cart\u00f3n exterior<br \/>\nPort:Ningbo\/Shanghai<br \/>\nLead Time :<br \/>\nQuantity(Pieces) 1 \u2013 10000 &gt;10000<br \/>\nEst. Time(days) 60 To be negotiated<\/p>\n<p>&nbsp;<\/p>\n<p><strong>Detail Product Description<\/strong><\/p>\n<p>Temporizador de la industria digital<br \/>\nN\u00famero de modelo: TS-GE2<br \/>\nTemporizador de interruptor el\u00e9ctrico digital<br \/>\nNombre de marca: Shuangyang<br \/>\nUso: interruptor del temporizador<br \/>\nTeor\u00eda: digital<\/p>\n<p><strong>Descripci\u00f3n y caracter\u00edsticas<\/strong><br \/>\n1.Maximum Power: 3,680W<br \/>\n2. Voltaje: 220-240V CA<br \/>\n3. Frequencia: 50\/60Hz<br \/>\n4.Corrente: 16A<br \/>\n5. Cambio f\u00e1cil para el verano<br \/>\nProgramaci\u00f3n de 6.24 horas y 7 d\u00edas<br \/>\n7. 8 programas de encendido\/apagado<br \/>\n8.7 Botones grandes para facilitar la semana de operaci\u00f3n<br \/>\n9.Large LCD Pantalla<br \/>\n10. ACCONACI\u00d3N: Menos de 3 segundos en un d\u00eda<br \/>\n11. Pantalla de tiempo real<br \/>\n12. Funci\u00f3n de reacci\u00f3n<br \/>\n13. Bater\u00eda Ni-MH recalentable utilizada en el interior, no tiene una bater\u00eda da\u00f1ina<br \/>\n14. Capacidad de suministro: 1000000 piezas\/piezas por mes temporizador<br \/>\n<strong>Especificaci\u00f3n<\/strong><br \/>\nPaquete: caja blanca<br \/>\nCantidad\/caja: 50 piezas<br \/>\nCantidad\/CTN: 100pcs<br \/>\nGW: 11 kg<br \/>\nNW: 10 kg<br \/>\nTama\u00f1o de cart\u00f3n: 51*31*56cm<br \/>\nCantidad\/20 \u2032: 18,720pcs<br \/>\nCertificaciones: CE, ROHS, Reach, Pahs<\/p>\n<p>&nbsp;<\/p>\n<p><strong>Sales point<\/strong><br \/>\n1.High quality<br \/>\n2.Favorable price<br \/>\n3.Great variety of products<br \/>\n4.Attractive design<br \/>\n5.Environment friendly technology<br \/>\n6.OEM and ODM service provided<\/p>\n<p>&nbsp;<\/p>\n<p>&nbsp;<\/p>\n<p><strong>Company Information<\/strong><\/p>\n<p>Zhejiang Shuangyang Group Co.Ltd. was established in 1986, is a private owned enterprise, one of Star Enterprise of Ningbo City in 1998,\u00a0and approved by ISO9001\/14000\/18000. We located in Cixi, Ningbo city, which is only one hour to Ningbo harbor and airport, and two hours to Shanghai.<\/p>\n<p><img decoding=\"async\" src=\"https:\/\/sc01.alicdn.com\/kf\/He5ba632c74e44a68a587403dde671c5eH\/1942321\/He5ba632c74e44a68a587403dde671c5eH.png_.webp\" alt=\"\" \/><br \/>\nTill now, the registered capital is over 16 million U.S.Dollar. Our floor area is about 120.000 sqm, and construction area is about 85,000 sqm. In 2018, our total turn over is 80 million U.S.Dollar. We have ten R&amp;D persons and over 100 QCs to guarantee the quality, each year, we design and develop over ten new products acting as a lead manufacturer.<\/p>\n<p>Our main products are timers, sockets, flexible cables, power cords, plugs, extension sockets, cable reels, and lightings. We can supply many kinds of timers such as daily timers, mechanical and digital timers, count down timers, industry timers with all kinds of sockets. Our target markets are European market and American market. Our products approved by CE, GS, D, N, S, NF, ETL, VDE, RoHS, REACH, PAHS and so on.<\/p>\n<p>We have a good reputation among our customers. We always focus on the protection of environment and human being safety. Improving the quality of life is our final purpose.<\/p>\n<p>Power cords, extension cords and cable reels are our main business, we are the lead manufacturer of the promotion orders from European market every year. We are Top one manufacturer cooperating with VDE Global Service in Germany to protect trademark.<\/p>\n<p>Bienvenido c\u00e1lidamente para cooperar con todos los clientes para el beneficio mutuo y el futuro brillante.<\/p>\n<p>&nbsp;<\/p>\n<p><strong>Perfil de la empresa:<\/strong><br \/>\n1. Tipo de negocio: fabricante, empresa comercial<br \/>\n2. Productos principales: enchufes de temporizador, cable, carretes de cables, iluminaci\u00f3n<br \/>\n3. Empleados totales: 501 - 1000 personas<br \/>\n4.i -s\u00ed establecido: 1994<br \/>\n5. Certificaci\u00f3n del sistema de gesti\u00f3n: ISO9001, ISO14001, OHSAS18001<br \/>\n6. Pa\u00eds \/ Regi\u00f3n: Zhejiang, China<br \/>\n7. propietaria: propietario privado<br \/>\n8. Mercados principales: Europa del Este 39.00%<br \/>\nNorte de Europa 30.00%<br \/>\nEuropa occidental 16.00%<br \/>\nMercado interno: 7%<br \/>\nMedio Oriente: 5%<br \/>\nAm\u00e9rica del Sur: 3%<\/p>\n<p><strong>Preguntas frecuentes<\/strong><\/p>\n<p>Q1. \u00bfCu\u00e1les son sus t\u00e9rminos de pago?<\/p>\n<p>A: T\/T, L\/C.<\/p>\n<p>&nbsp;<\/p>\n<p>q2. \u00bfc\u00f3mo establecer una relaci\u00f3n comercial de mucho tiempo entre nosotros?<\/p>\n<p>r: ofrecemos una alta calidad de productos y un precio muy competitivo para asegurar las ganancias de nuestros clientes.<\/p>\n<p>&nbsp;<\/p>\n<p>Q3. \u00bfQu\u00e9 t\u00e9rminos de env\u00edo podemos elegir?<\/p>\n<p>R: Hay por mar, por aire, por entrega expresa para sus opciones.<\/p>","protected":false},"excerpt":{"rendered":"<p>El interruptor de tiempo controla cualquier electricidad<br \/>\nInstalaci\u00f3n por medio de programas diarios.<br \/>\nUtilizado para demostrar la m\u00e1quina, el equipo,<br \/>\nel tiempo de operaci\u00f3n de acumulaci\u00f3n de dispositivo.<\/p>","protected":false},"featured_media":240,"template":"","meta":[],"product_cat":[22],"product_tag":[],"class_list":{"0":"post-236","1":"product","2":"type-product","3":"status-publish","4":"has-post-thumbnail","6":"product_cat-timer","8":"first","9":"instock","10":"shipping-taxable","11":"product-type-simple"},"_links":{"self":[{"href":"https:\/\/www.soyang-group.com\/es\/wp-json\/wp\/v2\/product\/236","targetHints":{"allow":["GET"]}}],"collection":[{"href":"https:\/\/www.soyang-group.com\/es\/wp-json\/wp\/v2\/product"}],"about":[{"href":"https:\/\/www.soyang-group.com\/es\/wp-json\/wp\/v2\/types\/product"}],"version-history":[{"count":0,"href":"https:\/\/www.soyang-group.com\/es\/wp-json\/wp\/v2\/product\/236\/revisions"}],"wp:featuredmedia":[{"embeddable":true,"href":"https:\/\/www.soyang-group.com\/es\/wp-json\/wp\/v2\/media\/240"}],"wp:attachment":[{"href":"https:\/\/www.soyang-group.com\/es\/wp-json\/wp\/v2\/media?parent=236"}],"wp:term":[{"taxonomy":"product_cat","embeddable":true,"href":"https:\/\/www.soyang-group.com\/es\/wp-json\/wp\/v2\/product_cat?post=236"},{"taxonomy":"product_tag","embeddable":true,"href":"https:\/\/www.soyang-group.com\/es\/wp-json\/wp\/v2\/product_tag?post=236"}],"curies":[{"name":"wp","href":"https:\/\/api.w.org\/{rel}","templated":true}]}}