{"id":248,"date":"2024-12-12T11:37:52","date_gmt":"2024-12-12T03:37:52","guid":{"rendered":"https:\/\/shuangy.gg12.globaldeepsea.site\/?post_type=product&#038;p=248"},"modified":"2024-12-12T11:37:52","modified_gmt":"2024-12-12T03:37:52","slug":"germany-weekly-mechanical-timer","status":"publish","type":"product","link":"https:\/\/www.soyang-group.com\/es\/producto\/germany-weekly-mechanical-timer\/","title":{"rendered":"Temporizador mec\u00e1nico semanal de Alemania"},"content":{"rendered":"<p><strong>Overview<\/strong><\/p>\n<p><strong>Quick Details<\/strong><br \/>\nPlace of Origin:Zhejiang, China<br \/>\nNombre de marca: Shuangyang<br \/>\nN\u00famero de modelo: TS-WD1<br \/>\nTeor\u00eda: mec\u00e1nico<br \/>\nUso: interruptor del temporizador<br \/>\nCertificado: GS, CE, ROHS, HACT HAPS<br \/>\nSoja<br \/>\nC\u00edrculo: programaci\u00f3n de 7 d\u00edas<\/p>\n<p><strong>Supply Ability<\/strong><br \/>\nSupply Ability:100000 Piece\/Pieces per Month<\/p>\n<p><strong>Packaging &amp; Delivery<\/strong><br \/>\nDetalles del empaque: ampolla doble, 12 piezas\/ caja interior, 48 piezas\/ cart\u00f3n exterior<br \/>\nPort:Ningbo\/Shanghai<br \/>\nTiempo de entrega: 40 d\u00edas despu\u00e9s de recibir el dep\u00f3sito<\/p>\n<p>&nbsp;<\/p>\n<p><strong>Detail Product Description<\/strong><\/p>\n<p>Lugar de origen: Zhejiang China (continente)<br \/>\nNombre de marca: Shuangyang<br \/>\nN\u00famero de modelo: TS-WD1<br \/>\nTheory: Mechanical<br \/>\nVista: Zhejiang Shuangyang Group Co., Ltd siempre se apegan a la calidad y el servicio,<br \/>\nNo solo proporcionamos alta calidad, sino que tambi\u00e9n prestamos atenci\u00f3n a la protecci\u00f3n del medio ambiente y la seguridad del ser humano.<br \/>\nLa mejora ininterrumpida de la calidad de la vida humana es nuestro objetivo final.<\/p>\n<p>&nbsp;<\/p>\n<p><strong>Sales point<\/strong><br \/>\n1.High quality<br \/>\n2.Favorable price<br \/>\n3.Great variety of products<br \/>\n4.Attractive design<br \/>\n5.Environment friendly technology<br \/>\n6.OEM and ODM service provided<\/p>\n<p>&nbsp;<\/p>\n<p><strong>Especificaci\u00f3n<\/strong><br \/>\nEmbalaje: 12 piezas\/ caja interna, 48 piezas\/ cart\u00f3n externo<br \/>\nTama\u00f1o de cart\u00f3n: 61*48*25cm<br \/>\nQ'ty\/20'ft: 18720pcs<br \/>\nFuente de alimentaci\u00f3n: 220-240V\/50Hz M\u00e1x.3500W<br \/>\nGW\/NW de Carton: 13\/11 kgs<\/p>\n<p>&nbsp;<\/p>\n<p><strong>Descripci\u00f3n y caracter\u00edsticas<\/strong><\/p>\n<p>Programaci\u00f3n de 1.7 d\u00edas<br \/>\n2.42 programas de encendido\/apagado<br \/>\n3. Aducto: Menos de 2 horas cada semana<br \/>\n4. Configuraci\u00f3n m\u00ednima: 2 horas<br \/>\n5.com PACT y ELEGANTE DESE\u00d1O PARA ELECCI\u00d3N EN F\u00c1CIL<br \/>\n6. Estilos de multa-Countries con diferentes enchufe y enchufe<br \/>\n7. Capacidad disponible para otro dise\u00f1o<br \/>\nVersi\u00f3n de Brasil, versi\u00f3n de Alemania, versi\u00f3n de Francia, versi\u00f3n Argentina,<br \/>\nVersi\u00f3n de Australia, versi\u00f3n de Italia, versi\u00f3n de EE. UU., Versi\u00f3n de Dinamarca<br \/>\n8. Mercado popular: europeo<\/p>\n<p>&nbsp;<\/p>\n<p><strong>Ventaja<\/strong><br \/>\n1 piezas de marca<br \/>\n2 pa\u00eds de origen<br \/>\n3 distribuciones ofrecidas<br \/>\n4 personal experimentado<br \/>\n5 Forma un<br \/>\n6 productos verdes<br \/>\n7 Garant\u00eda\/Garant\u00eda<br \/>\n8 aprobaciones internacionales<br \/>\n9 Embalaje<br \/>\n10 precio<br \/>\n11 Caracter\u00edsticas del producto<br \/>\n12 rendimiento del producto<br \/>\n13 Entrega r\u00e1pida<br \/>\n14 aprobaciones de calidad<br \/>\n15 reputaci\u00f3n<br \/>\n16 servicio<br \/>\n17 pedidos peque\u00f1os aceptados<br \/>\n18 Servicio OEM y ODM proporcionado<br \/>\n19 alta calidad<\/p>\n<p>&nbsp;<\/p>\n<p><strong>Embalaje y pago y env\u00edo<\/strong><br \/>\nDetalles del empaque: doble ampolla<br \/>\nM\u00e9todo de pago: Advance tt, t\/t, l\/c<br \/>\nEntrega: 30-45 d\u00edas despu\u00e9s de recibir el dep\u00f3sito<br \/>\nPuerto: Ningbo o Shanghai<\/p>\n<p>&nbsp;<\/p>\n<p><strong>Our Services<\/strong><\/p>\n<p>1. Once get your message, we will reply you in 24 hours<br \/>\n2. We have professional sales team to offer service for you<br \/>\n3. Offer 2 years as warranty time and after-sales service<\/p>\n<p>&nbsp;<\/p>\n<p><strong>Perfil de la empresa:<\/strong><br \/>\n1. Tipo de negocio: fabricante, empresa comercial<br \/>\n2. Productos principales: enchufes de temporizador, cable, carretes de cables, iluminaci\u00f3n<br \/>\n3. Empleados totales: 501 - 1000 personas<br \/>\n4.i -s\u00ed establecido: 1994<br \/>\n5. Certificaci\u00f3n del sistema de gesti\u00f3n: ISO9001, ISO14001, OHSAS18001<br \/>\n6. Pa\u00eds \/ Regi\u00f3n: Zhejiang, China<br \/>\n7. propietaria: propietario privado<br \/>\n8. Mercados principales: Europa del Este 39.00%<br \/>\nNorte de Europa 30.00%<br \/>\nEuropa occidental 16.00%<br \/>\nMercado interno: 7%<br \/>\nMedio Oriente: 5%<br \/>\nAm\u00e9rica del Sur: 3%<br \/>\n<strong>Preguntas frecuentes<\/strong><\/p>\n<p>Q1. \u00bfC\u00f3mo contratarnos?<\/p>\n<p>A : You can send mail to us or call.<\/p>\n<p>&nbsp;<\/p>\n<p>Q2. \u00bfCu\u00e1les son sus t\u00e9rminos de pago?<\/p>\n<p>A: T\/T, L\/C.<\/p>\n<p>&nbsp;<\/p>\n<p>Q3. \u00bfQu\u00e9 t\u00e9rminos de env\u00edo podemos elegir?<\/p>\n<p>R: Hay por mar, por aire, por entrega expresa para sus opciones.<\/p>\n<p>Q4. \u00bfPueden sus productos imprimir el logotipo de los invitados?<\/p>\n<p>R: S\u00ed, los invitados proporcionan el logotipo, podemos imprimir en el producto.<\/p>","protected":false},"excerpt":{"rendered":"<p>Operaci\u00f3n mec\u00e1nica,<br \/>\nF\u00e1cil de usar,<br \/>\nOperaci\u00f3n tranquila,<br \/>\nPuerta protectora de ni\u00f1os,<br \/>\nEvite enchufar accidentalmente,<br \/>\nevitar que los ni\u00f1os sean el\u00e9ctricos,<br \/>\nEl shock mejora la seguridad,<br \/>\nMantenga el temporizador alimentado en el ciclo,<br \/>\nTecnolog\u00eda de disco mec\u00e1nico,<\/p>","protected":false},"featured_media":249,"template":"","meta":[],"product_cat":[22],"product_tag":[],"class_list":{"0":"post-248","1":"product","2":"type-product","3":"status-publish","4":"has-post-thumbnail","6":"product_cat-timer","8":"first","9":"instock","10":"shipping-taxable","11":"product-type-simple"},"_links":{"self":[{"href":"https:\/\/www.soyang-group.com\/es\/wp-json\/wp\/v2\/product\/248","targetHints":{"allow":["GET"]}}],"collection":[{"href":"https:\/\/www.soyang-group.com\/es\/wp-json\/wp\/v2\/product"}],"about":[{"href":"https:\/\/www.soyang-group.com\/es\/wp-json\/wp\/v2\/types\/product"}],"version-history":[{"count":0,"href":"https:\/\/www.soyang-group.com\/es\/wp-json\/wp\/v2\/product\/248\/revisions"}],"wp:featuredmedia":[{"embeddable":true,"href":"https:\/\/www.soyang-group.com\/es\/wp-json\/wp\/v2\/media\/249"}],"wp:attachment":[{"href":"https:\/\/www.soyang-group.com\/es\/wp-json\/wp\/v2\/media?parent=248"}],"wp:term":[{"taxonomy":"product_cat","embeddable":true,"href":"https:\/\/www.soyang-group.com\/es\/wp-json\/wp\/v2\/product_cat?post=248"},{"taxonomy":"product_tag","embeddable":true,"href":"https:\/\/www.soyang-group.com\/es\/wp-json\/wp\/v2\/product_tag?post=248"}],"curies":[{"name":"wp","href":"https:\/\/api.w.org\/{rel}","templated":true}]}}