{"id":257,"date":"2024-12-12T13:06:21","date_gmt":"2024-12-12T05:06:21","guid":{"rendered":"https:\/\/shuangy.gg12.globaldeepsea.site\/?post_type=product&#038;p=257"},"modified":"2025-01-10T17:53:46","modified_gmt":"2025-01-10T09:53:46","slug":"cee-5-pin-16a-6h-plug","status":"publish","type":"product","link":"https:\/\/www.soyang-group.com\/es\/producto\/cee-5-pin-16a-6h-plug\/","title":{"rendered":"cee 5 pines 16a 6h enchufe"},"content":{"rendered":"<p><strong>Overview<\/strong><\/p>\n<p><strong>Quick Details<\/strong><br \/>\nlugar de origen: zhejiang, china nombre de marca: shuangyang<br \/>\nn\u00famero de modelo: gp55 tipo: enchufe<br \/>\ngrounding: voltaje nominal de conexi\u00f3n a tierra est\u00e1ndar: 200\/346-240\/415v<br \/>\ncorriente nominal: 16a aplicaci\u00f3n: industrial<br \/>\ncertificaci\u00f3n: interfaz ce: 2p+e<br \/>\nip: 44<\/p>\n<p><strong>Supply Ability<\/strong><br \/>\nSupply Ability:100000 Piece\/Pieces per Month<\/p>\n<p><strong>Packaging &amp; Delivery<\/strong><br \/>\ndetalles del empaque: empaque de exportaci\u00f3n est\u00e1ndar o de acuerdo con la solicitud del cliente<br \/>\npuerto: ningbo, shanghai<br \/>\ntiempo de entrega: depende de la cantidad de pedido<\/p>\n<p>&nbsp;<\/p>\n<p><strong>Detail Product Description<\/strong><\/p>\n<p><strong>Descripci\u00f3n y caracter\u00edsticas<\/strong><br \/>\nlugar de origen: zhejiang china (continente)<br \/>\nn\u00famero de modelo: gp55<br \/>\ngrounding: conexi\u00f3n a tierra est\u00e1ndar<br \/>\nvoltaje nominal: 200\/346-240\/415v<br \/>\ncorriente nominal: 16a-6h<br \/>\naplicaci\u00f3n: enchufe industrial<br \/>\nimpensas del agua: ip44 a prueba de chapoteo<br \/>\npolos: 3p+n+e<br \/>\ncolor: rojo<br \/>\ncapacidad de suministro: 5000000 piezas\/piezas por mes temporizador<\/p>\n<p><strong>Especificaci\u00f3n<\/strong><br \/>\nPaquete: Bolsa de PP con tarjeta<br \/>\nCantidad\/CTN: 100pcs<br \/>\ngw: 12 kg<br \/>\nnw: 11 kg<br \/>\ntama\u00f1o de cart\u00f3n: 60x29x24.6 cm<br \/>\ncantidad\/20 ': 63,000 pcs<br \/>\nCertificaciones: CE, ROHS, Reach, Pahs<\/p>\n<p><strong>vista<\/strong><br \/>\nzhejiang shuangyang group co., ltd siempre se adhiere a la calidad y el servicio,<br \/>\nNo solo proporcionamos alta calidad, sino que tambi\u00e9n prestamos atenci\u00f3n a la protecci\u00f3n del medio ambiente y la seguridad del ser humano.<br \/>\nLa mejora ininterrumpida de la calidad de la vida humana es nuestro objetivo final.<\/p>\n<p><img decoding=\"async\" src=\"https:\/\/sc01.alicdn.com\/kf\/HTB1XAGrIFXXXXX8XVXXq6xXFXXXD\/1942321\/HTB1XAGrIFXXXXX8XVXXq6xXFXXXD.jpg_.webp\" alt=\"\" \/><\/p>\n<p><strong>l\u00ednea de productos<\/strong><\/p>\n<p><img decoding=\"async\" src=\"https:\/\/sc01.alicdn.com\/kf\/HTB1FM3uIFXXXXXxXVXXq6xXFXXXK\/1942321\/HTB1FM3uIFXXXXXxXVXXq6xXFXXXK.jpg_.webp\" alt=\"\" \/><\/p>\n<p>&nbsp;<\/p>\n<p><strong>nuestros servicios<\/strong><\/p>\n<p>env\u00edo a<\/p>\n<p><img decoding=\"async\" src=\"https:\/\/sc01.alicdn.com\/kf\/HTB19FIlJFXXXXXkXVXXq6xXFXXXv\/1942321\/HTB19FIlJFXXXXXkXVXXq6xXFXXXv.jpg_.webp\" alt=\"\" \/><\/p>\n<p>podemos aceptar una compa\u00f1\u00eda de env\u00edo designada o reservar un barco para el cliente, rastrear los contenedores hasta que el cliente reciba los bienes<br \/>\nsi desea saber m\u00e1s informaci\u00f3n, cont\u00e1ctenos sin dudar.<\/p>\n<p><strong>Preguntas frecuentes\u00a0<\/strong><\/p>\n<p>p1. \u00bfpueden sus productos imprimir logotipo de los invitados?<\/p>\n<p>R: S\u00ed, los invitados proporcionan el logotipo, podemos imprimir en el producto.<\/p>\n<p>&nbsp;<\/p>\n<p>q2. \u00bfc\u00f3mo establecer una relaci\u00f3n comercial de mucho tiempo entre nosotros?<\/p>\n<p>r: ofrecemos una alta calidad de productos y un precio muy competitivo para asegurar las ganancias de nuestros clientes.<\/p>\n<p>&nbsp;<\/p>\n<p>Q3. \u00bfQu\u00e9 t\u00e9rminos de env\u00edo podemos elegir?<\/p>\n<p>R: Hay por mar, por aire, por entrega expresa para sus opciones.<\/p>","protected":false},"excerpt":{"rendered":"<p>plug 6pin 16a industrial<\/p>\n<p>Supply Ability:100000 Piece\/Pieces per Month<\/p>\n<p>detalles del embalaje: bolsa de educaci\u00f3n f\u00edsica<br \/>\nPort:Ningbo\/Shanghai<br \/>\nLead Time :<br \/>\nQuantity(Pieces) 1 \u2013 10000 &gt;10000<br \/>\nEst. Time(days) 60 To be negotiated<\/p>","protected":false},"featured_media":541,"template":"","meta":[],"product_cat":[24],"product_tag":[],"class_list":{"0":"post-257","1":"product","2":"type-product","3":"status-publish","4":"has-post-thumbnail","6":"product_cat-socketplug","8":"first","9":"instock","10":"shipping-taxable","11":"product-type-simple"},"_links":{"self":[{"href":"https:\/\/www.soyang-group.com\/es\/wp-json\/wp\/v2\/product\/257","targetHints":{"allow":["GET"]}}],"collection":[{"href":"https:\/\/www.soyang-group.com\/es\/wp-json\/wp\/v2\/product"}],"about":[{"href":"https:\/\/www.soyang-group.com\/es\/wp-json\/wp\/v2\/types\/product"}],"version-history":[{"count":1,"href":"https:\/\/www.soyang-group.com\/es\/wp-json\/wp\/v2\/product\/257\/revisions"}],"predecessor-version":[{"id":542,"href":"https:\/\/www.soyang-group.com\/es\/wp-json\/wp\/v2\/product\/257\/revisions\/542"}],"wp:featuredmedia":[{"embeddable":true,"href":"https:\/\/www.soyang-group.com\/es\/wp-json\/wp\/v2\/media\/541"}],"wp:attachment":[{"href":"https:\/\/www.soyang-group.com\/es\/wp-json\/wp\/v2\/media?parent=257"}],"wp:term":[{"taxonomy":"product_cat","embeddable":true,"href":"https:\/\/www.soyang-group.com\/es\/wp-json\/wp\/v2\/product_cat?post=257"},{"taxonomy":"product_tag","embeddable":true,"href":"https:\/\/www.soyang-group.com\/es\/wp-json\/wp\/v2\/product_tag?post=257"}],"curies":[{"name":"wp","href":"https:\/\/api.w.org\/{rel}","templated":true}]}}