{"id":259,"date":"2024-12-12T13:08:15","date_gmt":"2024-12-12T05:08:15","guid":{"rendered":"https:\/\/shuangy.gg12.globaldeepsea.site\/?post_type=product&#038;p=259"},"modified":"2025-01-10T17:52:59","modified_gmt":"2025-01-10T09:52:59","slug":"industrial-socket","status":"publish","type":"product","link":"https:\/\/www.soyang-group.com\/es\/producto\/industrial-socket\/","title":{"rendered":"Z\u00f3calo industrial"},"content":{"rendered":"<div class=\"fl-col-group fl-node-5ea1012f9e458\" data-node=\"5ea1012f9e458\">\n<div class=\"fl-col fl-node-5ea1012f9e87c\" data-node=\"5ea1012f9e87c\">\n<div class=\"fl-col-content fl-node-content\">\n<div class=\"fl-module fl-module-rich-text fl-node-5ea1012f9e180\" data-node=\"5ea1012f9e180\" data-animation-delay=\"0.0\">\n<div class=\"fl-module-content fl-node-content\">\n<div class=\"fl-rich-text\">\n<p><b>Informaci\u00f3n b\u00e1sica<\/b><b><\/b><br \/>\nModelo no.: Plug y enchufe industrial de CEE<br \/>\nNombre de marca: Shuangyang<br \/>\nMaterial de concha: nylon y cobre<br \/>\nUso: conectarse con el cable<br \/>\nWarrantant: 1 a\u00f1o<br \/>\nCertificado: CE, ROHS, Reach, Pahs<\/p>\n<\/div>\n<\/div>\n<\/div>\n<\/div>\n<\/div>\n<\/div>\n<div class=\"fl-col-group fl-node-5ea10128c6e2f\" data-node=\"5ea10128c6e2f\">\n<div class=\"fl-col fl-node-5ea10128c71e0\" data-node=\"5ea10128c71e0\">\n<div class=\"fl-col-content fl-node-content\">\n<div class=\"fl-module fl-module-rich-text fl-node-5ea10174f2dbe\" data-node=\"5ea10174f2dbe\" data-animation-delay=\"0.0\">\n<div class=\"fl-module-content fl-node-content\">\n<div class=\"fl-rich-text\">\n<p><b>Detalle del producto:<\/b><br \/>\n<b>\u00a0(1)<\/b><b>CEE 16A 6H COLECHE<\/b><br \/>\nN\u00famero de modelo: EZ53<br \/>\nNombre de marca: Shuangyang<br \/>\nUso: CEE Socket<br \/>\nGrounding: conexi\u00f3n a tierra est\u00e1ndar<br \/>\nTeor\u00eda: industria<br \/>\n<b>Descripci\u00f3n y caracter\u00edsticas<\/b><b><\/b><br \/>\n1. Voltaje: 200-250V CA<br \/>\n2. Corriente nominal: 16a ~ 6h<br \/>\n3. Waer a prueba de waer: IP44<br \/>\n4.Poles: 2p+e<br \/>\n5.color:blue<br \/>\n6. Capacidad de suministro: 5000000 piezas\/piezas por mes temporizador<br \/>\n<b><\/b><b>Especificaci\u00f3n<\/b><br \/>\nPaquete: Bolsa de PP con tarjeta<br \/>\nCantidad\/CTN: 100pcs<br \/>\nGW: 15 kg<br \/>\nNW: 14 kg<br \/>\nTama\u00f1o de cart\u00f3n: 75x29x26 cm<br \/>\nCantidad\/20 ': 47,700 PCS<br \/>\nCertificaciones: CE, ROHS, Reach, Pahs<br \/>\n<img decoding=\"async\" src=\"https:\/\/www.soyanggroup.com\/uploads\/693988eb.png\" alt=\"ccc\" \/><\/p>\n<\/div>\n<\/div>\n<\/div>\n<\/div>\n<\/div>\n<div class=\"fl-col fl-node-5ea10128c7236 fl-col-small\" data-node=\"5ea10128c7236\">\n<div class=\"fl-col-content fl-node-content\">\n<div class=\"fl-module fl-module-rich-text fl-node-5ea101f4d563e\" data-node=\"5ea101f4d563e\" data-animation-delay=\"0.0\">\n<div class=\"fl-module-content fl-node-content\">\n<div class=\"fl-rich-text\">\n<p><a class=\"fancybox\" href=\"https:\/\/www.soyanggroup.com\/uploads\/d9a4f57d.png\" target=\"_blank\" rel=\"noopener\"><img decoding=\"async\" src=\"https:\/\/www.soyanggroup.com\/uploads\/d9a4f57d.png\" alt=\"Socket341 industrial\" \/><\/a><\/p>\n<\/div>\n<\/div>\n<\/div>\n<\/div>\n<\/div>\n<\/div>\n<div class=\"fl-col-group fl-node-5ea1026852090\" data-node=\"5ea1026852090\">\n<div class=\"fl-col fl-node-5ea1026852489\" data-node=\"5ea1026852489\">\n<div class=\"fl-col-content fl-node-content\">\n<div class=\"fl-module fl-module-rich-text fl-node-5ea1026c09741\" data-node=\"5ea1026c09741\" data-animation-delay=\"0.0\">\n<div class=\"fl-module-content fl-node-content\">\n<div class=\"fl-rich-text\">\n<p><b>(2) CEE 16A 6H\u00a0<\/b><b>enchufe<\/b><br \/>\n<b><\/b>N\u00famero de modelo: EZ54<br \/>\nNombre de marca: Shuangyang<br \/>\nUso: CEE Socket<br \/>\nGrounding: conexi\u00f3n a tierra est\u00e1ndar<br \/>\nTeor\u00eda: industria<br \/>\n<b>Descripci\u00f3n y caracter\u00edsticas<\/b><b><\/b><br \/>\n1. Voltaje: 100-130V CA<br \/>\n2. Corriente nominal: 16a ~ 4h<br \/>\n3. Waer a prueba de waer: IP44<br \/>\n4.Poles: 2p+e<br \/>\n5.color:yellow<br \/>\n6. Capacidad de suministro: 5000000 piezas\/piezas por mes temporizador<br \/>\n<b>Especificaci\u00f3n<\/b><br \/>\nPaquete: Bolsa de PP con tarjeta<br \/>\nCantidad\/CTN: 100pcs<br \/>\nGW: 15 kg<br \/>\nNW: 14 kg<br \/>\nTama\u00f1o de cart\u00f3n: 75x29x26 cm<br \/>\nCantidad\/20 ': 47,700 PCS<br \/>\nCertificaciones: CE, ROHS, Reach, Pahs<br \/>\n<img decoding=\"async\" src=\"https:\/\/www.soyanggroup.com\/uploads\/693988eb.png\" alt=\"ccc\" \/><\/p>\n<\/div>\n<\/div>\n<\/div>\n<\/div>\n<\/div>\n<div class=\"fl-col fl-node-5ea10268524f6 fl-col-small\" data-node=\"5ea10268524f6\">\n<div class=\"fl-col-content fl-node-content\">\n<div class=\"fl-module fl-module-rich-text fl-node-5ea102e0f2ccb\" data-node=\"5ea102e0f2ccb\" data-animation-delay=\"0.0\">\n<div class=\"fl-module-content fl-node-content\">\n<div class=\"fl-rich-text\">\n<p><a class=\"fancybox\" href=\"https:\/\/www.soyanggroup.com\/uploads\/57ee1dc1.png\" target=\"_blank\" rel=\"noopener\"><img decoding=\"async\" src=\"https:\/\/www.soyanggroup.com\/uploads\/57ee1dc1.png\" alt=\"Socket Industrial1163\" \/><\/a><\/p>\n<\/div>\n<\/div>\n<\/div>\n<\/div>\n<\/div>\n<\/div>\n<div class=\"fl-col-group fl-node-5ea102fe5d748\" data-node=\"5ea102fe5d748\">\n<div class=\"fl-col fl-node-5ea102fe5da3f\" data-node=\"5ea102fe5da3f\">\n<div class=\"fl-col-content fl-node-content\">\n<div class=\"fl-module fl-module-rich-text fl-node-5ea102fe5d574\" data-node=\"5ea102fe5d574\" data-animation-delay=\"0.0\">\n<div class=\"fl-module-content fl-node-content\">\n<div class=\"fl-rich-text\">\n<p><b>(3)CEE\u00a0<\/b><b>5-pin\u00a0<\/b><b>16a 6h\u00a0<\/b><b>enchufe<\/b><br \/>\n<b><\/b>N\u00famero de modelo: EZ55<br \/>\nNombre de marca: Shuangyang<br \/>\nUso: enchufe CEE<br \/>\nGrounding: conexi\u00f3n a tierra est\u00e1ndar<br \/>\nTeor\u00eda: industria<br \/>\n<b>Descripci\u00f3n y caracter\u00edsticas<\/b><b><\/b><br \/>\n1. Voltaje: 200\/346-240\/415V CA<br \/>\n2. Corriente nominal: 16a ~ 6h<br \/>\n3. Waer a prueba de waer: IP44<br \/>\n4.Poles: 3p+n+e<br \/>\n5.color:Red<br \/>\n6. Capacidad de suministro: 5000000 piezas\/piezas por mes temporizador<br \/>\n<b>Especificaci\u00f3n<\/b><br \/>\nPaquete: Bolsa de PP con tarjeta<br \/>\nCantidad\/CTN: 100pcs<br \/>\nGW: 16 kg<br \/>\nNW: 15 kg<br \/>\nTama\u00f1o de cart\u00f3n: 75x29x26 cm<br \/>\nCantidad\/20 ': 47,700 PCS<br \/>\nCertificaciones: CE, ROHS, Reach, Pahs<br \/>\n<img decoding=\"async\" src=\"https:\/\/www.soyanggroup.com\/uploads\/693988eb.png\" alt=\"ccc\" \/><\/p>\n<\/div>\n<\/div>\n<\/div>\n<\/div>\n<\/div>\n<div class=\"fl-col fl-node-5ea103ab2c643 fl-col-small\" data-node=\"5ea103ab2c643\">\n<div class=\"fl-col-content fl-node-content\">\n<div class=\"fl-module fl-module-rich-text fl-node-5ea103ab2bfc1\" data-node=\"5ea103ab2bfc1\" data-animation-delay=\"0.0\">\n<div class=\"fl-module-content fl-node-content\">\n<div class=\"fl-rich-text\">\n<p><a class=\"fancybox\" href=\"https:\/\/www.soyanggroup.com\/uploads\/000d6979.png\" target=\"_blank\" rel=\"noopener\"><img decoding=\"async\" src=\"https:\/\/www.soyanggroup.com\/uploads\/000d6979.png\" alt=\"Socket Industrial1993\" \/><\/a><\/p>\n<\/div>\n<\/div>\n<\/div>\n<\/div>\n<\/div>\n<\/div>\n<div class=\"fl-col-group fl-node-5ea536c393e80\" data-node=\"5ea536c393e80\">\n<div class=\"fl-col fl-node-5ea536c39425e\" data-node=\"5ea536c39425e\">\n<div class=\"fl-col-content fl-node-content\">\n<div class=\"fl-module fl-module-rich-text fl-node-5ea536c393c70\" data-node=\"5ea536c393c70\" data-animation-delay=\"0.0\">\n<div class=\"fl-module-content fl-node-content\">\n<div class=\"fl-rich-text\">\n<p><b>Pasos de procesamiento:<\/b><\/p>\n<\/div>\n<\/div>\n<\/div>\n<\/div>\n<\/div>\n<\/div>\n<div class=\"fl-col-group fl-node-5ea10438dfe90\" data-node=\"5ea10438dfe90\">\n<div class=\"fl-col fl-node-5ea10438e02e5 fl-col-small\" data-node=\"5ea10438e02e5\">\n<div class=\"fl-col-content fl-node-content\">\n<div class=\"fl-module fl-module-rich-text fl-node-5ea1046d58be1\" data-node=\"5ea1046d58be1\" data-animation-delay=\"0.0\">\n<div class=\"fl-module-content fl-node-content\">\n<div class=\"fl-rich-text\">\n<p>Raw Materials (Timersockets)<\/p>\n<p><img decoding=\"async\" src=\"https:\/\/www.soyanggroup.com\/uploads\/38a0b923.png\" alt=\"1\" \/><\/p>\n<\/div>\n<\/div>\n<\/div>\n<\/div>\n<\/div>\n<div class=\"fl-col fl-node-5ea10438e033d fl-col-small\" data-node=\"5ea10438e033d\">\n<div class=\"fl-col-content fl-node-content\">\n<div class=\"fl-module fl-module-rich-text fl-node-5ea1047d56ccc\" data-node=\"5ea1047d56ccc\" data-animation-delay=\"0.0\">\n<div class=\"fl-module-content fl-node-content\">\n<div class=\"fl-rich-text\">\n<p>inyecci\u00f3n<\/p>\n<p><img decoding=\"async\" src=\"https:\/\/www.soyanggroup.com\/uploads\/8d9d4c2f.png\" alt=\"2\" \/><\/p>\n<\/div>\n<\/div>\n<\/div>\n<\/div>\n<\/div>\n<div class=\"fl-col fl-node-5ea10438e038e fl-col-small\" data-node=\"5ea10438e038e\">\n<div class=\"fl-col-content fl-node-content\">\n<div class=\"fl-module fl-module-rich-text fl-node-5ea104b265427\" data-node=\"5ea104b265427\" data-animation-delay=\"0.0\">\n<div class=\"fl-module-content fl-node-content\">\n<div class=\"fl-rich-text\">\n<p>fascinante<\/p>\n<p><img decoding=\"async\" src=\"https:\/\/www.soyanggroup.com\/uploads\/7e4b5ce22.png\" alt=\"3\" \/><\/p>\n<\/div>\n<\/div>\n<\/div>\n<\/div>\n<\/div>\n<\/div>\n<div class=\"fl-col-group fl-node-5ea1043dae44c\" data-node=\"5ea1043dae44c\">\n<div class=\"fl-col fl-node-5ea1043dae8ae fl-col-small\" data-node=\"5ea1043dae8ae\">\n<div class=\"fl-col-content fl-node-content\">\n<div class=\"fl-module fl-module-rich-text fl-node-5ea104e2d9e57\" data-node=\"5ea104e2d9e57\" data-animation-delay=\"0.0\">\n<div class=\"fl-module-content fl-node-content\">\n<div class=\"fl-rich-text\">\n<p>ensamblaje<br \/>\n<img decoding=\"async\" src=\"https:\/\/www.soyanggroup.com\/uploads\/79a2f3e7.png\" alt=\"4\" \/><\/p>\n<\/div>\n<\/div>\n<\/div>\n<\/div>\n<\/div>\n<div class=\"fl-col fl-node-5ea1043dae903 fl-col-small\" data-node=\"5ea1043dae903\">\n<div class=\"fl-col-content fl-node-content\">\n<div class=\"fl-module fl-module-rich-text fl-node-5ea104ffd3975\" data-node=\"5ea104ffd3975\" data-animation-delay=\"0.0\">\n<div class=\"fl-module-content fl-node-content\">\n<div class=\"fl-rich-text\">\n<p>pruebas<br \/>\n<img decoding=\"async\" src=\"https:\/\/www.soyanggroup.com\/uploads\/7fbbce23.png\" alt=\"5\" \/><\/p>\n<\/div>\n<\/div>\n<\/div>\n<\/div>\n<\/div>\n<div class=\"fl-col fl-node-5ea1043dae953 fl-col-small\" data-node=\"5ea1043dae953\">\n<div class=\"fl-col-content fl-node-content\">\n<div class=\"fl-module fl-module-rich-text fl-node-5ea1051578e1b\" data-node=\"5ea1051578e1b\" data-animation-delay=\"0.0\">\n<div class=\"fl-module-content fl-node-content\">\n<div class=\"fl-rich-text\">\n<p>dep\u00f3sito<br \/>\n<img decoding=\"async\" src=\"https:\/\/www.soyanggroup.com\/uploads\/1c5a880f.png\" alt=\"6\" \/><\/p>\n<\/div>\n<\/div>\n<\/div>\n<\/div>\n<\/div>\n<\/div>\n<div class=\"fl-col-group fl-node-5ea103c700bbf\" data-node=\"5ea103c700bbf\">\n<div class=\"fl-col fl-node-5ea103c700ea5\" data-node=\"5ea103c700ea5\">\n<div class=\"fl-col-content fl-node-content\">\n<div class=\"fl-module fl-module-rich-text fl-node-5ea103c7009b3\" data-node=\"5ea103c7009b3\" data-animation-delay=\"0.0\">\n<div class=\"fl-module-content fl-node-content\">\n<div class=\"fl-rich-text\">\n<p><strong>Ventaja<\/strong><\/p>\n<p>\u25cf Piezas de marca<br \/>\n\u25cf Pa\u00eds natal<br \/>\n\u25cf Distribu\u00edas ofrecidas<br \/>\n\u25cf Personal experimentado<br \/>\n\u25cf Formar un<br \/>\n\u25cf Producto verde<br \/>\n\u25cf Garant\u00eda\/garant\u00eda<br \/>\n\u25cf Aprobaciones internacionales<br \/>\n\u25cf Embalaje<br \/>\n\u25cf Precio<br \/>\n\u25cf Caracter\u00edsticas del producto<br \/>\n\u25cf Rendimiento del producto<br \/>\n\u25cf Entrega r\u00e1pida<br \/>\n\u25cf Aprobaciones de calidad<br \/>\n\u25cf Reputaci\u00f3n<br \/>\n\u25cf Servicio<br \/>\n\u25cf Peque\u00f1os pedidos aceptados<br \/>\n\u25cf Servicio OEM y ODM proporcionado<br \/>\n\u25cf Alta calidad<\/p>\n<p><b>Los productos similares<\/b><\/p>\n<p><img decoding=\"async\" src=\"https:\/\/www.soyanggroup.com\/uploads\/7c8bcc9a.png\" alt=\"gggggg\" \/><\/p>\n<p><b>Embalaje y pago y env\u00edo<br \/>\n<\/b><b>Detalles del embalaje:\u00a0<\/b><b>Bolsa de PP con tarjeta<br \/>\n<\/b><b>M\u00e9todo de pago: Advance tt, t\/t, l\/c<br \/>\n<\/b><b>Entrega: 30-45 d\u00edas despu\u00e9s de recibir el dep\u00f3sito<br \/>\n<\/b><b>Puerto: Ningbo o Shanghai<\/b><\/p>\n<p><strong>Perfil de la empresa:<\/strong><br \/>\n1. Tipo de negocio: fabricante, empresa comercial<br \/>\n2. Productos principales: enchufes de temporizador, cable, carretes de cables, iluminaci\u00f3n<br \/>\n3. Empleados totales: 501 - 1000 personas<br \/>\n4.i -s\u00ed establecido: 1994<br \/>\n5. Certificaci\u00f3n del sistema de gesti\u00f3n: ISO9001, ISO14001, OHSAS18001<br \/>\n6. Pa\u00eds \/ Regi\u00f3n: Zhejiang, China<br \/>\n7. propietaria: propietario privado<br \/>\n8. Mercados principales:<\/p>\n<p>Europa del Este 39.00%<br \/>\nNorte de Europa 30.00%<br \/>\nEuropa occidental 16.00%<br \/>\nMercado interno: 7%<br \/>\nMedio Oriente: 5%<br \/>\nAm\u00e9rica del Sur: 3%<\/p>\n<p><strong>Preguntas frecuentes:<\/strong><br \/>\n1. \u00bfPuede sus productos imprimir logotipo de los invitados?<br \/>\nS\u00ed, los invitados proporcionan el logotipo, podemos imprimir en el producto.<br \/>\n2. \u00bfQu\u00e9 auditor\u00eda de responsabilidad social pas\u00f3?<br \/>\nS\u00ed, tenemos BSCI, Sedex.<br \/>\n3. \u00bfCu\u00e1les son sus precios?<br \/>\nNuestros precios est\u00e1n sujetos a cambios dependiendo de la oferta y otros factores del mercado. Le enviaremos y actualizaremos la lista de precios despu\u00e9s de que su conmany se contacte para obtener m\u00e1s informaci\u00f3n.<\/p>\n<\/div>\n<\/div>\n<\/div>\n<\/div>\n<\/div>\n<\/div>","protected":false},"excerpt":{"rendered":"<p>Conector de potencia industrial 2P+E<\/p>\n<p>IP44<\/p>","protected":false},"featured_media":539,"template":"","meta":[],"product_cat":[24],"product_tag":[],"class_list":{"0":"post-259","1":"product","2":"type-product","3":"status-publish","4":"has-post-thumbnail","6":"product_cat-socketplug","8":"first","9":"instock","10":"shipping-taxable","11":"product-type-simple"},"_links":{"self":[{"href":"https:\/\/www.soyang-group.com\/es\/wp-json\/wp\/v2\/product\/259","targetHints":{"allow":["GET"]}}],"collection":[{"href":"https:\/\/www.soyang-group.com\/es\/wp-json\/wp\/v2\/product"}],"about":[{"href":"https:\/\/www.soyang-group.com\/es\/wp-json\/wp\/v2\/types\/product"}],"version-history":[{"count":1,"href":"https:\/\/www.soyang-group.com\/es\/wp-json\/wp\/v2\/product\/259\/revisions"}],"predecessor-version":[{"id":540,"href":"https:\/\/www.soyang-group.com\/es\/wp-json\/wp\/v2\/product\/259\/revisions\/540"}],"wp:featuredmedia":[{"embeddable":true,"href":"https:\/\/www.soyang-group.com\/es\/wp-json\/wp\/v2\/media\/539"}],"wp:attachment":[{"href":"https:\/\/www.soyang-group.com\/es\/wp-json\/wp\/v2\/media?parent=259"}],"wp:term":[{"taxonomy":"product_cat","embeddable":true,"href":"https:\/\/www.soyang-group.com\/es\/wp-json\/wp\/v2\/product_cat?post=259"},{"taxonomy":"product_tag","embeddable":true,"href":"https:\/\/www.soyang-group.com\/es\/wp-json\/wp\/v2\/product_tag?post=259"}],"curies":[{"name":"wp","href":"https:\/\/api.w.org\/{rel}","templated":true}]}}