{"id":278,"date":"2024-12-12T13:12:57","date_gmt":"2024-12-12T05:12:57","guid":{"rendered":"https:\/\/shuangy.gg12.globaldeepsea.site\/?post_type=product&#038;p=278"},"modified":"2024-12-12T13:12:57","modified_gmt":"2024-12-12T05:12:57","slug":"industry-extension-cord","status":"publish","type":"product","link":"https:\/\/www.soyang-group.com\/es\/producto\/industry-extension-cord\/","title":{"rendered":"Cable de extensi\u00f3n de la industria"},"content":{"rendered":"<p><strong>Overview<\/strong><br \/>\n<strong>Quick Details<\/strong><br \/>\nPlace of Origin:Zhejiang, China<br \/>\nMarca: SY<br \/>\nN\u00famero de modelo: EZ54\/GP52<br \/>\nTipo: enchufe de extensi\u00f3n con enchufe de la industria<br \/>\nGrounding: conexi\u00f3n a tierra est\u00e1ndar<br \/>\nVoltaje nominal: 16A<br \/>\nCorriente nominal: 250V<br \/>\nAplicaci\u00f3n: Residencial \/ De prop\u00f3sito general<br \/>\nCertificaci\u00f3n: CE, S<br \/>\nEstilo de cable: cable de goma VDE<br \/>\nProbas de agua: IP44<br \/>\nLongitud del cable: seg\u00fan los clientes\u2019<\/p>\n<p><a class=\"fancybox\" href=\"https:\/\/www.soyanggroup.com\/uploads\/135.jpg\" target=\"_blank\" rel=\"noopener\"><img fetchpriority=\"high\" decoding=\"async\" class=\"alignnone  wp-image-4903\" src=\"https:\/\/www.soyanggroup.com\/uploads\/135.jpg\" alt=\"13\" width=\"434\" height=\"298\" \/><\/a><\/p>\n<p><strong>Supply Ability<\/strong><br \/>\nCapacidad de suministro: 500000 piezas\/piezas por mes Extensi\u00f3n Multi Socket<\/p>\n<p><strong>Packaging &amp; Delivery<\/strong><br \/>\nDetalles del empaque: bolsa de educaci\u00f3n f\u00edsica con tarjeta<br \/>\nPuerto: Ningbo<br \/>\nTiempo de entrega: 25 d\u00edas despu\u00e9s de recibir el dep\u00f3sito<\/p>\n<p>&nbsp;<\/p>\n<p><strong>Descripci\u00f3n y caracter\u00edsticas<\/strong><br \/>\n1. Enchufe de cee:<br \/>\nVoltaje: 100-130 VAC<br \/>\nCurrent: 16a- 4h<br \/>\nPolos: 2p+e<br \/>\nWater-proof:IP44<\/p>\n<p>2. Cee Socket:<br \/>\nVoltaje: 100-130 VAC<br \/>\nCurrent: 16a- 4h<br \/>\nPolos: 2p+e<br \/>\nWater-proof:IP44<\/p>\n<p>3.color:yellow<\/p>\n<p>4. Cable de refuerzo de la siguiente manera: H05VV-F 3G1.5\/2.5,<br \/>\nH05RR-F 3G1.5\/2.5,<br \/>\nH07RN-F 3G1.5\/2.5.<\/p>\n<p>5. La longitud del cable puede seg\u00fan el requisito del cliente. Por ejemplo: 10m, 25m, 50m ...<\/p>\n<p>6. puede que el cliente requiere empacar.<\/p>\n<p>7. Capacidad de suministro: 9000000 metros\/metros por mes Cable de extensi\u00f3n europea<br \/>\n<strong>Especificaci\u00f3n<\/strong><br \/>\nPaquete: Bolsa de educaci\u00f3n f\u00edsica con tarjeta<br \/>\nCertificaciones: CE, ROHS, Reach, Pahs<\/p>\n<p><img decoding=\"async\" src=\"https:\/\/sc01.alicdn.com\/kf\/HTB1eXO6JFXXXXbAXFXXq6xXFXXX1\/1942321\/HTB1eXO6JFXXXXbAXFXXq6xXFXXX1.jpg\" alt=\"\" width=\"639\" height=\"469\" \/><br \/>\n<strong>vista<\/strong><br \/>\nZhejiang Shuangyang Group Co., Ltd siempre se apegan a la calidad y el servicio, no solo suministramos alta calidad,<br \/>\npero tambi\u00e9n presta atenci\u00f3n a la protecci\u00f3n del medio ambiente y la seguridad del ser humano.<br \/>\nLa mejora ininterrumpida de la calidad de la vida humana es nuestro objetivo final.<\/p>\n<p><a class=\"fancybox\" href=\"https:\/\/www.soyanggroup.com\/uploads\/1211.jpg\" target=\"_blank\" rel=\"noopener\"><img decoding=\"async\" class=\"alignnone  wp-image-4900\" src=\"https:\/\/www.soyanggroup.com\/uploads\/1211.jpg\" alt=\"12\" width=\"269\" height=\"196\" \/><\/a>\u00a0 \u00a0<img loading=\"lazy\" decoding=\"async\" class=\"wp-image-4904 alignnone\" src=\"https:\/\/www.soyanggroup.com\/uploads\/1212.jpg\" alt=\"12\" width=\"301\" height=\"175\" \/><\/p>\n<p>&nbsp;<\/p>\n<p><strong>Ventaja<\/strong><br \/>\n1. Partes de nombre de marca<br \/>\n2.Cuuntry of Origin<br \/>\n3. Distributor\u00edas ofrecidas<br \/>\n4. Personal experimentado<br \/>\n5. Forma A<br \/>\n6. Producto de Green<br \/>\n7.Guarantee\/Warranty<br \/>\n8. Aprobaciones internacionales<br \/>\n9.Packaging<br \/>\n10.Price<br \/>\n11. Caracter\u00edsticas del producto<br \/>\n12. rendimiento del producto<br \/>\n13. Entrega de prompt<br \/>\n14. aprobaciones de calidad<br \/>\n15.Reputation<br \/>\n16.Service<br \/>\n17. \u00f3rdenes menores aceptadas<br \/>\n18. Servicio OEM y ODM proporcionado<br \/>\n19. Alta calidad<br \/>\n<strong>Mercado popular: europeo<\/strong><strong><br \/>\n<\/strong><\/p>\n<p><img decoding=\"async\" src=\"https:\/\/sc01.alicdn.com\/kf\/HTB1.scCIFXXXXXVXpXXq6xXFXXX6\/1942321\/HTB1.scCIFXXXXXVXpXXq6xXFXXX6.jpg_.webp\" alt=\"\" \/><\/p>\n<p>&nbsp;<\/p>\n<p><strong>Contacto<\/strong><br \/>\nResponderemos su correo electr\u00f3nico o fax dentro de las 24 horas<br \/>\nPuede llamarnos en cualquier momento si hay alguna pregunta sobre nuestra producci\u00f3n.<\/p>\n<p>&nbsp;<\/p>\n<p><strong>env\u00edo a<\/strong><br \/>\nPodemos aceptar una compa\u00f1\u00eda de env\u00edo designada o reservar un barco para el cliente, rastrear los contenedores hasta que el cliente reciba los bienes<\/p>\n<p><img decoding=\"async\" src=\"https:\/\/sc01.alicdn.com\/kf\/HTB19FIlJFXXXXXkXVXXq6xXFXXXv\/1942321\/HTB19FIlJFXXXXXkXVXXq6xXFXXXv.jpg_.webp\" alt=\"\" \/><br \/>\n<strong>Si desea saber m\u00e1s informaci\u00f3n, cont\u00e1ctenos sin dudar<\/strong><\/p>","protected":false},"excerpt":{"rendered":"<p>La longitud del cable puede, seg\u00fan el requisito del cliente.<br \/>\nPor ejemplo: 10m, 25m, 50m ...<\/p>\n<p>Packaging &amp; Delivery<br \/>\ndetalles del embalaje: bolsa de educaci\u00f3n f\u00edsica<br \/>\nPort:Ningbo\/Shanghai<br \/>\nLead Time :<br \/>\nQuantity(Pieces) 1 \u2013 10000 &gt;10000<br \/>\nEst. Time(days) 60 To be negotiated<\/p>","protected":false},"featured_media":279,"template":"","meta":[],"product_cat":[25],"product_tag":[],"class_list":{"0":"post-278","1":"product","2":"type-product","3":"status-publish","4":"has-post-thumbnail","6":"product_cat-extension-cord","8":"first","9":"instock","10":"shipping-taxable","11":"product-type-simple"},"_links":{"self":[{"href":"https:\/\/www.soyang-group.com\/es\/wp-json\/wp\/v2\/product\/278","targetHints":{"allow":["GET"]}}],"collection":[{"href":"https:\/\/www.soyang-group.com\/es\/wp-json\/wp\/v2\/product"}],"about":[{"href":"https:\/\/www.soyang-group.com\/es\/wp-json\/wp\/v2\/types\/product"}],"version-history":[{"count":0,"href":"https:\/\/www.soyang-group.com\/es\/wp-json\/wp\/v2\/product\/278\/revisions"}],"wp:featuredmedia":[{"embeddable":true,"href":"https:\/\/www.soyang-group.com\/es\/wp-json\/wp\/v2\/media\/279"}],"wp:attachment":[{"href":"https:\/\/www.soyang-group.com\/es\/wp-json\/wp\/v2\/media?parent=278"}],"wp:term":[{"taxonomy":"product_cat","embeddable":true,"href":"https:\/\/www.soyang-group.com\/es\/wp-json\/wp\/v2\/product_cat?post=278"},{"taxonomy":"product_tag","embeddable":true,"href":"https:\/\/www.soyang-group.com\/es\/wp-json\/wp\/v2\/product_tag?post=278"}],"curies":[{"name":"wp","href":"https:\/\/api.w.org\/{rel}","templated":true}]}}