{"id":281,"date":"2024-12-12T13:16:19","date_gmt":"2024-12-12T05:16:19","guid":{"rendered":"https:\/\/shuangy.gg12.globaldeepsea.site\/?post_type=product&#038;p=281"},"modified":"2024-12-12T13:16:20","modified_gmt":"2024-12-12T05:16:20","slug":"uk-indoor-extension-cord","status":"publish","type":"product","link":"https:\/\/www.soyang-group.com\/es\/producto\/uk-indoor-extension-cord\/","title":{"rendered":"Cable de extensi\u00f3n interior del Reino Unido"},"content":{"rendered":"<p><strong>Overview<\/strong><br \/>\n<strong>Quick Details<\/strong><br \/>\nPlace of Origin:Zhejiang, China<br \/>\nMarca: Shunchi<br \/>\nN\u00famero de modelo: SY-28\/SY-CZ-28<br \/>\nTipo: cable de extensi\u00f3n<br \/>\nCertificado: CE ROHS Reach HAPS<\/p>\n<p><strong>Supply Ability<\/strong><br \/>\nCapacidad de suministro: 9000000 metros\/metros por mes Cable de extensi\u00f3n europea<\/p>\n<p><strong>Packaging &amp; Delivery<\/strong><br \/>\nDetalles del empaque: bolsa de educaci\u00f3n f\u00edsica con tarjeta<br \/>\nPuerto: Ningbo<br \/>\nTiempo de entrega: 25 d\u00edas despu\u00e9s de recibir el dep\u00f3sito<br \/>\nCable de extensi\u00f3n del Reino Unido<br \/>\n<strong>Detail Product Description<\/strong><br \/>\nLugar de origen: Zhejiang China (continente)<br \/>\nNombre de marca: Shuangyang<br \/>\nN\u00famero de modelo: SY-28\/SY-CZ-28<br \/>\nTipo: cable de extensi\u00f3n<br \/>\nAplicaci\u00f3n: aparato en casa<br \/>\n<strong>vista<\/strong><br \/>\nZhejiang Shuangyang Group Co., Ltd siempre se apegan a la calidad y el servicio, no solo suministramos alta calidad,<br \/>\npero tambi\u00e9n presta atenci\u00f3n a la protecci\u00f3n del medio ambiente y la seguridad del ser humano.<br \/>\nLa mejora ininterrumpida de la calidad de la vida humana es nuestro objetivo final.<\/p>\n<p><img decoding=\"async\" src=\"https:\/\/sc01.alicdn.com\/kf\/He5ba632c74e44a68a587403dde671c5eH\/1942321\/He5ba632c74e44a68a587403dde671c5eH.png_.webp\" alt=\"\" \/><br \/>\n<strong>Descripci\u00f3n y caracter\u00edsticas<\/strong><br \/>\n1. Cable de matrimonio de la siguiente manera: H05VV-F 3G1.0\/1.5, H05RN-F 3G1.0, H05RR-F 3G1.0\/1.5, H07RN-F 3G1.0\/1.5.<br \/>\n2. La longitud del cable puede seg\u00fan el requisito del cliente. Por ejemplo: 10m, 25m, 50m ...<br \/>\n3.Se puede requerir el cliente para empacar.<br \/>\n<strong>Mercado popular: europeo<\/strong><br \/>\n<strong><br \/>\n<\/strong><\/p>\n<p><img decoding=\"async\" src=\"https:\/\/sc01.alicdn.com\/kf\/HTB1.scCIFXXXXXVXpXXq6xXFXXX6\/1942321\/HTB1.scCIFXXXXXVXpXXq6xXFXXX6.jpg_.webp\" alt=\"\" \/><br \/>\n<strong>Contacto<\/strong><br \/>\nResponderemos su correo electr\u00f3nico o fax dentro de las 24 horas<br \/>\nPuede llamarnos en cualquier momento si hay alguna pregunta sobre nuestra producci\u00f3n.<br \/>\n<strong>env\u00edo a<\/strong><br \/>\nPodemos aceptar una compa\u00f1\u00eda de env\u00edo designada o reservar un barco para el cliente, rastrear los contenedores hasta que el cliente reciba los bienes<\/p>\n<p><img decoding=\"async\" src=\"https:\/\/sc01.alicdn.com\/kf\/HTB19FIlJFXXXXXkXVXXq6xXFXXXv\/1942321\/HTB19FIlJFXXXXXkXVXXq6xXFXXXv.jpg_.webp\" alt=\"\" \/><br \/>\n<strong><br \/>\n<\/strong><\/p>\n<p><strong>Preguntas frecuentes<\/strong><\/p>\n<p>Q1. \u00bfQu\u00e9 t\u00e9rminos de env\u00edo podemos elegir?<\/p>\n<p>R: Hay por mar, por aire, por entrega expresa para sus opciones.<\/p>\n<p>&nbsp;<\/p>\n<p>Q2. \u00bfPrueba todos los productos antes de la entrega?<\/p>\n<p>A : Yes, we test 100% of products before delivery, keep 100% products work normally.<\/p>\n<p>P3. \u00bfPueden sus productos imprimir logotipo de los invitados?<\/p>\n<p>R: S\u00ed, los invitados proporcionan el logotipo, podemos imprimir en el producto.<\/p>","protected":false},"excerpt":{"rendered":"<p>IP20<br \/>\nLa longitud del cable puede, seg\u00fan el requisito del cliente.<br \/>\nVersi\u00f3n del Reino Unido<\/p>","protected":false},"featured_media":282,"template":"","meta":[],"product_cat":[25],"product_tag":[],"class_list":{"0":"post-281","1":"product","2":"type-product","3":"status-publish","4":"has-post-thumbnail","6":"product_cat-extension-cord","8":"first","9":"instock","10":"shipping-taxable","11":"product-type-simple"},"_links":{"self":[{"href":"https:\/\/www.soyang-group.com\/es\/wp-json\/wp\/v2\/product\/281","targetHints":{"allow":["GET"]}}],"collection":[{"href":"https:\/\/www.soyang-group.com\/es\/wp-json\/wp\/v2\/product"}],"about":[{"href":"https:\/\/www.soyang-group.com\/es\/wp-json\/wp\/v2\/types\/product"}],"version-history":[{"count":0,"href":"https:\/\/www.soyang-group.com\/es\/wp-json\/wp\/v2\/product\/281\/revisions"}],"wp:featuredmedia":[{"embeddable":true,"href":"https:\/\/www.soyang-group.com\/es\/wp-json\/wp\/v2\/media\/282"}],"wp:attachment":[{"href":"https:\/\/www.soyang-group.com\/es\/wp-json\/wp\/v2\/media?parent=281"}],"wp:term":[{"taxonomy":"product_cat","embeddable":true,"href":"https:\/\/www.soyang-group.com\/es\/wp-json\/wp\/v2\/product_cat?post=281"},{"taxonomy":"product_tag","embeddable":true,"href":"https:\/\/www.soyang-group.com\/es\/wp-json\/wp\/v2\/product_tag?post=281"}],"curies":[{"name":"wp","href":"https:\/\/api.w.org\/{rel}","templated":true}]}}