{"id":283,"date":"2024-12-12T13:18:03","date_gmt":"2024-12-12T05:18:03","guid":{"rendered":"https:\/\/shuangy.gg12.globaldeepsea.site\/?post_type=product&#038;p=283"},"modified":"2024-12-12T13:18:03","modified_gmt":"2024-12-12T05:18:03","slug":"rubber-extension-cord","status":"publish","type":"product","link":"https:\/\/www.soyang-group.com\/es\/producto\/rubber-extension-cord\/","title":{"rendered":"Cable de extensi\u00f3n de goma"},"content":{"rendered":"<div class=\"fl-col-group fl-node-5ea003d5f3f3d\" data-node=\"5ea003d5f3f3d\">\n<div class=\"fl-col fl-node-5ea003d5f41dc\" data-node=\"5ea003d5f41dc\">\n<div class=\"fl-col-content fl-node-content\">\n<div class=\"fl-module fl-module-rich-text fl-node-5ea003abc3c1e\" data-node=\"5ea003abc3c1e\" data-animation-delay=\"0.0\">\n<div class=\"fl-module-content fl-node-content\">\n<div class=\"fl-rich-text\">\n<p><b>Informaci\u00f3n b\u00e1sica<\/b><br \/>\nModelo no.: Cable de extensi\u00f3n de goma<br \/>\nNombre de marca: Shuangyang<br \/>\nMaterial de la c\u00e1scara: caucho y cobre<br \/>\nUso: conexi\u00f3n de la fuente de alimentaci\u00f3n a electrodom\u00e9sticos<br \/>\nWarrantant: 1 a\u00f1o<br \/>\nCertificado: CE, GS, S, ROHS, Reach, HAPS<\/p>\n<\/div>\n<\/div>\n<\/div>\n<\/div>\n<\/div>\n<\/div>\n<div class=\"fl-col-group fl-node-5ea003f136eef\" data-node=\"5ea003f136eef\">\n<div class=\"fl-col fl-node-5ea003f1373e3 fl-col-small\" data-node=\"5ea003f1373e3\">\n<div class=\"fl-col-content fl-node-content\">\n<div class=\"fl-module fl-module-rich-text fl-node-5ea003fd57dd0\" data-node=\"5ea003fd57dd0\" data-animation-delay=\"0.0\">\n<div class=\"fl-module-content fl-node-content\">\n<div class=\"fl-rich-text\">\n<p><strong>Detalle del producto:<\/strong><br \/>\n<strong>(1) Cable de extensi\u00f3n IP44<\/strong><br \/>\nN\u00famero de modelo: SY-11\/SY-CZ-05<br \/>\nBrandname: Shuangyang<br \/>\nUso: conexi\u00f3n de la fuente de alimentaci\u00f3n a electrodom\u00e9sticos<br \/>\nGermany version<\/p>\n<\/div>\n<\/div>\n<\/div>\n<\/div>\n<\/div>\n<div class=\"fl-col fl-node-5ea003f137446 fl-col-small\" data-node=\"5ea003f137446\">\n<div class=\"fl-col-content fl-node-content\">\n<div class=\"fl-module fl-module-rich-text fl-node-5ea004625e75c\" data-node=\"5ea004625e75c\" data-animation-delay=\"0.0\">\n<div class=\"fl-module-content fl-node-content\">\n<div class=\"fl-rich-text\">\n<p><img decoding=\"async\" src=\"https:\/\/www.soyanggroup.com\/uploads\/1b330689.png\" alt=\"Cord de extensi\u00f3n de goma437\" \/><\/p>\n<\/div>\n<\/div>\n<\/div>\n<\/div>\n<\/div>\n<\/div>\n<div class=\"fl-col-group fl-node-5ea0046a2994e\" data-node=\"5ea0046a2994e\">\n<div class=\"fl-col fl-node-5ea0046a29d8c\" data-node=\"5ea0046a29d8c\">\n<div class=\"fl-col-content fl-node-content\">\n<div class=\"fl-module fl-module-rich-text fl-node-5ea0046a2976c\" data-node=\"5ea0046a2976c\" data-animation-delay=\"0.0\">\n<div class=\"fl-module-content fl-node-content\">\n<div class=\"fl-rich-text\">\n<p><b>Descripci\u00f3n y caracter\u00edsticas<\/b><b><\/b><br \/>\n1.Maximum Power: 3,680W<br \/>\n2. Voltaje: 250V CA<br \/>\n3. frecuencia: 50Hz<br \/>\n4.Corrente: 16A<br \/>\n5.Water-proof:IP44<br \/>\n6.color:black<br \/>\n7. Cable de munici\u00f3n de la siguiente manera: H05RN-F 3G0.75\/1.0,<br \/>\nH05RR-F 3G0.75\/1.0\/1.5\/2.5<br \/>\nH07RN-F 3G1.0\/1.5\/2.5<br \/>\nH07BQ-F 3G1.5\/2.5,<br \/>\nAT-N05V3V3-F 3G1.0\/1.5\/2.5,<br \/>\nAT-N07V3V3-F 3G1.0\/1.5\/2.5<br \/>\n8. La longitud del cable puede de acuerdo con el requisito del cliente. Por ejemplo: 10m, 25m, 50m ...<br \/>\n9.Se Seg\u00fan la requerencia del cliente para empacar.<br \/>\n10. Capacidad de suministro: 9000000 metros\/metros por mes Cable de extensi\u00f3n europea<\/p>\n<\/div>\n<\/div>\n<\/div>\n<\/div>\n<\/div>\n<\/div>\n<div class=\"fl-col-group fl-node-5ea004ce07bad\" data-node=\"5ea004ce07bad\">\n<div class=\"fl-col fl-node-5ea004ce07ff2\" data-node=\"5ea004ce07ff2\">\n<div class=\"fl-col-content fl-node-content\">\n<div class=\"fl-module fl-module-rich-text fl-node-5ea004d293e12\" data-node=\"5ea004d293e12\" data-animation-delay=\"0.0\">\n<div class=\"fl-module-content fl-node-content\">\n<div class=\"fl-rich-text\">\n<p><strong>Especificaci\u00f3n<\/strong><br \/>\nPaquete: Bolsa de educaci\u00f3n f\u00edsica con tarjeta<br \/>\nCertificaciones: S, N, GS, CE, ROHS, Reach, Pahs<br \/>\n<a class=\"fancybox\" href=\"https:\/\/www.soyanggroup.com\/uploads\/ec478681.png\" target=\"_blank\" rel=\"noopener\"><img decoding=\"async\" src=\"https:\/\/www.soyanggroup.com\/uploads\/ec478681.png\" alt=\"1586507530(1)\" \/><\/a><\/p>\n<\/div>\n<\/div>\n<\/div>\n<\/div>\n<\/div>\n<\/div>\n<div class=\"fl-col-group fl-node-5ea0056ab4686\" data-node=\"5ea0056ab4686\">\n<div class=\"fl-col fl-node-5ea0056ab4a44\" data-node=\"5ea0056ab4a44\">\n<div class=\"fl-col-content fl-node-content\">\n<div class=\"fl-module fl-module-rich-text fl-node-5ea005701d614\" data-node=\"5ea005701d614\" data-animation-delay=\"0.0\">\n<div class=\"fl-module-content fl-node-content\">\n<div class=\"fl-rich-text\">\n<p><strong>(2) Cable de extensi\u00f3n de goma<\/strong><br \/>\nN\u00famero de modelo: SY-11\/SY-CZ-12<br \/>\nNombre de marca: Shuangyang<br \/>\nUso: conexi\u00f3n de la fuente de alimentaci\u00f3n a electrodom\u00e9sticos<br \/>\nVersi\u00f3n de Francia<\/p>\n<\/div>\n<\/div>\n<\/div>\n<\/div>\n<\/div>\n<div class=\"fl-col fl-node-5ea0056ab4a9c fl-col-small\" data-node=\"5ea0056ab4a9c\">\n<div class=\"fl-col-content fl-node-content\">\n<div class=\"fl-module fl-module-rich-text fl-node-5ea00593df23c\" data-node=\"5ea00593df23c\" data-animation-delay=\"0.0\">\n<div class=\"fl-module-content fl-node-content\">\n<div class=\"fl-rich-text\">\n<p><a class=\"fancybox\" href=\"https:\/\/www.soyanggroup.com\/uploads\/f172a324.png\" target=\"_blank\" rel=\"noopener\"><img decoding=\"async\" src=\"https:\/\/www.soyanggroup.com\/uploads\/f172a324.png\" alt=\"Cord de extensi\u00f3n de goma1589\" \/><\/a><\/p>\n<\/div>\n<\/div>\n<\/div>\n<\/div>\n<\/div>\n<\/div>\n<div class=\"fl-col-group fl-node-5ea005a88cbc4\" data-node=\"5ea005a88cbc4\">\n<div class=\"fl-col fl-node-5ea005a88cec8\" data-node=\"5ea005a88cec8\">\n<div class=\"fl-col-content fl-node-content\">\n<div class=\"fl-module fl-module-rich-text fl-node-5ea005a88c9b7\" data-node=\"5ea005a88c9b7\" data-animation-delay=\"0.0\">\n<div class=\"fl-module-content fl-node-content\">\n<div class=\"fl-rich-text\">\n<p><b>Descripci\u00f3n y caracter\u00edsticas<\/b><b><\/b><br \/>\n1.Maximum Power: 3,680W<br \/>\n2. Voltaje: 250V CA<br \/>\n3. frecuencia: 50Hz<br \/>\n4.Corrente: 16A<br \/>\n5.Water-proof:IP44<br \/>\n6.color:black<br \/>\n7. Cable de munici\u00f3n de la siguiente manera: H05RN-F 3G1.0,<br \/>\nH05RR-F 3G1.0\/1.5,<br \/>\nH07RN-F 3G1.0\/1.5\/2.5.<br \/>\n8. La longitud del cable puede de acuerdo con el requisito del cliente. Por ejemplo: 10m, 25m, 50m ...<br \/>\n9.Se Seg\u00fan la requerencia del cliente para empacar.<br \/>\n10. Capacidad de suministro: 9000000 metros\/metros por mes Cable de extensi\u00f3n europea<\/p>\n<\/div>\n<\/div>\n<\/div>\n<\/div>\n<\/div>\n<\/div>\n<div class=\"fl-col-group fl-node-5ea0068282c8d\" data-node=\"5ea0068282c8d\">\n<div class=\"fl-col fl-node-5ea0068282f9a\" data-node=\"5ea0068282f9a\">\n<div class=\"fl-col-content fl-node-content\">\n<div class=\"fl-module fl-module-rich-text fl-node-5ea0068282aaa\" data-node=\"5ea0068282aaa\" data-animation-delay=\"0.0\">\n<div class=\"fl-module-content fl-node-content\">\n<div class=\"fl-rich-text\">\n<p><strong>Especificaci\u00f3n<\/strong><br \/>\nPaquete: Bolsa de educaci\u00f3n f\u00edsica con tarjeta<br \/>\nCertificaciones: NF, CE, ROHS, Reach, HAPS<br \/>\n<a class=\"fancybox\" href=\"https:\/\/www.soyanggroup.com\/uploads\/38a0b9233.png\" target=\"_blank\" rel=\"noopener\"><img decoding=\"async\" src=\"https:\/\/www.soyanggroup.com\/uploads\/38a0b9233.png\" alt=\"1\" \/><\/a><\/p>\n<\/div>\n<\/div>\n<\/div>\n<\/div>\n<\/div>\n<\/div>\n<div class=\"fl-col-group fl-node-5ea006eed09a3\" data-node=\"5ea006eed09a3\">\n<div class=\"fl-col fl-node-5ea006eed0e51\" data-node=\"5ea006eed0e51\">\n<div class=\"fl-col-content fl-node-content\">\n<div class=\"fl-module fl-module-rich-text fl-node-5ea0071df16fd\" data-node=\"5ea0071df16fd\" data-animation-delay=\"0.0\">\n<div class=\"fl-module-content fl-node-content\">\n<div class=\"fl-rich-text\">\n<p><strong>(3) Cable de extensi\u00f3n IP44<\/strong><br \/>\nN\u00famero de modelo: SY-24\/SY-CZ-24<br \/>\nBrandname: Shuangyang<br \/>\nUso: conexi\u00f3n de la fuente de alimentaci\u00f3n a electrodom\u00e9sticos<br \/>\nVersi\u00f3n de Danmark<\/p>\n<\/div>\n<\/div>\n<\/div>\n<\/div>\n<\/div>\n<div class=\"fl-col fl-node-5ea006eed0eba fl-col-small\" data-node=\"5ea006eed0eba\">\n<div class=\"fl-col-content fl-node-content\">\n<div class=\"fl-module fl-module-rich-text fl-node-5ea0076943955\" data-node=\"5ea0076943955\" data-animation-delay=\"0.0\">\n<div class=\"fl-module-content fl-node-content\">\n<div class=\"fl-rich-text\">\n<p><a class=\"fancybox\" href=\"https:\/\/www.soyanggroup.com\/uploads\/1df81614.png\" target=\"_blank\" rel=\"noopener\"><img decoding=\"async\" src=\"https:\/\/www.soyanggroup.com\/uploads\/1df81614.png\" alt=\"Cord de extensi\u00f3n de goma2634\" \/><\/a><\/p>\n<\/div>\n<\/div>\n<\/div>\n<\/div>\n<\/div>\n<\/div>\n<div class=\"fl-col-group fl-node-5ea00773115c7\" data-node=\"5ea00773115c7\">\n<div class=\"fl-col fl-node-5ea007731192d\" data-node=\"5ea007731192d\">\n<div class=\"fl-col-content fl-node-content\">\n<div class=\"fl-module fl-module-rich-text fl-node-5ea00773113b5\" data-node=\"5ea00773113b5\" data-animation-delay=\"0.0\">\n<div class=\"fl-module-content fl-node-content\">\n<div class=\"fl-rich-text\">\n<p><b>Descripci\u00f3n y caracter\u00edsticas<\/b><b><\/b><br \/>\n1.Maximum Power: 3,680W<br \/>\n2. Voltaje: 250V CA<br \/>\n3. frecuencia: 50Hz<br \/>\n4.Corrente: 16A<br \/>\n5.Water-proof:IP44<br \/>\n6.color:black<br \/>\n7. Cable de munici\u00f3n de la siguiente manera: H05VV-F 3G1.0\/1.5,<br \/>\nH05RN-F3G1.0,<br \/>\nH05RR-F3G1.0\/1.5,<br \/>\nH05RN-F3G1.0\/1.5<br \/>\n8. La longitud del cable puede de acuerdo con el requisito del cliente. Por ejemplo: 10m, 25m, 50m ...<br \/>\n9.Se Seg\u00fan la requerencia del cliente para empacar.<br \/>\n10. Capacidad de suministro: 9000000 metros\/metros por mes Cable de extensi\u00f3n europea<\/p>\n<\/div>\n<\/div>\n<\/div>\n<\/div>\n<\/div>\n<\/div>\n<div class=\"fl-col-group fl-node-5ea007cdd7117\" data-node=\"5ea007cdd7117\">\n<div class=\"fl-col fl-node-5ea007cdd74f5\" data-node=\"5ea007cdd74f5\">\n<div class=\"fl-col-content fl-node-content\">\n<div class=\"fl-module fl-module-rich-text fl-node-5ea007cdd6eae\" data-node=\"5ea007cdd6eae\" data-animation-delay=\"0.0\">\n<div class=\"fl-module-content fl-node-content\">\n<div class=\"fl-rich-text\">\n<p><strong>Especificaci\u00f3n<\/strong><br \/>\nPaquete: Bolsa de educaci\u00f3n f\u00edsica con tarjeta<br \/>\nCertificaciones: D, CE, ROHS, Reach, HAPS<br \/>\n<a class=\"fancybox\" href=\"https:\/\/www.soyanggroup.com\/uploads\/8e6e3e60.png\" target=\"_blank\" rel=\"noopener\"><img decoding=\"async\" class=\"alignnone size-full wp-image-1811\" src=\"https:\/\/www.soyanggroup.com\/uploads\/8e6e3e60.png\" alt=\"4fdhgf\" \/><\/a><img decoding=\"async\" class=\"alignnone size-full wp-image-1692\" src=\"https:\/\/www.soyanggroup.com\/uploads\/a19d8a12.png\" alt=\"111\" \/><\/p>\n<\/div>\n<\/div>\n<\/div>\n<\/div>\n<\/div>\n<\/div>\n<div class=\"fl-col-group fl-node-5ea0082a9afcd\" data-node=\"5ea0082a9afcd\">\n<div class=\"fl-col fl-node-5ea0082a9b43a fl-col-small\" data-node=\"5ea0082a9b43a\">\n<div class=\"fl-col-content fl-node-content\">\n<div class=\"fl-module fl-module-rich-text fl-node-5ea00837126b2\" data-node=\"5ea00837126b2\" data-animation-delay=\"0.0\">\n<div class=\"fl-module-content fl-node-content\">\n<div class=\"fl-rich-text\">\n<p><b>(4) Dos formas\u00a0<\/b><b>IP<\/b><b>44<\/b><b>\u00a0Cable de extensi\u00f3n<\/b><br \/>\nN\u00famero de modelo: SY-11\/SY-CZ-42<br \/>\nBrandname: Shuangyang<br \/>\nUso: conexi\u00f3n de la fuente de alimentaci\u00f3n a electrodom\u00e9sticos<br \/>\nVersi\u00f3n de dos maneras de Alemania<\/p>\n<\/div>\n<\/div>\n<\/div>\n<\/div>\n<\/div>\n<div class=\"fl-col fl-node-5ea0082a9b49b fl-col-small\" data-node=\"5ea0082a9b49b\">\n<div class=\"fl-col-content fl-node-content\">\n<div class=\"fl-module fl-module-rich-text fl-node-5ea0086e739f3\" data-node=\"5ea0086e739f3\" data-animation-delay=\"0.0\">\n<div class=\"fl-module-content fl-node-content\">\n<div class=\"fl-rich-text\">\n<p><a class=\"fancybox\" href=\"https:\/\/www.soyanggroup.com\/uploads\/902dc7d2.png\" target=\"_blank\" rel=\"noopener\"><img decoding=\"async\" src=\"https:\/\/www.soyanggroup.com\/uploads\/902dc7d2.png\" alt=\"Cable de extensi\u00f3n de goma3686\" \/><\/a><\/p>\n<\/div>\n<\/div>\n<\/div>\n<\/div>\n<\/div>\n<\/div>\n<div class=\"fl-col-group fl-node-5ea008813b52e\" data-node=\"5ea008813b52e\">\n<div class=\"fl-col fl-node-5ea008813b8ba\" data-node=\"5ea008813b8ba\">\n<div class=\"fl-col-content fl-node-content\">\n<div class=\"fl-module fl-module-rich-text fl-node-5ea008813b304\" data-node=\"5ea008813b304\" data-animation-delay=\"0.0\">\n<div class=\"fl-module-content fl-node-content\">\n<div class=\"fl-rich-text\">\n<p><b>Descripci\u00f3n y caracter\u00edsticas<\/b><b><\/b><br \/>\n1.Maximum Power: 3,680W<br \/>\n2. Voltaje: 250V CA<br \/>\n3. frecuencia: 50Hz<br \/>\n4.Corrente: 16A<br \/>\n5.Water-proof:IP44<br \/>\n6.color:black<br \/>\n7. Cable de munici\u00f3n de la siguiente manera: H05RR-F 3G1.5\/2.5,<br \/>\nH07RN-F3G1.5\/2.5,<br \/>\n8. La longitud del cable puede de acuerdo con el requisito del cliente. Por ejemplo: 10m, 25m, 50m ...<br \/>\n9.Se Seg\u00fan la requerencia del cliente para empacar.<br \/>\n10. Capacidad de suministro: 9000000 metros\/metros por mes Cable de extensi\u00f3n europea<\/p>\n<\/div>\n<\/div>\n<\/div>\n<\/div>\n<\/div>\n<\/div>\n<div class=\"fl-col-group fl-node-5ea008c4c604b\" data-node=\"5ea008c4c604b\">\n<div class=\"fl-col fl-node-5ea008c4c646a\" data-node=\"5ea008c4c646a\">\n<div class=\"fl-col-content fl-node-content\">\n<div class=\"fl-module fl-module-rich-text fl-node-5ea008c4c5e05\" data-node=\"5ea008c4c5e05\" data-animation-delay=\"0.0\">\n<div class=\"fl-module-content fl-node-content\">\n<div class=\"fl-rich-text\">\n<p><strong>Especificaci\u00f3n<\/strong><br \/>\nPaquete: Bolsa de educaci\u00f3n f\u00edsica con tarjeta<br \/>\nCertificaciones: S, GS, CE, ROHS, Reach, Pahs<br \/>\n<a class=\"fancybox\" href=\"https:\/\/www.soyanggroup.com\/uploads\/8d9d4c2f3.png\" target=\"_blank\" rel=\"noopener\"><img decoding=\"async\" src=\"https:\/\/www.soyanggroup.com\/uploads\/8d9d4c2f3.png\" alt=\"2\" \/><\/a><\/p>\n<\/div>\n<\/div>\n<\/div>\n<\/div>\n<\/div>\n<\/div>\n<div class=\"fl-col-group fl-node-5ea009dae76a7\" data-node=\"5ea009dae76a7\">\n<div class=\"fl-col fl-node-5ea009dae7bf4\" data-node=\"5ea009dae7bf4\">\n<div class=\"fl-col-content fl-node-content\">\n<div class=\"fl-module fl-module-rich-text fl-node-5ea00a1e8319d\" data-node=\"5ea00a1e8319d\" data-animation-delay=\"0.0\">\n<div class=\"fl-module-content fl-node-content\">\n<div class=\"fl-rich-text\">\n<h3><b>Flujo de producci\u00f3n<\/b><b>:<\/b><\/h3>\n<\/div>\n<\/div>\n<\/div>\n<\/div>\n<\/div>\n<\/div>\n<div class=\"fl-col-group fl-node-5ea00a007b71c\" data-node=\"5ea00a007b71c\">\n<div class=\"fl-col fl-node-5ea00a007bc1f fl-col-small\" data-node=\"5ea00a007bc1f\">\n<div class=\"fl-col-content fl-node-content\">\n<div class=\"fl-module fl-module-rich-text fl-node-5ea00a490312f\" data-node=\"5ea00a490312f\" data-animation-delay=\"0.0\">\n<div class=\"fl-module-content fl-node-content\">\n<div class=\"fl-rich-text\">\n<div data-node=\"5e9fbed61f05c\" data-animation-delay=\"0.0\">\n<div>\n<div>\n<p>Winching (cables, carretes de cable)<\/p>\n<\/div>\n<\/div>\n<\/div>\n<div data-node=\"5e9fccd7af26e\" data-animation-delay=\"0.0\">\n<div>\n<div>\n<div><img decoding=\"async\" src=\"https:\/\/www.soyanggroup.com\/uploads\/60f9d174.png\" alt=\"ghgsssdf1\" \/><\/div>\n<\/div>\n<\/div>\n<\/div>\n<\/div>\n<\/div>\n<\/div>\n<\/div>\n<\/div>\n<div class=\"fl-col fl-node-5ea00a007bc79 fl-col-small\" data-node=\"5ea00a007bc79\">\n<div class=\"fl-col-content fl-node-content\">\n<div class=\"fl-module fl-module-rich-text fl-node-5ea00a58c4153\" data-node=\"5ea00a58c4153\" data-animation-delay=\"0.0\">\n<div class=\"fl-module-content fl-node-content\">\n<div class=\"fl-rich-text\">\n<div data-node=\"5e9fbf1740fb0\" data-animation-delay=\"0.0\">\n<div>\n<div>\n<p>Extruido<\/p>\n<\/div>\n<\/div>\n<\/div>\n<div data-node=\"5e9fcd0852b28\" data-animation-delay=\"0.0\">\n<div>\n<div>\n<div><img decoding=\"async\" src=\"https:\/\/www.soyanggroup.com\/uploads\/24ee4d75.png\" alt=\"dfgshghg\" \/><\/div>\n<\/div>\n<\/div>\n<\/div>\n<\/div>\n<\/div>\n<\/div>\n<\/div>\n<\/div>\n<div class=\"fl-col fl-node-5ea00a007bccd fl-col-small\" data-node=\"5ea00a007bccd\">\n<div class=\"fl-col-content fl-node-content\">\n<div class=\"fl-module fl-module-rich-text fl-node-5ea00a6e1347e\" data-node=\"5ea00a6e1347e\" data-animation-delay=\"0.0\">\n<div class=\"fl-module-content fl-node-content\">\n<div class=\"fl-rich-text\">\n<div data-node=\"5e9fbf3f1e188\" data-animation-delay=\"0.0\">\n<div>\n<div>\n<p>Colgante<\/p>\n<\/div>\n<\/div>\n<\/div>\n<div data-node=\"5e9fcd2e1e520\" data-animation-delay=\"0.0\">\n<div>\n<div>\n<div><img decoding=\"async\" src=\"https:\/\/www.soyanggroup.com\/uploads\/206e152b.png\" alt=\"adfdgagfddfgfh\" \/><\/div>\n<\/div>\n<\/div>\n<\/div>\n<\/div>\n<\/div>\n<\/div>\n<\/div>\n<\/div>\n<\/div>\n<div class=\"fl-col-group fl-node-5ea00a0604759\" data-node=\"5ea00a0604759\">\n<div class=\"fl-col fl-node-5ea00a0604c3a fl-col-small\" data-node=\"5ea00a0604c3a\">\n<div class=\"fl-col-content fl-node-content\">\n<div class=\"fl-module fl-module-rich-text fl-node-5ea00a8565aee\" data-node=\"5ea00a8565aee\" data-animation-delay=\"0.0\">\n<div class=\"fl-module-content fl-node-content\">\n<div class=\"fl-rich-text\">\n<div data-node=\"5e9fbf5d1cea7\" data-animation-delay=\"0.0\">\n<div>\n<div>\n<p>Fascinante<\/p>\n<\/div>\n<\/div>\n<\/div>\n<div data-node=\"5e9fcd50178d1\" data-animation-delay=\"0.0\">\n<div>\n<div>\n<div><img decoding=\"async\" src=\"https:\/\/www.soyanggroup.com\/uploads\/b1c754db.png\" alt=\"dsgfhgfh\" \/><\/div>\n<\/div>\n<\/div>\n<\/div>\n<\/div>\n<\/div>\n<\/div>\n<\/div>\n<\/div>\n<div class=\"fl-col fl-node-5ea00a0604c95 fl-col-small\" data-node=\"5ea00a0604c95\">\n<div class=\"fl-col-content fl-node-content\">\n<div class=\"fl-module fl-module-rich-text fl-node-5ea00aa31c2d5\" data-node=\"5ea00aa31c2d5\" data-animation-delay=\"0.0\">\n<div class=\"fl-module-content fl-node-content\">\n<div class=\"fl-rich-text\">\n<div data-node=\"5e9fbf5549745\" data-animation-delay=\"0.0\">\n<div>\n<div>\n<p>Inyecci\u00f3n de tap\u00f3n<\/p>\n<\/div>\n<\/div>\n<\/div>\n<div data-node=\"5e9fcd69139bc\" data-animation-delay=\"0.0\">\n<div>\n<div>\n<div><img decoding=\"async\" src=\"https:\/\/www.soyanggroup.com\/uploads\/69323a26.png\" alt=\"afdfsdfds\" \/><\/div>\n<\/div>\n<\/div>\n<\/div>\n<\/div>\n<\/div>\n<\/div>\n<\/div>\n<\/div>\n<div class=\"fl-col fl-node-5ea00a0604ce9 fl-col-small\" data-node=\"5ea00a0604ce9\">\n<div class=\"fl-col-content fl-node-content\">\n<div class=\"fl-module fl-module-rich-text fl-node-5ea00ab852770\" data-node=\"5ea00ab852770\" data-animation-delay=\"0.0\">\n<div class=\"fl-module-content fl-node-content\">\n<div class=\"fl-rich-text\">\n<div data-node=\"5e9fbf5a19e43\" data-animation-delay=\"0.0\">\n<div>\n<div>\n<p>Ensamblaje<\/p>\n<\/div>\n<\/div>\n<\/div>\n<div data-node=\"5e9fcd7a14001\" data-animation-delay=\"0.0\">\n<div>\n<div>\n<div><img decoding=\"async\" src=\"https:\/\/www.soyanggroup.com\/uploads\/f0374276.png\" alt=\"dgdfgdfh\" \/><\/div>\n<\/div>\n<\/div>\n<\/div>\n<\/div>\n<\/div>\n<\/div>\n<\/div>\n<\/div>\n<\/div>\n<div class=\"fl-col-group fl-node-5ea00a0e06883\" data-node=\"5ea00a0e06883\">\n<div class=\"fl-col fl-node-5ea00a0e06d8e fl-col-small\" data-node=\"5ea00a0e06d8e\">\n<div class=\"fl-col-content fl-node-content\">\n<div class=\"fl-module fl-module-rich-text fl-node-5ea00ad605348\" data-node=\"5ea00ad605348\" data-animation-delay=\"0.0\">\n<div class=\"fl-module-content fl-node-content\">\n<div class=\"fl-rich-text\">\n<div data-node=\"5e9fbf5b91d70\" data-animation-delay=\"0.0\">\n<div>\n<div>\n<p>Pruebas<\/p>\n<\/div>\n<\/div>\n<\/div>\n<div data-node=\"5e9fcd9359f7b\" data-animation-delay=\"0.0\">\n<div>\n<div>\n<div><img decoding=\"async\" src=\"https:\/\/www.soyanggroup.com\/uploads\/fb597fa3.png\" alt=\"adfagfg\" \/><\/div>\n<\/div>\n<\/div>\n<\/div>\n<\/div>\n<\/div>\n<\/div>\n<\/div>\n<\/div>\n<div class=\"fl-col fl-node-5ea00a0e06de9 fl-col-small\" data-node=\"5ea00a0e06de9\">\n<div class=\"fl-col-content fl-node-content\">\n<div class=\"fl-module fl-module-rich-text fl-node-5ea00af7c9ddc\" data-node=\"5ea00af7c9ddc\" data-animation-delay=\"0.0\">\n<div class=\"fl-module-content fl-node-content\">\n<div class=\"fl-rich-text\">\n<div data-node=\"5e9fbf588c875\" data-animation-delay=\"0.0\">\n<div>\n<div>\n<p>Embalaje<\/p>\n<\/div>\n<\/div>\n<\/div>\n<div data-node=\"5e9fcda981a7a\" data-animation-delay=\"0.0\">\n<div>\n<div>\n<div><img decoding=\"async\" src=\"https:\/\/www.soyanggroup.com\/uploads\/b0d9a9c0.png\" alt=\"fdgdfgfdhgf\" \/><\/div>\n<\/div>\n<\/div>\n<\/div>\n<\/div>\n<\/div>\n<\/div>\n<\/div>\n<\/div>\n<div class=\"fl-col fl-node-5ea00a0e06e39 fl-col-small\" data-node=\"5ea00a0e06e39\">\n<div class=\"fl-col-content fl-node-content\">\n<div class=\"fl-module fl-module-rich-text fl-node-5ea00b178fb41\" data-node=\"5ea00b178fb41\" data-animation-delay=\"0.0\">\n<div class=\"fl-module-content fl-node-content\">\n<div class=\"fl-rich-text\">\n<div data-node=\"5e9fbf571ae6e\" data-animation-delay=\"0.0\">\n<div>\n<div>\n<p>Dep\u00f3sito<\/p>\n<\/div>\n<\/div>\n<\/div>\n<div data-node=\"5e9fcdba739ab\" data-animation-delay=\"0.0\">\n<div>\n<div>\n<div><img decoding=\"async\" src=\"https:\/\/www.soyanggroup.com\/uploads\/2497ad44.png\" alt=\"adfagdfsd\" \/><\/div>\n<\/div>\n<\/div>\n<\/div>\n<\/div>\n<\/div>\n<\/div>\n<\/div>\n<\/div>\n<\/div>\n<div class=\"fl-col-group fl-node-5ea0094753556\" data-node=\"5ea0094753556\">\n<div class=\"fl-col fl-node-5ea0094753901\" data-node=\"5ea0094753901\">\n<div class=\"fl-col-content fl-node-content\">\n<div class=\"fl-module fl-module-rich-text fl-node-5ea00947532de\" data-node=\"5ea00947532de\" data-animation-delay=\"0.0\">\n<div class=\"fl-module-content fl-node-content\">\n<div class=\"fl-rich-text\">\n<p><strong>Ventaja<\/strong><\/p>\n<p>\u25cf Piezas de marca<br \/>\n\u25cf Pa\u00eds natal<br \/>\n\u25cf Distribu\u00edas ofrecidas<br \/>\n\u25cf Personal experimentado<br \/>\n\u25cf Formar un<br \/>\n\u25cf Producto verde<br \/>\n\u25cf Garant\u00eda\/garant\u00eda<br \/>\n\u25cf Aprobaciones internacionales<br \/>\n\u25cf Embalaje<br \/>\n\u25cf Precio<br \/>\n\u25cf Caracter\u00edsticas del producto<br \/>\n\u25cf Rendimiento del producto<br \/>\n\u25cf Entrega r\u00e1pida<br \/>\n\u25cf Aprobaciones de calidad<br \/>\n\u25cf Reputaci\u00f3n<br \/>\n\u25cf Servicio<br \/>\n\u25cf Peque\u00f1os pedidos aceptados<br \/>\n\u25cf Servicio OEM y ODM proporcionado<br \/>\n\u25cf Alta calidad<\/p>\n<\/div>\n<\/div>\n<\/div>\n<\/div>\n<\/div>\n<\/div>\n<div class=\"fl-col-group fl-node-5ea009f1bf22b\" data-node=\"5ea009f1bf22b\">\n<div class=\"fl-col fl-node-5ea009f1bf76e\" data-node=\"5ea009f1bf76e\">\n<div class=\"fl-col-content fl-node-content\">\n<div class=\"fl-module fl-module-rich-text fl-node-5ea009dae7416\" data-node=\"5ea009dae7416\" data-animation-delay=\"0.0\">\n<div class=\"fl-module-content fl-node-content\">\n<div class=\"fl-rich-text\">\n<p><strong>Los productos similares<\/strong><\/p>\n<p><a class=\"fancybox\" href=\"https:\/\/www.soyanggroup.com\/uploads\/7e4b5ce23.png\" target=\"_blank\" rel=\"noopener\"><img decoding=\"async\" src=\"https:\/\/www.soyanggroup.com\/uploads\/7e4b5ce23.png\" alt=\"3\" \/><\/a><\/p>\n<\/div>\n<\/div>\n<\/div>\n<\/div>\n<\/div>\n<\/div>\n<div class=\"fl-col-group fl-node-5ea0097513ca8\" data-node=\"5ea0097513ca8\">\n<div class=\"fl-col fl-node-5ea0097514218\" data-node=\"5ea0097514218\">\n<div class=\"fl-col-content fl-node-content\">\n<div class=\"fl-module fl-module-rich-text fl-node-5ea009751399a\" data-node=\"5ea009751399a\" data-animation-delay=\"0.0\">\n<div class=\"fl-module-content fl-node-content\">\n<div class=\"fl-rich-text\">\n<p><strong>Embalaje y pago y env\u00edo<\/strong><br \/>\n<strong>Detalles del empaque: caja de color<\/strong><br \/>\n<strong>M\u00e9todo de pago: Advance tt, t\/t, l\/c<\/strong><br \/>\n<strong>Entrega: 30-45 d\u00edas despu\u00e9s de recibir el dep\u00f3sito<\/strong><br \/>\n<strong>Puerto: Ningbo o Shanghai<\/strong><\/p>\n<p><strong>Perfil de la empresa:<\/strong><br \/>\n1. Tipo de negocio: fabricante, empresa comercial<br \/>\n2. Productos principales: enchufes de temporizador, cable, carretes de cables, iluminaci\u00f3n<br \/>\n3. Empleados totales: 501 - 1000 personas<br \/>\n4.i -s\u00ed establecido: 1994<br \/>\n5. Certificaci\u00f3n del sistema de gesti\u00f3n: ISO9001, ISO14001, OHSAS18001<br \/>\n6. Pa\u00eds \/ Regi\u00f3n: Zhejiang, China<br \/>\n7. propietaria: propietario privado<br \/>\n8. Mercados principales:<\/p>\n<p>Europa del Este 39.00%<br \/>\nNorte de Europa 30.00%<br \/>\nEuropa occidental 16.00%<br \/>\nMercado interno: 7%<br \/>\nMedio Oriente: 5%<br \/>\nAm\u00e9rica del Sur: 3%<\/p>\n<p><strong>Preguntas frecuentes:<\/strong><br \/>\n1. \u00bfPuede sus productos imprimir logotipo de los invitados?<br \/>\nS\u00ed, los invitados proporcionan el logotipo, podemos imprimir en el producto.<br \/>\n2. \u00bfQu\u00e9 auditor\u00eda de responsabilidad social pas\u00f3?<br \/>\nS\u00ed, tenemos BSCI, Sedex.<br \/>\n3. \u00bfCu\u00e1les son sus precios?<br \/>\nNuestros precios est\u00e1n sujetos a cambios dependiendo de la oferta y otros factores del mercado. Le enviaremos y actualizaremos la lista de precios despu\u00e9s de que su conmany se contacte para obtener m\u00e1s informaci\u00f3n.<\/p>\n<\/div>\n<\/div>\n<\/div>\n<\/div>\n<\/div>\n<\/div>","protected":false},"excerpt":{"rendered":"<p>Cable de extensi\u00f3n de goma<\/p>\n<p>IP44<\/p>\n<p>La longitud del cable puede, seg\u00fan el requisito del cliente.<\/p>\n<p>Por ejemplo: 10m, 25m, 50m ...<\/p>","protected":false},"featured_media":284,"template":"","meta":[],"product_cat":[25],"product_tag":[],"class_list":{"0":"post-283","1":"product","2":"type-product","3":"status-publish","4":"has-post-thumbnail","6":"product_cat-extension-cord","8":"first","9":"instock","10":"shipping-taxable","11":"product-type-simple"},"_links":{"self":[{"href":"https:\/\/www.soyang-group.com\/es\/wp-json\/wp\/v2\/product\/283","targetHints":{"allow":["GET"]}}],"collection":[{"href":"https:\/\/www.soyang-group.com\/es\/wp-json\/wp\/v2\/product"}],"about":[{"href":"https:\/\/www.soyang-group.com\/es\/wp-json\/wp\/v2\/types\/product"}],"version-history":[{"count":0,"href":"https:\/\/www.soyang-group.com\/es\/wp-json\/wp\/v2\/product\/283\/revisions"}],"wp:featuredmedia":[{"embeddable":true,"href":"https:\/\/www.soyang-group.com\/es\/wp-json\/wp\/v2\/media\/284"}],"wp:attachment":[{"href":"https:\/\/www.soyang-group.com\/es\/wp-json\/wp\/v2\/media?parent=283"}],"wp:term":[{"taxonomy":"product_cat","embeddable":true,"href":"https:\/\/www.soyang-group.com\/es\/wp-json\/wp\/v2\/product_cat?post=283"},{"taxonomy":"product_tag","embeddable":true,"href":"https:\/\/www.soyang-group.com\/es\/wp-json\/wp\/v2\/product_tag?post=283"}],"curies":[{"name":"wp","href":"https:\/\/api.w.org\/{rel}","templated":true}]}}