{"id":285,"date":"2024-12-12T13:29:04","date_gmt":"2024-12-12T05:29:04","guid":{"rendered":"https:\/\/shuangy.gg12.globaldeepsea.site\/?post_type=product&#038;p=285"},"modified":"2024-12-12T13:29:04","modified_gmt":"2024-12-12T05:29:04","slug":"steel-plate-indoor-50m-cable-reel","status":"publish","type":"product","link":"https:\/\/www.soyang-group.com\/es\/producto\/steel-plate-indoor-50m-cable-reel\/","title":{"rendered":"Placa de acero interior de 50 m de carrete de cable"},"content":{"rendered":"<p><strong>(1) Informaci\u00f3n b\u00e1sica<\/strong><br \/>\nModelo No.: Steel 50m Cable de carrete de cable<br \/>\nNombre de marca: Shuangyang<br \/>\nMaterial de concha: PVC y cobre<br \/>\nUso: conexi\u00f3n de la fuente de alimentaci\u00f3n a electrodom\u00e9sticos<br \/>\nWarrantant: 1 a\u00f1o<\/p>\n<p><strong>(2) Detalle del producto:<\/strong><br \/>\nN\u00famero de modelo: XP17-D1<br \/>\nGermany version<\/p>\n<p><strong>Descripci\u00f3n y caracter\u00edsticas<\/strong><br \/>\n1. Voltaje: 230V CA<br \/>\n2. Frequencia: 50Hz<br \/>\n3. Potencia con clasificaci\u00f3n m\u00e1xima: 1000W (enrollado completo), 2300W (sin reelacionar)<br \/>\nCable de coincidencia: H05VV-F 3G1.0 mm2 (m\u00e1ximo de 40 metros)<\/p>\n<p>Potencia con calificaci\u00f3n m\u00e1xima: 1000W (enrollado completo), 3000W (sin reelacionar)<br \/>\nCable de coincidencia: H05VV-F 3G1.5 mm2 (m\u00e1ximo de 50 metros)<\/p>\n<p><a class=\"fancybox\" href=\"https:\/\/www.soyanggroup.com\/uploads\/H05VV-F%E5%89%AF%E6%9C%AC.jpg\" target=\"_blank\" rel=\"noopener\"><img fetchpriority=\"high\" decoding=\"async\" class=\"alignnone  wp-image-4757\" src=\"https:\/\/www.soyanggroup.com\/uploads\/H05VV-F%E5%89%AF%E6%9C%AC.jpg\" alt=\"Copia H05VV-F\" width=\"443\" height=\"170\" \/><\/a><\/p>\n<p>4.color:black<br \/>\n5.OUNTER DIA. (MM): \u03c6280<br \/>\n6. Seguridad del calor<br \/>\n7. La longitud del cable puede seg\u00fan el requisito del cliente. Por ejemplo: 10m, 25m, 50m ...<br \/>\n8. puede que el cliente requiere empacar.<br \/>\n9. Capacidad de suministro: 50000 piezas\/piezas por mes de carrete de cable<br \/>\n10. Capacidad disponible para otro dise\u00f1o: versi\u00f3n de Francia, versi\u00f3n de Dinamarca, versi\u00f3n de Inglaterra<\/p>\n<p><img decoding=\"async\" src=\"https:\/\/www.soyanggroup.com\/uploads\/614af031.png\" alt=\"\" \/><img decoding=\"async\" src=\"https:\/\/www.soyanggroup.com\/uploads\/3197aa1d.png\" alt=\"\" \/><img decoding=\"async\" src=\"https:\/\/www.soyanggroup.com\/uploads\/2d8fa21d.png\" alt=\"\" \/><\/p>\n<p>&nbsp;<\/p>\n<p><strong>Especificaci\u00f3n<\/strong><br \/>\nPaquete: 1 PPC\/caja de color<br \/>\nTama\u00f1o de cart\u00f3n: 29*21*37 cm<br \/>\nCertificaciones: S, GS, CE, ROHS, Reach, Pahs<\/p>\n<p><a class=\"fancybox\" href=\"https:\/\/www.soyanggroup.com\/uploads\/2.png\" target=\"_blank\" rel=\"noopener\"><img decoding=\"async\" class=\"alignnone size-full wp-image-4430\" src=\"https:\/\/www.soyanggroup.com\/uploads\/2.png\" alt=\"2\" \/><\/a><\/p>\n<p>&nbsp;<\/p>\n<p><strong>Ventaja<\/strong><br \/>\n1. Partes de nombre de marca<br \/>\n2.Cuuntry of Origin<br \/>\n3. Distributor\u00edas ofrecidas<br \/>\n4. Personal experimentado<br \/>\n5. Forma A<br \/>\n6. Producto de Green<br \/>\n7.Guarantee\/Warranty<br \/>\n8. Aprobaciones internacionales<\/p>\n<p>&nbsp;<\/p>\n<p><strong>Infomaci\u00f3n de Comany<\/strong><\/p>\n<p><img decoding=\"async\" src=\"https:\/\/sc01.alicdn.com\/kf\/HTB1XAGrIFXXXXX8XVXXq6xXFXXXD\/1942321\/HTB1XAGrIFXXXXX8XVXXq6xXFXXXD.jpg_.webp\" alt=\"\" \/><\/p>\n<p><strong>Mercado popular<\/strong><\/p>\n<p><img decoding=\"async\" src=\"https:\/\/sc01.alicdn.com\/kf\/HTB1.scCIFXXXXXVXpXXq6xXFXXX6\/1942321\/HTB1.scCIFXXXXXVXpXXq6xXFXXX6.jpg_.webp\" alt=\"\" \/><\/p>\n<p>&nbsp;<\/p>\n<p><strong>Preguntas frecuentes<\/strong><\/p>\n<p>Q1. Can you accept sample order?<\/p>\n<p>A : Yes, sure, we accept sample order.<\/p>\n<p>&nbsp;<\/p>\n<p>Q2. \u00bfQu\u00e9 tal el tiempo de garant\u00eda y los productos de garant\u00eda?<\/p>\n<p>A : Most of products is 2 years, cut off wires and take some pictures.<\/p>\n<p>&nbsp;<\/p>\n<p>Q3. \u00bfC\u00f3mo establecer una relaci\u00f3n comercial de mucho tiempo entre nosotros?<\/p>\n<p>r: ofrecemos una alta calidad de productos y un precio muy competitivo para asegurar las ganancias de nuestros clientes.<\/p>\n<p>&nbsp;<\/p>\n<p>Q4. \u00bfPrueba todos los productos antes de la entrega?<\/p>\n<p>A : Yes, we test 100% of products before delivery, keep 100% products work normally.<\/p>\n<p>&nbsp;<\/p>\n<p>P5. \u00bfQu\u00e9 auditor\u00eda de responsabilidad social pas\u00f3?<\/p>\n<p>A:Yes,we have BSCI,SEDEX.<\/p>","protected":false},"excerpt":{"rendered":"<p>Carrete de cable de 50 m de acero<br \/>\nLa longitud del cable puede, seg\u00fan el requisito del cliente.<br \/>\nPor ejemplo: 10m, 25m, 50m ...<\/p>","protected":false},"featured_media":286,"template":"","meta":[],"product_cat":[26],"product_tag":[],"class_list":{"0":"post-285","1":"product","2":"type-product","3":"status-publish","4":"has-post-thumbnail","6":"product_cat-cable-reel","8":"first","9":"instock","10":"shipping-taxable","11":"product-type-simple"},"_links":{"self":[{"href":"https:\/\/www.soyang-group.com\/es\/wp-json\/wp\/v2\/product\/285","targetHints":{"allow":["GET"]}}],"collection":[{"href":"https:\/\/www.soyang-group.com\/es\/wp-json\/wp\/v2\/product"}],"about":[{"href":"https:\/\/www.soyang-group.com\/es\/wp-json\/wp\/v2\/types\/product"}],"version-history":[{"count":0,"href":"https:\/\/www.soyang-group.com\/es\/wp-json\/wp\/v2\/product\/285\/revisions"}],"wp:featuredmedia":[{"embeddable":true,"href":"https:\/\/www.soyang-group.com\/es\/wp-json\/wp\/v2\/media\/286"}],"wp:attachment":[{"href":"https:\/\/www.soyang-group.com\/es\/wp-json\/wp\/v2\/media?parent=285"}],"wp:term":[{"taxonomy":"product_cat","embeddable":true,"href":"https:\/\/www.soyang-group.com\/es\/wp-json\/wp\/v2\/product_cat?post=285"},{"taxonomy":"product_tag","embeddable":true,"href":"https:\/\/www.soyang-group.com\/es\/wp-json\/wp\/v2\/product_tag?post=285"}],"curies":[{"name":"wp","href":"https:\/\/api.w.org\/{rel}","templated":true}]}}