{"id":287,"date":"2024-12-12T13:31:12","date_gmt":"2024-12-12T05:31:12","guid":{"rendered":"https:\/\/shuangy.gg12.globaldeepsea.site\/?post_type=product&#038;p=287"},"modified":"2024-12-12T13:31:12","modified_gmt":"2024-12-12T05:31:12","slug":"industrial-equipment-ip44-european-cable-reel","status":"publish","type":"product","link":"https:\/\/www.soyang-group.com\/es\/producto\/industrial-equipment-ip44-european-cable-reel\/","title":{"rendered":"Equipo industrial IP44 Europa Cable Reel"},"content":{"rendered":"<p><strong>Informaci\u00f3n b\u00e1sica<\/strong><br \/>\nModelo no.: Carrete de cable de la industria<br \/>\nNombre de marca: Shuangyang<br \/>\nMaterial de la c\u00e1scara: caucho y cobre<br \/>\nUso: conexi\u00f3n de la fuente de alimentaci\u00f3n a la electricidad<br \/>\naccesorios<br \/>\nWarrantant: 1 a\u00f1o<br \/>\nCertificado: CE, GS, S, ROHS, Reach, HAPS<\/p>\n<p>&nbsp;<\/p>\n<p><strong>Industria\u00a0<a title=\"Ver todas las publicaciones en el carrete de cable\" href=\"https:\/\/www.soyanggroup.com\/cable-reel\/\" target=\"_blank\" rel=\"noopener\">Carrete de cable<\/a><\/strong><br \/>\nN\u00famero de modelo: XP03-SY6H<br \/>\nNombre de marca: Shuangyang<br \/>\nUso: conexi\u00f3n de la fuente de alimentaci\u00f3n a electrodom\u00e9sticos<\/p>\n<p><strong>Descripci\u00f3n y caracter\u00edsticas<\/strong><br \/>\n1. Voltaje: 230V CA<br \/>\n2. Frequencia: 50Hz<br \/>\n3.Water-proof:IP44<br \/>\n4. Potencia con clasificaci\u00f3n m\u00e1xima: 720W (enrollado completo), 3680W (sin reelacionar)<br \/>\nCable de coincidencia: H05VV-F 3G1.5 mm2 (m\u00e1ximo de 50 metros)<br \/>\nH05RR-F 3G1.5\/ H07RN-F 3G1.5 mm2 (m\u00e1ximo 25 metros)<\/p>\n<p>5.color:black<br \/>\n6.outer Dia. (Mm): \u03c6280<br \/>\n7. Seguridad del calor<br \/>\n8. La longitud del cable puede de acuerdo con el requisito del cliente. Por ejemplo: 10m, 25m, 50m ...<br \/>\n9.Se Seg\u00fan la requerencia del cliente para empacar.<br \/>\n10. Capacidad de suministro: 50000 piezas\/piezas por mes de carrete de cable<\/p>\n<p>&nbsp;<\/p>\n<p><strong>Especificaci\u00f3n<\/strong><br \/>\nPaquete: 1 PPC\/caja de color<br \/>\n2 piezas\/cart\u00f3n externo<br \/>\nTama\u00f1o de cart\u00f3n: 46*31.5*40 cm<br \/>\nCertificaciones: CE, ROHS, Reach, Pahs<\/p>\n<p><img decoding=\"async\" src=\"https:\/\/www.soyanggroup.com\/uploads\/38a0b92314.jpg\" alt=\"\" \/><\/p>\n<p>&nbsp;<\/p>\n<p><strong>Ventaja<\/strong><br \/>\n1. Partes de nombre de marca<br \/>\n2.Cuuntry of Origin<br \/>\n3. Distributor\u00edas ofrecidas<br \/>\n4. Personal experimentado<br \/>\n5. Forma A<br \/>\n6. Producto de Green<br \/>\n7.Guarantee\/Warranty<br \/>\n8. Aprobaciones internacionales<br \/>\n9.Packaging<br \/>\n10.Price<br \/>\n11. Caracter\u00edsticas del producto<br \/>\n12. rendimiento del producto<br \/>\n13. Entrega de prompt<br \/>\n14. aprobaciones de calidad<br \/>\n15.Reputation<br \/>\n16.Service<br \/>\n17. \u00f3rdenes menores aceptadas<br \/>\n18. Servicio OEM y ODM proporcionado<br \/>\n19. Alta calidad<\/p>\n<p>&nbsp;<\/p>\n<p>&nbsp;<\/p>\n<p><strong>Company Information<\/strong><\/p>\n<p>Zhejiang Shuangyang Group Co.Ltd. was established in 1986, is a private owned enterprise, one of Star Enterprise of Ningbo City in 1998,\u00a0and approved by ISO9001\/14000\/18000. We located in Cixi, Ningbo city, which is only one hour to Ningbo harbor and airport, and two hours to Shanghai.<\/p>\n<p><img decoding=\"async\" src=\"https:\/\/sc01.alicdn.com\/kf\/He5ba632c74e44a68a587403dde671c5eH\/1942321\/He5ba632c74e44a68a587403dde671c5eH.png_.webp\" alt=\"\" \/><br \/>\nTill now, the registered capital is over 16 million U.S.Dollar. Our floor area is about 120.000 sqm, and construction area is about 85,000 sqm. In 2018, our total turn over is 80 million U.S.Dollar. We have ten R&amp;D persons and over 100 QCs to guarantee the quality, each year, we design and develop over ten new products acting as a lead manufacturer.<\/p>\n<p>Our main products are timers, sockets, flexible cables, power cords, plugs, extension sockets, cable reels, and lightings. We can supply many kinds of timers such as daily timers, mechanical and digital timers, count down timers, industry timers with all kinds of sockets. Our target markets are European market and American market. Our products approved by CE, GS, D, N, S, NF, ETL, VDE, RoHS, REACH, PAHS and so on.<\/p>\n<p>We have a good reputation among our customers. We always focus on the protection of environment and human being safety. Improving the quality of life is our final purpose.<\/p>\n<p>Los cables de alimentaci\u00f3n, los cables de extensi\u00f3n y los carretes de cable son nuestro principal negocio, somos el fabricante principal de los pedidos de promoci\u00f3n del mercado europeo cada a\u00f1o. Somos el mejor fabricante que coopera con el Servicio Global VDE en Alemania para proteger a las marcas registradas. Bienvenido a la casa de cooperar con todos los clientes para el beneficio mutuo y el futuro brillante.<\/p>\n<p>&nbsp;<\/p>\n<p><strong>L\u00edneas de productos<\/strong><\/p>\n<p><img decoding=\"async\" src=\"https:\/\/sc02.alicdn.com\/kf\/HTB17nDwaFqZBuNjt_jqq6ymzpXa2\/1942321\/HTB17nDwaFqZBuNjt_jqq6ymzpXa2.jpg_.webp\" alt=\"\" \/><\/p>\n<p><strong>Aprobaci\u00f3n<\/strong><\/p>\n<p><img decoding=\"async\" src=\"https:\/\/sc01.alicdn.com\/kf\/HTB1mMxLgOQnBKNjSZFmq6AApVXab\/1942321\/HTB1mMxLgOQnBKNjSZFmq6AApVXab.jpg_.webp\" alt=\"\" \/><\/p>\n<p><strong>Preguntas frecuentes<\/strong><\/p>\n<p>Q1. \u00bfC\u00f3mo contratarnos?<\/p>\n<p>A : You can send mail to us or call.<\/p>\n<p>&nbsp;<\/p>\n<p>Q2. \u00bfCu\u00e1les son sus t\u00e9rminos de pago?<\/p>\n<p>A: T\/T, L\/C.<\/p>","protected":false},"excerpt":{"rendered":"<p>IP44 REAL DE CABLE DE LA INDUSTRIA<br \/>\nLa longitud del cable puede, seg\u00fan el requisito del cliente.<br \/>\nPor ejemplo: 10m, 25m, 40m, 50m ...<br \/>\n1000 piezas\/piezas de carrete de cable europeo (pedido m\u00ednimo)<\/p>","protected":false},"featured_media":288,"template":"","meta":[],"product_cat":[26],"product_tag":[],"class_list":{"0":"post-287","1":"product","2":"type-product","3":"status-publish","4":"has-post-thumbnail","6":"product_cat-cable-reel","8":"first","9":"instock","10":"shipping-taxable","11":"product-type-simple"},"_links":{"self":[{"href":"https:\/\/www.soyang-group.com\/es\/wp-json\/wp\/v2\/product\/287","targetHints":{"allow":["GET"]}}],"collection":[{"href":"https:\/\/www.soyang-group.com\/es\/wp-json\/wp\/v2\/product"}],"about":[{"href":"https:\/\/www.soyang-group.com\/es\/wp-json\/wp\/v2\/types\/product"}],"version-history":[{"count":0,"href":"https:\/\/www.soyang-group.com\/es\/wp-json\/wp\/v2\/product\/287\/revisions"}],"wp:featuredmedia":[{"embeddable":true,"href":"https:\/\/www.soyang-group.com\/es\/wp-json\/wp\/v2\/media\/288"}],"wp:attachment":[{"href":"https:\/\/www.soyang-group.com\/es\/wp-json\/wp\/v2\/media?parent=287"}],"wp:term":[{"taxonomy":"product_cat","embeddable":true,"href":"https:\/\/www.soyang-group.com\/es\/wp-json\/wp\/v2\/product_cat?post=287"},{"taxonomy":"product_tag","embeddable":true,"href":"https:\/\/www.soyang-group.com\/es\/wp-json\/wp\/v2\/product_tag?post=287"}],"curies":[{"name":"wp","href":"https:\/\/api.w.org\/{rel}","templated":true}]}}