{"id":289,"date":"2024-12-12T13:32:55","date_gmt":"2024-12-12T05:32:55","guid":{"rendered":"https:\/\/shuangy.gg12.globaldeepsea.site\/?post_type=product&#038;p=289"},"modified":"2025-01-10T17:52:13","modified_gmt":"2025-01-10T09:52:13","slug":"ce-retractable-waterproof-ip44-power-cable-reel","status":"publish","type":"product","link":"https:\/\/www.soyang-group.com\/es\/producto\/ce-retractable-waterproof-ip44-power-cable-reel\/","title":{"rendered":"CE CE RETRATIBLE IP44 Cable de alimentaci\u00f3n de IP44"},"content":{"rendered":"<p><strong>Overview<\/strong><\/p>\n<p><strong>Quick Details<\/strong><br \/>\nLugar de origen: Zhejiang, China Nombre de marca: Shuangyang<br \/>\nN\u00famero de modelo: XP06-4D Tipo: carrete de cable, aislado<br \/>\nAplicaci\u00f3n: Equipo industrial IP: 44<br \/>\nCertificaci\u00f3n: CE GS ROHS Material de conductores: cobre<br \/>\nMaterial de aislamiento: Tipo de conductor de goma: Stranded<\/p>\n<p><strong>Supply Ability<\/strong><br \/>\nSupply Ability:100000 Piece\/Pieces per Month<\/p>\n<p><strong>Packaging &amp; Delivery<\/strong><br \/>\ndetalles del empaque: empaque de exportaci\u00f3n est\u00e1ndar o de acuerdo con la solicitud del cliente<br \/>\npuerto: ningbo, shanghai<br \/>\ntiempo de entrega: depende de la cantidad de pedido<\/p>\n<p>&nbsp;<\/p>\n<p><strong>Detail Product Description<\/strong><\/p>\n<p><strong>Carrete de cable de metal al aire libre<\/strong><br \/>\nN\u00famero de modelo: XP16-NN<br \/>\nNombre de marca: Shuangyang<br \/>\nUso: conexi\u00f3n de la fuente de alimentaci\u00f3n a electrodom\u00e9sticos<\/p>\n<p><strong>\u00a0Caracter\u00edsticas:<\/strong><br \/>\n1. Voltaje: 230V CA<br \/>\n2. Frequencia: 50Hz<br \/>\n3.Water-proof:IP44<br \/>\n4. Potencia con clasificaci\u00f3n m\u00e1xima: 1000W (enrollado completo), 2300W (sin reelacionar)<br \/>\nCable de coincidencia: H05RR-F 3G1.0\/H05RN-F 3G1.0 mm2 (m\u00e1ximo 40 metros)<br \/>\n5. Potencia con clasificaci\u00f3n m\u00e1xima: 1000W (enrollado completo), 3000W (sin reelacionar)<br \/>\nCable de coincidencia: H05RR-F 3G1.5\/H07RN-F 3G1.5 mm2 (m\u00e1ximo de 50 metros)<br \/>\n6. Potencia con calificaci\u00f3n m\u00e1xima: 1200W (enrollado completo), 3600W (sin reelincuencia)<br \/>\nCable de coincidencia: H05RR-F 3G2.5\/H07RN-F 3G2.5MM2 (m\u00e1ximo 40 metros)<\/p>\n<p><a class=\"fancybox\" href=\"https:\/\/www.soyanggroup.com\/uploads\/315.jpg\" target=\"_blank\" rel=\"noopener\"><img decoding=\"async\" class=\"alignnone size-full wp-image-4446\" src=\"https:\/\/www.soyanggroup.com\/uploads\/315.jpg\" alt=\"3\" \/><\/a><\/p>\n<p>7.color:black<br \/>\n8.OUTER DIA. (MM): \u03c6280<br \/>\n9. Seguridad del calor<br \/>\n10. La longitud del cable puede de acuerdo con el requisito del cliente. Por ejemplo: 10m, 25m, 50m ...<br \/>\n11. puede que el cliente requiere empacar.<br \/>\n12. Capacidad de suministro: 50000 piezas\/piezas por mes de carrete de cable<br \/>\n13. Capacidad disponible para otro dise\u00f1o: versi\u00f3n de Francia, versi\u00f3n de Dinamarca<\/p>\n<p><a class=\"fancybox\" href=\"https:\/\/www.soyanggroup.com\/uploads\/121.png\" target=\"_blank\" rel=\"noopener\"><img decoding=\"async\" class=\"alignnone size-full wp-image-4447\" src=\"https:\/\/www.soyanggroup.com\/uploads\/121.png\" alt=\"12\" \/><\/a><a class=\"fancybox\" href=\"https:\/\/www.soyanggroup.com\/uploads\/1.png\" target=\"_blank\" rel=\"noopener\"><img decoding=\"async\" class=\"alignnone size-full wp-image-4429\" src=\"https:\/\/www.soyanggroup.com\/uploads\/1.png\" alt=\"1\" \/><\/a><\/p>\n<p>&nbsp;<\/p>\n<p><strong>Especificaci\u00f3n<\/strong><br \/>\nPaquete: 1 PPC\/caja de color<br \/>\n2 piezas\/cart\u00f3n externo<br \/>\nTama\u00f1o de cart\u00f3n: 44*31.5*44cm<br \/>\nCertificaciones: S, NF, GS, CE, ROHS, Reach, Pahs<\/p>\n<p><a class=\"fancybox\" href=\"https:\/\/www.soyanggroup.com\/uploads\/13.png\" target=\"_blank\" rel=\"noopener\"><img decoding=\"async\" class=\"alignnone size-full wp-image-4437\" src=\"https:\/\/www.soyanggroup.com\/uploads\/13.png\" alt=\"13\" \/><\/a><\/p>\n<p>&nbsp;<\/p>\n<p><strong>Perfil de la empresa:<\/strong><br \/>\n1. Tipo de negocio: fabricante, empresa comercial<br \/>\n2. Productos principales: enchufes de temporizador, cable, carretes de cables, iluminaci\u00f3n<br \/>\n3. Empleados totales: 501 - 1000 personas<br \/>\n4.i -s\u00ed establecido: 1994<br \/>\n5. Certificaci\u00f3n del sistema de gesti\u00f3n: ISO9001, ISO14001, OHSAS18001<br \/>\n6. Pa\u00eds \/ Regi\u00f3n: Zhejiang, China<br \/>\n7. propietaria: propietario privado<br \/>\n8. Mercados principales: Europa del Este 39.00%<br \/>\nNorte de Europa 30.00%<br \/>\nEuropa occidental 16.00%<br \/>\nMercado interno: 7%<br \/>\nMedio Oriente: 5%<br \/>\nAm\u00e9rica del Sur: 3%<\/p>\n<p>&nbsp;<\/p>\n<p><strong>L\u00edneas de productos<\/strong><\/p>\n<p><img decoding=\"async\" src=\"https:\/\/sc02.alicdn.com\/kf\/HTB17nDwaFqZBuNjt_jqq6ymzpXa2\/1942321\/HTB17nDwaFqZBuNjt_jqq6ymzpXa2.jpg_.webp\" alt=\"\" \/><\/p>\n<p><strong>Aprobaci\u00f3n<\/strong><\/p>\n<p><img decoding=\"async\" src=\"https:\/\/sc01.alicdn.com\/kf\/HTB1mMxLgOQnBKNjSZFmq6AApVXab\/1942321\/HTB1mMxLgOQnBKNjSZFmq6AApVXab.jpg_.webp\" alt=\"\" \/><\/p>\n<p><strong>Preguntas frecuentes<\/strong><\/p>\n<p>Q1. \u00bfC\u00f3mo contratarnos?<\/p>\n<p>A : You can send mail to us or call.<\/p>\n<p>&nbsp;<\/p>\n<p>Q2. \u00bfCu\u00e1les son sus t\u00e9rminos de pago?<\/p>\n<p>A: T\/T, L\/C.<\/p>\n<p>&nbsp;<\/p>\n<p>Q3. \u00bfQu\u00e9 t\u00e9rminos de env\u00edo podemos elegir?<\/p>\n<p>R: Hay por mar, por aire, por entrega expresa para sus opciones.<br \/>\nP.<\/p>\n<p>R: S\u00ed, los invitados proporcionan el logotipo, podemos imprimir en el producto.<\/p>","protected":false},"excerpt":{"rendered":"<p>Descripci\u00f3n general Detalles r\u00e1pidos Lugar de origen: Zhejiang, China Nombre de marca: Shuangyang N\u00famero de modelo: XP06-4D Tipo: Carril de cable, Aplicaci\u00f3n aislada: Equipo industrial IP: 44 Certificaci\u00f3n: CE GS ROHS\u00a0 \u00a0 [\u2026]<\/p>","protected":false},"featured_media":537,"template":"","meta":[],"product_cat":[26],"product_tag":[],"class_list":{"0":"post-289","1":"product","2":"type-product","3":"status-publish","4":"has-post-thumbnail","6":"product_cat-cable-reel","8":"first","9":"instock","10":"shipping-taxable","11":"product-type-simple"},"_links":{"self":[{"href":"https:\/\/www.soyang-group.com\/es\/wp-json\/wp\/v2\/product\/289","targetHints":{"allow":["GET"]}}],"collection":[{"href":"https:\/\/www.soyang-group.com\/es\/wp-json\/wp\/v2\/product"}],"about":[{"href":"https:\/\/www.soyang-group.com\/es\/wp-json\/wp\/v2\/types\/product"}],"version-history":[{"count":1,"href":"https:\/\/www.soyang-group.com\/es\/wp-json\/wp\/v2\/product\/289\/revisions"}],"predecessor-version":[{"id":538,"href":"https:\/\/www.soyang-group.com\/es\/wp-json\/wp\/v2\/product\/289\/revisions\/538"}],"wp:featuredmedia":[{"embeddable":true,"href":"https:\/\/www.soyang-group.com\/es\/wp-json\/wp\/v2\/media\/537"}],"wp:attachment":[{"href":"https:\/\/www.soyang-group.com\/es\/wp-json\/wp\/v2\/media?parent=289"}],"wp:term":[{"taxonomy":"product_cat","embeddable":true,"href":"https:\/\/www.soyang-group.com\/es\/wp-json\/wp\/v2\/product_cat?post=289"},{"taxonomy":"product_tag","embeddable":true,"href":"https:\/\/www.soyang-group.com\/es\/wp-json\/wp\/v2\/product_tag?post=289"}],"curies":[{"name":"wp","href":"https:\/\/api.w.org\/{rel}","templated":true}]}}