{"id":299,"date":"2024-12-12T13:46:58","date_gmt":"2024-12-12T05:46:58","guid":{"rendered":"https:\/\/shuangy.gg12.globaldeepsea.site\/?post_type=product&#038;p=299"},"modified":"2024-12-12T13:48:12","modified_gmt":"2024-12-12T05:48:12","slug":"hot-sale-cable-organizer","status":"publish","type":"product","link":"https:\/\/www.soyang-group.com\/es\/producto\/hot-sale-cable-organizer\/","title":{"rendered":"Organizador de cable de venta caliente"},"content":{"rendered":"<p><strong>(1) Informaci\u00f3n b\u00e1sica<\/strong><br \/>\nModelo no.: Organizador de cable<br \/>\nNombre de marca: Shuangyang<br \/>\nMaterial de concha: PP<br \/>\nWarrantant: 1 a\u00f1o<br \/>\nCertificado: ROHS, Reach, Pahs<\/p>\n<p>&nbsp;<\/p>\n<p><strong>(2) Detalle del producto:<\/strong><br \/>\nN\u00famero de modelo: RXJ-02<br \/>\nNombre de marca: Shuangyang<br \/>\nUso: rodando el cable<\/p>\n<p><strong>Descripci\u00f3n y caracter\u00edsticas<\/strong><br \/>\n1. Impermeable: IP44<br \/>\n2.color:blue<br \/>\n3. Tama\u00f1o de la unidad: 440x120x8.7 mm<\/p>\n<p><img decoding=\"async\" src=\"https:\/\/www.soyanggroup.com\/uploads\/c218d87a.png\" alt=\"\" \/><br \/>\n4. Capacidad de suministro: 10,000,000 de piezas\/piezas por mes temporizador<\/p>\n<p><strong>Especificaci\u00f3n<\/strong><br \/>\nPackage: label<br \/>\nCantidad\/CTN: 100pcs<br \/>\nGW: 5.2kg<br \/>\nNW: 4.8kg<br \/>\nTama\u00f1o de cart\u00f3n: 46x30x20 cm<br \/>\nCantidad\/20 ': 97,800 PCS<br \/>\nCertificaciones: ROHS, Reach, Pahs<\/p>\n<p><img decoding=\"async\" src=\"https:\/\/www.soyanggroup.com\/uploads\/ff0edabc.png\" alt=\"\" \/><img decoding=\"async\" src=\"https:\/\/www.soyanggroup.com\/uploads\/1c7ddccc.png\" alt=\"\" \/><\/p>\n<p><strong>Our Services<\/strong><br \/>\n1. Once get your message, we will reply you in 24 hours<br \/>\n2. We have professional sales team to offer service for you<br \/>\n3. Offer 2 years as warranty time and after-sales service<\/p>\n<p>&nbsp;<\/p>\n<p>&nbsp;<\/p>\n<p><strong>Company Information<\/strong><\/p>\n<p>Zhejiang Shuangyang Group Co.Ltd. was established in 1986, is a private owned enterprise, one of Star Enterprise of Ningbo City in 1998,\u00a0and approved by ISO9001\/14000\/18000. We located in Cixi, Ningbo city, which is only one hour to Ningbo harbor and airport, and two hours to Shanghai.<\/p>\n<p><img decoding=\"async\" src=\"https:\/\/sc01.alicdn.com\/kf\/He5ba632c74e44a68a587403dde671c5eH\/1942321\/He5ba632c74e44a68a587403dde671c5eH.png_.webp\" alt=\"\" \/><br \/>\nTill now, the registered capital is over 16 million U.S.Dollar. Our floor area is about 120.000 sqm, and construction area is about 85,000 sqm. In 2018, our total turn over is 80 million U.S.Dollar. We have ten R&amp;D persons and over 100 QCs to guarantee the quality, each year, we design and develop over ten new products acting as a lead manufacturer.<\/p>\n<p>Our main products are timers, sockets, flexible cables, power cords, plugs, extension sockets, cable reels, and lightings. We can supply many kinds of timers such as daily timers, mechanical and digital timers, count down timers, industry timers with all kinds of sockets. Our target markets are European market and American market. Our products approved by CE, GS, D, N, S, NF, ETL, VDE, RoHS, REACH, PAHS and so on.<\/p>\n<p>We have a good reputation among our customers. We always focus on the protection of environment and human being safety. Improving the quality of life is our final purpose.<\/p>\n<p>Power cords, extension cords and cable reels are our main business, we are the lead manufacturer of the promotion orders from European market every year. We are Top one manufacturer cooperating with VDE Global Service in Germany to protect trademark.<\/p>\n<p>Bienvenido c\u00e1lidamente para cooperar con todos los clientes para el beneficio mutuo y el futuro brillante.<\/p>\n<p>&nbsp;<\/p>\n<p><strong>Preguntas frecuentes<\/strong><\/p>\n<p>Q1. \u00bfQu\u00e9 t\u00e9rminos de env\u00edo podemos elegir?<\/p>\n<p>R: Hay por mar, por aire, por entrega expresa para sus opciones.<\/p>\n<p>&nbsp;<\/p>\n<p>Q2. \u00bfQu\u00e9 tal el tiempo de garant\u00eda y los productos de garant\u00eda?<\/p>\n<p>A : Most of products is 2 years, cut off wires and take some pictures.<\/p>\n<p>&nbsp;<\/p>\n<p>Q3. \u00bfQu\u00e9 t\u00e9rminos de env\u00edo podemos elegir?<\/p>\n<p>R: Hay por mar, por aire, por entrega expresa para sus opciones.<\/p>\n<p>&nbsp;<\/p>\n<p>Q4. \u00bfPrueba todos los productos antes de la entrega?<\/p>\n<p>A : Yes, we test 100% of products before delivery, keep 100% products work normally.<\/p>","protected":false},"excerpt":{"rendered":"<p>Piezas de cable de extensi\u00f3n de pl\u00e1stico<br \/>\nF\u00e1cil de organizar cable,<br \/>\nF\u00e1cil de llevar y transportar<br \/>\nLead Time :<br \/>\nQuantity(Pieces) 1 \u2013 10000 &gt;10000<br \/>\nEst. Time(days) 60 To be negotiated<\/p>","protected":false},"featured_media":300,"template":"","meta":[],"product_cat":[27],"product_tag":[],"class_list":{"0":"post-299","1":"product","2":"type-product","3":"status-publish","4":"has-post-thumbnail","6":"product_cat-cable-organizer","8":"first","9":"instock","10":"shipping-taxable","11":"product-type-simple"},"_links":{"self":[{"href":"https:\/\/www.soyang-group.com\/es\/wp-json\/wp\/v2\/product\/299","targetHints":{"allow":["GET"]}}],"collection":[{"href":"https:\/\/www.soyang-group.com\/es\/wp-json\/wp\/v2\/product"}],"about":[{"href":"https:\/\/www.soyang-group.com\/es\/wp-json\/wp\/v2\/types\/product"}],"version-history":[{"count":0,"href":"https:\/\/www.soyang-group.com\/es\/wp-json\/wp\/v2\/product\/299\/revisions"}],"wp:featuredmedia":[{"embeddable":true,"href":"https:\/\/www.soyang-group.com\/es\/wp-json\/wp\/v2\/media\/300"}],"wp:attachment":[{"href":"https:\/\/www.soyang-group.com\/es\/wp-json\/wp\/v2\/media?parent=299"}],"wp:term":[{"taxonomy":"product_cat","embeddable":true,"href":"https:\/\/www.soyang-group.com\/es\/wp-json\/wp\/v2\/product_cat?post=299"},{"taxonomy":"product_tag","embeddable":true,"href":"https:\/\/www.soyang-group.com\/es\/wp-json\/wp\/v2\/product_tag?post=299"}],"curies":[{"name":"wp","href":"https:\/\/api.w.org\/{rel}","templated":true}]}}