{"id":301,"date":"2024-12-12T13:49:52","date_gmt":"2024-12-12T05:49:52","guid":{"rendered":"https:\/\/shuangy.gg12.globaldeepsea.site\/?post_type=product&#038;p=301"},"modified":"2024-12-12T13:49:52","modified_gmt":"2024-12-12T05:49:52","slug":"distribution-box","status":"publish","type":"product","link":"https:\/\/www.soyang-group.com\/es\/producto\/distribution-box\/","title":{"rendered":"Caja de distribuci\u00f3n"},"content":{"rendered":"<div class=\"fl-col-group fl-node-5ea14fb3ab9ad\" data-node=\"5ea14fb3ab9ad\">\n<div class=\"fl-col fl-node-5ea14fb3abc58 fl-col-has-cols\" data-node=\"5ea14fb3abc58\">\n<div class=\"fl-col-content fl-node-content\">\n<div class=\"fl-module fl-module-rich-text fl-node-5ea14fb85e291\" data-node=\"5ea14fb85e291\" data-animation-delay=\"0.0\">\n<div class=\"fl-module-content fl-node-content\">\n<div class=\"fl-rich-text\">\n<p><b>Informaci\u00f3n b\u00e1sica<\/b><br \/>\nModelo no.: Cuadro de distribuci\u00f3n<br \/>\nNombre de marca: Shuangyang<br \/>\nMaterial: caucho, cobre, metal\u2026<br \/>\nUso: conexi\u00f3n de la fuente de alimentaci\u00f3n a la electricidad<br \/>\naccesorios<br \/>\nWarrantant: 1 a\u00f1o<br \/>\nCertificado: CE, ROHS, Reach, Pahs<\/p>\n<\/div>\n<\/div>\n<\/div>\n<div class=\"fl-col-group fl-node-5ea14fe4a5132 fl-col-group-nested\" data-node=\"5ea14fe4a5132\">\n<div class=\"fl-col fl-node-5ea14fe4a56a8\" data-node=\"5ea14fe4a56a8\">\n<div class=\"fl-col-content fl-node-content\">\n<div class=\"fl-module fl-module-rich-text fl-node-5ea14ff2d0279\" data-node=\"5ea14ff2d0279\" data-animation-delay=\"0.0\">\n<div class=\"fl-module-content fl-node-content\">\n<div class=\"fl-rich-text\">\n<p><strong>Detalle del producto:<\/strong><br \/>\n<b>(1) Tipo 1<\/b><br \/>\nN\u00famero de modelo: GJX01B-KM-D<br \/>\nNombre de marca: Shuangyang<br \/>\nUso: conexi\u00f3n de la fuente de alimentaci\u00f3n a electrodom\u00e9sticos<br \/>\n<b>Descripci\u00f3n y caracter\u00edsticas<\/b><br \/>\n1.Maximum Power: 3,680W<br \/>\n2. Voltaje: 250V CA<br \/>\n3. frecuencia: 50Hz<br \/>\n4.Corrente: 16A<br \/>\n5.Water-proof:IP44<br \/>\n6.poles: 3p+n+e<br \/>\n7. Tama\u00f1o de la unidad: 362.5x195x215 mm<br \/>\n8. Cable de mata de la siguiente manera: H05RN-F 3G0.75\/1.0,<br \/>\nH05RR-F 3G0.75\/1.0\/1.5\/2.5<br \/>\nH07RN-F 3G1.0\/1.5\/2.5<br \/>\n9. La longitud del cable puede seg\u00fan el requisito del cliente. Por ejemplo: 10m, 25m, 50m ...<br \/>\n10. puede que el cliente requiere empacar.<br \/>\n11. Capacidad de suministro: 500000 metros\/metros por mes Cable de extensi\u00f3n europea<br \/>\n<b>Especificaci\u00f3n<\/b><br \/>\nPaquete: caja blanca<br \/>\nCertificaciones: CE, ROHS, Reach, Pahs<br \/>\n<a class=\"fancybox\" href=\"https:\/\/www.soyanggroup.com\/uploads\/deac14ab.png\" target=\"_blank\" rel=\"noopener\"><img decoding=\"async\" src=\"https:\/\/www.soyanggroup.com\/uploads\/deac14ab.png\" alt=\"Distribuci\u00f3n Box1468\" \/><\/a><img decoding=\"async\" src=\"https:\/\/www.soyanggroup.com\/uploads\/589df2ee.png\" alt=\"Box de distribuci\u00f3n1507\" \/><\/p>\n<\/div>\n<\/div>\n<\/div>\n<\/div>\n<\/div>\n<div class=\"fl-col fl-node-5ea14fe4a570b fl-col-small\" data-node=\"5ea14fe4a570b\">\n<div class=\"fl-col-content fl-node-content\">\n<div class=\"fl-module fl-module-rich-text fl-node-5ea15099c5cf1\" data-node=\"5ea15099c5cf1\" data-animation-delay=\"0.0\">\n<div class=\"fl-module-content fl-node-content\">\n<div class=\"fl-rich-text\">\n<p><a class=\"fancybox\" href=\"https:\/\/www.soyanggroup.com\/uploads\/8eeafddf.png\" target=\"_blank\" rel=\"noopener\"><img decoding=\"async\" src=\"https:\/\/www.soyanggroup.com\/uploads\/8eeafddf.png\" alt=\"Box de distribuci\u00f3n0\" \/><\/a><\/p>\n<\/div>\n<\/div>\n<\/div>\n<\/div>\n<\/div>\n<\/div>\n<\/div>\n<\/div>\n<\/div>\n<div class=\"fl-col-group fl-node-5ea150bb27b8c\" data-node=\"5ea150bb27b8c\">\n<div class=\"fl-col fl-node-5ea150bb27f3b\" data-node=\"5ea150bb27f3b\">\n<div class=\"fl-col-content fl-node-content\">\n<div class=\"fl-module fl-module-rich-text fl-node-5ea150d1c667b\" data-node=\"5ea150d1c667b\" data-animation-delay=\"0.0\">\n<div class=\"fl-module-content fl-node-content\">\n<div class=\"fl-rich-text\">\n<p><b>(2) Tipo 2<\/b><br \/>\n<b><\/b>N\u00famero de modelo: GJX01B-K3-F<br \/>\nNombre de marca: Shuangyang<br \/>\nUso: conexi\u00f3n de la fuente de alimentaci\u00f3n a electrodom\u00e9sticos<br \/>\n<b>Descripci\u00f3n y caracter\u00edsticas<\/b><br \/>\n<b><\/b>1.Maximum Power: 3,680W<br \/>\n2. Voltaje: 250V CA<br \/>\n3. frecuencia: 50Hz<br \/>\n4.Corrente: 16A<br \/>\n5.Water-proof:IP44<br \/>\n6.poles: 3p+n+e<br \/>\n7. Tama\u00f1o de la unidad: 362.5x195x215 mm<br \/>\n8. Cable de matrimonio de la siguiente manera: H05RN-F 3G1.0,<br \/>\nH05RR-F 3G1.0\/1.5,<br \/>\nH07RN-F 3G1.0\/1.5\/2.5.<br \/>\n9. La longitud del cable puede seg\u00fan el requisito del cliente. Por ejemplo: 10m, 25m, 50m ...<br \/>\n10. puede que el cliente requiere empacar.<br \/>\n11. Capacidad de suministro: 500000 metros\/metros por mes Cable de extensi\u00f3n europea<br \/>\n<b>Especificaci\u00f3n<\/b><br \/>\nPaquete: caja blanca<br \/>\nCertificaciones: CE, ROHS, Reach, Pahs<br \/>\n<a class=\"fancybox\" href=\"https:\/\/www.soyanggroup.com\/uploads\/deac14ab.png\" target=\"_blank\" rel=\"noopener\"><img decoding=\"async\" src=\"https:\/\/www.soyanggroup.com\/uploads\/deac14ab.png\" alt=\"Distribuci\u00f3n Box1468\" \/><\/a><img decoding=\"async\" src=\"https:\/\/www.soyanggroup.com\/uploads\/589df2ee.png\" alt=\"Box de distribuci\u00f3n1507\" \/><\/p>\n<\/div>\n<\/div>\n<\/div>\n<\/div>\n<\/div>\n<div class=\"fl-col fl-node-5ea150bb27f93 fl-col-small\" data-node=\"5ea150bb27f93\">\n<div class=\"fl-col-content fl-node-content\">\n<div class=\"fl-module fl-module-rich-text fl-node-5ea15165e56d6\" data-node=\"5ea15165e56d6\" data-animation-delay=\"0.0\">\n<div class=\"fl-module-content fl-node-content\">\n<div class=\"fl-rich-text\">\n<p><a class=\"fancybox\" href=\"https:\/\/www.soyanggroup.com\/uploads\/56c4eff2.png\" target=\"_blank\" rel=\"noopener\"><img decoding=\"async\" src=\"https:\/\/www.soyanggroup.com\/uploads\/56c4eff2.png\" alt=\"Box de distribuci\u00f3n1524\" \/><\/a><\/p>\n<\/div>\n<\/div>\n<\/div>\n<\/div>\n<\/div>\n<\/div>\n<div class=\"fl-col-group fl-node-5ea1519aa3814\" data-node=\"5ea1519aa3814\">\n<div class=\"fl-col fl-node-5ea1519aa3dcb\" data-node=\"5ea1519aa3dcb\">\n<div class=\"fl-col-content fl-node-content\">\n<div class=\"fl-module fl-module-rich-text fl-node-5ea151a22ca94\" data-node=\"5ea151a22ca94\" data-animation-delay=\"0.0\">\n<div class=\"fl-module-content fl-node-content\">\n<div class=\"fl-rich-text\">\n<p><b>(3) Tipo 3<\/b><br \/>\nN\u00famero de modelo: GJX01C-55-E<br \/>\nNombre de marca: Shuangyang<br \/>\nUso: conexi\u00f3n de la fuente de alimentaci\u00f3n a electrodom\u00e9sticos<br \/>\n<b>Descripci\u00f3n y caracter\u00edsticas<\/b><br \/>\n1.Maximum Power: 3,680W<br \/>\n2. Voltaje: 250V CA<br \/>\n3. frecuencia: 50Hz<br \/>\n4.Corrente: 16A<br \/>\n5.Water-proof:IP44<br \/>\n6.poles: 2p+e<br \/>\n7. Tama\u00f1o de la unidad: 362.5x195x215 mm<br \/>\n8. Cable de mata de la siguiente manera: H05RN-F3G1.0,<br \/>\nH05RR-F3G1.0\/1.5,<br \/>\nH05RN-F3G1.0\/1.5<br \/>\n9. La longitud del cable puede seg\u00fan el requisito del cliente. Por ejemplo: 10m, 25m, 50m ...<br \/>\n10. puede que el cliente requiere empacar.<br \/>\n11. Capacidad de suministro: 500000 metros\/metros por mes Cable de extensi\u00f3n europea<br \/>\n<b><\/b><b>Especificaci\u00f3n<\/b><br \/>\nPaquete: caja blanca<br \/>\nCertificaciones: CE, ROHS, Reach, Pahs<br \/>\n<a class=\"fancybox\" href=\"https:\/\/www.soyanggroup.com\/uploads\/deac14ab.png\" target=\"_blank\" rel=\"noopener\"><img decoding=\"async\" src=\"https:\/\/www.soyanggroup.com\/uploads\/deac14ab.png\" alt=\"Distribuci\u00f3n Box1468\" \/><\/a><img decoding=\"async\" src=\"https:\/\/www.soyanggroup.com\/uploads\/589df2ee.png\" alt=\"Box de distribuci\u00f3n1507\" \/><\/p>\n<\/div>\n<\/div>\n<\/div>\n<\/div>\n<\/div>\n<div class=\"fl-col fl-node-5ea1519aa3e2f fl-col-small\" data-node=\"5ea1519aa3e2f\">\n<div class=\"fl-col-content fl-node-content\">\n<div class=\"fl-module fl-module-rich-text fl-node-5ea1523994a88\" data-node=\"5ea1523994a88\" data-animation-delay=\"0.0\">\n<div class=\"fl-module-content fl-node-content\">\n<div class=\"fl-rich-text\">\n<p><a class=\"fancybox\" href=\"https:\/\/www.soyanggroup.com\/uploads\/c91cae20.png\" target=\"_blank\" rel=\"noopener\"><img decoding=\"async\" src=\"https:\/\/www.soyanggroup.com\/uploads\/c91cae20.png\" alt=\"Distribuci\u00f3n Box2542\" \/><\/a><\/p>\n<\/div>\n<\/div>\n<\/div>\n<\/div>\n<\/div>\n<\/div>\n<div class=\"fl-col-group fl-node-5ea1524aab91c\" data-node=\"5ea1524aab91c\">\n<div class=\"fl-col fl-node-5ea1524aabd28\" data-node=\"5ea1524aabd28\">\n<div class=\"fl-col-content fl-node-content\">\n<div class=\"fl-module fl-module-rich-text fl-node-5ea1525722ea5\" data-node=\"5ea1525722ea5\" data-animation-delay=\"0.0\">\n<div class=\"fl-module-content fl-node-content\">\n<div class=\"fl-rich-text\">\n<p><b>(4) Tipo 4<\/b><br \/>\n<b><\/b>N\u00famero de modelo: GJX01B-33-D<br \/>\nNombre de marca: Shuangyang<br \/>\nUso: conexi\u00f3n de la fuente de alimentaci\u00f3n a electrodom\u00e9sticos<br \/>\n<b>Descripci\u00f3n y caracter\u00edsticas<\/b><br \/>\n<b><\/b>1.Maximum Power: 3,680W<br \/>\n2. Voltaje: 250V CA<br \/>\n3. frecuencia: 50Hz<br \/>\n4.Corrente: 16A<br \/>\n5.Water-proof:IP44<br \/>\n6.poles: 3p+n+e<br \/>\n7. Tama\u00f1o de la unidad: 362.5x195x215 mm<br \/>\n8. Cable de mata de la siguiente manera: H05RN-F3G1.0,<br \/>\nH05RR-F3G1.0\/1.5,<br \/>\nH05RN-F3G1.0\/1.5<br \/>\n9. La longitud del cable puede seg\u00fan el requisito del cliente. Por ejemplo: 10m, 25m, 50m ...<br \/>\n10. puede que el cliente requiere empacar.<br \/>\n11. Capacidad de suministro: 500000 metros\/metros por mes Cable de extensi\u00f3n europea<br \/>\n<b>\u00a0<\/b><b>Especificaci\u00f3n<\/b><br \/>\nPaquete: caja blanca<br \/>\nCertificaciones: CE, ROHS, Reach, Pahs<br \/>\n<a class=\"fancybox\" href=\"https:\/\/www.soyanggroup.com\/uploads\/deac14ab.png\" target=\"_blank\" rel=\"noopener\"><img decoding=\"async\" src=\"https:\/\/www.soyanggroup.com\/uploads\/deac14ab.png\" alt=\"Distribuci\u00f3n Box1468\" \/><\/a><img decoding=\"async\" src=\"https:\/\/www.soyanggroup.com\/uploads\/589df2ee.png\" alt=\"Box de distribuci\u00f3n1507\" \/><\/p>\n<\/div>\n<\/div>\n<\/div>\n<\/div>\n<\/div>\n<div class=\"fl-col fl-node-5ea1524aabd80 fl-col-small\" data-node=\"5ea1524aabd80\">\n<div class=\"fl-col-content fl-node-content\">\n<div class=\"fl-module fl-module-rich-text fl-node-5ea152cf1c159\" data-node=\"5ea152cf1c159\" data-animation-delay=\"0.0\">\n<div class=\"fl-module-content fl-node-content\">\n<div class=\"fl-rich-text\">\n<p><a class=\"fancybox\" href=\"https:\/\/www.soyanggroup.com\/uploads\/23ba4296.png\" target=\"_blank\" rel=\"noopener\"><img decoding=\"async\" src=\"https:\/\/www.soyanggroup.com\/uploads\/23ba4296.png\" alt=\"Distribuci\u00f3n Box3556\" \/><\/a><\/p>\n<\/div>\n<\/div>\n<\/div>\n<\/div>\n<\/div>\n<\/div>\n<div class=\"fl-col-group fl-node-5ea53407d9dd4\" data-node=\"5ea53407d9dd4\">\n<div class=\"fl-col fl-node-5ea53407da14a\" data-node=\"5ea53407da14a\">\n<div class=\"fl-col-content fl-node-content\">\n<div class=\"fl-module fl-module-rich-text fl-node-5ea53407d9ba2\" data-node=\"5ea53407d9ba2\" data-animation-delay=\"0.0\">\n<div class=\"fl-module-content fl-node-content\">\n<div class=\"fl-rich-text\">\n<h3><b>Flujo de producci\u00f3n:<\/b><b><\/b><\/h3>\n<\/div>\n<\/div>\n<\/div>\n<\/div>\n<\/div>\n<\/div>\n<div class=\"fl-col-group fl-node-5ea153048e3c7\" data-node=\"5ea153048e3c7\">\n<div class=\"fl-col fl-node-5ea153048e7b4 fl-col-small\" data-node=\"5ea153048e7b4\">\n<div class=\"fl-col-content fl-node-content\">\n<div class=\"fl-module fl-module-rich-text fl-node-5ea15335d577c\" data-node=\"5ea15335d577c\" data-animation-delay=\"0.0\">\n<div class=\"fl-module-content fl-node-content\">\n<div class=\"fl-rich-text\">\n<div data-node=\"5e9fbed61f05c\" data-animation-delay=\"0.0\">\n<div>\n<div>\n<p>Winching (cables, carretes de cable)<\/p>\n<\/div>\n<\/div>\n<\/div>\n<div data-node=\"5e9fccd7af26e\" data-animation-delay=\"0.0\">\n<div>\n<div>\n<div><img decoding=\"async\" src=\"https:\/\/www.soyanggroup.com\/uploads\/60f9d174.png\" alt=\"ghgsssdf1\" \/><\/div>\n<\/div>\n<\/div>\n<\/div>\n<\/div>\n<\/div>\n<\/div>\n<\/div>\n<\/div>\n<div class=\"fl-col fl-node-5ea153048e80b fl-col-small\" data-node=\"5ea153048e80b\">\n<div class=\"fl-col-content fl-node-content\">\n<div class=\"fl-module fl-module-rich-text fl-node-5ea153408bd88\" data-node=\"5ea153408bd88\" data-animation-delay=\"0.0\">\n<div class=\"fl-module-content fl-node-content\">\n<div class=\"fl-rich-text\">\n<div data-node=\"5e9fbf1740fb0\" data-animation-delay=\"0.0\">\n<div>\n<div>\n<p>Extruido<\/p>\n<\/div>\n<\/div>\n<\/div>\n<div data-node=\"5e9fcd0852b28\" data-animation-delay=\"0.0\">\n<div>\n<div>\n<div><img decoding=\"async\" src=\"https:\/\/www.soyanggroup.com\/uploads\/24ee4d75.png\" alt=\"dfgshghg\" \/><\/div>\n<\/div>\n<\/div>\n<\/div>\n<\/div>\n<\/div>\n<\/div>\n<\/div>\n<\/div>\n<div class=\"fl-col fl-node-5ea153048e85b fl-col-small\" data-node=\"5ea153048e85b\">\n<div class=\"fl-col-content fl-node-content\">\n<div class=\"fl-module fl-module-rich-text fl-node-5ea1536154831\" data-node=\"5ea1536154831\" data-animation-delay=\"0.0\">\n<div class=\"fl-module-content fl-node-content\">\n<div class=\"fl-rich-text\">\n<div data-node=\"5e9fbf3f1e188\" data-animation-delay=\"0.0\">\n<div>\n<div>\n<p>Colgante<\/p>\n<\/div>\n<\/div>\n<\/div>\n<div data-node=\"5e9fcd2e1e520\" data-animation-delay=\"0.0\">\n<div>\n<div>\n<div><img decoding=\"async\" src=\"https:\/\/www.soyanggroup.com\/uploads\/206e152b.png\" alt=\"adfdgagfddfgfh\" \/><\/div>\n<\/div>\n<\/div>\n<\/div>\n<\/div>\n<\/div>\n<\/div>\n<\/div>\n<\/div>\n<\/div>\n<div class=\"fl-col-group fl-node-5ea15309dcff4\" data-node=\"5ea15309dcff4\">\n<div class=\"fl-col fl-node-5ea15309dd3df fl-col-small\" data-node=\"5ea15309dd3df\">\n<div class=\"fl-col-content fl-node-content\">\n<div class=\"fl-module fl-module-rich-text fl-node-5ea153784f2d4\" data-node=\"5ea153784f2d4\" data-animation-delay=\"0.0\">\n<div class=\"fl-module-content fl-node-content\">\n<div class=\"fl-rich-text\">\n<div data-node=\"5e9fbf5d1cea7\" data-animation-delay=\"0.0\">\n<div>\n<div>\n<p>Fascinante<\/p>\n<\/div>\n<\/div>\n<\/div>\n<div data-node=\"5e9fcd50178d1\" data-animation-delay=\"0.0\">\n<div>\n<div>\n<div><img decoding=\"async\" src=\"https:\/\/www.soyanggroup.com\/uploads\/b1c754db.png\" alt=\"dsgfhgfh\" \/><\/div>\n<\/div>\n<\/div>\n<\/div>\n<\/div>\n<\/div>\n<\/div>\n<\/div>\n<\/div>\n<div class=\"fl-col fl-node-5ea15309dd435 fl-col-small\" data-node=\"5ea15309dd435\">\n<div class=\"fl-col-content fl-node-content\">\n<div class=\"fl-module fl-module-rich-text fl-node-5ea15389aaf31\" data-node=\"5ea15389aaf31\" data-animation-delay=\"0.0\">\n<div class=\"fl-module-content fl-node-content\">\n<div class=\"fl-rich-text\">\n<div data-node=\"5e9fbf5549745\" data-animation-delay=\"0.0\">\n<div>\n<div>\n<p>Inyecci\u00f3n de tap\u00f3n<\/p>\n<\/div>\n<\/div>\n<\/div>\n<div data-node=\"5e9fcd69139bc\" data-animation-delay=\"0.0\">\n<div>\n<div>\n<div><img decoding=\"async\" src=\"https:\/\/www.soyanggroup.com\/uploads\/69323a26.png\" alt=\"afdfsdfds\" \/><\/div>\n<\/div>\n<\/div>\n<\/div>\n<\/div>\n<\/div>\n<\/div>\n<\/div>\n<\/div>\n<div class=\"fl-col fl-node-5ea15309dd482 fl-col-small\" data-node=\"5ea15309dd482\">\n<div class=\"fl-col-content fl-node-content\">\n<div class=\"fl-module fl-module-rich-text fl-node-5ea1539f6fdcd\" data-node=\"5ea1539f6fdcd\" data-animation-delay=\"0.0\">\n<div class=\"fl-module-content fl-node-content\">\n<div class=\"fl-rich-text\">\n<div data-node=\"5e9fbf5a19e43\" data-animation-delay=\"0.0\">\n<div>\n<div>\n<p>Ensamblaje<\/p>\n<\/div>\n<\/div>\n<\/div>\n<div data-node=\"5e9fcd7a14001\" data-animation-delay=\"0.0\">\n<div>\n<div>\n<div><img decoding=\"async\" src=\"https:\/\/www.soyanggroup.com\/uploads\/f0374276.png\" alt=\"dgdfgdfh\" \/><\/div>\n<\/div>\n<\/div>\n<\/div>\n<\/div>\n<\/div>\n<\/div>\n<\/div>\n<\/div>\n<\/div>\n<div class=\"fl-col-group fl-node-5ea1530df0ad5\" data-node=\"5ea1530df0ad5\">\n<div class=\"fl-col fl-node-5ea1530df0ecb fl-col-small\" data-node=\"5ea1530df0ecb\">\n<div class=\"fl-col-content fl-node-content\">\n<div class=\"fl-module fl-module-rich-text fl-node-5ea153b349553\" data-node=\"5ea153b349553\" data-animation-delay=\"0.0\">\n<div class=\"fl-module-content fl-node-content\">\n<div class=\"fl-rich-text\">\n<div data-node=\"5e9fbf5b91d70\" data-animation-delay=\"0.0\">\n<div>\n<div>\n<p>Pruebas<\/p>\n<\/div>\n<\/div>\n<\/div>\n<div data-node=\"5e9fcd9359f7b\" data-animation-delay=\"0.0\">\n<div>\n<div>\n<div><img decoding=\"async\" src=\"https:\/\/www.soyanggroup.com\/uploads\/fb597fa3.png\" alt=\"adfagfg\" \/><\/div>\n<\/div>\n<\/div>\n<\/div>\n<\/div>\n<\/div>\n<\/div>\n<\/div>\n<\/div>\n<div class=\"fl-col fl-node-5ea1530df0f22 fl-col-small\" data-node=\"5ea1530df0f22\">\n<div class=\"fl-col-content fl-node-content\">\n<div class=\"fl-module fl-module-rich-text fl-node-5ea153ca7ad93\" data-node=\"5ea153ca7ad93\" data-animation-delay=\"0.0\">\n<div class=\"fl-module-content fl-node-content\">\n<div class=\"fl-rich-text\">\n<div data-node=\"5e9fbf588c875\" data-animation-delay=\"0.0\">\n<div>\n<div>\n<p>Embalaje<\/p>\n<\/div>\n<\/div>\n<\/div>\n<div data-node=\"5e9fcda981a7a\" data-animation-delay=\"0.0\">\n<div>\n<div>\n<div><img decoding=\"async\" src=\"https:\/\/www.soyanggroup.com\/uploads\/b0d9a9c0.png\" alt=\"fdgdfgfdhgf\" \/><\/div>\n<\/div>\n<\/div>\n<\/div>\n<\/div>\n<\/div>\n<\/div>\n<\/div>\n<\/div>\n<div class=\"fl-col fl-node-5ea1530df0f72 fl-col-small\" data-node=\"5ea1530df0f72\">\n<div class=\"fl-col-content fl-node-content\">\n<div class=\"fl-module fl-module-rich-text fl-node-5ea153dceeab3\" data-node=\"5ea153dceeab3\" data-animation-delay=\"0.0\">\n<div class=\"fl-module-content fl-node-content\">\n<div class=\"fl-rich-text\">\n<div data-node=\"5e9fbf571ae6e\" data-animation-delay=\"0.0\">\n<div>\n<div>\n<p>Dep\u00f3sito<\/p>\n<\/div>\n<\/div>\n<\/div>\n<div data-node=\"5e9fcdba739ab\" data-animation-delay=\"0.0\">\n<div>\n<div>\n<div><img decoding=\"async\" src=\"https:\/\/www.soyanggroup.com\/uploads\/2497ad44.png\" alt=\"adfagdfsd\" \/><\/div>\n<\/div>\n<\/div>\n<\/div>\n<\/div>\n<\/div>\n<\/div>\n<\/div>\n<\/div>\n<\/div>\n<div class=\"fl-col-group fl-node-5ea153132afbe\" data-node=\"5ea153132afbe\">\n<div class=\"fl-col fl-node-5ea153132b428\" data-node=\"5ea153132b428\">\n<div class=\"fl-col-content fl-node-content\">\n<div class=\"fl-module fl-module-rich-text fl-node-5ea153132ad76\" data-node=\"5ea153132ad76\" data-animation-delay=\"0.0\">\n<div class=\"fl-module-content fl-node-content\">\n<div class=\"fl-rich-text\">\n<p><strong>Ventaja<\/strong><\/p>\n<p>\u25cf Piezas de marca<br \/>\n\u25cf Pa\u00eds natal<br \/>\n\u25cf Distribu\u00edas ofrecidas<br \/>\n\u25cf Personal experimentado<br \/>\n\u25cf Formar un<br \/>\n\u25cf Producto verde<br \/>\n\u25cf Garant\u00eda\/garant\u00eda<br \/>\n\u25cf Aprobaciones internacionales<br \/>\n\u25cf Embalaje<br \/>\n\u25cf Precio<br \/>\n\u25cf Caracter\u00edsticas del producto<br \/>\n\u25cf Rendimiento del producto<br \/>\n\u25cf Entrega r\u00e1pida<br \/>\n\u25cf Aprobaciones de calidad<br \/>\n\u25cf Reputaci\u00f3n<br \/>\n\u25cf Servicio<br \/>\n\u25cf Peque\u00f1os pedidos aceptados<br \/>\n\u25cf Servicio OEM y ODM proporcionado<br \/>\n\u25cf Alta calidad<\/p>\n<p><b>Embalaje y pago y env\u00edo<\/b><br \/>\n<b>Detalles del empaque: bolsa de pp con etiqueta<br \/>\n<\/b><b>M\u00e9todo de pago: Advance tt, t\/t, l\/c<br \/>\n<\/b><b>Entrega: 30-45 d\u00edas despu\u00e9s de recibir el dep\u00f3sito<br \/>\n<\/b><b>Puerto: Ningbo o Shanghai<\/b><\/p>\n<p><strong>Perfil de la empresa:<\/strong><br \/>\n1. Tipo de negocio: fabricante, empresa comercial<br \/>\n2. Productos principales: enchufes de temporizador, cable, carretes de cables, iluminaci\u00f3n<br \/>\n3. Empleados totales: 501 - 1000 personas<br \/>\n4.i -s\u00ed establecido: 1994<br \/>\n5. Certificaci\u00f3n del sistema de gesti\u00f3n: ISO9001, ISO14001, OHSAS18001<br \/>\n6. Pa\u00eds \/ Regi\u00f3n: Zhejiang, China<br \/>\n7. propietaria: propietario privado<br \/>\n8. Mercados principales:<\/p>\n<p>Europa del Este 39.00%<br \/>\nNorte de Europa 30.00%<br \/>\nEuropa occidental 16.00%<br \/>\nMercado interno: 7%<br \/>\nMedio Oriente: 5%<br \/>\nAm\u00e9rica del Sur: 3%<\/p>\n<p><strong>Preguntas frecuentes:<\/strong><br \/>\n1. \u00bfPuede sus productos imprimir logotipo de los invitados?<br \/>\nS\u00ed, los invitados proporcionan el logotipo, podemos imprimir en el producto.<br \/>\n2. \u00bfQu\u00e9 auditor\u00eda de responsabilidad social pas\u00f3?<br \/>\nS\u00ed, tenemos BSCI, Sedex.<br \/>\n3. \u00bfCu\u00e1les son sus precios?<br \/>\nNuestros precios est\u00e1n sujetos a cambios dependiendo de la oferta y otros factores del mercado. Le enviaremos y actualizaremos la lista de precios despu\u00e9s de que su conmany se contacte para obtener m\u00e1s informaci\u00f3n.<\/p>\n<\/div>\n<\/div>\n<\/div>\n<\/div>\n<\/div>\n<\/div>","protected":false},"excerpt":{"rendered":"<p>Box de distribuci\u00f3n IP44<\/p>\n<p>Varios tipos de potencia personalizada<\/p>\n<p>La longitud del cable puede, seg\u00fan el requisito del cliente.<\/p>\n<p>Por ejemplo: 10m, 25m, 50m ...<\/p>","protected":false},"featured_media":302,"template":"","meta":[],"product_cat":[28],"product_tag":[],"class_list":{"0":"post-301","1":"product","2":"type-product","3":"status-publish","4":"has-post-thumbnail","6":"product_cat-distribution-box","8":"first","9":"instock","10":"shipping-taxable","11":"product-type-simple"},"_links":{"self":[{"href":"https:\/\/www.soyang-group.com\/es\/wp-json\/wp\/v2\/product\/301","targetHints":{"allow":["GET"]}}],"collection":[{"href":"https:\/\/www.soyang-group.com\/es\/wp-json\/wp\/v2\/product"}],"about":[{"href":"https:\/\/www.soyang-group.com\/es\/wp-json\/wp\/v2\/types\/product"}],"version-history":[{"count":0,"href":"https:\/\/www.soyang-group.com\/es\/wp-json\/wp\/v2\/product\/301\/revisions"}],"wp:featuredmedia":[{"embeddable":true,"href":"https:\/\/www.soyang-group.com\/es\/wp-json\/wp\/v2\/media\/302"}],"wp:attachment":[{"href":"https:\/\/www.soyang-group.com\/es\/wp-json\/wp\/v2\/media?parent=301"}],"wp:term":[{"taxonomy":"product_cat","embeddable":true,"href":"https:\/\/www.soyang-group.com\/es\/wp-json\/wp\/v2\/product_cat?post=301"},{"taxonomy":"product_tag","embeddable":true,"href":"https:\/\/www.soyang-group.com\/es\/wp-json\/wp\/v2\/product_tag?post=301"}],"curies":[{"name":"wp","href":"https:\/\/api.w.org\/{rel}","templated":true}]}}