{"id":303,"date":"2024-12-12T13:52:00","date_gmt":"2024-12-12T05:52:00","guid":{"rendered":"https:\/\/shuangy.gg12.globaldeepsea.site\/?post_type=product&#038;p=303"},"modified":"2024-12-12T13:52:00","modified_gmt":"2024-12-12T05:52:00","slug":"3ways-extension-sockets","status":"publish","type":"product","link":"https:\/\/www.soyang-group.com\/es\/producto\/3ways-extension-sockets\/","title":{"rendered":"Tornillos de extensi\u00f3n de 3 v\u00edas"},"content":{"rendered":"<p><strong>Overview<\/strong><\/p>\n<p><strong>Quick Details<\/strong><br \/>\nPlace of Origin:Zhejiang, China<br \/>\nNombre de marca: Shuangyang<br \/>\nN\u00famero de modelo: TXB-3-D<br \/>\nTipo: enchufe de extensi\u00f3n<br \/>\nCertificado: S NF GS CE<\/p>\n<p><strong>Supply Ability<\/strong><br \/>\nCapacidad de suministro: 9000000 metros\/metros por mes Cable de extensi\u00f3n europea<\/p>\n<p><strong>Packaging &amp; Delivery<\/strong><br \/>\nDetalles del empaque: bolsa de educaci\u00f3n f\u00edsica con etiqueta<br \/>\nPuerto: Ningbo<br \/>\nTiempo de entrega: 25 d\u00edas despu\u00e9s de recibir el dep\u00f3sito<br \/>\nCord\u00f3n de extensi\u00f3n de Alemania<\/p>\n<p>&nbsp;<\/p>\n<p><strong>Detail Product Description<\/strong><\/p>\n<p><strong>Sockets de extensi\u00f3n residencial<\/strong><br \/>\nN\u00famero de modelo: TXB-3-D<br \/>\nNombre de marca: Shuangyang<br \/>\nGrounding: conexi\u00f3n a tierra est\u00e1ndar<\/p>\n<p><strong>Descripci\u00f3n y caracter\u00edsticas<\/strong><br \/>\n1. Voltaje: 250V CA<br \/>\n2. Corriente nominal: 16A<br \/>\n3. Impermeable: IP44<br \/>\n4. Con bloqueo de seguridad para ni\u00f1os-protecci\u00f3n<br \/>\n5. Color: negro<br \/>\n6. Cable de munici\u00f3n de la siguiente manera: H05RN-F 3G1.0<br \/>\nH05RR-F 3G1.5<br \/>\nH07RN-F 3G1.0\/1.5\/2.5<br \/>\n7. La longitud del cable puede seg\u00fan el requisito del cliente. Por ejemplo: 10m, 25m, 50m ...<br \/>\n8. puede que el cliente requiere empacar.<br \/>\n9. Capacidad de suministro: 5000000 piezas\/piezas por mes temporizador<br \/>\n10. Capacidad disponible para otro dise\u00f1o: versi\u00f3n de Francia, versi\u00f3n de Alemania<\/p>\n<p><img decoding=\"async\" src=\"https:\/\/www.soyanggroup.com\/uploads\/dc719d6c.png\" alt=\"\" \/><img decoding=\"async\" src=\"https:\/\/www.soyanggroup.com\/uploads\/d4047062.png\" alt=\"\" \/><\/p>\n<p><strong>Especificaci\u00f3n<\/strong><br \/>\nPaquete: Bolsa de PP con tarjeta<br \/>\nCertificaciones: S, GS, CE, ROHS, Reach, Pahs<\/p>\n<p><img decoding=\"async\" src=\"https:\/\/www.soyanggroup.com\/uploads\/38a0b92314.jpg\" alt=\"\" \/><\/p>\n<p>&nbsp;<\/p>\n<p><strong>Company Information<\/strong><\/p>\n<p>Zhejiang Shuangyang Group Co.Ltd. was established in 1986, is a private owned enterprise, one of Star Enterprise of Ningbo City in 1998,\u00a0and approved by ISO9001\/14000\/18000. We located in Cixi, Ningbo city, which is only one hour to Ningbo harbor and airport, and two hours to Shanghai.<\/p>\n<p><img decoding=\"async\" src=\"https:\/\/sc01.alicdn.com\/kf\/He5ba632c74e44a68a587403dde671c5eH\/1942321\/He5ba632c74e44a68a587403dde671c5eH.png_.webp\" alt=\"\" \/><br \/>\nTill now, the registered capital is over 16 million U.S.Dollar. Our floor area is about 120.000 sqm, and construction area is about 85,000 sqm. In 2018, our total turn over is 80 million U.S.Dollar. We have ten R&amp;D persons and over 100 QCs to guarantee the quality, each year, we design and develop over ten new products acting as a lead manufacturer.<\/p>\n<p>Our main products are timers, sockets, flexible cables, power cords, plugs, extension sockets, cable reels, and lightings. We can supply many kinds of timers such as daily timers, mechanical and digital timers, count down timers, industry timers with all kinds of sockets. Our target markets are European market and American market. Our products approved by CE, GS, D, N, S, NF, ETL, VDE, RoHS, REACH, PAHS and so on.<\/p>\n<p>We have a good reputation among our customers. We always focus on the protection of environment and human being safety. Improving the quality of life is our final purpose.<\/p>\n<p>Power cords, extension cords and cable reels are our main business, we are the lead manufacturer of the promotion orders from European market every year. We are Top one manufacturer cooperating with VDE Global Service in Germany to protect trademark.<\/p>\n<p>Bienvenido c\u00e1lidamente para cooperar con todos los clientes para el beneficio mutuo y el futuro brillante.<\/p>\n<p>&nbsp;<\/p>\n<p><strong>Preguntas frecuentes<\/strong><\/p>\n<p>Q1. \u00bfQu\u00e9 tal el tiempo de garant\u00eda y los productos de garant\u00eda?<\/p>\n<p>A : Most of products is 2 years, cut off wires and take some pictures.<\/p>\n<p>&nbsp;<\/p>\n<p>Q2. \u00bfCu\u00e1les son sus t\u00e9rminos de pago?<\/p>\n<p>A: T\/T, L\/C.<\/p>\n<p>&nbsp;<\/p>\n<p>Q3. \u00bfPrueba todos los productos antes de la entrega?<\/p>\n<p>A : Yes, we test 100% of products before delivery, keep 100% products work normally.<\/p>\n<p>&nbsp;<\/p>\n<p>P4. \u00bfQu\u00e9 auditor\u00eda de responsabilidad social pas\u00f3?<\/p>\n<p>A:Yes,we have BSCI,SEDEX.<\/p>","protected":false},"excerpt":{"rendered":"<p>1. Cabro: H05RN-F 3G1.0, H05RR-F 3G1.0\/1.5, H07RN-F 3G1.0\/1.5.<br \/>\n2. La longitud del cable puede seg\u00fan el requisito del cliente. Por ejemplo: 1m, 3m, 10m ...<br \/>\n3.Se puede requerir el cliente para empacar<\/p>\n<p>Lead Time :<br \/>\nQuantity(Pieces) 1 \u2013 10000 &gt;10000<br \/>\nEst. Time(days) 60 To be negotiated<\/p>","protected":false},"featured_media":304,"template":"","meta":[],"product_cat":[29],"product_tag":[],"class_list":{"0":"post-303","1":"product","2":"type-product","3":"status-publish","4":"has-post-thumbnail","6":"product_cat-extension-sockets","8":"first","9":"instock","10":"shipping-taxable","11":"product-type-simple"},"_links":{"self":[{"href":"https:\/\/www.soyang-group.com\/es\/wp-json\/wp\/v2\/product\/303","targetHints":{"allow":["GET"]}}],"collection":[{"href":"https:\/\/www.soyang-group.com\/es\/wp-json\/wp\/v2\/product"}],"about":[{"href":"https:\/\/www.soyang-group.com\/es\/wp-json\/wp\/v2\/types\/product"}],"version-history":[{"count":0,"href":"https:\/\/www.soyang-group.com\/es\/wp-json\/wp\/v2\/product\/303\/revisions"}],"wp:featuredmedia":[{"embeddable":true,"href":"https:\/\/www.soyang-group.com\/es\/wp-json\/wp\/v2\/media\/304"}],"wp:attachment":[{"href":"https:\/\/www.soyang-group.com\/es\/wp-json\/wp\/v2\/media?parent=303"}],"wp:term":[{"taxonomy":"product_cat","embeddable":true,"href":"https:\/\/www.soyang-group.com\/es\/wp-json\/wp\/v2\/product_cat?post=303"},{"taxonomy":"product_tag","embeddable":true,"href":"https:\/\/www.soyang-group.com\/es\/wp-json\/wp\/v2\/product_tag?post=303"}],"curies":[{"name":"wp","href":"https:\/\/api.w.org\/{rel}","templated":true}]}}