{"id":305,"date":"2024-12-12T13:53:58","date_gmt":"2024-12-12T05:53:58","guid":{"rendered":"https:\/\/shuangy.gg12.globaldeepsea.site\/?post_type=product&#038;p=305"},"modified":"2024-12-12T13:53:58","modified_gmt":"2024-12-12T05:53:58","slug":"ip44-garden-sockets","status":"publish","type":"product","link":"https:\/\/www.soyang-group.com\/es\/producto\/ip44-garden-sockets\/","title":{"rendered":"Tornillos de jard\u00edn IP44"},"content":{"rendered":"<p><strong>1)Basic Information<\/strong><br \/>\nModelo no.: Sockets de jard\u00edn<br \/>\nNombre de marca: Shuangyang<br \/>\nMaterial: caucho y cobre<br \/>\nUso: conexi\u00f3n de la fuente de alimentaci\u00f3n a electrodom\u00e9sticos<br \/>\nWarrantant: 1 a\u00f1o<br \/>\nCertificado: CE, GS, S, ROHS, Reach, HAPS<\/p>\n<p>&nbsp;<\/p>\n<p><strong>(2) Detalle del producto:<\/strong><br \/>\nTornillos de jard\u00edn IP44<br \/>\nN\u00famero de modelo: SYH05-D<br \/>\nTomando 2 encabezados con un temporizador de 24 horas en la parte trasera<br \/>\nNombre de marca: Shuangyang<br \/>\nUso: conexi\u00f3n de la fuente de alimentaci\u00f3n a electrodom\u00e9sticos<br \/>\nGermany version<\/p>\n<p><strong>Descripci\u00f3n y caracter\u00edsticas<\/strong><br \/>\n1.Maximum Power: 3,680W<br \/>\n2. Voltaje: 250V CA<br \/>\n3. frecuencia: 50Hz<br \/>\n4.Corrente: 16A<br \/>\n5.Water-proof:IP44<br \/>\n6.color:black<br \/>\n7. Cable de cierre de la siguiente manera: H05RR-F 3G1.5<br \/>\nH07RN-F 3G1.5\/2.5<br \/>\n8. La longitud del cable puede de acuerdo con el requisito del cliente. Por ejemplo: 10m, 25m, 50m ...<br \/>\n9.Se Seg\u00fan la requerencia del cliente para empacar.<br \/>\n10. Capacidad de suministro: 9000000 metros\/metros por mes Cable de extensi\u00f3n europea<br \/>\n11. Capacidad disponible para otro dise\u00f1o: versi\u00f3n de Francia, versi\u00f3n de Dinamarca, versi\u00f3n del Reino Unido,<\/p>\n<p><img decoding=\"async\" src=\"https:\/\/www.soyanggroup.com\/uploads\/6f376e2b.png\" alt=\"\" \/><img decoding=\"async\" src=\"https:\/\/www.soyanggroup.com\/uploads\/f9847a52.png\" alt=\"\" \/><img decoding=\"async\" src=\"https:\/\/www.soyanggroup.com\/uploads\/38ebe9c8.png\" alt=\"\" \/><\/p>\n<p><strong>Especificaci\u00f3n<\/strong><br \/>\nPaquete: caja blanca<br \/>\nCertificaciones: S, GS, CE, ROHS, Reach, Pahs<\/p>\n<p><img decoding=\"async\" src=\"https:\/\/www.soyanggroup.com\/uploads\/fa9c9669.png\" alt=\"\" \/><br \/>\n<strong>Sales point<\/strong><br \/>\n1.High quality<br \/>\n2.Favorable price<br \/>\n3.Great variety of products<br \/>\n4.Attractive design<br \/>\n5.Environment friendly technology<br \/>\n6.OEM and ODM service provided<\/p>\n<p>&nbsp;<\/p>\n<p><strong>vista<\/strong><br \/>\nZhejiang Shuangyang Group Co., Ltd siempre se apegan a la calidad y el servicio, no solo suministramos alta calidad,<br \/>\npero tambi\u00e9n presta atenci\u00f3n a la protecci\u00f3n del medio ambiente y la seguridad del ser humano.<br \/>\nLa mejora ininterrumpida de la calidad de la vida humana es nuestro objetivo final.<\/p>\n<p><img decoding=\"async\" src=\"https:\/\/sc02.alicdn.com\/kf\/HTB1sKohk5OYBuNjSsD4q6zSkFXaQ\/1942321\/HTB1sKohk5OYBuNjSsD4q6zSkFXaQ.jpg_.webp\" alt=\"\" \/><\/p>\n<p>&nbsp;<\/p>\n<p><strong>Preguntas frecuentes<\/strong><br \/>\nQ1. Can you accept sample order?<\/p>\n<p>A : Yes, sure, we accept sample order.<\/p>\n<p>&nbsp;<\/p>\n<p>Q2. How to contract us?<\/p>\n<p>A : You can send mail to us or call.<\/p>\n<p>&nbsp;<\/p>\n<p>Q3. How about warranty time and warranty products?<\/p>\n<p>A : Most of products is 2 years, cut off wires and take some pictures.<\/p>\n<p>&nbsp;<\/p>\n<p>Q4. What is your payment terms?<\/p>\n<p>A: T\/T, L\/C.<\/p>\n<p>&nbsp;<\/p>\n<p>Q5. How to establish long time business relationship between us?<\/p>\n<p>r: ofrecemos una alta calidad de productos y un precio muy competitivo para asegurar las ganancias de nuestros clientes.<\/p>\n<p>&nbsp;<\/p>\n<p>Q6. What shipping terms can we choose?<\/p>\n<p>R: Hay por mar, por aire, por entrega expresa para sus opciones.<\/p>\n<p>&nbsp;<\/p>","protected":false},"excerpt":{"rendered":"<p>Tornillos de jard\u00edn<br \/>\nIP44<br \/>\nLa longitud del cable puede, seg\u00fan el requisito del cliente.<br \/>\nPor ejemplo: 10m, 25m, 50m ...<\/p>","protected":false},"featured_media":306,"template":"","meta":[],"product_cat":[30],"product_tag":[],"class_list":{"0":"post-305","1":"product","2":"type-product","3":"status-publish","4":"has-post-thumbnail","6":"product_cat-gardenspike-sockets","8":"first","9":"instock","10":"shipping-taxable","11":"product-type-simple"},"_links":{"self":[{"href":"https:\/\/www.soyang-group.com\/es\/wp-json\/wp\/v2\/product\/305","targetHints":{"allow":["GET"]}}],"collection":[{"href":"https:\/\/www.soyang-group.com\/es\/wp-json\/wp\/v2\/product"}],"about":[{"href":"https:\/\/www.soyang-group.com\/es\/wp-json\/wp\/v2\/types\/product"}],"version-history":[{"count":1,"href":"https:\/\/www.soyang-group.com\/es\/wp-json\/wp\/v2\/product\/305\/revisions"}],"predecessor-version":[{"id":307,"href":"https:\/\/www.soyang-group.com\/es\/wp-json\/wp\/v2\/product\/305\/revisions\/307"}],"wp:featuredmedia":[{"embeddable":true,"href":"https:\/\/www.soyang-group.com\/es\/wp-json\/wp\/v2\/media\/306"}],"wp:attachment":[{"href":"https:\/\/www.soyang-group.com\/es\/wp-json\/wp\/v2\/media?parent=305"}],"wp:term":[{"taxonomy":"product_cat","embeddable":true,"href":"https:\/\/www.soyang-group.com\/es\/wp-json\/wp\/v2\/product_cat?post=305"},{"taxonomy":"product_tag","embeddable":true,"href":"https:\/\/www.soyang-group.com\/es\/wp-json\/wp\/v2\/product_tag?post=305"}],"curies":[{"name":"wp","href":"https:\/\/api.w.org\/{rel}","templated":true}]}}