{"id":308,"date":"2024-12-12T13:58:07","date_gmt":"2024-12-12T05:58:07","guid":{"rendered":"https:\/\/shuangy.gg12.globaldeepsea.site\/?post_type=product&#038;p=308"},"modified":"2024-12-12T13:58:07","modified_gmt":"2024-12-12T05:58:07","slug":"water-proof-box","status":"publish","type":"product","link":"https:\/\/www.soyang-group.com\/es\/producto\/water-proof-box\/","title":{"rendered":"Caja a prueba de agua"},"content":{"rendered":"<div class=\"fl-row fl-row-full-width fl-row-bg-none fl-node-5e997254d129b\" data-node=\"5e997254d129b\">\n<div class=\"fl-row-content-wrap\">\n<div class=\"fl-row-content fl-row-full-width fl-node-content\">\n<div class=\"fl-col-group fl-node-5e997254d1bad\" data-node=\"5e997254d1bad\">\n<div class=\"fl-col fl-node-5e997254d1c02 fl-col-has-cols\" data-node=\"5e997254d1c02\">\n<div class=\"fl-col-content fl-node-content\">\n<div class=\"fl-col-group fl-node-5e9f9a3977ba2 fl-col-group-nested\" data-node=\"5e9f9a3977ba2\">\n<div class=\"fl-col fl-node-5e9f9a39780e0 fl-col-small\" data-node=\"5e9f9a39780e0\">\n<div class=\"fl-col-content fl-node-content\">\n<div class=\"fl-module fl-module-rich-text fl-node-5e997254d1d2f\" data-node=\"5e997254d1d2f\" data-animation-delay=\"0.0\">\n<div class=\"fl-module-content fl-node-content\">\n<div class=\"fl-rich-text\">\n<p><b>Detalle del producto:<\/b><b><\/b><\/p>\n<p><b><\/b><b>(1) mini caja a prueba de agua<\/b>\u00a0<b><\/b><br \/>\nN\u00famero de modelo: FSH-01<br \/>\nNombre de marca: Shuangyang<br \/>\nTepy: Mini<\/p>\n<\/div>\n<\/div>\n<\/div>\n<\/div>\n<\/div>\n<div class=\"fl-col fl-node-5e9f9a3978138\" data-node=\"5e9f9a3978138\">\n<div class=\"fl-col-content fl-node-content\">\n<div class=\"fl-module fl-module-photo fl-node-5e997254d1dc0\" data-node=\"5e997254d1dc0\" data-animation-delay=\"0.0\">\n<div class=\"fl-module-content fl-node-content\">\n<div class=\"fl-photo fl-photo-align-center\">\n<div class=\"fl-photo-content fl-photo-img-png\"><img decoding=\"async\" class=\"fl-photo-img wp-image-1695 size-thumbnail\" src=\"https:\/\/www.soyanggroup.com\/uploads\/38a0b92310-300x217.png\" alt=\"1\" \/><\/div>\n<\/div>\n<\/div>\n<\/div>\n<\/div>\n<\/div>\n<\/div>\n<\/div>\n<\/div>\n<\/div>\n<div class=\"fl-col-group fl-node-5e997254d1e08\" data-node=\"5e997254d1e08\">\n<div class=\"fl-col fl-node-5e997254d1e50\" data-node=\"5e997254d1e50\">\n<div class=\"fl-col-content fl-node-content\">\n<div class=\"fl-module fl-module-rich-text fl-node-5e997254d1e98\" data-node=\"5e997254d1e98\" data-animation-delay=\"0.0\">\n<div class=\"fl-module-content fl-node-content\">\n<div class=\"fl-rich-text\">\n<p><b>Descripci\u00f3n y caracter\u00edsticas<\/b><\/p>\n<p>1. Diario exterior (mm): \u03c66.5-\u03c611<br \/>\n2. Waer a prueba de waer: IP44<br \/>\n3.color:red<br \/>\n4. Tama\u00f1o de la unidad: 216x87x85 mm<br \/>\n<img decoding=\"async\" class=\"alignnone size-full wp-image-1689\" src=\"https:\/\/www.soyanggroup.com\/uploads\/8d9d4c2f10.png\" alt=\"2\" \/><br \/>\n5.Usage:<br \/>\n<img decoding=\"async\" class=\"alignnone size-full wp-image-1690\" src=\"https:\/\/www.soyanggroup.com\/uploads\/7e4b5ce26.png\" alt=\"3\" \/><br \/>\n6. Capacidad de suministro: 10,000,000 de piezas\/piezas por mes temporizador<\/p>\n<p><b>Especificaci\u00f3n<\/b><\/p>\n<p>Paquete: PP Bags con etiqueta<br \/>\nCantidad\/CTN: 50 piezas<br \/>\nGW: 9.7 kg<br \/>\nNW: 8.8 kg<br \/>\nTama\u00f1o de cart\u00f3n: 45x39x42 cm<br \/>\nCantidad\/20 ': 18,300 PCS<br \/>\nCertificaciones: CE, ROHS, Reach, Pahs<\/p>\n<\/div>\n<\/div>\n<\/div>\n<\/div>\n<\/div>\n<\/div>\n<\/div>\n<\/div>\n<\/div>\n<div class=\"fl-row fl-row-fixed-width fl-row-bg-none fl-node-5e99710fb8431\" data-node=\"5e99710fb8431\">\n<div class=\"fl-row-content-wrap\">\n<div class=\"fl-row-content fl-row-fixed-width fl-node-content\">\n<div class=\"fl-col-group fl-node-5e99710fbb6e8\" data-node=\"5e99710fbb6e8\">\n<div class=\"fl-col fl-node-5e99710fbb9e7\" data-node=\"5e99710fbb9e7\">\n<div class=\"fl-col-content fl-node-content\">\n<div class=\"fl-module fl-module-photo fl-node-5e99710fb808f\" data-node=\"5e99710fb808f\" data-animation-delay=\"0.0\">\n<div class=\"fl-module-content fl-node-content\">\n<div class=\"fl-photo fl-photo-align-left\">\n<div class=\"fl-photo-content fl-photo-img-png\"><img decoding=\"async\" class=\"fl-photo-img wp-image-1694 size-full\" src=\"https:\/\/www.soyanggroup.com\/uploads\/a19d8a122.png\" alt=\"111\" \/><\/div>\n<\/div>\n<\/div>\n<\/div>\n<\/div>\n<\/div>\n<\/div>\n<\/div>\n<\/div>\n<\/div>\n<div class=\"fl-row fl-row-full-width fl-row-bg-none fl-node-5e996dfb42b4a\" data-node=\"5e996dfb42b4a\">\n<div class=\"fl-row-content-wrap\">\n<div class=\"fl-row-content fl-row-full-width fl-node-content\">\n<div class=\"fl-col-group fl-node-5e9f9a5c13dd8\" data-node=\"5e9f9a5c13dd8\">\n<div class=\"fl-col fl-node-5e9f9a5c1429a fl-col-small\" data-node=\"5e9f9a5c1429a\">\n<div class=\"fl-col-content fl-node-content\">\n<div class=\"fl-module fl-module-rich-text fl-node-5e996e3b1e028\" data-node=\"5e996e3b1e028\" data-animation-delay=\"0.0\">\n<div class=\"fl-module-content fl-node-content\">\n<div class=\"fl-rich-text\">\n<p><b>(2)CEE\u00a0<\/b><b>Caja a prueba de agua<\/b>\u00a0<b><\/b><\/p>\n<p>N\u00famero de modelo: FSH-02<br \/>\nNombre de marca: Shuangyang<br \/>\nTeor\u00eda: industria<\/p>\n<\/div>\n<\/div>\n<\/div>\n<\/div>\n<\/div>\n<div class=\"fl-col fl-node-5e9f9a5c142f3\" data-node=\"5e9f9a5c142f3\">\n<div class=\"fl-col-content fl-node-content\">\n<div class=\"fl-module fl-module-photo fl-node-5e996e6e3cbb6\" data-node=\"5e996e6e3cbb6\" data-animation-delay=\"0.0\">\n<div class=\"fl-module-content fl-node-content\">\n<div class=\"fl-photo fl-photo-align-center\">\n<div class=\"fl-photo-content fl-photo-img-png\"><img decoding=\"async\" class=\"fl-photo-img wp-image-1696 size-thumbnail\" src=\"https:\/\/www.soyanggroup.com\/uploads\/38a0b92311-300x249.png\" alt=\"1\" \/><\/div>\n<\/div>\n<\/div>\n<\/div>\n<\/div>\n<\/div>\n<\/div>\n<div class=\"fl-col-group fl-node-5e996ea8cefcb\" data-node=\"5e996ea8cefcb\">\n<div class=\"fl-col fl-node-5e996ea8cf27e fl-col-has-cols\" data-node=\"5e996ea8cf27e\">\n<div class=\"fl-col-content fl-node-content\">\n<div class=\"fl-module fl-module-rich-text fl-node-5e996ea8cee06\" data-node=\"5e996ea8cee06\" data-animation-delay=\"0.0\">\n<div class=\"fl-module-content fl-node-content\">\n<div class=\"fl-rich-text\">\n<p><b>Descripci\u00f3n y caracter\u00edsticas<\/b><\/p>\n<p>1. Diae externa (mm): \u03c66.5-\u03c612<br \/>\n2. Impermeable: IP44<br \/>\n3.Color:Blue<br \/>\n4. Tama\u00f1o de la unidad: 367x90x103 mm<\/p>\n<\/div>\n<\/div>\n<\/div>\n<div class=\"fl-col-group fl-node-5e9fabf342e33 fl-col-group-nested\" data-node=\"5e9fabf342e33\">\n<div class=\"fl-col fl-node-5e9fabf34342d\" data-node=\"5e9fabf34342d\">\n<div class=\"fl-col-content fl-node-content\">\n<div class=\"fl-module fl-module-photo fl-node-5e99734426101\" data-node=\"5e99734426101\" data-animation-delay=\"0.0\">\n<div class=\"fl-module-content fl-node-content\">\n<div class=\"fl-photo fl-photo-align-center\">\n<div class=\"fl-photo-content fl-photo-img-png\"><img decoding=\"async\" class=\"fl-photo-img wp-image-1697 size-full\" src=\"https:\/\/www.soyanggroup.com\/uploads\/8d9d4c2f11.png\" alt=\"2\" \/><\/div>\n<\/div>\n<\/div>\n<\/div>\n<\/div>\n<\/div>\n<div class=\"fl-col fl-node-5e9fabf343484 fl-col-small\" data-node=\"5e9fabf343484\">\n<div class=\"fl-col-content fl-node-content\"><\/div>\n<\/div>\n<\/div>\n<\/div>\n<\/div>\n<\/div>\n<div class=\"fl-col-group fl-node-5e99735e7a0b0\" data-node=\"5e99735e7a0b0\">\n<div class=\"fl-col fl-node-5e99735e7a50c\" data-node=\"5e99735e7a50c\">\n<div class=\"fl-col-content fl-node-content\">\n<div class=\"fl-module fl-module-rich-text fl-node-5e99735a8f4df\" data-node=\"5e99735a8f4df\" data-animation-delay=\"0.0\">\n<div class=\"fl-module-content fl-node-content\">\n<div class=\"fl-rich-text\">\n<p>5.Usage<\/p>\n<\/div>\n<\/div>\n<\/div>\n<\/div>\n<\/div>\n<\/div>\n<div class=\"fl-col-group fl-node-5e9fac35bc8f0\" data-node=\"5e9fac35bc8f0\">\n<div class=\"fl-col fl-node-5e9fac35bce94\" data-node=\"5e9fac35bce94\">\n<div class=\"fl-col-content fl-node-content\">\n<div class=\"fl-module fl-module-photo fl-node-5e99737fb1d36\" data-node=\"5e99737fb1d36\" data-animation-delay=\"0.0\">\n<div class=\"fl-module-content fl-node-content\">\n<div class=\"fl-photo fl-photo-align-center\">\n<div class=\"fl-photo-content fl-photo-img-png\"><img decoding=\"async\" class=\"fl-photo-img wp-image-1699\" src=\"http:\/\/c517.quanqiusou.cn\/uploads\/7e4b5ce28.png\" alt=\"3\" \/><\/div>\n<\/div>\n<\/div>\n<\/div>\n<\/div>\n<\/div>\n<div class=\"fl-col fl-node-5e9fac35bceed fl-col-small\" data-node=\"5e9fac35bceed\">\n<div class=\"fl-col-content fl-node-content\"><\/div>\n<\/div>\n<\/div>\n<div class=\"fl-col-group fl-node-5e9973a0c1e72\" data-node=\"5e9973a0c1e72\">\n<div class=\"fl-col fl-node-5e9973a0c2306\" data-node=\"5e9973a0c2306\">\n<div class=\"fl-col-content fl-node-content\">\n<div class=\"fl-module fl-module-rich-text fl-node-5e99739cda354\" data-node=\"5e99739cda354\" data-animation-delay=\"0.0\">\n<div class=\"fl-module-content fl-node-content\">\n<div class=\"fl-rich-text\">\n<p>6. Capacidad de suministro: 10,000,000 de piezas\/piezas por mes temporizador<\/p>\n<p><b>Especificaci\u00f3n<\/b><\/p>\n<p>Paquete: Bolsa de PP con tarjeta<br \/>\nCantidad\/CTN: 10pcs<br \/>\nGW: 3.9 kg<br \/>\nNW: 2.9 kg<br \/>\nTama\u00f1o de cart\u00f3n: 46x37x21 cm<br \/>\nCantidad\/20 ': 7,550 PCS<br \/>\nCertificaciones: CE, ROHS, Reach, Pahs<\/p>\n<\/div>\n<\/div>\n<\/div>\n<\/div>\n<\/div>\n<\/div>\n<\/div>\n<\/div>\n<\/div>\n<div class=\"fl-row fl-row-fixed-width fl-row-bg-none fl-node-5e9973c6a10f6\" data-node=\"5e9973c6a10f6\">\n<div class=\"fl-row-content-wrap\">\n<div class=\"fl-row-content fl-row-fixed-width fl-node-content\">\n<div class=\"fl-col-group fl-node-5e9973c6a1578\" data-node=\"5e9973c6a1578\">\n<div class=\"fl-col fl-node-5e9973c6a15c8\" data-node=\"5e9973c6a15c8\">\n<div class=\"fl-col-content fl-node-content\">\n<div class=\"fl-module fl-module-photo fl-node-5e9973c6a1615\" data-node=\"5e9973c6a1615\" data-animation-delay=\"0.0\">\n<div class=\"fl-module-content fl-node-content\">\n<div class=\"fl-photo fl-photo-align-left\">\n<div class=\"fl-photo-content fl-photo-img-png\"><img decoding=\"async\" class=\"fl-photo-img wp-image-1694 size-full\" src=\"https:\/\/www.soyanggroup.com\/uploads\/a19d8a122.png\" alt=\"111\" \/><\/div>\n<\/div>\n<\/div>\n<\/div>\n<\/div>\n<\/div>\n<\/div>\n<\/div>\n<\/div>\n<\/div>\n<div class=\"fl-row fl-row-fixed-width fl-row-bg-none fl-node-5e9973e722fd7\" data-node=\"5e9973e722fd7\">\n<div class=\"fl-row-content-wrap\">\n<div class=\"fl-row-content fl-row-fixed-width fl-node-content\">\n<div class=\"fl-col-group fl-node-5ea53002ddc48\" data-node=\"5ea53002ddc48\">\n<div class=\"fl-col fl-node-5ea53002de02e\" data-node=\"5ea53002de02e\">\n<div class=\"fl-col-content fl-node-content\">\n<div class=\"fl-module fl-module-rich-text fl-node-5ea53002dd9ae\" data-node=\"5ea53002dd9ae\" data-animation-delay=\"0.0\">\n<div class=\"fl-module-content fl-node-content\">\n<div class=\"fl-rich-text\">\n<h3><b>Flujo de producci\u00f3n:<\/b><b><\/b><\/h3>\n<\/div>\n<\/div>\n<\/div>\n<\/div>\n<\/div>\n<\/div>\n<div class=\"fl-col-group fl-node-5e9973e729e0e\" data-node=\"5e9973e729e0e\">\n<div class=\"fl-col fl-node-5e9973e72a1b7 fl-col-small\" data-node=\"5e9973e72a1b7\">\n<div class=\"fl-col-content fl-node-content\">\n<div class=\"fl-module fl-module-heading fl-node-5e9974ae31156\" data-node=\"5e9974ae31156\" data-animation-delay=\"0.0\">\n<div class=\"fl-module-content fl-node-content\">\n<h3 class=\"fl-heading\"><span class=\"fl-heading-text\">Raw Materials (Timersockets)<\/span><\/h3>\n<\/div>\n<\/div>\n<div class=\"fl-module fl-module-photo fl-node-5e9974220fab4\" data-node=\"5e9974220fab4\" data-animation-delay=\"0.0\">\n<div class=\"fl-module-content fl-node-content\">\n<div class=\"fl-photo fl-photo-align-center\">\n<div class=\"fl-photo-content fl-photo-img-png\"><img decoding=\"async\" class=\"fl-photo-img wp-image-1700 size-full\" src=\"https:\/\/www.soyanggroup.com\/uploads\/38a0b92312.png\" alt=\"1\" \/><\/div>\n<\/div>\n<\/div>\n<\/div>\n<\/div>\n<\/div>\n<div class=\"fl-col fl-node-5e9973e72a20f fl-col-small\" data-node=\"5e9973e72a20f\">\n<div class=\"fl-col-content fl-node-content\">\n<div class=\"fl-module fl-module-heading fl-node-5e99746f5c869\" data-node=\"5e99746f5c869\" data-animation-delay=\"0.0\">\n<div class=\"fl-module-content fl-node-content\">\n<h3 class=\"fl-heading\"><span class=\"fl-heading-text\">inyecci\u00f3n<\/span><\/h3>\n<\/div>\n<\/div>\n<div class=\"fl-module fl-module-photo fl-node-5e99740fd34d5\" data-node=\"5e99740fd34d5\" data-animation-delay=\"0.0\">\n<div class=\"fl-module-content fl-node-content\">\n<div class=\"fl-photo fl-photo-align-center\">\n<div class=\"fl-photo-content fl-photo-img-png\"><img decoding=\"async\" class=\"fl-photo-img wp-image-1701 size-full\" src=\"https:\/\/www.soyanggroup.com\/uploads\/8d9d4c2f12.png\" alt=\"2\" \/><\/div>\n<\/div>\n<\/div>\n<\/div>\n<\/div>\n<\/div>\n<div class=\"fl-col fl-node-5e9973e72a262 fl-col-small\" data-node=\"5e9973e72a262\">\n<div class=\"fl-col-content fl-node-content\">\n<div class=\"fl-module fl-module-heading fl-node-5e9974b62b77d\" data-node=\"5e9974b62b77d\" data-animation-delay=\"0.0\">\n<div class=\"fl-module-content fl-node-content\">\n<h3 class=\"fl-heading\"><span class=\"fl-heading-text\">fascinante<\/span><\/h3>\n<\/div>\n<\/div>\n<div class=\"fl-module fl-module-photo fl-node-5e997423b7a10\" data-node=\"5e997423b7a10\" data-animation-delay=\"0.0\">\n<div class=\"fl-module-content fl-node-content\">\n<div class=\"fl-photo fl-photo-align-center\">\n<div class=\"fl-photo-content fl-photo-img-png\"><img decoding=\"async\" class=\"fl-photo-img wp-image-1703 size-full\" src=\"https:\/\/www.soyanggroup.com\/uploads\/7e4b5ce210.png\" alt=\"3\" \/><\/div>\n<\/div>\n<\/div>\n<\/div>\n<\/div>\n<\/div>\n<\/div>\n<\/div>\n<\/div>\n<\/div>\n<div class=\"fl-row fl-row-fixed-width fl-row-bg-none fl-node-5e9974e84048d\" data-node=\"5e9974e84048d\">\n<div class=\"fl-row-content-wrap\">\n<div class=\"fl-row-content fl-row-fixed-width fl-node-content\">\n<div class=\"fl-col-group fl-node-5e9974e840ef3\" data-node=\"5e9974e840ef3\">\n<div class=\"fl-col fl-node-5e9974e840f47 fl-col-small\" data-node=\"5e9974e840f47\">\n<div class=\"fl-col-content fl-node-content\">\n<div class=\"fl-module fl-module-heading fl-node-5e9974e840f9c\" data-node=\"5e9974e840f9c\" data-animation-delay=\"0.0\">\n<div class=\"fl-module-content fl-node-content\">\n<h3 class=\"fl-heading\"><span class=\"fl-heading-text\">ensamblaje<\/span><\/h3>\n<\/div>\n<\/div>\n<div class=\"fl-module fl-module-photo fl-node-5e9974e840ff7\" data-node=\"5e9974e840ff7\" data-animation-delay=\"0.0\">\n<div class=\"fl-module-content fl-node-content\">\n<div class=\"fl-photo fl-photo-align-center\">\n<div class=\"fl-photo-content fl-photo-img-png\"><img decoding=\"async\" class=\"fl-photo-img wp-image-1704\" src=\"http:\/\/c517.quanqiusou.cn\/uploads\/79a2f3e72.png\" alt=\"4\" \/><\/div>\n<\/div>\n<\/div>\n<\/div>\n<\/div>\n<\/div>\n<div class=\"fl-col fl-node-5e9974e841044 fl-col-small\" data-node=\"5e9974e841044\">\n<div class=\"fl-col-content fl-node-content\">\n<div class=\"fl-module fl-module-heading fl-node-5e9974e84108e\" data-node=\"5e9974e84108e\" data-animation-delay=\"0.0\">\n<div class=\"fl-module-content fl-node-content\">\n<h3 class=\"fl-heading\"><span class=\"fl-heading-text\">pruebas<\/span><\/h3>\n<\/div>\n<\/div>\n<div class=\"fl-module fl-module-photo fl-node-5e9974e8410d7\" data-node=\"5e9974e8410d7\" data-animation-delay=\"0.0\">\n<div class=\"fl-module-content fl-node-content\">\n<div class=\"fl-photo fl-photo-align-center\">\n<div class=\"fl-photo-content fl-photo-img-png\"><img decoding=\"async\" class=\"fl-photo-img wp-image-1705\" src=\"http:\/\/c517.quanqiusou.cn\/uploads\/7fbbce231.png\" alt=\"5\" \/><\/div>\n<\/div>\n<\/div>\n<\/div>\n<\/div>\n<\/div>\n<div class=\"fl-col fl-node-5e9974e841122 fl-col-small\" data-node=\"5e9974e841122\">\n<div class=\"fl-col-content fl-node-content\">\n<div class=\"fl-module fl-module-heading fl-node-5e9974e841172\" data-node=\"5e9974e841172\" data-animation-delay=\"0.0\">\n<div class=\"fl-module-content fl-node-content\">\n<h3 class=\"fl-heading\"><span class=\"fl-heading-text\">dep\u00f3sito<\/span><\/h3>\n<\/div>\n<\/div>\n<div class=\"fl-module fl-module-photo fl-node-5e9974e8411cb\" data-node=\"5e9974e8411cb\" data-animation-delay=\"0.0\">\n<div class=\"fl-module-content fl-node-content\">\n<div class=\"fl-photo fl-photo-align-center\">\n<div class=\"fl-photo-content fl-photo-img-png\"><img decoding=\"async\" class=\"fl-photo-img wp-image-1706\" src=\"http:\/\/c517.quanqiusou.cn\/uploads\/1c5a880f1.png\" alt=\"6\" \/><\/div>\n<\/div>\n<\/div>\n<\/div>\n<\/div>\n<\/div>\n<\/div>\n<\/div>\n<\/div>\n<\/div>\n<div class=\"fl-row fl-row-fixed-width fl-row-bg-none fl-node-5e9975353b2b5\" data-node=\"5e9975353b2b5\">\n<div class=\"fl-row-content-wrap\">\n<div class=\"fl-row-content fl-row-fixed-width fl-node-content\">\n<div class=\"fl-col-group fl-node-5e9975354602f\" data-node=\"5e9975354602f\">\n<div class=\"fl-col fl-node-5e99753546455\" data-node=\"5e99753546455\">\n<div class=\"fl-col-content fl-node-content\">\n<div class=\"fl-module fl-module-rich-text fl-node-5e9975353a998\" data-node=\"5e9975353a998\" data-animation-delay=\"0.0\">\n<div class=\"fl-module-content fl-node-content\">\n<div class=\"fl-rich-text\">\n<p><b>Ventaja<\/b><b><\/b><\/p>\n<ul>\n<li>Piezas de marca<\/li>\n<li>Pa\u00eds natal<\/li>\n<li>Distribu\u00edas ofrecidas<\/li>\n<li>Personal experimentado<\/li>\n<li>Formar un<\/li>\n<li>Producto verde<\/li>\n<li>Garant\u00eda\/garant\u00eda<\/li>\n<li>Aprobaciones internacionales<\/li>\n<li>Embalaje<\/li>\n<li>Precio<\/li>\n<li>Caracter\u00edsticas del producto<\/li>\n<li>Rendimiento del producto<\/li>\n<li>Entrega r\u00e1pida<\/li>\n<li>Aprobaciones de calidad<\/li>\n<li>Reputaci\u00f3n<\/li>\n<li>Servicio<\/li>\n<li>Peque\u00f1os pedidos aceptados<\/li>\n<li>Servicio OEM y ODM proporcionado<\/li>\n<li>Alta calidad<\/li>\n<\/ul>\n<\/div>\n<\/div>\n<\/div>\n<\/div>\n<\/div>\n<\/div>\n<\/div>\n<\/div>\n<\/div>\n<div class=\"fl-row fl-row-fixed-width fl-row-bg-none fl-node-5e99755ec0ded\" data-node=\"5e99755ec0ded\">\n<div class=\"fl-row-content-wrap\">\n<div class=\"fl-row-content fl-row-fixed-width fl-node-content\">\n<div class=\"fl-col-group fl-node-5e99755ec12f3\" data-node=\"5e99755ec12f3\">\n<div class=\"fl-col fl-node-5e99755ec1343\" data-node=\"5e99755ec1343\">\n<div class=\"fl-col-content fl-node-content\">\n<div class=\"fl-module fl-module-rich-text fl-node-5e99755ec138e\" data-node=\"5e99755ec138e\" data-animation-delay=\"0.0\">\n<div class=\"fl-module-content fl-node-content\">\n<div class=\"fl-rich-text\">\n<p><b>Embalaje y pago y env\u00edo<\/b><br \/>\n<strong>Detalles del empaque: bolsa de pp con etiqueta<\/strong><br \/>\n<strong>M\u00e9todo de pago: Advance tt, t\/t, l\/c<\/strong><br \/>\n<strong>Entrega: 30-35 d\u00edas despu\u00e9s de recibir el dep\u00f3sito<\/strong><br \/>\n<strong>Puerto: Ningbo o Shanghai<\/strong><\/p>\n<p><b>Perfil de la empresa:<\/b><b><\/b><br \/>\n1. Tipo de negocio: fabricante, empresa comercial<br \/>\n2. Productos principales: enchufes de temporizador, cable, carretes de cables, iluminaci\u00f3n<br \/>\n3. Empleados totales: 501 - 1000 personas<br \/>\n4.i -s\u00ed establecido: 1994<br \/>\n5. Certificaci\u00f3n del sistema de gesti\u00f3n: ISO9001, ISO14001, OHSAS18001<br \/>\n6. Pa\u00eds \/ Regi\u00f3n: Zhejiang, China<br \/>\n7. propietaria: propietario privado<br \/>\n8. Mercados principales:<\/p>\n<p>Europa del Este 39.00%<br \/>\nNorte de Europa 30.00%<br \/>\nEuropa occidental 16.00%<br \/>\nMercado interno: 7%<br \/>\nMedio Oriente: 5%<br \/>\nAm\u00e9rica del Sur: 3%<\/p>\n<p>&nbsp;<\/p>\n<p><b>Preguntas frecuentes:<\/b><br \/>\n1. \u00bfPuede sus productos imprimir logotipo de los invitados?<br \/>\nS\u00ed, los invitados proporcionan el logotipo, podemos imprimir en el producto.<br \/>\n2. \u00bfQu\u00e9 auditor\u00eda de responsabilidad social pas\u00f3?<br \/>\nS\u00ed, tenemos BSCI, Sedex.<br \/>\n3. \u00bfCu\u00e1les son sus precios?<br \/>\nNuestros precios est\u00e1n sujetos a cambios dependiendo de la oferta y otros factores del mercado. Le enviaremos y actualizaremos la lista de precios despu\u00e9s de que su conmany se contacte para obtener m\u00e1s informaci\u00f3n.<\/p>\n<\/div>\n<\/div>\n<\/div>\n<\/div>\n<\/div>\n<\/div>\n<\/div>\n<\/div>\n<\/div>","protected":false},"excerpt":{"rendered":"<p>Modelo No.: caja a prueba de agua<\/p>\n<p>Nombre de marca: Shuangyang<\/p>\n<p>Material de concha: PP<\/p>\n<p>Uso: a prueba de agua<\/p>\n<p>Warrantant: 1 a\u00f1o<\/p>\n<p>Certificado: CE, ROHS, Reach, Pahs<\/p>","protected":false},"featured_media":309,"template":"","meta":[],"product_cat":[31],"product_tag":[32],"class_list":{"0":"post-308","1":"product","2":"type-product","3":"status-publish","4":"has-post-thumbnail","6":"product_cat-wate-proof-box","7":"product_tag-water-proof-box","9":"first","10":"instock","11":"shipping-taxable","12":"product-type-simple"},"_links":{"self":[{"href":"https:\/\/www.soyang-group.com\/es\/wp-json\/wp\/v2\/product\/308","targetHints":{"allow":["GET"]}}],"collection":[{"href":"https:\/\/www.soyang-group.com\/es\/wp-json\/wp\/v2\/product"}],"about":[{"href":"https:\/\/www.soyang-group.com\/es\/wp-json\/wp\/v2\/types\/product"}],"version-history":[{"count":0,"href":"https:\/\/www.soyang-group.com\/es\/wp-json\/wp\/v2\/product\/308\/revisions"}],"wp:featuredmedia":[{"embeddable":true,"href":"https:\/\/www.soyang-group.com\/es\/wp-json\/wp\/v2\/media\/309"}],"wp:attachment":[{"href":"https:\/\/www.soyang-group.com\/es\/wp-json\/wp\/v2\/media?parent=308"}],"wp:term":[{"taxonomy":"product_cat","embeddable":true,"href":"https:\/\/www.soyang-group.com\/es\/wp-json\/wp\/v2\/product_cat?post=308"},{"taxonomy":"product_tag","embeddable":true,"href":"https:\/\/www.soyang-group.com\/es\/wp-json\/wp\/v2\/product_tag?post=308"}],"curies":[{"name":"wp","href":"https:\/\/api.w.org\/{rel}","templated":true}]}}