{"id":227,"date":"2024-12-12T11:13:59","date_gmt":"2024-12-12T03:13:59","guid":{"rendered":"https:\/\/shuangy.gg12.globaldeepsea.site\/?post_type=product&#038;p=227"},"modified":"2024-12-12T11:13:59","modified_gmt":"2024-12-12T03:13:59","slug":"digital-weekly-timer-switch","status":"publish","type":"product","link":"https:\/\/www.soyang-group.com\/fr\/product\/digital-weekly-timer-switch\/","title":{"rendered":"Commutateur de minuterie hebdomadaire num\u00e9rique"},"content":{"rendered":"<p><strong>Aper\u00e7u<\/strong><\/p>\n<p><strong>D\u00e9tails rapides<\/strong><br \/>\nPlace of Origin:Zhejiang, China<br \/>\nNom de marque: Soyang<br \/>\nNum\u00e9ro de mod\u00e8le: TS-ED20<br \/>\nTh\u00e9orie: num\u00e9rique<br \/>\nUsage:Timer Switch<br \/>\nTension: 220-240V AC<br \/>\nFrequency:50Hz<br \/>\nPuissance maximale: 3500W<br \/>\nCouleur: blanc<br \/>\nApplication: commutateur de minuterie<br \/>\ncurrent:16A<\/p>\n<p>&nbsp;<\/p>\n<p><strong>Capacit\u00e9 d'offre<\/strong><br \/>\nCapacit\u00e9 d'approvisionnement: 100000 pi\u00e8ces \/ pi\u00e8ces par mois<\/p>\n<p>&nbsp;<\/p>\n<p><strong>Emballage et livraison<\/strong><br \/>\nPackaging Details:double blister,12pcs\/ inner box, 48pcs\/ outer carton<br \/>\nPort:Ningbo\/Shanghai<br \/>\nD\u00e9lai de mise en \u0153uvre :<br \/>\nQuantit\u00e9 (pi\u00e8ces) 1 - 10000&gt; 10000<br \/>\nHNE. Temps (jours) 60 \u00e0 n\u00e9gocier<\/p>\n<p>&nbsp;<\/p>\n<p><strong>D\u00e9tail Description du produit<\/strong><\/p>\n<p>Minuterie hebdomadaire num\u00e9rique en plein air<br \/>\nNum\u00e9ro de mod\u00e8le: TS-ED20<br \/>\nVersion allemande<br \/>\nNom de marque: Shuangyang<br \/>\nUsage:Timer Switch<br \/>\nTh\u00e9orie: num\u00e9rique<br \/>\n<strong>Description et fonctionnalit\u00e9s<\/strong><br \/>\n1.Maximum Power: 3500W<br \/>\n2. Voltage: 220-240V AC<br \/>\n3. Fr\u00e9quence: 50Hz<br \/>\n4. Courant: 16A<br \/>\n5. Affichage du temps: heure \/ minute \/ seconde<br \/>\n6.20 Programmes ON \/ OFF<br \/>\n7.7 boutons pour un fonctionnement facile<br \/>\n8.Afflectrice facile pour la minuterie d'\u00e9t\u00e9<br \/>\n9. batterie Ni-MH recadrative utilis\u00e9e \u00e0 l'int\u00e9rieur<br \/>\n10. R\u00e9initialisation de la fonction<br \/>\n11. fonctionnom<br \/>\n14.Censid\u00e9r\u00e9: moins de 3 secondes en une journ\u00e9e<br \/>\n15. Capacit\u00e9 d'approvisionnement: 1000000 pi\u00e8ces \/ pi\u00e8ces par mois<\/p>\n<p><strong>Sp\u00e9cification<\/strong><br \/>\nPackage: double blister<br \/>\nQt\u00e9 \/ bo\u00eete: 12pcs<br \/>\nQt\u00e9 \/ ctn: 48pcs<br \/>\nGW: 10kg<br \/>\nNW: 8kg<br \/>\nTaille du carton: 55 * 53 * 28cm<br \/>\nQt\u00e9 \/ 20 ': 16 464pcs<br \/>\nCERTIFICATIONS: GS, CE, ROHS, REACH, HAPHS<\/p>\n<p><strong>Sales point<\/strong><br \/>\n1.High quality<br \/>\n2.Favorable price<br \/>\n3.Great variety of products<br \/>\n4.Attractive design<br \/>\n5.Environment friendly technology<br \/>\n6.OEM and ODM service provided<\/p>\n<p>&nbsp;<\/p>\n<p>&nbsp;<\/p>\n<p><strong>Information de l'entreprise<\/strong><\/p>\n<p>Zhejiang Shuangyang Group Co.ltd. a \u00e9t\u00e9 cr\u00e9\u00e9 en 1986, est une entreprise priv\u00e9e, l'une des \u00e9toiles d'entreprise de Ningbo City en 1998, et approuv\u00e9e par ISO9001 \/ 14000\/18000. Nous avons situ\u00e9 \u00e0 Cixi, Ningbo City, qui n'est qu'\u00e0 une heure de Ningbo Harbor and Airport, et de deux heures \u00e0 Shanghai.<\/p>\n<p><img decoding=\"async\" src=\"https:\/\/sc01.alicdn.com\/kf\/He5ba632c74e44a68a587403dde671c5eH\/1942321\/He5ba632c74e44a68a587403dde671c5eH.png_.webp\" alt=\"\" \/><br \/>\nJusqu'\u00e0 pr\u00e9sent, la capitale enregistr\u00e9e d\u00e9passe 16 millions d'USDollar. Notre surface de plancher est d'environ 120 000 m\u00b2 et la zone de construction est d'environ 85 000 m\u00b2. En 2018, notre virage total est de 80 millions d'USDollar. Nous avons dix personnes R&amp;D et plus de 100 QC pour garantir la qualit\u00e9, chaque ann\u00e9e, nous concevons et d\u00e9veloppons plus de dix nouveaux produits agissant en tant que fabricant principal.<\/p>\n<p>Nos principaux produits sont les minuteries, les prises, les c\u00e2bles flexibles, les cordons d'alimentation, les bouchons, les prises d'extension, les bobines de c\u00e2bles et les \u00e9clairages. Nous pouvons fournir de nombreux types de minuteries telles que les minuteries quotidiennes, les minuteries m\u00e9caniques et num\u00e9riques, compter les minuteries, les minuteries de l'industrie avec toutes sortes de prises. Nos march\u00e9s cibles sont le march\u00e9 europ\u00e9en et le march\u00e9 am\u00e9ricain. Nos produits approuv\u00e9s par CE, GS, D, N, S, NF, ETL, VDE, ROHS, Reach, PAHS, etc.<\/p>\n<p>Nous avons une bonne r\u00e9putation parmi nos clients. Nous nous concentrons toujours sur la protection de l'environnement et de l'\u00eatre humain. L'am\u00e9lioration de la qualit\u00e9 de vie est notre dernier objectif.<\/p>\n<p>Les cordons d'alimentation, les rallonges et les bobines de c\u00e2ble sont nos principales affaires, nous sommes le fabricant principal des commandes de promotion du march\u00e9 europ\u00e9en chaque ann\u00e9e. Nous sommes un fabricant Top One coop\u00e9rant avec VDE Global Service en Allemagne pour prot\u00e9ger la marque.<\/p>\n<p>Chaudeur chaleureusement pour coop\u00e9rer avec tous les clients pour le b\u00e9n\u00e9fice mutuel et le brillant avenir.<\/p>\n<p>&nbsp;<\/p>\n<p><strong>Profil de l'entreprise:<\/strong><br \/>\n1. Type d'activit\u00e9: fabricant, soci\u00e9t\u00e9 commerciale<br \/>\n2. PRODUITS MAINTR\u00c9S: TIMERS SOCKETS, CABLE, ROBLES DE CABLE, \u00c9CLAIR<br \/>\n3. Total des employ\u00e9s: 501 - 1000 personnes<br \/>\n4. ans \u00e9tabli: 1994<br \/>\n5. Certification du syst\u00e8me de gestion: ISO9001, ISO14001, OHSAS18001<br \/>\n6. Pays \/ r\u00e9gion: Zhejiang, Chine<br \/>\n7.Parncement: propri\u00e9taire priv\u00e9<br \/>\n8. March\u00e9s principaux: Europe de l'Est 39.00%<br \/>\nEurope du Nord 30.00%<br \/>\nEurope occidentale 16.00%<br \/>\nMarch\u00e9 int\u00e9rieur: 7%<br \/>\nMid East: 5%<br \/>\nAm\u00e9rique du Sud: 3%<\/p>\n<p><strong>FAQ<\/strong><\/p>\n<p>Q1. Quelles sont vos conditions de paiement?<\/p>\n<p>A: T \/ T, L \/ C.<\/p>\n<p>&nbsp;<\/p>\n<p>Q2. Comment \u00e9tablir des relations commerciales de longue date entre nous?<\/p>\n<p>R: Nous offrons une qualit\u00e9 de produits de haute qualit\u00e9 et un prix tr\u00e8s comp\u00e9titif pour assurer le profit de nos clients.<\/p>\n<p>&nbsp;<\/p>\n<p>Q3. Quelles conditions d'exp\u00e9dition pouvons-nous choisir?<\/p>\n<p>R: Il y a par mer, par air, par livraison express pour vos options.<\/p>","protected":false},"excerpt":{"rendered":"<p>L'interrupteur de minuterie peut automatiquement s'allumer et d\u00e9sactiver diff\u00e9rents types d'\u00e9quipements \u00e9lectriques en fonction du temps fixe.<br \/>\nIl est largement utilis\u00e9 dans le contr\u00f4le programmable de la cuisini\u00e8re \u00e9lectrique, du booster, de la lampe, du chauffe-eau, du pulv\u00e9risateur, de l'embouteilleur, du pr\u00e9chauffeur,<br \/>\nInstallations agricoles, \u00e9quipements de radiodiffusion et tous les camarades de circuit et appareils domestiques qui ont besoin de prendre du temps pour s'allumer et d\u00e9sactiver.<br \/>\nLa minuterie num\u00e9rique est plus pr\u00e9cise que la minuterie m\u00e9canique.<br \/>\nLes minuteries non seulement \u00e9conomisent votre argent, mais la plus importante est de vous apporter une vie s\u00fbre, saine, environnementale et intelligente.<\/p>","protected":false},"featured_media":228,"template":"","meta":[],"product_cat":[22],"product_tag":[],"class_list":{"0":"post-227","1":"product","2":"type-product","3":"status-publish","4":"has-post-thumbnail","6":"product_cat-timer","8":"first","9":"instock","10":"shipping-taxable","11":"product-type-simple"},"_links":{"self":[{"href":"https:\/\/www.soyang-group.com\/fr\/wp-json\/wp\/v2\/product\/227","targetHints":{"allow":["GET"]}}],"collection":[{"href":"https:\/\/www.soyang-group.com\/fr\/wp-json\/wp\/v2\/product"}],"about":[{"href":"https:\/\/www.soyang-group.com\/fr\/wp-json\/wp\/v2\/types\/product"}],"version-history":[{"count":0,"href":"https:\/\/www.soyang-group.com\/fr\/wp-json\/wp\/v2\/product\/227\/revisions"}],"wp:featuredmedia":[{"embeddable":true,"href":"https:\/\/www.soyang-group.com\/fr\/wp-json\/wp\/v2\/media\/228"}],"wp:attachment":[{"href":"https:\/\/www.soyang-group.com\/fr\/wp-json\/wp\/v2\/media?parent=227"}],"wp:term":[{"taxonomy":"product_cat","embeddable":true,"href":"https:\/\/www.soyang-group.com\/fr\/wp-json\/wp\/v2\/product_cat?post=227"},{"taxonomy":"product_tag","embeddable":true,"href":"https:\/\/www.soyang-group.com\/fr\/wp-json\/wp\/v2\/product_tag?post=227"}],"curies":[{"name":"wp","href":"https:\/\/api.w.org\/{rel}","templated":true}]}}