{"id":248,"date":"2024-12-12T11:37:52","date_gmt":"2024-12-12T03:37:52","guid":{"rendered":"https:\/\/shuangy.gg12.globaldeepsea.site\/?post_type=product&#038;p=248"},"modified":"2024-12-12T11:37:52","modified_gmt":"2024-12-12T03:37:52","slug":"germany-weekly-mechanical-timer","status":"publish","type":"product","link":"https:\/\/www.soyang-group.com\/fr\/product\/germany-weekly-mechanical-timer\/","title":{"rendered":"Timer m\u00e9canique hebdomadaire de l'Allemagne"},"content":{"rendered":"<p><strong>Aper\u00e7u<\/strong><\/p>\n<p><strong>D\u00e9tails rapides<\/strong><br \/>\nPlace of Origin:Zhejiang, China<br \/>\nNom de marque: Shuangyang<br \/>\nModel Number:TS-WD1<br \/>\nTheory:mechanical<br \/>\nUsage:Timer Switch<br \/>\ncertificate:GS,CE,ROHS,REACH PAHS<br \/>\nSoja<br \/>\nCircle:7 days programming<\/p>\n<p><strong>Capacit\u00e9 d'offre<\/strong><br \/>\nCapacit\u00e9 d'approvisionnement: 100000 pi\u00e8ces \/ pi\u00e8ces par mois<\/p>\n<p><strong>Emballage et livraison<\/strong><br \/>\nPackaging Details:double blister,12pcs\/ inner box, 48pcs\/ outer carton<br \/>\nPort:Ningbo\/Shanghai<br \/>\nLead Time :\u00a040 days after received the deposite<\/p>\n<p>&nbsp;<\/p>\n<p><strong>D\u00e9tail Description du produit<\/strong><\/p>\n<p>Place of Origin: Zhejiang China(Mainland)<br \/>\nBrand Name: Shuangyang<br \/>\nModel Number:TS-WD1<br \/>\nTheory: Mechanical<br \/>\nView:Zhejiang Shuangyang Group Co.,Ltd always stick to quality&amp;service ,<br \/>\nwe don\u2019t only supply high quality, but also pay attention to the protection of environment and Human being safety.<br \/>\nUninterruptedly improving the quality of human life is our final aim.<\/p>\n<p>&nbsp;<\/p>\n<p><strong>Sales point<\/strong><br \/>\n1.High quality<br \/>\n2.Favorable price<br \/>\n3.Great variety of products<br \/>\n4.Attractive design<br \/>\n5.Environment friendly technology<br \/>\n6.OEM and ODM service provided<\/p>\n<p>&nbsp;<\/p>\n<p><strong>Sp\u00e9cification<\/strong><br \/>\nPackaging: 12pcs\/ inner box, 48pcs\/ outer carton<br \/>\nCarton size:61*48*25cm<br \/>\nQ\u2019ty\/20\u2032FT:18720pcs<br \/>\nPower Supply: 220-240V\/50Hz max.3500W<br \/>\nG.W\/N.W of carton: 13\/11 kgs<\/p>\n<p>&nbsp;<\/p>\n<p><strong>Description&amp;Features<\/strong><\/p>\n<p>1.7 days programming<br \/>\n2.42 on\/off programmes<br \/>\n3.accuracy: Less than 2 hours each week<br \/>\n4.Minimum setting:2hours<br \/>\n5.compact and elegant design for easy operation<br \/>\n6.Multi-countries styles with different plug and socket<br \/>\n7.Available Capacity For Another Design<br \/>\nBrazil version, Germany version, France version, Argentina version,<br \/>\nAustralia version, Italy version, U.S.A. version, Denmark version<br \/>\n8.Popular Market:European<\/p>\n<p>&nbsp;<\/p>\n<p><strong>Avantage<\/strong><br \/>\n1 Brand-name Parts<br \/>\n2 Country of Origin<br \/>\n3 Distributorships Offered<br \/>\n4 Experienced Staff<br \/>\n5 Form A<br \/>\n6 Green Product<br \/>\n7 Guarantee\/Warranty<br \/>\n8 International Approvals<br \/>\n9 Packaging<br \/>\n10 Price<br \/>\n11 Product Features<br \/>\n12 Product Performance<br \/>\n13 Prompt Delivery<br \/>\n14 Quality Approvals<br \/>\n15 Reputation<br \/>\n16 Service<br \/>\n17 Small Orders Accepted<br \/>\n18 OEM and ODM service provided<br \/>\n19 High quality<\/p>\n<p>&nbsp;<\/p>\n<p><strong>Packaging&amp;Payment&amp;Shippment<\/strong><br \/>\nPackaging Details: Double blister<br \/>\nPayment Method:Advance TT, T\/T, L\/C<br \/>\nDelivery:30-45 days after received the deposite<br \/>\nPort:Ningbo or Shanghai<\/p>\n<p>&nbsp;<\/p>\n<p><strong>Our Services<\/strong><\/p>\n<p>1. Once get your message, we will reply you in 24 hours<br \/>\n2. We have professional sales team to offer service for you<br \/>\n3. Offer 2 years as warranty time and after-sales service<\/p>\n<p>&nbsp;<\/p>\n<p><strong>Profil de l'entreprise:<\/strong><br \/>\n1. Type d'activit\u00e9: fabricant, soci\u00e9t\u00e9 commerciale<br \/>\n2. PRODUITS MAINTR\u00c9S: TIMERS SOCKETS, CABLE, ROBLES DE CABLE, \u00c9CLAIR<br \/>\n3. Total des employ\u00e9s: 501 - 1000 personnes<br \/>\n4. ans \u00e9tabli: 1994<br \/>\n5. Certification du syst\u00e8me de gestion: ISO9001, ISO14001, OHSAS18001<br \/>\n6. Pays \/ r\u00e9gion: Zhejiang, Chine<br \/>\n7.Parncement: propri\u00e9taire priv\u00e9<br \/>\n8. March\u00e9s principaux: Europe de l'Est 39.00%<br \/>\nEurope du Nord 30.00%<br \/>\nEurope occidentale 16.00%<br \/>\nMarch\u00e9 int\u00e9rieur: 7%<br \/>\nMid East: 5%<br \/>\nAm\u00e9rique du Sud: 3%<br \/>\n<strong>FAQ<\/strong><\/p>\n<p>Q1. Comment nous contracter?<\/p>\n<p>R: Vous pouvez nous envoyer du courrier ou appeler.<\/p>\n<p>&nbsp;<\/p>\n<p>Q2. Quelles sont vos conditions de paiement?<\/p>\n<p>A: T \/ T, L \/ C.<\/p>\n<p>&nbsp;<\/p>\n<p>Q3. Quelles conditions d'exp\u00e9dition pouvons-nous choisir?<\/p>\n<p>R: Il y a par mer, par air, par livraison express pour vos options.<\/p>\n<p>Q4. Can your products print guests LOGO?<\/p>\n<p>R: Oui, les clients fournissent le logo, nous pouvons imprimer sur le produit.<\/p>","protected":false},"excerpt":{"rendered":"<p>Mechanical operation,<br \/>\nSimple to use,<br \/>\nQuiet operation,<br \/>\nChildren protector door,<br \/>\nAvoid accidentally plug,<br \/>\nprevent children from electric,<br \/>\nshock improve safety,<br \/>\nkeep the timer powered on cycle ,<br \/>\nmechanical disc technology,<\/p>","protected":false},"featured_media":249,"template":"","meta":[],"product_cat":[22],"product_tag":[],"class_list":{"0":"post-248","1":"product","2":"type-product","3":"status-publish","4":"has-post-thumbnail","6":"product_cat-timer","8":"first","9":"instock","10":"shipping-taxable","11":"product-type-simple"},"_links":{"self":[{"href":"https:\/\/www.soyang-group.com\/fr\/wp-json\/wp\/v2\/product\/248","targetHints":{"allow":["GET"]}}],"collection":[{"href":"https:\/\/www.soyang-group.com\/fr\/wp-json\/wp\/v2\/product"}],"about":[{"href":"https:\/\/www.soyang-group.com\/fr\/wp-json\/wp\/v2\/types\/product"}],"version-history":[{"count":0,"href":"https:\/\/www.soyang-group.com\/fr\/wp-json\/wp\/v2\/product\/248\/revisions"}],"wp:featuredmedia":[{"embeddable":true,"href":"https:\/\/www.soyang-group.com\/fr\/wp-json\/wp\/v2\/media\/249"}],"wp:attachment":[{"href":"https:\/\/www.soyang-group.com\/fr\/wp-json\/wp\/v2\/media?parent=248"}],"wp:term":[{"taxonomy":"product_cat","embeddable":true,"href":"https:\/\/www.soyang-group.com\/fr\/wp-json\/wp\/v2\/product_cat?post=248"},{"taxonomy":"product_tag","embeddable":true,"href":"https:\/\/www.soyang-group.com\/fr\/wp-json\/wp\/v2\/product_tag?post=248"}],"curies":[{"name":"wp","href":"https:\/\/api.w.org\/{rel}","templated":true}]}}