{"id":250,"date":"2024-12-12T11:41:57","date_gmt":"2024-12-12T03:41:57","guid":{"rendered":"https:\/\/shuangy.gg12.globaldeepsea.site\/?post_type=product&#038;p=250"},"modified":"2025-01-10T17:54:36","modified_gmt":"2025-01-10T09:54:36","slug":"diy-assemble-plugsocket","status":"publish","type":"product","link":"https:\/\/www.soyang-group.com\/fr\/product\/diy-assemble-plugsocket\/","title":{"rendered":"Plugle et douille de l'assemblage de bricolage"},"content":{"rendered":"<p>(<strong>1) Informations de base<\/strong><br \/>\nMod\u00e8le n \u00b0: Assemblez la prise et la prise<br \/>\nNom de marque: Shuangyang<br \/>\nCouleur pour la coque: noir (peut \u00eatre chang\u00e9 par votre id\u00e9e)<br \/>\nUtilisation: Connectez-vous avec du fil<br \/>\nWarrant: 1 an<br \/>\nCertificat: CE, GS, ROHS, Reach, HAPS<br \/>\n<strong>(2) Franchage en caoutchouc IP20<\/strong><br \/>\nNum\u00e9ro de mod\u00e8le: SY-32 \/ SY-CZ-32<br \/>\nVersion allemande<br \/>\nNom de marque: Shuangyang<br \/>\nUtilisation: Connectez-vous avec du fil<br \/>\nMat\u00e9riau: caoutchouc, cuivre<br \/>\nType: DIY<br \/>\nDescription et fonctionnalit\u00e9s<br \/>\n1.Maximum Power: 3 680W<br \/>\n2. Voltage: 250V AC<br \/>\n3. Fr\u00e9quence: 50Hz<br \/>\n4. Courant: 16A<br \/>\n5. Proof de l'eau: IP20<\/p>\n<p><strong>Sp\u00e9cification<\/strong><br \/>\nPackage: \u00e9tiquette<br \/>\nTaille de l'unit\u00e9:<\/p>\n<p><a class=\"fancybox\" href=\"https:\/\/www.soyanggroup.com\/uploads\/774005f81.png\" target=\"_blank\" rel=\"noopener\"><img decoding=\"async\" class=\"alignnone size-full wp-image-4415\" src=\"https:\/\/www.soyanggroup.com\/uploads\/774005f81.png\" alt=\"774005f8\" \/><\/a><br \/>\nCertifications: TUV-GS, CE, ROHS, REACH, PAHS<\/p>\n<p>&nbsp;<\/p>\n<p><strong>Sales point<\/strong><br \/>\n1.High quality<br \/>\n2.Favorable price<br \/>\n3.Great variety of products<br \/>\n4.Attractive design<br \/>\n5.Environment friendly technology<br \/>\n6.OEM and ODM service provided<\/p>\n<p>&nbsp;<\/p>\n<p><strong>Packaging&amp;Payment&amp;Shippment<\/strong><br \/>\nPackaging Details: Double blister<br \/>\nPayment Method:Advance TT, T\/T, L\/C<br \/>\nDelivery:30-45 days after received the deposite<br \/>\nPort:Ningbo or Shanghai<\/p>\n<p>&nbsp;<\/p>\n<p><strong>Our Services<\/strong><br \/>\n1. Once get your message, we will reply you in 24 hours<br \/>\n2. We have professional sales team to offer service for you<br \/>\n3. Offer 2 years as warranty time and after-sales service<\/p>\n<p>&nbsp;<\/p>\n<p><strong>FAQ<\/strong><br \/>\nQ1. Pouvez-vous accepter un exemple de commande?<\/p>\n<p>R: Oui, bien s\u00fbr, nous acceptons un exemple de commande.<\/p>\n<p>&nbsp;<\/p>\n<p>Q2. Comment nous contracter?<\/p>\n<p>R: Vous pouvez nous envoyer du courrier ou appeler.<\/p>\n<p>&nbsp;<\/p>\n<p>Q3. Qu'en est-il des produits de temps de garantie et de garantie?<\/p>\n<p>R: La plupart des produits sont 2 ans, coupent les fils et prennent des photos.<\/p>\n<p>&nbsp;<\/p>\n<p>Q4. Quelles sont vos conditions de paiement?<\/p>\n<p>A: T \/ T, L \/ C.<\/p>\n<p>&nbsp;<\/p>\n<p>Q5. Comment \u00e9tablir des relations commerciales de longue date entre nous?<\/p>\n<p>R: Nous offrons une qualit\u00e9 de produits de haute qualit\u00e9 et un prix tr\u00e8s comp\u00e9titif pour assurer le profit de nos clients.<\/p>\n<p>&nbsp;<\/p>\n<p>Q6. Quelles conditions d'exp\u00e9dition pouvons-nous choisir?<\/p>\n<p>R: Il y a par mer, par air, par livraison express pour vos options.<\/p>\n<p>&nbsp;<\/p>\n<p>Q7. Testez-vous tous les produits avant la livraison?<\/p>\n<p>R: Oui, nous testons 100% de produits avant la livraison, gardez les produits 100% fonctionnant normalement.<\/p>\n<p>Q8.Les vos produits impriment-ils le logo des invit\u00e9s?<\/p>\n<p>R: Oui, les clients fournissent le logo, nous pouvons imprimer sur le produit.<\/p>\n<p>&nbsp;<\/p>\n<p>Q9.Quel audit de la responsabilit\u00e9 sociale avez-vous pass\u00e9?<\/p>\n<p>R: Oui, nous avons BSCI, Sedex.<\/p>\n<p>&nbsp;<\/p>\n<p>Q10. Quels sont vos prix?<\/p>\n<p>R: Nos prix sont susceptibles de changer en fonction de l'offre et d'autres facteurs du march\u00e9.<br \/>\nNous vous enverrons et mettons \u00e0 jour la liste des prix apr\u00e8s que votre Conmany nous contacte pour plus d'informations.<\/p>","protected":false},"excerpt":{"rendered":"<p>Assembler les bouchons et la prise<br \/>\nDIY facile<\/p>\n<p>Capacit\u00e9 d'offre<br \/>\nCapacit\u00e9 d'approvisionnement: 100000 pi\u00e8ces \/ pi\u00e8ces par mois<\/p>","protected":false},"featured_media":543,"template":"","meta":[],"product_cat":[24],"product_tag":[],"class_list":{"0":"post-250","1":"product","2":"type-product","3":"status-publish","4":"has-post-thumbnail","6":"product_cat-socketplug","8":"first","9":"instock","10":"shipping-taxable","11":"product-type-simple"},"_links":{"self":[{"href":"https:\/\/www.soyang-group.com\/fr\/wp-json\/wp\/v2\/product\/250","targetHints":{"allow":["GET"]}}],"collection":[{"href":"https:\/\/www.soyang-group.com\/fr\/wp-json\/wp\/v2\/product"}],"about":[{"href":"https:\/\/www.soyang-group.com\/fr\/wp-json\/wp\/v2\/types\/product"}],"version-history":[{"count":2,"href":"https:\/\/www.soyang-group.com\/fr\/wp-json\/wp\/v2\/product\/250\/revisions"}],"predecessor-version":[{"id":544,"href":"https:\/\/www.soyang-group.com\/fr\/wp-json\/wp\/v2\/product\/250\/revisions\/544"}],"wp:featuredmedia":[{"embeddable":true,"href":"https:\/\/www.soyang-group.com\/fr\/wp-json\/wp\/v2\/media\/543"}],"wp:attachment":[{"href":"https:\/\/www.soyang-group.com\/fr\/wp-json\/wp\/v2\/media?parent=250"}],"wp:term":[{"taxonomy":"product_cat","embeddable":true,"href":"https:\/\/www.soyang-group.com\/fr\/wp-json\/wp\/v2\/product_cat?post=250"},{"taxonomy":"product_tag","embeddable":true,"href":"https:\/\/www.soyang-group.com\/fr\/wp-json\/wp\/v2\/product_tag?post=250"}],"curies":[{"name":"wp","href":"https:\/\/api.w.org\/{rel}","templated":true}]}}