{"id":257,"date":"2024-12-12T13:06:21","date_gmt":"2024-12-12T05:06:21","guid":{"rendered":"https:\/\/shuangy.gg12.globaldeepsea.site\/?post_type=product&#038;p=257"},"modified":"2025-01-10T17:53:46","modified_gmt":"2025-01-10T09:53:46","slug":"cee-5-pin-16a-6h-plug","status":"publish","type":"product","link":"https:\/\/www.soyang-group.com\/fr\/product\/cee-5-pin-16a-6h-plug\/","title":{"rendered":"Plug de CEE 5-broche 16a 6h"},"content":{"rendered":"<p><strong>Aper\u00e7u<\/strong><\/p>\n<p><strong>D\u00e9tails rapides<\/strong><br \/>\nLieu d'origine: Zhejiang, Chine Nom de marque: Shuangyang<br \/>\nNum\u00e9ro de mod\u00e8le: GP55 Type: Plug<br \/>\nCoupure \u00e0 la terre: Tension nominale de mise \u00e0 la terre standard: 200 \/ 346-240 \/ 415V<br \/>\nCourant nominal: 16A Application: Industriel<br \/>\nCertification: CE Interface: 2p + e<br \/>\nIP:44<\/p>\n<p><strong>Capacit\u00e9 d'offre<\/strong><br \/>\nCapacit\u00e9 d'approvisionnement: 100000 pi\u00e8ces \/ pi\u00e8ces par mois<\/p>\n<p><strong>Emballage et livraison<\/strong><br \/>\nD\u00e9tails de l'emballage: Emballage d'exportation standard ou selon la demande du client<br \/>\nPort: Ningbo, Shanghai<br \/>\nD\u00e9lai: d\u00e9pendez de votre quantit\u00e9 de commande<\/p>\n<p>&nbsp;<\/p>\n<p><strong>D\u00e9tail Description du produit<\/strong><\/p>\n<p><strong>Description&amp;Features<\/strong><br \/>\nLieu d'origine: Zhejiang Chine (continentale)<br \/>\nNum\u00e9ro de mod\u00e8le: GP55<br \/>\nTerre \u00e0 la terre: mise \u00e0 la terre standard<br \/>\nTension nominale: 200 \/ 346-240 \/ 415V<br \/>\nCourant nominal: 16a-6H<br \/>\nApplication: bouche industrielle<br \/>\nImperm\u00e9able: IP44 Splash \u00e0 l'\u00e9preuve<br \/>\nPolonais: 3p + n + e<br \/>\nCouleur: rouge<br \/>\nCapacit\u00e9 d'approvisionnement: 5000000 pi\u00e8ces \/ pi\u00e8ces par mois<\/p>\n<p><strong>Sp\u00e9cification<\/strong><br \/>\nPackage: sac PP avec carte<br \/>\nQt\u00e9 \/ ctn: 100pcs<br \/>\nGW: 12kg<br \/>\nNW: 11kg<br \/>\nTaille du carton: 60x29x24,6 cm<br \/>\nQt\u00e9 \/ 20 ': 63 000 PCS<br \/>\nCertifications: CE, Rohs, Reach, HAPS<\/p>\n<p><strong>Voir<\/strong><br \/>\nZhejiang Shuangyang Group Co., Ltd s'en tient toujours \u00e0 la qualit\u00e9 et au service,<br \/>\nwe don\u2019t only supply high quality, but also pay attention to the protection of environment and Human being safety.<br \/>\nUninterruptedly improving the quality of human life is our final aim.<\/p>\n<p><img decoding=\"async\" src=\"https:\/\/sc01.alicdn.com\/kf\/HTB1XAGrIFXXXXX8XVXXq6xXFXXXD\/1942321\/HTB1XAGrIFXXXXX8XVXXq6xXFXXXD.jpg_.webp\" alt=\"\" \/><\/p>\n<p><strong>Gamme de produits<\/strong><\/p>\n<p><img decoding=\"async\" src=\"https:\/\/sc01.alicdn.com\/kf\/HTB1FM3uIFXXXXXxXVXXq6xXFXXXK\/1942321\/HTB1FM3uIFXXXXXxXVXXq6xXFXXXK.jpg_.webp\" alt=\"\" \/><\/p>\n<p>&nbsp;<\/p>\n<p><strong>Nos services<\/strong><\/p>\n<p>Exp\u00e9dition<\/p>\n<p><img decoding=\"async\" src=\"https:\/\/sc01.alicdn.com\/kf\/HTB19FIlJFXXXXXkXVXXq6xXFXXXv\/1942321\/HTB19FIlJFXXXXXkXVXXq6xXFXXXv.jpg_.webp\" alt=\"\" \/><\/p>\n<p>Nous pouvons accepter la compagnie maritime nomm\u00e9e ou le navire de r\u00e9servation pour le client, le suivi des conteneurs jusqu'\u00e0 ce que le client re\u00e7oive les marchandises<br \/>\nSi vous souhaitez en savoir plus, veuillez nous contacter sans h\u00e9siter.<\/p>\n<p><strong>FAQ\u00a0<\/strong><\/p>\n<p>Q1.Les vos produits impriment-ils le logo des invit\u00e9s?<\/p>\n<p>R: Oui, les clients fournissent le logo, nous pouvons imprimer sur le produit.<\/p>\n<p>&nbsp;<\/p>\n<p>Q2. Comment \u00e9tablir des relations commerciales de longue date entre nous?<\/p>\n<p>R: Nous offrons une qualit\u00e9 de produits de haute qualit\u00e9 et un prix tr\u00e8s comp\u00e9titif pour assurer le profit de nos clients.<\/p>\n<p>&nbsp;<\/p>\n<p>Q3. Quelles conditions d'exp\u00e9dition pouvons-nous choisir?<\/p>\n<p>R: Il y a par mer, par air, par livraison express pour vos options.<\/p>","protected":false},"excerpt":{"rendered":"<p>Franche industrielle 5pin 16A<\/p>\n<p>Capacit\u00e9 d'approvisionnement: 100000 pi\u00e8ces \/ pi\u00e8ces par mois<\/p>\n<p>D\u00e9tails de l'emballage: sac PE<br \/>\nPort:Ningbo\/Shanghai<br \/>\nD\u00e9lai de mise en \u0153uvre :<br \/>\nQuantit\u00e9 (pi\u00e8ces) 1 - 10000&gt; 10000<br \/>\nHNE. Temps (jours) 60 \u00e0 n\u00e9gocier<\/p>","protected":false},"featured_media":541,"template":"","meta":[],"product_cat":[24],"product_tag":[],"class_list":{"0":"post-257","1":"product","2":"type-product","3":"status-publish","4":"has-post-thumbnail","6":"product_cat-socketplug","8":"first","9":"instock","10":"shipping-taxable","11":"product-type-simple"},"_links":{"self":[{"href":"https:\/\/www.soyang-group.com\/fr\/wp-json\/wp\/v2\/product\/257","targetHints":{"allow":["GET"]}}],"collection":[{"href":"https:\/\/www.soyang-group.com\/fr\/wp-json\/wp\/v2\/product"}],"about":[{"href":"https:\/\/www.soyang-group.com\/fr\/wp-json\/wp\/v2\/types\/product"}],"version-history":[{"count":1,"href":"https:\/\/www.soyang-group.com\/fr\/wp-json\/wp\/v2\/product\/257\/revisions"}],"predecessor-version":[{"id":542,"href":"https:\/\/www.soyang-group.com\/fr\/wp-json\/wp\/v2\/product\/257\/revisions\/542"}],"wp:featuredmedia":[{"embeddable":true,"href":"https:\/\/www.soyang-group.com\/fr\/wp-json\/wp\/v2\/media\/541"}],"wp:attachment":[{"href":"https:\/\/www.soyang-group.com\/fr\/wp-json\/wp\/v2\/media?parent=257"}],"wp:term":[{"taxonomy":"product_cat","embeddable":true,"href":"https:\/\/www.soyang-group.com\/fr\/wp-json\/wp\/v2\/product_cat?post=257"},{"taxonomy":"product_tag","embeddable":true,"href":"https:\/\/www.soyang-group.com\/fr\/wp-json\/wp\/v2\/product_tag?post=257"}],"curies":[{"name":"wp","href":"https:\/\/api.w.org\/{rel}","templated":true}]}}