{"id":259,"date":"2024-12-12T13:08:15","date_gmt":"2024-12-12T05:08:15","guid":{"rendered":"https:\/\/shuangy.gg12.globaldeepsea.site\/?post_type=product&#038;p=259"},"modified":"2025-01-10T17:52:59","modified_gmt":"2025-01-10T09:52:59","slug":"industrial-socket","status":"publish","type":"product","link":"https:\/\/www.soyang-group.com\/fr\/product\/industrial-socket\/","title":{"rendered":"Douille industrielle"},"content":{"rendered":"<div class=\"fl-col-group fl-node-5ea1012f9e458\" data-node=\"5ea1012f9e458\">\n<div class=\"fl-col fl-node-5ea1012f9e87c\" data-node=\"5ea1012f9e87c\">\n<div class=\"fl-col-content fl-node-content\">\n<div class=\"fl-module fl-module-rich-text fl-node-5ea1012f9e180\" data-node=\"5ea1012f9e180\" data-animation-delay=\"0.0\">\n<div class=\"fl-module-content fl-node-content\">\n<div class=\"fl-rich-text\">\n<p><b>Informations de base<\/b><b><\/b><br \/>\nN \u00b0 de mod\u00e8le: Plug et socket de CEE industriel<br \/>\nNom de marque: Shuangyang<br \/>\nMat\u00e9riau de coquille: nylon et cuivre<br \/>\nUtilisation: Connectez-vous avec le c\u00e2ble<br \/>\nWarrant: 1 an<br \/>\nCertificat: CE, Rohs, Reach, HAPS<\/p>\n<\/div>\n<\/div>\n<\/div>\n<\/div>\n<\/div>\n<\/div>\n<div class=\"fl-col-group fl-node-5ea10128c6e2f\" data-node=\"5ea10128c6e2f\">\n<div class=\"fl-col fl-node-5ea10128c71e0\" data-node=\"5ea10128c71e0\">\n<div class=\"fl-col-content fl-node-content\">\n<div class=\"fl-module fl-module-rich-text fl-node-5ea10174f2dbe\" data-node=\"5ea10174f2dbe\" data-animation-delay=\"0.0\">\n<div class=\"fl-module-content fl-node-content\">\n<div class=\"fl-rich-text\">\n<p><b>D\u00e9tail du produit:<\/b><br \/>\n<b>\u00a0(1)<\/b><b>CEE 16A 6H<\/b><br \/>\nNum\u00e9ro de mod\u00e8le: EZ53<br \/>\nNom de marque: Shuangyang<br \/>\nUtilisation: CEE BOND<br \/>\nTerre \u00e0 la terre: mise \u00e0 la terre standard<br \/>\nTh\u00e9orie: industrie<br \/>\n<b>Description et fonctionnalit\u00e9s<\/b><b><\/b><br \/>\n1.Cartin: 200-250v AC<br \/>\n2. Courant nominal: 16A ~ 6H<br \/>\n3. Waerproof: IP44<br \/>\n4. Poles: 2p + e<br \/>\n5.color:blue<br \/>\n6. Capacit\u00e9 d'approvisionnement: 5000000 pi\u00e8ces \/ pi\u00e8ces par mois<br \/>\n<b><\/b><b>Sp\u00e9cification<\/b><br \/>\nPackage: sac PP avec carte<br \/>\nQt\u00e9 \/ ctn: 100pcs<br \/>\nGW: 15kg<br \/>\nNW: 14kg<br \/>\nTaille du carton: 75x29x26 cm<br \/>\nQt\u00e9 \/ 20 ': 47 700 PCS<br \/>\nCertifications: CE, Rohs, Reach, HAPS<br \/>\n<img decoding=\"async\" src=\"https:\/\/www.soyanggroup.com\/uploads\/693988eb.png\" alt=\"ccc\" \/><\/p>\n<\/div>\n<\/div>\n<\/div>\n<\/div>\n<\/div>\n<div class=\"fl-col fl-node-5ea10128c7236 fl-col-small\" data-node=\"5ea10128c7236\">\n<div class=\"fl-col-content fl-node-content\">\n<div class=\"fl-module fl-module-rich-text fl-node-5ea101f4d563e\" data-node=\"5ea101f4d563e\" data-animation-delay=\"0.0\">\n<div class=\"fl-module-content fl-node-content\">\n<div class=\"fl-rich-text\">\n<p><a class=\"fancybox\" href=\"https:\/\/www.soyanggroup.com\/uploads\/d9a4f57d.png\" target=\"_blank\" rel=\"noopener\"><img decoding=\"async\" src=\"https:\/\/www.soyanggroup.com\/uploads\/d9a4f57d.png\" alt=\"Socket industriel341\" \/><\/a><\/p>\n<\/div>\n<\/div>\n<\/div>\n<\/div>\n<\/div>\n<\/div>\n<div class=\"fl-col-group fl-node-5ea1026852090\" data-node=\"5ea1026852090\">\n<div class=\"fl-col fl-node-5ea1026852489\" data-node=\"5ea1026852489\">\n<div class=\"fl-col-content fl-node-content\">\n<div class=\"fl-module fl-module-rich-text fl-node-5ea1026c09741\" data-node=\"5ea1026c09741\" data-animation-delay=\"0.0\">\n<div class=\"fl-module-content fl-node-content\">\n<div class=\"fl-rich-text\">\n<p><b>(2) CEE 16A 6H\u00a0<\/b><b>douille<\/b><br \/>\n<b><\/b>Num\u00e9ro de mod\u00e8le: EZ54<br \/>\nNom de marque: Shuangyang<br \/>\nUtilisation: CEE BOND<br \/>\nTerre \u00e0 la terre: mise \u00e0 la terre standard<br \/>\nTh\u00e9orie: industrie<br \/>\n<b>Description et fonctionnalit\u00e9s<\/b><b><\/b><br \/>\n1. vol: 100-130V AC<br \/>\n2. Courant nominal: 16a ~ 4h<br \/>\n3. Waerproof: IP44<br \/>\n4. Poles: 2p + e<br \/>\n5.color:yellow<br \/>\n6. Capacit\u00e9 d'approvisionnement: 5000000 pi\u00e8ces \/ pi\u00e8ces par mois<br \/>\n<b>Sp\u00e9cification<\/b><br \/>\nPackage: sac PP avec carte<br \/>\nQt\u00e9 \/ ctn: 100pcs<br \/>\nGW: 15kg<br \/>\nNW: 14kg<br \/>\nTaille du carton: 75x29x26 cm<br \/>\nQt\u00e9 \/ 20 ': 47 700 PCS<br \/>\nCertifications: CE, Rohs, Reach, HAPS<br \/>\n<img decoding=\"async\" src=\"https:\/\/www.soyanggroup.com\/uploads\/693988eb.png\" alt=\"ccc\" \/><\/p>\n<\/div>\n<\/div>\n<\/div>\n<\/div>\n<\/div>\n<div class=\"fl-col fl-node-5ea10268524f6 fl-col-small\" data-node=\"5ea10268524f6\">\n<div class=\"fl-col-content fl-node-content\">\n<div class=\"fl-module fl-module-rich-text fl-node-5ea102e0f2ccb\" data-node=\"5ea102e0f2ccb\" data-animation-delay=\"0.0\">\n<div class=\"fl-module-content fl-node-content\">\n<div class=\"fl-rich-text\">\n<p><a class=\"fancybox\" href=\"https:\/\/www.soyanggroup.com\/uploads\/57ee1dc1.png\" target=\"_blank\" rel=\"noopener\"><img decoding=\"async\" src=\"https:\/\/www.soyanggroup.com\/uploads\/57ee1dc1.png\" alt=\"Socket industriel1163\" \/><\/a><\/p>\n<\/div>\n<\/div>\n<\/div>\n<\/div>\n<\/div>\n<\/div>\n<div class=\"fl-col-group fl-node-5ea102fe5d748\" data-node=\"5ea102fe5d748\">\n<div class=\"fl-col fl-node-5ea102fe5da3f\" data-node=\"5ea102fe5da3f\">\n<div class=\"fl-col-content fl-node-content\">\n<div class=\"fl-module fl-module-rich-text fl-node-5ea102fe5d574\" data-node=\"5ea102fe5d574\" data-animation-delay=\"0.0\">\n<div class=\"fl-module-content fl-node-content\">\n<div class=\"fl-rich-text\">\n<p><b>(3)CEE\u00a0<\/b><b>5-pin\u00a0<\/b><b>16a 6h\u00a0<\/b><b>douille<\/b><br \/>\n<b><\/b>Num\u00e9ro de mod\u00e8le: EZ55<br \/>\nNom de marque: Shuangyang<br \/>\nUtilisation: bouche CEE<br \/>\nTerre \u00e0 la terre: mise \u00e0 la terre standard<br \/>\nTh\u00e9orie: industrie<br \/>\n<b>Description et fonctionnalit\u00e9s<\/b><b><\/b><br \/>\n1. Voltage: 200\/346-240 \/ 415V AC<br \/>\n2. Courant nominal: 16A ~ 6H<br \/>\n3. Waerproof: IP44<br \/>\n4.poles: 3p + n + e<br \/>\n5.color:Red<br \/>\n6. Capacit\u00e9 d'approvisionnement: 5000000 pi\u00e8ces \/ pi\u00e8ces par mois<br \/>\n<b>Sp\u00e9cification<\/b><br \/>\nPackage: sac PP avec carte<br \/>\nQt\u00e9 \/ ctn: 100pcs<br \/>\nGW: 16kg<br \/>\nNW: 15kg<br \/>\nTaille du carton: 75x29x26 cm<br \/>\nQt\u00e9 \/ 20 ': 47 700 PCS<br \/>\nCertifications: CE, Rohs, Reach, HAPS<br \/>\n<img decoding=\"async\" src=\"https:\/\/www.soyanggroup.com\/uploads\/693988eb.png\" alt=\"ccc\" \/><\/p>\n<\/div>\n<\/div>\n<\/div>\n<\/div>\n<\/div>\n<div class=\"fl-col fl-node-5ea103ab2c643 fl-col-small\" data-node=\"5ea103ab2c643\">\n<div class=\"fl-col-content fl-node-content\">\n<div class=\"fl-module fl-module-rich-text fl-node-5ea103ab2bfc1\" data-node=\"5ea103ab2bfc1\" data-animation-delay=\"0.0\">\n<div class=\"fl-module-content fl-node-content\">\n<div class=\"fl-rich-text\">\n<p><a class=\"fancybox\" href=\"https:\/\/www.soyanggroup.com\/uploads\/000d6979.png\" target=\"_blank\" rel=\"noopener\"><img decoding=\"async\" src=\"https:\/\/www.soyanggroup.com\/uploads\/000d6979.png\" alt=\"Socket industriel1993\" \/><\/a><\/p>\n<\/div>\n<\/div>\n<\/div>\n<\/div>\n<\/div>\n<\/div>\n<div class=\"fl-col-group fl-node-5ea536c393e80\" data-node=\"5ea536c393e80\">\n<div class=\"fl-col fl-node-5ea536c39425e\" data-node=\"5ea536c39425e\">\n<div class=\"fl-col-content fl-node-content\">\n<div class=\"fl-module fl-module-rich-text fl-node-5ea536c393c70\" data-node=\"5ea536c393c70\" data-animation-delay=\"0.0\">\n<div class=\"fl-module-content fl-node-content\">\n<div class=\"fl-rich-text\">\n<p><b>\u00c9tapes de traitement:<\/b><\/p>\n<\/div>\n<\/div>\n<\/div>\n<\/div>\n<\/div>\n<\/div>\n<div class=\"fl-col-group fl-node-5ea10438dfe90\" data-node=\"5ea10438dfe90\">\n<div class=\"fl-col fl-node-5ea10438e02e5 fl-col-small\" data-node=\"5ea10438e02e5\">\n<div class=\"fl-col-content fl-node-content\">\n<div class=\"fl-module fl-module-rich-text fl-node-5ea1046d58be1\" data-node=\"5ea1046d58be1\" data-animation-delay=\"0.0\">\n<div class=\"fl-module-content fl-node-content\">\n<div class=\"fl-rich-text\">\n<p>M\u00e9moires razales (timersockets)<\/p>\n<p><img decoding=\"async\" src=\"https:\/\/www.soyanggroup.com\/uploads\/38a0b923.png\" alt=\"1\" \/><\/p>\n<\/div>\n<\/div>\n<\/div>\n<\/div>\n<\/div>\n<div class=\"fl-col fl-node-5ea10438e033d fl-col-small\" data-node=\"5ea10438e033d\">\n<div class=\"fl-col-content fl-node-content\">\n<div class=\"fl-module fl-module-rich-text fl-node-5ea1047d56ccc\" data-node=\"5ea1047d56ccc\" data-animation-delay=\"0.0\">\n<div class=\"fl-module-content fl-node-content\">\n<div class=\"fl-rich-text\">\n<p>injection<\/p>\n<p><img decoding=\"async\" src=\"https:\/\/www.soyanggroup.com\/uploads\/8d9d4c2f.png\" alt=\"2\" \/><\/p>\n<\/div>\n<\/div>\n<\/div>\n<\/div>\n<\/div>\n<div class=\"fl-col fl-node-5ea10438e038e fl-col-small\" data-node=\"5ea10438e038e\">\n<div class=\"fl-col-content fl-node-content\">\n<div class=\"fl-module fl-module-rich-text fl-node-5ea104b265427\" data-node=\"5ea104b265427\" data-animation-delay=\"0.0\">\n<div class=\"fl-module-content fl-node-content\">\n<div class=\"fl-rich-text\">\n<p>fascinant<\/p>\n<p><img decoding=\"async\" src=\"https:\/\/www.soyanggroup.com\/uploads\/7e4b5ce22.png\" alt=\"3\" \/><\/p>\n<\/div>\n<\/div>\n<\/div>\n<\/div>\n<\/div>\n<\/div>\n<div class=\"fl-col-group fl-node-5ea1043dae44c\" data-node=\"5ea1043dae44c\">\n<div class=\"fl-col fl-node-5ea1043dae8ae fl-col-small\" data-node=\"5ea1043dae8ae\">\n<div class=\"fl-col-content fl-node-content\">\n<div class=\"fl-module fl-module-rich-text fl-node-5ea104e2d9e57\" data-node=\"5ea104e2d9e57\" data-animation-delay=\"0.0\">\n<div class=\"fl-module-content fl-node-content\">\n<div class=\"fl-rich-text\">\n<p>assemblage<br \/>\n<img decoding=\"async\" src=\"https:\/\/www.soyanggroup.com\/uploads\/79a2f3e7.png\" alt=\"4\" \/><\/p>\n<\/div>\n<\/div>\n<\/div>\n<\/div>\n<\/div>\n<div class=\"fl-col fl-node-5ea1043dae903 fl-col-small\" data-node=\"5ea1043dae903\">\n<div class=\"fl-col-content fl-node-content\">\n<div class=\"fl-module fl-module-rich-text fl-node-5ea104ffd3975\" data-node=\"5ea104ffd3975\" data-animation-delay=\"0.0\">\n<div class=\"fl-module-content fl-node-content\">\n<div class=\"fl-rich-text\">\n<p>essai<br \/>\n<img decoding=\"async\" src=\"https:\/\/www.soyanggroup.com\/uploads\/7fbbce23.png\" alt=\"5\" \/><\/p>\n<\/div>\n<\/div>\n<\/div>\n<\/div>\n<\/div>\n<div class=\"fl-col fl-node-5ea1043dae953 fl-col-small\" data-node=\"5ea1043dae953\">\n<div class=\"fl-col-content fl-node-content\">\n<div class=\"fl-module fl-module-rich-text fl-node-5ea1051578e1b\" data-node=\"5ea1051578e1b\" data-animation-delay=\"0.0\">\n<div class=\"fl-module-content fl-node-content\">\n<div class=\"fl-rich-text\">\n<p>entrep\u00f4t<br \/>\n<img decoding=\"async\" src=\"https:\/\/www.soyanggroup.com\/uploads\/1c5a880f.png\" alt=\"6\" \/><\/p>\n<\/div>\n<\/div>\n<\/div>\n<\/div>\n<\/div>\n<\/div>\n<div class=\"fl-col-group fl-node-5ea103c700bbf\" data-node=\"5ea103c700bbf\">\n<div class=\"fl-col fl-node-5ea103c700ea5\" data-node=\"5ea103c700ea5\">\n<div class=\"fl-col-content fl-node-content\">\n<div class=\"fl-module fl-module-rich-text fl-node-5ea103c7009b3\" data-node=\"5ea103c7009b3\" data-animation-delay=\"0.0\">\n<div class=\"fl-module-content fl-node-content\">\n<div class=\"fl-rich-text\">\n<p><strong>Avantage<\/strong><\/p>\n<p>\u25cf Pi\u00e8ces de nom de marque<br \/>\n\u25cf Pays d'origine<br \/>\n\u25cf Distributeurs offerts<br \/>\n\u25cf Personnel exp\u00e9riment\u00e9<br \/>\n\u25cf Formez un<br \/>\n\u25cf Produit vert<br \/>\n\u25cf Garantie \/ Garantie<br \/>\n\u25cf Approbations internationales<br \/>\n\u25cf Emballage<br \/>\n\u25cf Prix<br \/>\n\u25cf Caract\u00e9ristiques du produit<br \/>\n\u25cf Performance du produit<br \/>\n\u25cf Livraison rapide<br \/>\n\u25cf Approbations de qualit\u00e9<br \/>\n\u25cf Reputation<br \/>\n\u25cf Service<br \/>\n\u25cf De petites commandes accept\u00e9es<br \/>\n\u25cf Service OEM et ODM fourni<br \/>\n\u25cf De haute qualit\u00e9<\/p>\n<p><b>Les produits similaires<\/b><\/p>\n<p><img decoding=\"async\" src=\"https:\/\/www.soyanggroup.com\/uploads\/7c8bcc9a.png\" alt=\"ggggg\" \/><\/p>\n<p><b>Packaging&amp;Payment&amp;Shippment<br \/>\n<\/b><b>D\u00e9tails de l'emballage:\u00a0<\/b><b>Sac PP avec carte<br \/>\n<\/b><b>Payment Method:Advance TT, T\/T, L\/C<br \/>\n<\/b><b>Delivery:30-45 days after received the deposite<br \/>\n<\/b><b>Port:Ningbo or Shanghai<\/b><\/p>\n<p><strong>Profil de l'entreprise:<\/strong><br \/>\n1. Type d'activit\u00e9: fabricant, soci\u00e9t\u00e9 commerciale<br \/>\n2. PRODUITS MAINTR\u00c9S: TIMERS SOCKETS, CABLE, ROBLES DE CABLE, \u00c9CLAIR<br \/>\n3. Total des employ\u00e9s: 501 - 1000 personnes<br \/>\n4. ans \u00e9tabli: 1994<br \/>\n5. Certification du syst\u00e8me de gestion: ISO9001, ISO14001, OHSAS18001<br \/>\n6. Pays \/ r\u00e9gion: Zhejiang, Chine<br \/>\n7.Parncement: propri\u00e9taire priv\u00e9<br \/>\n8. March\u00e9s principaux:<\/p>\n<p>Europe de l'Est 39.00%<br \/>\nEurope du Nord 30.00%<br \/>\nEurope occidentale 16.00%<br \/>\nMarch\u00e9 int\u00e9rieur: 7%<br \/>\nMid East: 5%<br \/>\nAm\u00e9rique du Sud: 3%<\/p>\n<p><strong>FAQ:<\/strong><br \/>\n1.Com de vos produits Imprimer le logo des invit\u00e9s?<br \/>\nOui, les clients fournissent le logo, nous pouvons imprimer sur le produit.<br \/>\n2.Quel audit de la responsabilit\u00e9 sociale avez-vous pass\u00e9?<br \/>\nOui, nous avons BSCI, Sedex.<br \/>\n3. Quels sont vos prix?<br \/>\nNos prix sont susceptibles de changer en fonction de l'offre et d'autres facteurs du march\u00e9. Nous vous enverrons et la liste des prix mise \u00e0 jour apr\u00e8s que votre Conmany nous contacte pour plus d'informations.<\/p>\n<\/div>\n<\/div>\n<\/div>\n<\/div>\n<\/div>\n<\/div>","protected":false},"excerpt":{"rendered":"<p>Connecteur d'alimentation industriel 2p + e<\/p>\n<p>IP44<\/p>","protected":false},"featured_media":539,"template":"","meta":[],"product_cat":[24],"product_tag":[],"class_list":{"0":"post-259","1":"product","2":"type-product","3":"status-publish","4":"has-post-thumbnail","6":"product_cat-socketplug","8":"first","9":"instock","10":"shipping-taxable","11":"product-type-simple"},"_links":{"self":[{"href":"https:\/\/www.soyang-group.com\/fr\/wp-json\/wp\/v2\/product\/259","targetHints":{"allow":["GET"]}}],"collection":[{"href":"https:\/\/www.soyang-group.com\/fr\/wp-json\/wp\/v2\/product"}],"about":[{"href":"https:\/\/www.soyang-group.com\/fr\/wp-json\/wp\/v2\/types\/product"}],"version-history":[{"count":1,"href":"https:\/\/www.soyang-group.com\/fr\/wp-json\/wp\/v2\/product\/259\/revisions"}],"predecessor-version":[{"id":540,"href":"https:\/\/www.soyang-group.com\/fr\/wp-json\/wp\/v2\/product\/259\/revisions\/540"}],"wp:featuredmedia":[{"embeddable":true,"href":"https:\/\/www.soyang-group.com\/fr\/wp-json\/wp\/v2\/media\/539"}],"wp:attachment":[{"href":"https:\/\/www.soyang-group.com\/fr\/wp-json\/wp\/v2\/media?parent=259"}],"wp:term":[{"taxonomy":"product_cat","embeddable":true,"href":"https:\/\/www.soyang-group.com\/fr\/wp-json\/wp\/v2\/product_cat?post=259"},{"taxonomy":"product_tag","embeddable":true,"href":"https:\/\/www.soyang-group.com\/fr\/wp-json\/wp\/v2\/product_tag?post=259"}],"curies":[{"name":"wp","href":"https:\/\/api.w.org\/{rel}","templated":true}]}}