{"id":266,"date":"2024-12-12T13:10:17","date_gmt":"2024-12-12T05:10:17","guid":{"rendered":"https:\/\/shuangy.gg12.globaldeepsea.site\/?post_type=product&#038;p=266"},"modified":"2024-12-12T13:10:17","modified_gmt":"2024-12-12T05:10:17","slug":"2-1a-usb-socket","status":"publish","type":"product","link":"https:\/\/www.soyang-group.com\/fr\/product\/2-1a-usb-socket\/","title":{"rendered":"2.1A POINTE USB"},"content":{"rendered":"<p><strong>Aper\u00e7u<\/strong><\/p>\n<p><strong>D\u00e9tails rapides<\/strong><br \/>\nPlace of Origin:Zhejiang, China<br \/>\nNom de marque: Soyang<br \/>\nNum\u00e9ro de mod\u00e8le: USB-D2<br \/>\nDC: 5V AC<br \/>\nMax:2.1A<br \/>\nCouleur: blanc<br \/>\nApplication: commutateur de minuterie<\/p>\n<p><strong>Capacit\u00e9 d'offre<\/strong><br \/>\nCapacit\u00e9 d'approvisionnement: 100000 pi\u00e8ces \/ pi\u00e8ces par mois<\/p>\n<p><strong>Emballage et livraison<\/strong><br \/>\nD\u00e9tails de l'emballage: Double blister, 10pcs \/ bo\u00eete int\u00e9rieure, 60pcs \/ carton ext\u00e9rieur<br \/>\nPort:Ningbo\/Shanghai<br \/>\nD\u00e9lai de mise en \u0153uvre :<br \/>\nQuantit\u00e9 (pi\u00e8ces) 1 - 10000&gt; 10000<br \/>\nHNE. Temps (jours) 60 \u00e0 n\u00e9gocier<\/p>\n<p>&nbsp;<\/p>\n<p><strong>D\u00e9tail Description du produit<\/strong><\/p>\n<p><strong>2.1A POINTE USB<\/strong><br \/>\nNum\u00e9ro de mod\u00e8le: USB-D2<br \/>\nVersion allemande<br \/>\nNom de marque: Shuangyang<br \/>\nUtilisation: prise de chargeur<br \/>\nTheory: Mechanical<br \/>\nDescription et fonctionnalit\u00e9s<br \/>\n1.Max: 2.1a<br \/>\n2.DC: 5V<br \/>\n3.La taille de l'unit\u00e9:<\/p>\n<p><a class=\"fancybox\" href=\"https:\/\/www.soyanggroup.com\/uploads\/125.jpg\" target=\"_blank\" rel=\"noopener\"><img decoding=\"async\" class=\"alignnone size-full wp-image-4344\" src=\"https:\/\/www.soyanggroup.com\/uploads\/125.jpg\" alt=\"1\" \/><\/a><\/p>\n<p>4. Capacit\u00e9 d'approvisionnement: 1000000 pi\u00e8ces \/ pi\u00e8ces par mois<br \/>\n5. Capacit\u00e9 disponible pour une autre conception: version de la geman, version du Danemark, version fran\u00e7aise<\/p>\n<p>&nbsp;<\/p>\n<p><strong>Sp\u00e9cification<\/strong><br \/>\nPackage: double blister<br \/>\nQt\u00e9 \/ bo\u00eete: 10pcs<br \/>\nQt\u00e9 \/ ctn: 60pcs<br \/>\nGW: 5,8 kg<br \/>\nNW: 4,8 kg<br \/>\nTaille du carton: 38 * 73 * 23cm<br \/>\nQt\u00e9 \/ 20 ': 23 040pcs<br \/>\nCERTIFICATIONS: GS, CE, ROHS, REACH, HAPHS<\/p>\n<p>&nbsp;<\/p>\n<p><strong>Sales point<\/strong><br \/>\n1.High quality<br \/>\n2.Favorable price<br \/>\n3.Great variety of products<br \/>\n4.Attractive design<br \/>\n5.Environment friendly technology<br \/>\n6.OEM and ODM service provided<\/p>\n<p>&nbsp;<\/p>\n<p><strong>Packaging&amp;Payment&amp;Shippment<\/strong><br \/>\nD\u00e9tails de l'emballage: bo\u00eete blanche<br \/>\nPayment Method:Advance TT, T\/T, L\/C<br \/>\nDelivery:30-45 days after received the deposite<br \/>\nPort:Ningbo or Shanghai<\/p>\n<p>&nbsp;<\/p>\n<p><strong>Our Services<\/strong><br \/>\n1. Once get your message, we will reply you in 24 hours<br \/>\n2. We have professional sales team to offer service for you<br \/>\n3. Offer 2 years as warranty time and after-sales service<\/p>\n<p>&nbsp;<\/p>\n<p><strong>Information de l'entreprise<\/strong><\/p>\n<p>Zhejiang Shuangyang Group Co.ltd. a \u00e9t\u00e9 cr\u00e9\u00e9 en 1986, est une entreprise priv\u00e9e, l'une des \u00e9toiles d'entreprise de Ningbo City en 1998, et approuv\u00e9e par ISO9001 \/ 14000\/18000. Nous avons situ\u00e9 \u00e0 Cixi, Ningbo City, qui n'est qu'\u00e0 une heure de Ningbo Harbor and Airport, et de deux heures \u00e0 Shanghai.<\/p>\n<p><a class=\"fancybox\" href=\"https:\/\/www.soyanggroup.com\/uploads\/11.jpg\" target=\"_blank\" rel=\"noopener\"><img decoding=\"async\" class=\"alignnone size-full wp-image-4014\" src=\"https:\/\/www.soyanggroup.com\/uploads\/11.jpg\" alt=\"\u00c4\u00da\u00d2\u00b3\u00d0\u00a7\u00b9\u00fb-1\" \/><\/a><br \/>\nJusqu'\u00e0 pr\u00e9sent, la capitale enregistr\u00e9e d\u00e9passe 16 millions d'USDollar. Notre surface de plancher est d'environ 120 000 m\u00b2 et la zone de construction est d'environ 85 000 m\u00b2. En 2018, notre virage total est de 80 millions d'USDollar. Nous avons dix personnes R&amp;D et plus de 100 QC pour garantir la qualit\u00e9, chaque ann\u00e9e, nous concevons et d\u00e9veloppons plus de dix nouveaux produits agissant en tant que fabricant principal.<\/p>\n<p>Nos principaux produits sont les minuteries, les prises, les c\u00e2bles flexibles, les cordons d'alimentation, les bouchons, les prises d'extension, les bobines de c\u00e2bles et les \u00e9clairages. Nous pouvons fournir de nombreux types de minuteries telles que les minuteries quotidiennes, les minuteries m\u00e9caniques et num\u00e9riques, compter les minuteries, les minuteries de l'industrie avec toutes sortes de prises. Nos march\u00e9s cibles sont le march\u00e9 europ\u00e9en et le march\u00e9 am\u00e9ricain. Nos produits approuv\u00e9s par CE, GS, D, N, S, NF, ETL, VDE, ROHS, Reach, PAHS, etc.<\/p>\n<p>Nous avons une bonne r\u00e9putation parmi nos clients. Nous nous concentrons toujours sur la protection de l'environnement et de l'\u00eatre humain. L'am\u00e9lioration de la qualit\u00e9 de vie est notre dernier objectif.<\/p>\n<p>Les cordons d'alimentation, les rallonges et les bobines de c\u00e2ble sont nos principales affaires, nous sommes le fabricant principal des commandes de promotion du march\u00e9 europ\u00e9en chaque ann\u00e9e. Nous sommes un fabricant Top One coop\u00e9rant avec VDE Global Service en Allemagne pour prot\u00e9ger la marque.<\/p>\n<p>Chaudeur chaleureusement pour coop\u00e9rer avec tous les clients pour le b\u00e9n\u00e9fice mutuel et le brillant avenir.<\/p>\n<p>&nbsp;<\/p>\n<p><strong>FAQ<\/strong><br \/>\nQ1. Pouvez-vous accepter un exemple de commande?<\/p>\n<p>R: Oui, bien s\u00fbr, nous acceptons un exemple de commande.<\/p>\n<p>&nbsp;<\/p>\n<p>Q2. Comment nous contracter?<\/p>\n<p>R: Vous pouvez nous envoyer du courrier ou appeler.<\/p>","protected":false},"excerpt":{"rendered":"<p>Home USB Charger Mini Plux de socket<br \/>\nLes appareils iOS et Android sont compatibles,<br \/>\nSoutenir deux appareils \u00e0 charger r\u00e9soudre le probl\u00e8me de la charge difficile<\/p>","protected":false},"featured_media":270,"template":"","meta":[],"product_cat":[24],"product_tag":[],"class_list":{"0":"post-266","1":"product","2":"type-product","3":"status-publish","4":"has-post-thumbnail","6":"product_cat-socketplug","8":"first","9":"instock","10":"shipping-taxable","11":"product-type-simple"},"_links":{"self":[{"href":"https:\/\/www.soyang-group.com\/fr\/wp-json\/wp\/v2\/product\/266","targetHints":{"allow":["GET"]}}],"collection":[{"href":"https:\/\/www.soyang-group.com\/fr\/wp-json\/wp\/v2\/product"}],"about":[{"href":"https:\/\/www.soyang-group.com\/fr\/wp-json\/wp\/v2\/types\/product"}],"version-history":[{"count":0,"href":"https:\/\/www.soyang-group.com\/fr\/wp-json\/wp\/v2\/product\/266\/revisions"}],"wp:featuredmedia":[{"embeddable":true,"href":"https:\/\/www.soyang-group.com\/fr\/wp-json\/wp\/v2\/media\/270"}],"wp:attachment":[{"href":"https:\/\/www.soyang-group.com\/fr\/wp-json\/wp\/v2\/media?parent=266"}],"wp:term":[{"taxonomy":"product_cat","embeddable":true,"href":"https:\/\/www.soyang-group.com\/fr\/wp-json\/wp\/v2\/product_cat?post=266"},{"taxonomy":"product_tag","embeddable":true,"href":"https:\/\/www.soyang-group.com\/fr\/wp-json\/wp\/v2\/product_tag?post=266"}],"curies":[{"name":"wp","href":"https:\/\/api.w.org\/{rel}","templated":true}]}}