{"id":278,"date":"2024-12-12T13:12:57","date_gmt":"2024-12-12T05:12:57","guid":{"rendered":"https:\/\/shuangy.gg12.globaldeepsea.site\/?post_type=product&#038;p=278"},"modified":"2024-12-12T13:12:57","modified_gmt":"2024-12-12T05:12:57","slug":"industry-extension-cord","status":"publish","type":"product","link":"https:\/\/www.soyang-group.com\/fr\/product\/industry-extension-cord\/","title":{"rendered":"Rallonge de l'industrie"},"content":{"rendered":"<p><strong>Aper\u00e7u<\/strong><br \/>\n<strong>D\u00e9tails rapides<\/strong><br \/>\nPlace of Origin:Zhejiang, China<br \/>\nNom de la marque: SY<br \/>\nNum\u00e9ro de mod\u00e8le: EZ54 \/ GP52<br \/>\nType: prise d'extension avec fiche de l'industrie<br \/>\nTerre \u00e0 la terre: mise \u00e0 la terre standard<br \/>\nTension nominale: 16A<br \/>\nCourant nominal: 250V<br \/>\nApplication: r\u00e9sidentiel \/ g\u00e9n\u00e9ral<br \/>\nCertification: CE, S<br \/>\nStyle de c\u00e2ble: c\u00e2ble en caoutchouc VDE<br \/>\nPreuve de l'eau: IP44<br \/>\nLongueur du c\u00e2ble: selon les clients<\/p>\n<p><a class=\"fancybox\" href=\"https:\/\/www.soyanggroup.com\/uploads\/135.jpg\" target=\"_blank\" rel=\"noopener\"><img fetchpriority=\"high\" decoding=\"async\" class=\"alignnone  wp-image-4903\" src=\"https:\/\/www.soyanggroup.com\/uploads\/135.jpg\" alt=\"13\" width=\"434\" height=\"298\" \/><\/a><\/p>\n<p><strong>Capacit\u00e9 d'offre<\/strong><br \/>\nCapacit\u00e9 d'approvisionnement: 500000 pi\u00e8ces \/ pi\u00e8ces par mois Extension multiples<\/p>\n<p><strong>Emballage et livraison<\/strong><br \/>\nD\u00e9tails de l'emballage: sac PE avec carte<br \/>\nPort: Ningbo<br \/>\nD\u00e9lai: 25 jours apr\u00e8s avoir re\u00e7u le d\u00e9p\u00f4t<\/p>\n<p>&nbsp;<\/p>\n<p><strong>Description et fonctionnalit\u00e9s<\/strong><br \/>\n1. Plug sur CEE:<br \/>\nTension: 100-130vac<br \/>\nCurrent: 16- 4h<br \/>\nPolonais: 2p + e<br \/>\nWater-proof:IP44<\/p>\n<p>2. CEE SOCKET:<br \/>\nTension: 100-130vac<br \/>\nCurrent: 16- 4h<br \/>\nPolonais: 2p + e<br \/>\nWater-proof:IP44<\/p>\n<p>3.color:yellow<\/p>\n<p>4. C\u00e2ble de correspondance comme suit: H05VV-F 3G1.5 \/ 2.5,<br \/>\nH05RR-F 3G1.5 \/ 2,5,<br \/>\nH07RN-F 3G1.5 \/ 2.5.<\/p>\n<p>5. La longueur du c\u00e2ble peut en fonction des exigences du client. Par exemple: 10m, 25m, 50m\u2026.<\/p>\n<p>6.An peut selon les exigences du client.<\/p>\n<p>7. Capacit\u00e9 d'approvisionnement: 9000000 m\u00e8tres \/ m\u00e8tres par mois<br \/>\n<strong>Sp\u00e9cification<\/strong><br \/>\nPackage: sac PE avec carte<br \/>\nCertifications: CE, Rohs, Reach, HAPS<\/p>\n<p><img decoding=\"async\" src=\"https:\/\/sc01.alicdn.com\/kf\/HTB1eXO6JFXXXXbAXFXXq6xXFXXX1\/1942321\/HTB1eXO6JFXXXXbAXFXXq6xXFXXX1.jpg\" alt=\"\" width=\"639\" height=\"469\" \/><br \/>\n<strong>Voir<\/strong><br \/>\nZhejiang Shuangyang Group Co., Ltd s'en tiens toujours \u00e0 la qualit\u00e9 et au service, nous ne fournissons pas seulement de haute qualit\u00e9,<br \/>\nmais pr\u00eatez \u00e9galement attention \u00e0 la protection de l'environnement et de l'\u00eatre humain.<br \/>\nUninterruptedly improving the quality of human life is our final aim.<\/p>\n<p><a class=\"fancybox\" href=\"https:\/\/www.soyanggroup.com\/uploads\/1211.jpg\" target=\"_blank\" rel=\"noopener\"><img decoding=\"async\" class=\"alignnone  wp-image-4900\" src=\"https:\/\/www.soyanggroup.com\/uploads\/1211.jpg\" alt=\"12\" width=\"269\" height=\"196\" \/><\/a>\u00a0 \u00a0<img loading=\"lazy\" decoding=\"async\" class=\"wp-image-4904 alignnone\" src=\"https:\/\/www.soyanggroup.com\/uploads\/1212.jpg\" alt=\"12\" width=\"301\" height=\"175\" \/><\/p>\n<p>&nbsp;<\/p>\n<p><strong>Avantage<\/strong><br \/>\n1. pi\u00e8ces de nom de brand<br \/>\n2.Country d'origine<br \/>\n3.Distributorats offerts<br \/>\n4. Personnel exp\u00e9riment\u00e9<br \/>\n5.Formais un<br \/>\n6. Produit<br \/>\n7.Guarantee\/Warranty<br \/>\n8. approbations internationales<br \/>\n9.Packaging<br \/>\n10.Price<br \/>\n11. fonctionnalit\u00e9s du produit<br \/>\n12. Performance du produit<br \/>\n13.PROMPT LIVRAISON<br \/>\n14.Particules de qualit\u00e9<br \/>\n15.Reputation<br \/>\n16.Service<br \/>\n17.<br \/>\nService 18.Oem et ODM fourni<br \/>\n19. haute qualit\u00e9<br \/>\n<strong>March\u00e9 populaire: europ\u00e9en<\/strong><strong><br \/>\n<\/strong><\/p>\n<p><img decoding=\"async\" src=\"https:\/\/sc01.alicdn.com\/kf\/HTB1.scCIFXXXXXVXpXXq6xXFXXX6\/1942321\/HTB1.scCIFXXXXXVXpXXq6xXFXXX6.jpg_.webp\" alt=\"\" \/><\/p>\n<p>&nbsp;<\/p>\n<p><strong>Contact<\/strong><br \/>\nNous r\u00e9pondrons \u00e0 votre e-mail ou \u00e0 votre fax dans les 24 heures<br \/>\nVous pouvez nous appeler \u00e0 tout moment s'il y a une question sur notre production<\/p>\n<p>&nbsp;<\/p>\n<p><strong>Exp\u00e9dition<\/strong><br \/>\nNous pouvons accepter la compagnie maritime nomm\u00e9e ou le navire de r\u00e9servation pour le client, le suivi des conteneurs jusqu'\u00e0 ce que le client re\u00e7oive les marchandises<\/p>\n<p><img decoding=\"async\" src=\"https:\/\/sc01.alicdn.com\/kf\/HTB19FIlJFXXXXXkXVXXq6xXFXXXv\/1942321\/HTB19FIlJFXXXXXkXVXXq6xXFXXXv.jpg_.webp\" alt=\"\" \/><br \/>\n<strong>Si vous souhaitez en savoir plus, veuillez nous contacter sans h\u00e9siter<\/strong><\/p>","protected":false},"excerpt":{"rendered":"<p>La longueur du c\u00e2ble peut en fonction des exigences du client.<br \/>\nPar exemple: 10m, 25m, 50m\u2026.<\/p>\n<p>Emballage et livraison<br \/>\nD\u00e9tails de l'emballage: sac PE<br \/>\nPort:Ningbo\/Shanghai<br \/>\nD\u00e9lai de mise en \u0153uvre :<br \/>\nQuantit\u00e9 (pi\u00e8ces) 1 - 10000&gt; 10000<br \/>\nHNE. Temps (jours) 60 \u00e0 n\u00e9gocier<\/p>","protected":false},"featured_media":279,"template":"","meta":[],"product_cat":[25],"product_tag":[],"class_list":{"0":"post-278","1":"product","2":"type-product","3":"status-publish","4":"has-post-thumbnail","6":"product_cat-extension-cord","8":"first","9":"instock","10":"shipping-taxable","11":"product-type-simple"},"_links":{"self":[{"href":"https:\/\/www.soyang-group.com\/fr\/wp-json\/wp\/v2\/product\/278","targetHints":{"allow":["GET"]}}],"collection":[{"href":"https:\/\/www.soyang-group.com\/fr\/wp-json\/wp\/v2\/product"}],"about":[{"href":"https:\/\/www.soyang-group.com\/fr\/wp-json\/wp\/v2\/types\/product"}],"version-history":[{"count":0,"href":"https:\/\/www.soyang-group.com\/fr\/wp-json\/wp\/v2\/product\/278\/revisions"}],"wp:featuredmedia":[{"embeddable":true,"href":"https:\/\/www.soyang-group.com\/fr\/wp-json\/wp\/v2\/media\/279"}],"wp:attachment":[{"href":"https:\/\/www.soyang-group.com\/fr\/wp-json\/wp\/v2\/media?parent=278"}],"wp:term":[{"taxonomy":"product_cat","embeddable":true,"href":"https:\/\/www.soyang-group.com\/fr\/wp-json\/wp\/v2\/product_cat?post=278"},{"taxonomy":"product_tag","embeddable":true,"href":"https:\/\/www.soyang-group.com\/fr\/wp-json\/wp\/v2\/product_tag?post=278"}],"curies":[{"name":"wp","href":"https:\/\/api.w.org\/{rel}","templated":true}]}}