{"id":281,"date":"2024-12-12T13:16:19","date_gmt":"2024-12-12T05:16:19","guid":{"rendered":"https:\/\/shuangy.gg12.globaldeepsea.site\/?post_type=product&#038;p=281"},"modified":"2024-12-12T13:16:20","modified_gmt":"2024-12-12T05:16:20","slug":"uk-indoor-extension-cord","status":"publish","type":"product","link":"https:\/\/www.soyang-group.com\/fr\/product\/uk-indoor-extension-cord\/","title":{"rendered":"Royaume-Uni en int\u00e9rieur"},"content":{"rendered":"<p><strong>Aper\u00e7u<\/strong><br \/>\n<strong>D\u00e9tails rapides<\/strong><br \/>\nPlace of Origin:Zhejiang, China<br \/>\nNom de la marque: Shunchi<br \/>\nNum\u00e9ro de mod\u00e8le: SY-28 \/ SY-CZ-28<br \/>\nType: rallonge<br \/>\nCertificat: CE Rohs atteint les HAP<\/p>\n<p><strong>Capacit\u00e9 d'offre<\/strong><br \/>\nCapacit\u00e9 d'approvisionnement: 9000000 m\u00e8tres \/ m\u00e8tres par mois<\/p>\n<p><strong>Emballage et livraison<\/strong><br \/>\nD\u00e9tails de l'emballage: sac PE avec carte<br \/>\nPort: Ningbo<br \/>\nD\u00e9lai: 25 jours apr\u00e8s avoir re\u00e7u le d\u00e9p\u00f4t<br \/>\nRandonn\u00e9e britannique<br \/>\n<strong>D\u00e9tail Description du produit<\/strong><br \/>\nPlace of Origin: Zhejiang China(Mainland)<br \/>\nBrand Name: Shuangyang<br \/>\nNum\u00e9ro de mod\u00e8le: SY-28 \/ SY-CZ-28<br \/>\nType: rallonge<br \/>\nApplication: appliance \u00e0 domicile<br \/>\n<strong>Voir<\/strong><br \/>\nZhejiang Shuangyang Group Co., Ltd s'en tiens toujours \u00e0 la qualit\u00e9 et au service, nous ne fournissons pas seulement de haute qualit\u00e9,<br \/>\nmais pr\u00eatez \u00e9galement attention \u00e0 la protection de l'environnement et de l'\u00eatre humain.<br \/>\nUninterruptedly improving the quality of human life is our final aim.<\/p>\n<p><img decoding=\"async\" src=\"https:\/\/sc01.alicdn.com\/kf\/He5ba632c74e44a68a587403dde671c5eH\/1942321\/He5ba632c74e44a68a587403dde671c5eH.png_.webp\" alt=\"\" \/><br \/>\n<strong>Description&amp;Features<\/strong><br \/>\n1. C\u00e2ble de correspondance comme suit: H05VV-F 3G1.0 \/ 1.5, H05RN-F 3G1.0, H05RR-F 3G1.0 \/ 1.5, H07RN-F 3G1.0 \/ 1.5.<br \/>\n2. La longueur du c\u00e2ble peut en fonction des exigences du client. Par exemple: 10m, 25m, 50m\u2026.<br \/>\n3.Paron en fonction de la n\u00e9cessit\u00e9 du client pour l'emballage.<br \/>\n<strong>March\u00e9 populaire: europ\u00e9en<\/strong><br \/>\n<strong><br \/>\n<\/strong><\/p>\n<p><img decoding=\"async\" src=\"https:\/\/sc01.alicdn.com\/kf\/HTB1.scCIFXXXXXVXpXXq6xXFXXX6\/1942321\/HTB1.scCIFXXXXXVXpXXq6xXFXXX6.jpg_.webp\" alt=\"\" \/><br \/>\n<strong>Contact<\/strong><br \/>\nNous r\u00e9pondrons \u00e0 votre e-mail ou \u00e0 votre fax dans les 24 heures<br \/>\nVous pouvez nous appeler \u00e0 tout moment s'il y a une question sur notre production<br \/>\n<strong>Exp\u00e9dition<\/strong><br \/>\nNous pouvons accepter la compagnie maritime nomm\u00e9e ou le navire de r\u00e9servation pour le client, le suivi des conteneurs jusqu'\u00e0 ce que le client re\u00e7oive les marchandises<\/p>\n<p><img decoding=\"async\" src=\"https:\/\/sc01.alicdn.com\/kf\/HTB19FIlJFXXXXXkXVXXq6xXFXXXv\/1942321\/HTB19FIlJFXXXXXkXVXXq6xXFXXXv.jpg_.webp\" alt=\"\" \/><br \/>\n<strong><br \/>\n<\/strong><\/p>\n<p><strong>FAQ<\/strong><\/p>\n<p>Q1. Quelles conditions d'exp\u00e9dition pouvons-nous choisir?<\/p>\n<p>R: Il y a par mer, par air, par livraison express pour vos options.<\/p>\n<p>&nbsp;<\/p>\n<p>Q2. Testez-vous tous les produits avant la livraison?<\/p>\n<p>R: Oui, nous testons 100% de produits avant la livraison, gardez les produits 100% fonctionnant normalement.<\/p>\n<p>Q3.Les vos produits impriment le logo des invit\u00e9s?<\/p>\n<p>R: Oui, les clients fournissent le logo, nous pouvons imprimer sur le produit.<\/p>","protected":false},"excerpt":{"rendered":"<p>IP20<br \/>\nLa longueur du c\u00e2ble peut en fonction des exigences du client.<br \/>\nVersion britannique<\/p>","protected":false},"featured_media":282,"template":"","meta":[],"product_cat":[25],"product_tag":[],"class_list":{"0":"post-281","1":"product","2":"type-product","3":"status-publish","4":"has-post-thumbnail","6":"product_cat-extension-cord","8":"first","9":"instock","10":"shipping-taxable","11":"product-type-simple"},"_links":{"self":[{"href":"https:\/\/www.soyang-group.com\/fr\/wp-json\/wp\/v2\/product\/281","targetHints":{"allow":["GET"]}}],"collection":[{"href":"https:\/\/www.soyang-group.com\/fr\/wp-json\/wp\/v2\/product"}],"about":[{"href":"https:\/\/www.soyang-group.com\/fr\/wp-json\/wp\/v2\/types\/product"}],"version-history":[{"count":0,"href":"https:\/\/www.soyang-group.com\/fr\/wp-json\/wp\/v2\/product\/281\/revisions"}],"wp:featuredmedia":[{"embeddable":true,"href":"https:\/\/www.soyang-group.com\/fr\/wp-json\/wp\/v2\/media\/282"}],"wp:attachment":[{"href":"https:\/\/www.soyang-group.com\/fr\/wp-json\/wp\/v2\/media?parent=281"}],"wp:term":[{"taxonomy":"product_cat","embeddable":true,"href":"https:\/\/www.soyang-group.com\/fr\/wp-json\/wp\/v2\/product_cat?post=281"},{"taxonomy":"product_tag","embeddable":true,"href":"https:\/\/www.soyang-group.com\/fr\/wp-json\/wp\/v2\/product_tag?post=281"}],"curies":[{"name":"wp","href":"https:\/\/api.w.org\/{rel}","templated":true}]}}