{"id":283,"date":"2024-12-12T13:18:03","date_gmt":"2024-12-12T05:18:03","guid":{"rendered":"https:\/\/shuangy.gg12.globaldeepsea.site\/?post_type=product&#038;p=283"},"modified":"2024-12-12T13:18:03","modified_gmt":"2024-12-12T05:18:03","slug":"rubber-extension-cord","status":"publish","type":"product","link":"https:\/\/www.soyang-group.com\/fr\/product\/rubber-extension-cord\/","title":{"rendered":"Rallonge en caoutchouc"},"content":{"rendered":"<div class=\"fl-col-group fl-node-5ea003d5f3f3d\" data-node=\"5ea003d5f3f3d\">\n<div class=\"fl-col fl-node-5ea003d5f41dc\" data-node=\"5ea003d5f41dc\">\n<div class=\"fl-col-content fl-node-content\">\n<div class=\"fl-module fl-module-rich-text fl-node-5ea003abc3c1e\" data-node=\"5ea003abc3c1e\" data-animation-delay=\"0.0\">\n<div class=\"fl-module-content fl-node-content\">\n<div class=\"fl-rich-text\">\n<p><b>Informations de base<\/b><br \/>\nN \u00b0 de mod\u00e8le: rallonge en caoutchouc<br \/>\nNom de marque: Shuangyang<br \/>\nMat\u00e9riau de coque: caoutchouc et cuivre<br \/>\nUtilisation: connexion de l'alimentation aux appareils \u00e9lectriques<br \/>\nWarrant: 1 an<br \/>\nCertificat: CE, GS, S, ROHS, Reach, HAPS<\/p>\n<\/div>\n<\/div>\n<\/div>\n<\/div>\n<\/div>\n<\/div>\n<div class=\"fl-col-group fl-node-5ea003f136eef\" data-node=\"5ea003f136eef\">\n<div class=\"fl-col fl-node-5ea003f1373e3 fl-col-small\" data-node=\"5ea003f1373e3\">\n<div class=\"fl-col-content fl-node-content\">\n<div class=\"fl-module fl-module-rich-text fl-node-5ea003fd57dd0\" data-node=\"5ea003fd57dd0\" data-animation-delay=\"0.0\">\n<div class=\"fl-module-content fl-node-content\">\n<div class=\"fl-rich-text\">\n<p><strong>D\u00e9tail du produit:<\/strong><br \/>\n<strong>(1) rallonge IP44<\/strong><br \/>\nNum\u00e9ro de mod\u00e8le: SY-11 \/ SY-CZ-05<br \/>\nBrandname: Shuangyang<br \/>\nUtilisation: connexion de l'alimentation aux appareils \u00e9lectriques<br \/>\nVersion allemande<\/p>\n<\/div>\n<\/div>\n<\/div>\n<\/div>\n<\/div>\n<div class=\"fl-col fl-node-5ea003f137446 fl-col-small\" data-node=\"5ea003f137446\">\n<div class=\"fl-col-content fl-node-content\">\n<div class=\"fl-module fl-module-rich-text fl-node-5ea004625e75c\" data-node=\"5ea004625e75c\" data-animation-delay=\"0.0\">\n<div class=\"fl-module-content fl-node-content\">\n<div class=\"fl-rich-text\">\n<p><img decoding=\"async\" src=\"https:\/\/www.soyanggroup.com\/uploads\/1b330689.png\" alt=\"Corbe \u00e0 extension en caoutchouc437\" \/><\/p>\n<\/div>\n<\/div>\n<\/div>\n<\/div>\n<\/div>\n<\/div>\n<div class=\"fl-col-group fl-node-5ea0046a2994e\" data-node=\"5ea0046a2994e\">\n<div class=\"fl-col fl-node-5ea0046a29d8c\" data-node=\"5ea0046a29d8c\">\n<div class=\"fl-col-content fl-node-content\">\n<div class=\"fl-module fl-module-rich-text fl-node-5ea0046a2976c\" data-node=\"5ea0046a2976c\" data-animation-delay=\"0.0\">\n<div class=\"fl-module-content fl-node-content\">\n<div class=\"fl-rich-text\">\n<p><b>Description et fonctionnalit\u00e9s<\/b><b><\/b><br \/>\n1.Maximum Power: 3 680W<br \/>\n2. Voltage: 250V AC<br \/>\n3. Fr\u00e9quence: 50Hz<br \/>\n4. Courant: 16A<br \/>\n5.Water-proof:IP44<br \/>\n6.color:black<br \/>\n7. C\u00e2ble de force comme suit: H05RN-F 3G0.75 \/ 1.0,<br \/>\nH05RR-F 3G0.75 \/ 1.0 \/ 1.5 \/ 2,5<br \/>\nH07RN-F 3G1.0 \/ 1.5 \/ 2,5<br \/>\nH07BQ-F 3G1.5 \/ 2.5,<br \/>\nAT-N05V3V3-F 3G1.0 \/ 1.5 \/ 2,5,<br \/>\nAT-N07V3V3-F 3G1.0 \/ 1.5 \/ 2.5<br \/>\n8. La longueur du c\u00e2ble peut en fonction des exigences du client. Par exemple: 10m, 25m, 50m\u2026.<br \/>\n9.Comp\u00e8de selon les exigences du client pour emballer.<br \/>\n10. Capacit\u00e9 d'approvisionnement: 9000000 m\u00e8tres \/ m\u00e8tres par mois<\/p>\n<\/div>\n<\/div>\n<\/div>\n<\/div>\n<\/div>\n<\/div>\n<div class=\"fl-col-group fl-node-5ea004ce07bad\" data-node=\"5ea004ce07bad\">\n<div class=\"fl-col fl-node-5ea004ce07ff2\" data-node=\"5ea004ce07ff2\">\n<div class=\"fl-col-content fl-node-content\">\n<div class=\"fl-module fl-module-rich-text fl-node-5ea004d293e12\" data-node=\"5ea004d293e12\" data-animation-delay=\"0.0\">\n<div class=\"fl-module-content fl-node-content\">\n<div class=\"fl-rich-text\">\n<p><strong>Sp\u00e9cification<\/strong><br \/>\nPackage: sac PE avec carte<br \/>\nCERTIFICATIONS: S, N, GS, CE, ROHS, RECH, PAHS<br \/>\n<a class=\"fancybox\" href=\"https:\/\/www.soyanggroup.com\/uploads\/ec478681.png\" target=\"_blank\" rel=\"noopener\"><img decoding=\"async\" src=\"https:\/\/www.soyanggroup.com\/uploads\/ec478681.png\" alt=\"1586507530(1)\" \/><\/a><\/p>\n<\/div>\n<\/div>\n<\/div>\n<\/div>\n<\/div>\n<\/div>\n<div class=\"fl-col-group fl-node-5ea0056ab4686\" data-node=\"5ea0056ab4686\">\n<div class=\"fl-col fl-node-5ea0056ab4a44\" data-node=\"5ea0056ab4a44\">\n<div class=\"fl-col-content fl-node-content\">\n<div class=\"fl-module fl-module-rich-text fl-node-5ea005701d614\" data-node=\"5ea005701d614\" data-animation-delay=\"0.0\">\n<div class=\"fl-module-content fl-node-content\">\n<div class=\"fl-rich-text\">\n<p><strong>(2) rallonge en caoutchouc<\/strong><br \/>\nNum\u00e9ro de mod\u00e8le: SY-11 \/ SY-CZ-12<br \/>\nNom de marque: Shuangyang<br \/>\nUtilisation: connexion de l'alimentation aux appareils \u00e9lectriques<br \/>\nVersion de la France<\/p>\n<\/div>\n<\/div>\n<\/div>\n<\/div>\n<\/div>\n<div class=\"fl-col fl-node-5ea0056ab4a9c fl-col-small\" data-node=\"5ea0056ab4a9c\">\n<div class=\"fl-col-content fl-node-content\">\n<div class=\"fl-module fl-module-rich-text fl-node-5ea00593df23c\" data-node=\"5ea00593df23c\" data-animation-delay=\"0.0\">\n<div class=\"fl-module-content fl-node-content\">\n<div class=\"fl-rich-text\">\n<p><a class=\"fancybox\" href=\"https:\/\/www.soyanggroup.com\/uploads\/f172a324.png\" target=\"_blank\" rel=\"noopener\"><img decoding=\"async\" src=\"https:\/\/www.soyanggroup.com\/uploads\/f172a324.png\" alt=\"Corbe \u00e0 extension en caoutchouc1589\" \/><\/a><\/p>\n<\/div>\n<\/div>\n<\/div>\n<\/div>\n<\/div>\n<\/div>\n<div class=\"fl-col-group fl-node-5ea005a88cbc4\" data-node=\"5ea005a88cbc4\">\n<div class=\"fl-col fl-node-5ea005a88cec8\" data-node=\"5ea005a88cec8\">\n<div class=\"fl-col-content fl-node-content\">\n<div class=\"fl-module fl-module-rich-text fl-node-5ea005a88c9b7\" data-node=\"5ea005a88c9b7\" data-animation-delay=\"0.0\">\n<div class=\"fl-module-content fl-node-content\">\n<div class=\"fl-rich-text\">\n<p><b>Description et fonctionnalit\u00e9s<\/b><b><\/b><br \/>\n1.Maximum Power: 3 680W<br \/>\n2. Voltage: 250V AC<br \/>\n3. Fr\u00e9quence: 50Hz<br \/>\n4. Courant: 16A<br \/>\n5.Water-proof:IP44<br \/>\n6.color:black<br \/>\n7. C\u00e2ble de force comme suit: H05RN-F 3G1.0,<br \/>\nH05RR-F 3G1.0 \/ 1.5,<br \/>\nH07RN-F 3G1.0 \/ 1.5 \/ 2.5.<br \/>\n8. La longueur du c\u00e2ble peut en fonction des exigences du client. Par exemple: 10m, 25m, 50m\u2026.<br \/>\n9.Comp\u00e8de selon les exigences du client pour emballer.<br \/>\n10. Capacit\u00e9 d'approvisionnement: 9000000 m\u00e8tres \/ m\u00e8tres par mois<\/p>\n<\/div>\n<\/div>\n<\/div>\n<\/div>\n<\/div>\n<\/div>\n<div class=\"fl-col-group fl-node-5ea0068282c8d\" data-node=\"5ea0068282c8d\">\n<div class=\"fl-col fl-node-5ea0068282f9a\" data-node=\"5ea0068282f9a\">\n<div class=\"fl-col-content fl-node-content\">\n<div class=\"fl-module fl-module-rich-text fl-node-5ea0068282aaa\" data-node=\"5ea0068282aaa\" data-animation-delay=\"0.0\">\n<div class=\"fl-module-content fl-node-content\">\n<div class=\"fl-rich-text\">\n<p><strong>Sp\u00e9cification<\/strong><br \/>\nPackage: sac PE avec carte<br \/>\nCERTIFICATIONS: NF, CE, ROHS, Reach, HAPS<br \/>\n<a class=\"fancybox\" href=\"https:\/\/www.soyanggroup.com\/uploads\/38a0b9233.png\" target=\"_blank\" rel=\"noopener\"><img decoding=\"async\" src=\"https:\/\/www.soyanggroup.com\/uploads\/38a0b9233.png\" alt=\"1\" \/><\/a><\/p>\n<\/div>\n<\/div>\n<\/div>\n<\/div>\n<\/div>\n<\/div>\n<div class=\"fl-col-group fl-node-5ea006eed09a3\" data-node=\"5ea006eed09a3\">\n<div class=\"fl-col fl-node-5ea006eed0e51\" data-node=\"5ea006eed0e51\">\n<div class=\"fl-col-content fl-node-content\">\n<div class=\"fl-module fl-module-rich-text fl-node-5ea0071df16fd\" data-node=\"5ea0071df16fd\" data-animation-delay=\"0.0\">\n<div class=\"fl-module-content fl-node-content\">\n<div class=\"fl-rich-text\">\n<p><strong>(3) rallonge IP44<\/strong><br \/>\nNum\u00e9ro de mod\u00e8le: SY-24 \/ SY-CZ-24<br \/>\nBrandname: Shuangyang<br \/>\nUtilisation: connexion de l'alimentation aux appareils \u00e9lectriques<br \/>\nVersion Danmark<\/p>\n<\/div>\n<\/div>\n<\/div>\n<\/div>\n<\/div>\n<div class=\"fl-col fl-node-5ea006eed0eba fl-col-small\" data-node=\"5ea006eed0eba\">\n<div class=\"fl-col-content fl-node-content\">\n<div class=\"fl-module fl-module-rich-text fl-node-5ea0076943955\" data-node=\"5ea0076943955\" data-animation-delay=\"0.0\">\n<div class=\"fl-module-content fl-node-content\">\n<div class=\"fl-rich-text\">\n<p><a class=\"fancybox\" href=\"https:\/\/www.soyanggroup.com\/uploads\/1df81614.png\" target=\"_blank\" rel=\"noopener\"><img decoding=\"async\" src=\"https:\/\/www.soyanggroup.com\/uploads\/1df81614.png\" alt=\"Corbe \u00e0 extension en caoutchouc2634\" \/><\/a><\/p>\n<\/div>\n<\/div>\n<\/div>\n<\/div>\n<\/div>\n<\/div>\n<div class=\"fl-col-group fl-node-5ea00773115c7\" data-node=\"5ea00773115c7\">\n<div class=\"fl-col fl-node-5ea007731192d\" data-node=\"5ea007731192d\">\n<div class=\"fl-col-content fl-node-content\">\n<div class=\"fl-module fl-module-rich-text fl-node-5ea00773113b5\" data-node=\"5ea00773113b5\" data-animation-delay=\"0.0\">\n<div class=\"fl-module-content fl-node-content\">\n<div class=\"fl-rich-text\">\n<p><b>Description et fonctionnalit\u00e9s<\/b><b><\/b><br \/>\n1.Maximum Power: 3 680W<br \/>\n2. Voltage: 250V AC<br \/>\n3. Fr\u00e9quence: 50Hz<br \/>\n4. Courant: 16A<br \/>\n5.Water-proof:IP44<br \/>\n6.color:black<br \/>\n7. C\u00e2ble de force comme suit: H05VV-F 3G1.0 \/ 1.5,<br \/>\nH05RN-F3G1.0,<br \/>\nH05RR-F3G1.0\/1.5,<br \/>\nH05RN-F3G1.0\/1.5<br \/>\n8. La longueur du c\u00e2ble peut en fonction des exigences du client. Par exemple: 10m, 25m, 50m\u2026.<br \/>\n9.Comp\u00e8de selon les exigences du client pour emballer.<br \/>\n10. Capacit\u00e9 d'approvisionnement: 9000000 m\u00e8tres \/ m\u00e8tres par mois<\/p>\n<\/div>\n<\/div>\n<\/div>\n<\/div>\n<\/div>\n<\/div>\n<div class=\"fl-col-group fl-node-5ea007cdd7117\" data-node=\"5ea007cdd7117\">\n<div class=\"fl-col fl-node-5ea007cdd74f5\" data-node=\"5ea007cdd74f5\">\n<div class=\"fl-col-content fl-node-content\">\n<div class=\"fl-module fl-module-rich-text fl-node-5ea007cdd6eae\" data-node=\"5ea007cdd6eae\" data-animation-delay=\"0.0\">\n<div class=\"fl-module-content fl-node-content\">\n<div class=\"fl-rich-text\">\n<p><strong>Sp\u00e9cification<\/strong><br \/>\nPackage: sac PE avec carte<br \/>\nCertifications: D, CE, Rohs, Reach, HAPS<br \/>\n<a class=\"fancybox\" href=\"https:\/\/www.soyanggroup.com\/uploads\/8e6e3e60.png\" target=\"_blank\" rel=\"noopener\"><img decoding=\"async\" class=\"alignnone size-full wp-image-1811\" src=\"https:\/\/www.soyanggroup.com\/uploads\/8e6e3e60.png\" alt=\"4fdhgf\" \/><\/a><img decoding=\"async\" class=\"alignnone size-full wp-image-1692\" src=\"https:\/\/www.soyanggroup.com\/uploads\/a19d8a12.png\" alt=\"111\" \/><\/p>\n<\/div>\n<\/div>\n<\/div>\n<\/div>\n<\/div>\n<\/div>\n<div class=\"fl-col-group fl-node-5ea0082a9afcd\" data-node=\"5ea0082a9afcd\">\n<div class=\"fl-col fl-node-5ea0082a9b43a fl-col-small\" data-node=\"5ea0082a9b43a\">\n<div class=\"fl-col-content fl-node-content\">\n<div class=\"fl-module fl-module-rich-text fl-node-5ea00837126b2\" data-node=\"5ea00837126b2\" data-animation-delay=\"0.0\">\n<div class=\"fl-module-content fl-node-content\">\n<div class=\"fl-rich-text\">\n<p><b>(4) deux fa\u00e7ons\u00a0<\/b><b>IP<\/b><b>44<\/b><b>\u00a0Rallonge \u00e9lectrique<\/b><br \/>\nNum\u00e9ro de mod\u00e8le: SY-11 \/ SY-CZ-42<br \/>\nBrandname: Shuangyang<br \/>\nUtilisation: connexion de l'alimentation aux appareils \u00e9lectriques<br \/>\nVersion allemande de deux fa\u00e7ons<\/p>\n<\/div>\n<\/div>\n<\/div>\n<\/div>\n<\/div>\n<div class=\"fl-col fl-node-5ea0082a9b49b fl-col-small\" data-node=\"5ea0082a9b49b\">\n<div class=\"fl-col-content fl-node-content\">\n<div class=\"fl-module fl-module-rich-text fl-node-5ea0086e739f3\" data-node=\"5ea0086e739f3\" data-animation-delay=\"0.0\">\n<div class=\"fl-module-content fl-node-content\">\n<div class=\"fl-rich-text\">\n<p><a class=\"fancybox\" href=\"https:\/\/www.soyanggroup.com\/uploads\/902dc7d2.png\" target=\"_blank\" rel=\"noopener\"><img decoding=\"async\" src=\"https:\/\/www.soyanggroup.com\/uploads\/902dc7d2.png\" alt=\"Corbe \u00e0 extension en caoutchouc3686\" \/><\/a><\/p>\n<\/div>\n<\/div>\n<\/div>\n<\/div>\n<\/div>\n<\/div>\n<div class=\"fl-col-group fl-node-5ea008813b52e\" data-node=\"5ea008813b52e\">\n<div class=\"fl-col fl-node-5ea008813b8ba\" data-node=\"5ea008813b8ba\">\n<div class=\"fl-col-content fl-node-content\">\n<div class=\"fl-module fl-module-rich-text fl-node-5ea008813b304\" data-node=\"5ea008813b304\" data-animation-delay=\"0.0\">\n<div class=\"fl-module-content fl-node-content\">\n<div class=\"fl-rich-text\">\n<p><b>Description et fonctionnalit\u00e9s<\/b><b><\/b><br \/>\n1.Maximum Power: 3 680W<br \/>\n2. Voltage: 250V AC<br \/>\n3. Fr\u00e9quence: 50Hz<br \/>\n4. Courant: 16A<br \/>\n5.Water-proof:IP44<br \/>\n6.color:black<br \/>\n7. C\u00e2ble de force comme suit: H05RR-F 3G1.5 \/ 2.5,<br \/>\nH07RN-F3G1.5 \/ 2.5,<br \/>\n8. La longueur du c\u00e2ble peut en fonction des exigences du client. Par exemple: 10m, 25m, 50m\u2026.<br \/>\n9.Comp\u00e8de selon les exigences du client pour emballer.<br \/>\n10. Capacit\u00e9 d'approvisionnement: 9000000 m\u00e8tres \/ m\u00e8tres par mois<\/p>\n<\/div>\n<\/div>\n<\/div>\n<\/div>\n<\/div>\n<\/div>\n<div class=\"fl-col-group fl-node-5ea008c4c604b\" data-node=\"5ea008c4c604b\">\n<div class=\"fl-col fl-node-5ea008c4c646a\" data-node=\"5ea008c4c646a\">\n<div class=\"fl-col-content fl-node-content\">\n<div class=\"fl-module fl-module-rich-text fl-node-5ea008c4c5e05\" data-node=\"5ea008c4c5e05\" data-animation-delay=\"0.0\">\n<div class=\"fl-module-content fl-node-content\">\n<div class=\"fl-rich-text\">\n<p><strong>Sp\u00e9cification<\/strong><br \/>\nPackage: sac PE avec carte<br \/>\nCERTIFICATIONS: S, GS, CE, ROHS, REACH, PAHS<br \/>\n<a class=\"fancybox\" href=\"https:\/\/www.soyanggroup.com\/uploads\/8d9d4c2f3.png\" target=\"_blank\" rel=\"noopener\"><img decoding=\"async\" src=\"https:\/\/www.soyanggroup.com\/uploads\/8d9d4c2f3.png\" alt=\"2\" \/><\/a><\/p>\n<\/div>\n<\/div>\n<\/div>\n<\/div>\n<\/div>\n<\/div>\n<div class=\"fl-col-group fl-node-5ea009dae76a7\" data-node=\"5ea009dae76a7\">\n<div class=\"fl-col fl-node-5ea009dae7bf4\" data-node=\"5ea009dae7bf4\">\n<div class=\"fl-col-content fl-node-content\">\n<div class=\"fl-module fl-module-rich-text fl-node-5ea00a1e8319d\" data-node=\"5ea00a1e8319d\" data-animation-delay=\"0.0\">\n<div class=\"fl-module-content fl-node-content\">\n<div class=\"fl-rich-text\">\n<h3><b>Flux de production<\/b><b>:<\/b><\/h3>\n<\/div>\n<\/div>\n<\/div>\n<\/div>\n<\/div>\n<\/div>\n<div class=\"fl-col-group fl-node-5ea00a007b71c\" data-node=\"5ea00a007b71c\">\n<div class=\"fl-col fl-node-5ea00a007bc1f fl-col-small\" data-node=\"5ea00a007bc1f\">\n<div class=\"fl-col-content fl-node-content\">\n<div class=\"fl-module fl-module-rich-text fl-node-5ea00a490312f\" data-node=\"5ea00a490312f\" data-animation-delay=\"0.0\">\n<div class=\"fl-module-content fl-node-content\">\n<div class=\"fl-rich-text\">\n<div data-node=\"5e9fbed61f05c\" data-animation-delay=\"0.0\">\n<div>\n<div>\n<p>Treuil (c\u00e2bles, rouleaux de c\u00e2ble)<\/p>\n<\/div>\n<\/div>\n<\/div>\n<div data-node=\"5e9fccd7af26e\" data-animation-delay=\"0.0\">\n<div>\n<div>\n<div><img decoding=\"async\" src=\"https:\/\/www.soyanggroup.com\/uploads\/60f9d174.png\" alt=\"ghgsssdf1\" \/><\/div>\n<\/div>\n<\/div>\n<\/div>\n<\/div>\n<\/div>\n<\/div>\n<\/div>\n<\/div>\n<div class=\"fl-col fl-node-5ea00a007bc79 fl-col-small\" data-node=\"5ea00a007bc79\">\n<div class=\"fl-col-content fl-node-content\">\n<div class=\"fl-module fl-module-rich-text fl-node-5ea00a58c4153\" data-node=\"5ea00a58c4153\" data-animation-delay=\"0.0\">\n<div class=\"fl-module-content fl-node-content\">\n<div class=\"fl-rich-text\">\n<div data-node=\"5e9fbf1740fb0\" data-animation-delay=\"0.0\">\n<div>\n<div>\n<p>Extrudage<\/p>\n<\/div>\n<\/div>\n<\/div>\n<div data-node=\"5e9fcd0852b28\" data-animation-delay=\"0.0\">\n<div>\n<div>\n<div><img decoding=\"async\" src=\"https:\/\/www.soyanggroup.com\/uploads\/24ee4d75.png\" alt=\"dfgshghg\" \/><\/div>\n<\/div>\n<\/div>\n<\/div>\n<\/div>\n<\/div>\n<\/div>\n<\/div>\n<\/div>\n<div class=\"fl-col fl-node-5ea00a007bccd fl-col-small\" data-node=\"5ea00a007bccd\">\n<div class=\"fl-col-content fl-node-content\">\n<div class=\"fl-module fl-module-rich-text fl-node-5ea00a6e1347e\" data-node=\"5ea00a6e1347e\" data-animation-delay=\"0.0\">\n<div class=\"fl-module-content fl-node-content\">\n<div class=\"fl-rich-text\">\n<div data-node=\"5e9fbf3f1e188\" data-animation-delay=\"0.0\">\n<div>\n<div>\n<p>Suspendu<\/p>\n<\/div>\n<\/div>\n<\/div>\n<div data-node=\"5e9fcd2e1e520\" data-animation-delay=\"0.0\">\n<div>\n<div>\n<div><img decoding=\"async\" src=\"https:\/\/www.soyanggroup.com\/uploads\/206e152b.png\" alt=\"adfdgagfddfgfh\" \/><\/div>\n<\/div>\n<\/div>\n<\/div>\n<\/div>\n<\/div>\n<\/div>\n<\/div>\n<\/div>\n<\/div>\n<div class=\"fl-col-group fl-node-5ea00a0604759\" data-node=\"5ea00a0604759\">\n<div class=\"fl-col fl-node-5ea00a0604c3a fl-col-small\" data-node=\"5ea00a0604c3a\">\n<div class=\"fl-col-content fl-node-content\">\n<div class=\"fl-module fl-module-rich-text fl-node-5ea00a8565aee\" data-node=\"5ea00a8565aee\" data-animation-delay=\"0.0\">\n<div class=\"fl-module-content fl-node-content\">\n<div class=\"fl-rich-text\">\n<div data-node=\"5e9fbf5d1cea7\" data-animation-delay=\"0.0\">\n<div>\n<div>\n<p>Fascinant<\/p>\n<\/div>\n<\/div>\n<\/div>\n<div data-node=\"5e9fcd50178d1\" data-animation-delay=\"0.0\">\n<div>\n<div>\n<div><img decoding=\"async\" src=\"https:\/\/www.soyanggroup.com\/uploads\/b1c754db.png\" alt=\"dsgfhghgfh\" \/><\/div>\n<\/div>\n<\/div>\n<\/div>\n<\/div>\n<\/div>\n<\/div>\n<\/div>\n<\/div>\n<div class=\"fl-col fl-node-5ea00a0604c95 fl-col-small\" data-node=\"5ea00a0604c95\">\n<div class=\"fl-col-content fl-node-content\">\n<div class=\"fl-module fl-module-rich-text fl-node-5ea00aa31c2d5\" data-node=\"5ea00aa31c2d5\" data-animation-delay=\"0.0\">\n<div class=\"fl-module-content fl-node-content\">\n<div class=\"fl-rich-text\">\n<div data-node=\"5e9fbf5549745\" data-animation-delay=\"0.0\">\n<div>\n<div>\n<p>Injection de bouche<\/p>\n<\/div>\n<\/div>\n<\/div>\n<div data-node=\"5e9fcd69139bc\" data-animation-delay=\"0.0\">\n<div>\n<div>\n<div><img decoding=\"async\" src=\"https:\/\/www.soyanggroup.com\/uploads\/69323a26.png\" alt=\"AFDFSDFDS\" \/><\/div>\n<\/div>\n<\/div>\n<\/div>\n<\/div>\n<\/div>\n<\/div>\n<\/div>\n<\/div>\n<div class=\"fl-col fl-node-5ea00a0604ce9 fl-col-small\" data-node=\"5ea00a0604ce9\">\n<div class=\"fl-col-content fl-node-content\">\n<div class=\"fl-module fl-module-rich-text fl-node-5ea00ab852770\" data-node=\"5ea00ab852770\" data-animation-delay=\"0.0\">\n<div class=\"fl-module-content fl-node-content\">\n<div class=\"fl-rich-text\">\n<div data-node=\"5e9fbf5a19e43\" data-animation-delay=\"0.0\">\n<div>\n<div>\n<p>Assemblage<\/p>\n<\/div>\n<\/div>\n<\/div>\n<div data-node=\"5e9fcd7a14001\" data-animation-delay=\"0.0\">\n<div>\n<div>\n<div><img decoding=\"async\" src=\"https:\/\/www.soyanggroup.com\/uploads\/f0374276.png\" alt=\"dgdfgdfh\" \/><\/div>\n<\/div>\n<\/div>\n<\/div>\n<\/div>\n<\/div>\n<\/div>\n<\/div>\n<\/div>\n<\/div>\n<div class=\"fl-col-group fl-node-5ea00a0e06883\" data-node=\"5ea00a0e06883\">\n<div class=\"fl-col fl-node-5ea00a0e06d8e fl-col-small\" data-node=\"5ea00a0e06d8e\">\n<div class=\"fl-col-content fl-node-content\">\n<div class=\"fl-module fl-module-rich-text fl-node-5ea00ad605348\" data-node=\"5ea00ad605348\" data-animation-delay=\"0.0\">\n<div class=\"fl-module-content fl-node-content\">\n<div class=\"fl-rich-text\">\n<div data-node=\"5e9fbf5b91d70\" data-animation-delay=\"0.0\">\n<div>\n<div>\n<p>Essai<\/p>\n<\/div>\n<\/div>\n<\/div>\n<div data-node=\"5e9fcd9359f7b\" data-animation-delay=\"0.0\">\n<div>\n<div>\n<div><img decoding=\"async\" src=\"https:\/\/www.soyanggroup.com\/uploads\/fb597fa3.png\" alt=\"adfagfg\" \/><\/div>\n<\/div>\n<\/div>\n<\/div>\n<\/div>\n<\/div>\n<\/div>\n<\/div>\n<\/div>\n<div class=\"fl-col fl-node-5ea00a0e06de9 fl-col-small\" data-node=\"5ea00a0e06de9\">\n<div class=\"fl-col-content fl-node-content\">\n<div class=\"fl-module fl-module-rich-text fl-node-5ea00af7c9ddc\" data-node=\"5ea00af7c9ddc\" data-animation-delay=\"0.0\">\n<div class=\"fl-module-content fl-node-content\">\n<div class=\"fl-rich-text\">\n<div data-node=\"5e9fbf588c875\" data-animation-delay=\"0.0\">\n<div>\n<div>\n<p>Conditionnement<\/p>\n<\/div>\n<\/div>\n<\/div>\n<div data-node=\"5e9fcda981a7a\" data-animation-delay=\"0.0\">\n<div>\n<div>\n<div><img decoding=\"async\" src=\"https:\/\/www.soyanggroup.com\/uploads\/b0d9a9c0.png\" alt=\"fdgdfgfdhgf\" \/><\/div>\n<\/div>\n<\/div>\n<\/div>\n<\/div>\n<\/div>\n<\/div>\n<\/div>\n<\/div>\n<div class=\"fl-col fl-node-5ea00a0e06e39 fl-col-small\" data-node=\"5ea00a0e06e39\">\n<div class=\"fl-col-content fl-node-content\">\n<div class=\"fl-module fl-module-rich-text fl-node-5ea00b178fb41\" data-node=\"5ea00b178fb41\" data-animation-delay=\"0.0\">\n<div class=\"fl-module-content fl-node-content\">\n<div class=\"fl-rich-text\">\n<div data-node=\"5e9fbf571ae6e\" data-animation-delay=\"0.0\">\n<div>\n<div>\n<p>Entrep\u00f4t<\/p>\n<\/div>\n<\/div>\n<\/div>\n<div data-node=\"5e9fcdba739ab\" data-animation-delay=\"0.0\">\n<div>\n<div>\n<div><img decoding=\"async\" src=\"https:\/\/www.soyanggroup.com\/uploads\/2497ad44.png\" alt=\"adfagdfsd\" \/><\/div>\n<\/div>\n<\/div>\n<\/div>\n<\/div>\n<\/div>\n<\/div>\n<\/div>\n<\/div>\n<\/div>\n<div class=\"fl-col-group fl-node-5ea0094753556\" data-node=\"5ea0094753556\">\n<div class=\"fl-col fl-node-5ea0094753901\" data-node=\"5ea0094753901\">\n<div class=\"fl-col-content fl-node-content\">\n<div class=\"fl-module fl-module-rich-text fl-node-5ea00947532de\" data-node=\"5ea00947532de\" data-animation-delay=\"0.0\">\n<div class=\"fl-module-content fl-node-content\">\n<div class=\"fl-rich-text\">\n<p><strong>Avantage<\/strong><\/p>\n<p>\u25cf Pi\u00e8ces de nom de marque<br \/>\n\u25cf Pays d'origine<br \/>\n\u25cf Distributeurs offerts<br \/>\n\u25cf Personnel exp\u00e9riment\u00e9<br \/>\n\u25cf Formez un<br \/>\n\u25cf Produit vert<br \/>\n\u25cf Garantie \/ Garantie<br \/>\n\u25cf Approbations internationales<br \/>\n\u25cf Emballage<br \/>\n\u25cf Prix<br \/>\n\u25cf Caract\u00e9ristiques du produit<br \/>\n\u25cf Performance du produit<br \/>\n\u25cf Livraison rapide<br \/>\n\u25cf Approbations de qualit\u00e9<br \/>\n\u25cf Reputation<br \/>\n\u25cf Service<br \/>\n\u25cf De petites commandes accept\u00e9es<br \/>\n\u25cf Service OEM et ODM fourni<br \/>\n\u25cf De haute qualit\u00e9<\/p>\n<\/div>\n<\/div>\n<\/div>\n<\/div>\n<\/div>\n<\/div>\n<div class=\"fl-col-group fl-node-5ea009f1bf22b\" data-node=\"5ea009f1bf22b\">\n<div class=\"fl-col fl-node-5ea009f1bf76e\" data-node=\"5ea009f1bf76e\">\n<div class=\"fl-col-content fl-node-content\">\n<div class=\"fl-module fl-module-rich-text fl-node-5ea009dae7416\" data-node=\"5ea009dae7416\" data-animation-delay=\"0.0\">\n<div class=\"fl-module-content fl-node-content\">\n<div class=\"fl-rich-text\">\n<p><strong>Les produits similaires<\/strong><\/p>\n<p><a class=\"fancybox\" href=\"https:\/\/www.soyanggroup.com\/uploads\/7e4b5ce23.png\" target=\"_blank\" rel=\"noopener\"><img decoding=\"async\" src=\"https:\/\/www.soyanggroup.com\/uploads\/7e4b5ce23.png\" alt=\"3\" \/><\/a><\/p>\n<\/div>\n<\/div>\n<\/div>\n<\/div>\n<\/div>\n<\/div>\n<div class=\"fl-col-group fl-node-5ea0097513ca8\" data-node=\"5ea0097513ca8\">\n<div class=\"fl-col fl-node-5ea0097514218\" data-node=\"5ea0097514218\">\n<div class=\"fl-col-content fl-node-content\">\n<div class=\"fl-module fl-module-rich-text fl-node-5ea009751399a\" data-node=\"5ea009751399a\" data-animation-delay=\"0.0\">\n<div class=\"fl-module-content fl-node-content\">\n<div class=\"fl-rich-text\">\n<p><strong>Packaging&amp;Payment&amp;Shippment<\/strong><br \/>\n<strong>D\u00e9tails de l'emballage: bo\u00eete de couleur<\/strong><br \/>\n<strong>Payment Method:Advance TT, T\/T, L\/C<\/strong><br \/>\n<strong>Delivery:30-45 days after received the deposite<\/strong><br \/>\n<strong>Port:Ningbo or Shanghai<\/strong><\/p>\n<p><strong>Profil de l'entreprise:<\/strong><br \/>\n1. Type d'activit\u00e9: fabricant, soci\u00e9t\u00e9 commerciale<br \/>\n2. PRODUITS MAINTR\u00c9S: TIMERS SOCKETS, CABLE, ROBLES DE CABLE, \u00c9CLAIR<br \/>\n3. Total des employ\u00e9s: 501 - 1000 personnes<br \/>\n4. ans \u00e9tabli: 1994<br \/>\n5. Certification du syst\u00e8me de gestion: ISO9001, ISO14001, OHSAS18001<br \/>\n6. Pays \/ r\u00e9gion: Zhejiang, Chine<br \/>\n7.Parncement: propri\u00e9taire priv\u00e9<br \/>\n8. March\u00e9s principaux:<\/p>\n<p>Europe de l'Est 39.00%<br \/>\nEurope du Nord 30.00%<br \/>\nEurope occidentale 16.00%<br \/>\nMarch\u00e9 int\u00e9rieur: 7%<br \/>\nMid East: 5%<br \/>\nAm\u00e9rique du Sud: 3%<\/p>\n<p><strong>FAQ:<\/strong><br \/>\n1.Com de vos produits Imprimer le logo des invit\u00e9s?<br \/>\nOui, les clients fournissent le logo, nous pouvons imprimer sur le produit.<br \/>\n2.Quel audit de la responsabilit\u00e9 sociale avez-vous pass\u00e9?<br \/>\nOui, nous avons BSCI, Sedex.<br \/>\n3. Quels sont vos prix?<br \/>\nNos prix sont susceptibles de changer en fonction de l'offre et d'autres facteurs du march\u00e9. Nous vous enverrons et la liste des prix mise \u00e0 jour apr\u00e8s que votre Conmany nous contacte pour plus d'informations.<\/p>\n<\/div>\n<\/div>\n<\/div>\n<\/div>\n<\/div>\n<\/div>","protected":false},"excerpt":{"rendered":"<p>Rallonge en caoutchouc<\/p>\n<p>IP44<\/p>\n<p>La longueur du c\u00e2ble peut en fonction des exigences du client.<\/p>\n<p>Par exemple: 10m, 25m, 50m\u2026.<\/p>","protected":false},"featured_media":284,"template":"","meta":[],"product_cat":[25],"product_tag":[],"class_list":{"0":"post-283","1":"product","2":"type-product","3":"status-publish","4":"has-post-thumbnail","6":"product_cat-extension-cord","8":"first","9":"instock","10":"shipping-taxable","11":"product-type-simple"},"_links":{"self":[{"href":"https:\/\/www.soyang-group.com\/fr\/wp-json\/wp\/v2\/product\/283","targetHints":{"allow":["GET"]}}],"collection":[{"href":"https:\/\/www.soyang-group.com\/fr\/wp-json\/wp\/v2\/product"}],"about":[{"href":"https:\/\/www.soyang-group.com\/fr\/wp-json\/wp\/v2\/types\/product"}],"version-history":[{"count":0,"href":"https:\/\/www.soyang-group.com\/fr\/wp-json\/wp\/v2\/product\/283\/revisions"}],"wp:featuredmedia":[{"embeddable":true,"href":"https:\/\/www.soyang-group.com\/fr\/wp-json\/wp\/v2\/media\/284"}],"wp:attachment":[{"href":"https:\/\/www.soyang-group.com\/fr\/wp-json\/wp\/v2\/media?parent=283"}],"wp:term":[{"taxonomy":"product_cat","embeddable":true,"href":"https:\/\/www.soyang-group.com\/fr\/wp-json\/wp\/v2\/product_cat?post=283"},{"taxonomy":"product_tag","embeddable":true,"href":"https:\/\/www.soyang-group.com\/fr\/wp-json\/wp\/v2\/product_tag?post=283"}],"curies":[{"name":"wp","href":"https:\/\/api.w.org\/{rel}","templated":true}]}}