{"id":285,"date":"2024-12-12T13:29:04","date_gmt":"2024-12-12T05:29:04","guid":{"rendered":"https:\/\/shuangy.gg12.globaldeepsea.site\/?post_type=product&#038;p=285"},"modified":"2024-12-12T13:29:04","modified_gmt":"2024-12-12T05:29:04","slug":"steel-plate-indoor-50m-cable-reel","status":"publish","type":"product","link":"https:\/\/www.soyang-group.com\/fr\/product\/steel-plate-indoor-50m-cable-reel\/","title":{"rendered":"Bobine de c\u00e2ble de 50 m de plaque en acier"},"content":{"rendered":"<p><strong>(1) Informations de base<\/strong><br \/>\nMod\u00e8le n \u00b0: bobine de c\u00e2ble 50m<br \/>\nNom de marque: Shuangyang<br \/>\nMat\u00e9riau de coque: PVC et cuivre<br \/>\nUtilisation: connexion de l'alimentation aux appareils \u00e9lectriques<br \/>\nWarrant: 1 an<\/p>\n<p><strong>(2) D\u00e9tail du produit:<\/strong><br \/>\nNum\u00e9ro de mod\u00e8le: xp17-d1<br \/>\nVersion allemande<\/p>\n<p><strong>Description et fonctionnalit\u00e9s<\/strong><br \/>\n1. volage: 230V AC<br \/>\n2.Fr\u00e9quence: 50Hz<br \/>\n3. Alimentation maximale: 1000W (enti\u00e8rement enroul\u00e9), 2300W (non r\u00e9alis\u00e9)<br \/>\nC\u00e2ble de correspondance: H05VV-F 3G1.0mm2 (max 40metters)<\/p>\n<p>MAX Class\u00e9 Power: 1000W (enti\u00e8rement enroul\u00e9), 3000W (non r\u00e9alis\u00e9)<br \/>\nC\u00e2ble de correspondance: H05VV-F 3G1.5mm2 (max 50metters)<\/p>\n<p><a class=\"fancybox\" href=\"https:\/\/www.soyanggroup.com\/uploads\/H05VV-F%E5%89%AF%E6%9C%AC.jpg\" target=\"_blank\" rel=\"noopener\"><img fetchpriority=\"high\" decoding=\"async\" class=\"alignnone  wp-image-4757\" src=\"https:\/\/www.soyanggroup.com\/uploads\/H05VV-F%E5%89%AF%E6%9C%AC.jpg\" alt=\"Copie H05VV-F\" width=\"443\" height=\"170\" \/><\/a><\/p>\n<p>4.color:black<br \/>\n5.Auter dia. (Mm): \u03c6280<br \/>\n6. S\u00e9curit\u00e9 thermique<br \/>\n7. La longueur du c\u00e2ble peut en fonction des exigences du client. Par exemple: 10m, 25m, 50m\u2026.<br \/>\n8.Comp\u00e8de en fonction des exigences du client \u00e0 l'emballage.<br \/>\n9. Capacit\u00e9 d'approvisionnement: 50000 pi\u00e8ces \/ pi\u00e8ces par mois Robin de c\u00e2ble<br \/>\n10. Capacit\u00e9 disponible pour une autre conception: version fran\u00e7aise, version du Danemark, version de l'Angleterre<\/p>\n<p><img decoding=\"async\" src=\"https:\/\/www.soyanggroup.com\/uploads\/614af031.png\" alt=\"\" \/><img decoding=\"async\" src=\"https:\/\/www.soyanggroup.com\/uploads\/3197aa1d.png\" alt=\"\" \/><img decoding=\"async\" src=\"https:\/\/www.soyanggroup.com\/uploads\/2d8fa21d.png\" alt=\"\" \/><\/p>\n<p>&nbsp;<\/p>\n<p><strong>Sp\u00e9cification<\/strong><br \/>\nPackage: 1pcs \/ bo\u00eete de couleur<br \/>\nTaille du carton: 29 * 21 * 37cm<br \/>\nCERTIFICATIONS: S, GS, CE, ROHS, REACH, PAHS<\/p>\n<p><a class=\"fancybox\" href=\"https:\/\/www.soyanggroup.com\/uploads\/2.png\" target=\"_blank\" rel=\"noopener\"><img decoding=\"async\" class=\"alignnone size-full wp-image-4430\" src=\"https:\/\/www.soyanggroup.com\/uploads\/2.png\" alt=\"2\" \/><\/a><\/p>\n<p>&nbsp;<\/p>\n<p><strong>Avantage<\/strong><br \/>\n1. pi\u00e8ces de nom de brand<br \/>\n2.Country d'origine<br \/>\n3.Distributorats offerts<br \/>\n4. Personnel exp\u00e9riment\u00e9<br \/>\n5.Formais un<br \/>\n6. Produit<br \/>\n7.Guarantee\/Warranty<br \/>\n8. approbations internationales<\/p>\n<p>&nbsp;<\/p>\n<p><strong>Infomation Comany<\/strong><\/p>\n<p><img decoding=\"async\" src=\"https:\/\/sc01.alicdn.com\/kf\/HTB1XAGrIFXXXXX8XVXXq6xXFXXXD\/1942321\/HTB1XAGrIFXXXXX8XVXXq6xXFXXXD.jpg_.webp\" alt=\"\" \/><\/p>\n<p><strong>March\u00e9 populaire<\/strong><\/p>\n<p><img decoding=\"async\" src=\"https:\/\/sc01.alicdn.com\/kf\/HTB1.scCIFXXXXXVXpXXq6xXFXXX6\/1942321\/HTB1.scCIFXXXXXVXpXXq6xXFXXX6.jpg_.webp\" alt=\"\" \/><\/p>\n<p>&nbsp;<\/p>\n<p><strong>FAQ<\/strong><\/p>\n<p>Q1. Pouvez-vous accepter un exemple de commande?<\/p>\n<p>R: Oui, bien s\u00fbr, nous acceptons un exemple de commande.<\/p>\n<p>&nbsp;<\/p>\n<p>Q2. Qu'en est-il des produits de temps de garantie et de garantie?<\/p>\n<p>R: La plupart des produits sont 2 ans, coupent les fils et prennent des photos.<\/p>\n<p>&nbsp;<\/p>\n<p>Q3. Comment \u00e9tablir des relations commerciales de longue date entre nous?<\/p>\n<p>R: Nous offrons une qualit\u00e9 de produits de haute qualit\u00e9 et un prix tr\u00e8s comp\u00e9titif pour assurer le profit de nos clients.<\/p>\n<p>&nbsp;<\/p>\n<p>Q4. Testez-vous tous les produits avant la livraison?<\/p>\n<p>R: Oui, nous testons 100% de produits avant la livraison, gardez les produits 100% fonctionnant normalement.<\/p>\n<p>&nbsp;<\/p>\n<p>Q5.Quel v\u00e9rification de la responsabilit\u00e9 sociale avez-vous pass\u00e9?<\/p>\n<p>R: Oui, nous avons BSCI, Sedex.<\/p>","protected":false},"excerpt":{"rendered":"<p>Reel de c\u00e2ble de 50 m en acier<br \/>\nLa longueur du c\u00e2ble peut en fonction des exigences du client.<br \/>\nPar exemple: 10m, 25m, 50m\u2026.<\/p>","protected":false},"featured_media":286,"template":"","meta":[],"product_cat":[26],"product_tag":[],"class_list":{"0":"post-285","1":"product","2":"type-product","3":"status-publish","4":"has-post-thumbnail","6":"product_cat-cable-reel","8":"first","9":"instock","10":"shipping-taxable","11":"product-type-simple"},"_links":{"self":[{"href":"https:\/\/www.soyang-group.com\/fr\/wp-json\/wp\/v2\/product\/285","targetHints":{"allow":["GET"]}}],"collection":[{"href":"https:\/\/www.soyang-group.com\/fr\/wp-json\/wp\/v2\/product"}],"about":[{"href":"https:\/\/www.soyang-group.com\/fr\/wp-json\/wp\/v2\/types\/product"}],"version-history":[{"count":0,"href":"https:\/\/www.soyang-group.com\/fr\/wp-json\/wp\/v2\/product\/285\/revisions"}],"wp:featuredmedia":[{"embeddable":true,"href":"https:\/\/www.soyang-group.com\/fr\/wp-json\/wp\/v2\/media\/286"}],"wp:attachment":[{"href":"https:\/\/www.soyang-group.com\/fr\/wp-json\/wp\/v2\/media?parent=285"}],"wp:term":[{"taxonomy":"product_cat","embeddable":true,"href":"https:\/\/www.soyang-group.com\/fr\/wp-json\/wp\/v2\/product_cat?post=285"},{"taxonomy":"product_tag","embeddable":true,"href":"https:\/\/www.soyang-group.com\/fr\/wp-json\/wp\/v2\/product_tag?post=285"}],"curies":[{"name":"wp","href":"https:\/\/api.w.org\/{rel}","templated":true}]}}