{"id":287,"date":"2024-12-12T13:31:12","date_gmt":"2024-12-12T05:31:12","guid":{"rendered":"https:\/\/shuangy.gg12.globaldeepsea.site\/?post_type=product&#038;p=287"},"modified":"2024-12-12T13:31:12","modified_gmt":"2024-12-12T05:31:12","slug":"industrial-equipment-ip44-european-cable-reel","status":"publish","type":"product","link":"https:\/\/www.soyang-group.com\/fr\/product\/industrial-equipment-ip44-european-cable-reel\/","title":{"rendered":"\u00c9quipement industriel IP44 Reel du c\u00e2ble europ\u00e9en"},"content":{"rendered":"<p><strong>Informations de base<\/strong><br \/>\nN \u00b0 de mod\u00e8le: bobine de c\u00e2ble de l'industrie<br \/>\nNom de marque: Shuangyang<br \/>\nMat\u00e9riau de coque: caoutchouc et cuivre<br \/>\nUtilisation: connexion de l'alimentation \u00e0 l'\u00e9lectricit\u00e9<br \/>\nappareils<br \/>\nWarrant: 1 an<br \/>\nCertificat: CE, GS, S, ROHS, Reach, HAPS<\/p>\n<p>&nbsp;<\/p>\n<p><strong>Industrie\u00a0<a title=\"Afficher tous les messages en bobine de c\u00e2ble\" href=\"https:\/\/www.soyanggroup.com\/cable-reel\/\" target=\"_blank\" rel=\"noopener\">Bobine de c\u00e2ble<\/a><\/strong><br \/>\nNum\u00e9ro de mod\u00e8le: XP03-SY6H<br \/>\nNom de marque: Shuangyang<br \/>\nUtilisation: connexion de l'alimentation aux appareils \u00e9lectriques<\/p>\n<p><strong>Description et fonctionnalit\u00e9s<\/strong><br \/>\n1. volage: 230V AC<br \/>\n2.Fr\u00e9quence: 50Hz<br \/>\n3.Water-proof:IP44<br \/>\n4. MAX Class\u00e9 Power: 720W (enti\u00e8rement enroul\u00e9), 3680W (non r\u00e9alis\u00e9)<br \/>\nC\u00e2ble de correspondance: H05VV-F 3G1.5mm2 (max 50metters)<br \/>\nH05RR-F 3G1.5 \/ H07RN-F 3G1.5mm2 (max 25metters)<\/p>\n<p>5.color:black<br \/>\n6. Dia. (Mm): \u03c6280<br \/>\n7. S\u00e9curit\u00e9 thermique<br \/>\n8. La longueur du c\u00e2ble peut en fonction des exigences du client. Par exemple: 10m, 25m, 50m\u2026.<br \/>\n9.Comp\u00e8de selon les exigences du client pour emballer.<br \/>\n10. Capacit\u00e9 d'approvisionnement: 50000 pi\u00e8ces \/ pi\u00e8ces par mois Robin de c\u00e2ble<\/p>\n<p>&nbsp;<\/p>\n<p><strong>Sp\u00e9cification<\/strong><br \/>\nPackage: 1pcs \/ bo\u00eete de couleur<br \/>\n2pcs \/ carton ext\u00e9rieur<br \/>\nTaille du carton: 46 * 31,5 * 40cm<br \/>\nCertifications: CE, Rohs, Reach, HAPS<\/p>\n<p><img decoding=\"async\" src=\"https:\/\/www.soyanggroup.com\/uploads\/38a0b92314.jpg\" alt=\"\" \/><\/p>\n<p>&nbsp;<\/p>\n<p><strong>Avantage<\/strong><br \/>\n1. pi\u00e8ces de nom de brand<br \/>\n2.Country d'origine<br \/>\n3.Distributorats offerts<br \/>\n4. Personnel exp\u00e9riment\u00e9<br \/>\n5.Formais un<br \/>\n6. Produit<br \/>\n7.Guarantee\/Warranty<br \/>\n8. approbations internationales<br \/>\n9.Packaging<br \/>\n10.Price<br \/>\n11. fonctionnalit\u00e9s du produit<br \/>\n12. Performance du produit<br \/>\n13.PROMPT LIVRAISON<br \/>\n14.Particules de qualit\u00e9<br \/>\n15.Reputation<br \/>\n16.Service<br \/>\n17.<br \/>\nService 18.Oem et ODM fourni<br \/>\n19. haute qualit\u00e9<\/p>\n<p>&nbsp;<\/p>\n<p>&nbsp;<\/p>\n<p><strong>Information de l'entreprise<\/strong><\/p>\n<p>Zhejiang Shuangyang Group Co.ltd. a \u00e9t\u00e9 cr\u00e9\u00e9 en 1986, est une entreprise priv\u00e9e, l'une des \u00e9toiles d'entreprise de Ningbo City en 1998, et approuv\u00e9e par ISO9001 \/ 14000\/18000. Nous avons situ\u00e9 \u00e0 Cixi, Ningbo City, qui n'est qu'\u00e0 une heure de Ningbo Harbor and Airport, et de deux heures \u00e0 Shanghai.<\/p>\n<p><img decoding=\"async\" src=\"https:\/\/sc01.alicdn.com\/kf\/He5ba632c74e44a68a587403dde671c5eH\/1942321\/He5ba632c74e44a68a587403dde671c5eH.png_.webp\" alt=\"\" \/><br \/>\nJusqu'\u00e0 pr\u00e9sent, la capitale enregistr\u00e9e d\u00e9passe 16 millions d'USDollar. Notre surface de plancher est d'environ 120 000 m\u00b2 et la zone de construction est d'environ 85 000 m\u00b2. En 2018, notre virage total est de 80 millions d'USDollar. Nous avons dix personnes R&amp;D et plus de 100 QC pour garantir la qualit\u00e9, chaque ann\u00e9e, nous concevons et d\u00e9veloppons plus de dix nouveaux produits agissant en tant que fabricant principal.<\/p>\n<p>Nos principaux produits sont les minuteries, les prises, les c\u00e2bles flexibles, les cordons d'alimentation, les bouchons, les prises d'extension, les bobines de c\u00e2bles et les \u00e9clairages. Nous pouvons fournir de nombreux types de minuteries telles que les minuteries quotidiennes, les minuteries m\u00e9caniques et num\u00e9riques, compter les minuteries, les minuteries de l'industrie avec toutes sortes de prises. Nos march\u00e9s cibles sont le march\u00e9 europ\u00e9en et le march\u00e9 am\u00e9ricain. Nos produits approuv\u00e9s par CE, GS, D, N, S, NF, ETL, VDE, ROHS, Reach, PAHS, etc.<\/p>\n<p>Nous avons une bonne r\u00e9putation parmi nos clients. Nous nous concentrons toujours sur la protection de l'environnement et de l'\u00eatre humain. L'am\u00e9lioration de la qualit\u00e9 de vie est notre dernier objectif.<\/p>\n<p>Les cordons d'alimentation, les rallonges et les bobines de c\u00e2ble sont nos principales affaires, nous sommes le fabricant principal des commandes de promotion du march\u00e9 europ\u00e9en chaque ann\u00e9e. Nous sommes un fabricant Top One coop\u00e9rant avec VDE Global Service en Allemagne pour prot\u00e9ger la marque.<\/p>\n<p>&nbsp;<\/p>\n<p><strong>Gammes de produits<\/strong><\/p>\n<p><img decoding=\"async\" src=\"https:\/\/sc02.alicdn.com\/kf\/HTB17nDwaFqZBuNjt_jqq6ymzpXa2\/1942321\/HTB17nDwaFqZBuNjt_jqq6ymzpXa2.jpg_.webp\" alt=\"\" \/><\/p>\n<p><strong>Approbations<\/strong><\/p>\n<p><img decoding=\"async\" src=\"https:\/\/sc01.alicdn.com\/kf\/HTB1mMxLgOQnBKNjSZFmq6AApVXab\/1942321\/HTB1mMxLgOQnBKNjSZFmq6AApVXab.jpg_.webp\" alt=\"\" \/><\/p>\n<p><strong>FAQ<\/strong><\/p>\n<p>Q1. Comment nous contracter?<\/p>\n<p>R: Vous pouvez nous envoyer du courrier ou appeler.<\/p>\n<p>&nbsp;<\/p>\n<p>Q2. Quelles sont vos conditions de paiement?<\/p>\n<p>A: T \/ T, L \/ C.<\/p>","protected":false},"excerpt":{"rendered":"<p>Bobine de c\u00e2ble de l'industrie IP44<br \/>\nLa longueur du c\u00e2ble peut en fonction des exigences du client.<br \/>\nPar exemple: 10m, 25m, 40m, 50m\u2026.<br \/>\n1000 pi\u00e8ces \/ pi\u00e8ces bobine de c\u00e2ble europ\u00e9en (commande min.)<\/p>","protected":false},"featured_media":288,"template":"","meta":[],"product_cat":[26],"product_tag":[],"class_list":{"0":"post-287","1":"product","2":"type-product","3":"status-publish","4":"has-post-thumbnail","6":"product_cat-cable-reel","8":"first","9":"instock","10":"shipping-taxable","11":"product-type-simple"},"_links":{"self":[{"href":"https:\/\/www.soyang-group.com\/fr\/wp-json\/wp\/v2\/product\/287","targetHints":{"allow":["GET"]}}],"collection":[{"href":"https:\/\/www.soyang-group.com\/fr\/wp-json\/wp\/v2\/product"}],"about":[{"href":"https:\/\/www.soyang-group.com\/fr\/wp-json\/wp\/v2\/types\/product"}],"version-history":[{"count":0,"href":"https:\/\/www.soyang-group.com\/fr\/wp-json\/wp\/v2\/product\/287\/revisions"}],"wp:featuredmedia":[{"embeddable":true,"href":"https:\/\/www.soyang-group.com\/fr\/wp-json\/wp\/v2\/media\/288"}],"wp:attachment":[{"href":"https:\/\/www.soyang-group.com\/fr\/wp-json\/wp\/v2\/media?parent=287"}],"wp:term":[{"taxonomy":"product_cat","embeddable":true,"href":"https:\/\/www.soyang-group.com\/fr\/wp-json\/wp\/v2\/product_cat?post=287"},{"taxonomy":"product_tag","embeddable":true,"href":"https:\/\/www.soyang-group.com\/fr\/wp-json\/wp\/v2\/product_tag?post=287"}],"curies":[{"name":"wp","href":"https:\/\/api.w.org\/{rel}","templated":true}]}}