{"id":289,"date":"2024-12-12T13:32:55","date_gmt":"2024-12-12T05:32:55","guid":{"rendered":"https:\/\/shuangy.gg12.globaldeepsea.site\/?post_type=product&#038;p=289"},"modified":"2025-01-10T17:52:13","modified_gmt":"2025-01-10T09:52:13","slug":"ce-retractable-waterproof-ip44-power-cable-reel","status":"publish","type":"product","link":"https:\/\/www.soyang-group.com\/fr\/product\/ce-retractable-waterproof-ip44-power-cable-reel\/","title":{"rendered":"REEL C\u00e2ble d'alimentation IP44 \u00e9tanche r\u00e9tractable CE"},"content":{"rendered":"<p><strong>Aper\u00e7u<\/strong><\/p>\n<p><strong>D\u00e9tails rapides<\/strong><br \/>\nLieu d'origine: Zhejiang, Chine Nom de marque: Shuangyang<br \/>\nNum\u00e9ro de mod\u00e8le: Type XP06-4D: Robine de c\u00e2ble, isol\u00e9<br \/>\nApplication: \u00e9quipement industriel IP: 44<br \/>\nCertification: CE GS Rohs Conductor Mat\u00e9riel: cuivre<br \/>\nMat\u00e9riau d'isolation: conducteur de caoutchouc Type: Boucl\u00e9<\/p>\n<p><strong>Capacit\u00e9 d'offre<\/strong><br \/>\nCapacit\u00e9 d'approvisionnement: 100000 pi\u00e8ces \/ pi\u00e8ces par mois<\/p>\n<p><strong>Emballage et livraison<\/strong><br \/>\nD\u00e9tails de l'emballage: Emballage d'exportation standard ou selon la demande du client<br \/>\nPort: Ningbo, Shanghai<br \/>\nD\u00e9lai: d\u00e9pendez de votre quantit\u00e9 de commande<\/p>\n<p>&nbsp;<\/p>\n<p><strong>D\u00e9tail Description du produit<\/strong><\/p>\n<p><strong>Bobine de c\u00e2ble en m\u00e9tal ext\u00e9rieur<\/strong><br \/>\nNum\u00e9ro de mod\u00e8le: xp16-nn<br \/>\nNom de marque: Shuangyang<br \/>\nUtilisation: connexion de l'alimentation aux appareils \u00e9lectriques<\/p>\n<p><strong>\u00a0Caract\u00e9ristiques:<\/strong><br \/>\n1. volage: 230V AC<br \/>\n2.Fr\u00e9quence: 50Hz<br \/>\n3.Water-proof:IP44<br \/>\n4. MAX Class\u00e9 Power: 1000W (enti\u00e8rement enroul\u00e9), 2300W (non r\u00e9alis\u00e9)<br \/>\nC\u00e2ble de correspondance: H05RR-F 3G1.0 \/ H05RN-F 3G1.0mm2 (max 40Meters)<br \/>\n5. MAX Class\u00e9 Power: 1000W (enti\u00e8rement enroul\u00e9), 3000W (non r\u00e9alis\u00e9)<br \/>\nC\u00e2ble de correspondance: H05RR-F 3G1.5 \/ H07RN-F 3G1.5mm2 (Max 50Meters)<br \/>\n6. MAX Class\u00e9 Power: 1200W (enti\u00e8rement enroul\u00e9), 3600W (non r\u00e9alis\u00e9)<br \/>\nC\u00e2ble de correspondance: H05RR-F 3G2.5 \/ H07RN-F 3G2.5mm2 (max 40Meters)<\/p>\n<p><a class=\"fancybox\" href=\"https:\/\/www.soyanggroup.com\/uploads\/315.jpg\" target=\"_blank\" rel=\"noopener\"><img decoding=\"async\" class=\"alignnone size-full wp-image-4446\" src=\"https:\/\/www.soyanggroup.com\/uploads\/315.jpg\" alt=\"3\" \/><\/a><\/p>\n<p>7.color:black<br \/>\n8.Auter dia. (Mm): \u03c6280<br \/>\n9. S\u00e9curit\u00e9 thermique<br \/>\n10. La longueur du c\u00e2ble peut en fonction des exigences du client. Par exemple: 10m, 25m, 50m\u2026.<br \/>\n11.Comp\u00e8de selon les exigences du client pour emballer.<br \/>\n12. Capacit\u00e9 d'approvisionnement: 50000 pi\u00e8ces \/ pi\u00e8ces par mois bobine de c\u00e2ble<br \/>\n13. Capacit\u00e9 disponible pour une autre conception: version fran\u00e7aise, version du Danemark<\/p>\n<p><a class=\"fancybox\" href=\"https:\/\/www.soyanggroup.com\/uploads\/121.png\" target=\"_blank\" rel=\"noopener\"><img decoding=\"async\" class=\"alignnone size-full wp-image-4447\" src=\"https:\/\/www.soyanggroup.com\/uploads\/121.png\" alt=\"12\" \/><\/a><a class=\"fancybox\" href=\"https:\/\/www.soyanggroup.com\/uploads\/1.png\" target=\"_blank\" rel=\"noopener\"><img decoding=\"async\" class=\"alignnone size-full wp-image-4429\" src=\"https:\/\/www.soyanggroup.com\/uploads\/1.png\" alt=\"1\" \/><\/a><\/p>\n<p>&nbsp;<\/p>\n<p><strong>Sp\u00e9cification<\/strong><br \/>\nPackage: 1pcs \/ bo\u00eete de couleur<br \/>\n2pcs \/ carton ext\u00e9rieur<br \/>\nTaille du carton: 44 * 31,5 * 44cm<br \/>\nCERTIFICATIONS: S, NF, GS, CE, ROHS, REACH, HAPS<\/p>\n<p><a class=\"fancybox\" href=\"https:\/\/www.soyanggroup.com\/uploads\/13.png\" target=\"_blank\" rel=\"noopener\"><img decoding=\"async\" class=\"alignnone size-full wp-image-4437\" src=\"https:\/\/www.soyanggroup.com\/uploads\/13.png\" alt=\"13\" \/><\/a><\/p>\n<p>&nbsp;<\/p>\n<p><strong>Profil de l'entreprise:<\/strong><br \/>\n1. Type d'activit\u00e9: fabricant, soci\u00e9t\u00e9 commerciale<br \/>\n2. PRODUITS MAINTR\u00c9S: TIMERS SOCKETS, CABLE, ROBLES DE CABLE, \u00c9CLAIR<br \/>\n3. Total des employ\u00e9s: 501 - 1000 personnes<br \/>\n4. ans \u00e9tabli: 1994<br \/>\n5. Certification du syst\u00e8me de gestion: ISO9001, ISO14001, OHSAS18001<br \/>\n6. Pays \/ r\u00e9gion: Zhejiang, Chine<br \/>\n7.Parncement: propri\u00e9taire priv\u00e9<br \/>\n8. March\u00e9s principaux: Europe de l'Est 39.00%<br \/>\nEurope du Nord 30.00%<br \/>\nEurope occidentale 16.00%<br \/>\nMarch\u00e9 int\u00e9rieur: 7%<br \/>\nMid East: 5%<br \/>\nAm\u00e9rique du Sud: 3%<\/p>\n<p>&nbsp;<\/p>\n<p><strong>Gammes de produits<\/strong><\/p>\n<p><img decoding=\"async\" src=\"https:\/\/sc02.alicdn.com\/kf\/HTB17nDwaFqZBuNjt_jqq6ymzpXa2\/1942321\/HTB17nDwaFqZBuNjt_jqq6ymzpXa2.jpg_.webp\" alt=\"\" \/><\/p>\n<p><strong>Approbations<\/strong><\/p>\n<p><img decoding=\"async\" src=\"https:\/\/sc01.alicdn.com\/kf\/HTB1mMxLgOQnBKNjSZFmq6AApVXab\/1942321\/HTB1mMxLgOQnBKNjSZFmq6AApVXab.jpg_.webp\" alt=\"\" \/><\/p>\n<p><strong>FAQ<\/strong><\/p>\n<p>Q1. Comment nous contracter?<\/p>\n<p>R: Vous pouvez nous envoyer du courrier ou appeler.<\/p>\n<p>&nbsp;<\/p>\n<p>Q2. Quelles sont vos conditions de paiement?<\/p>\n<p>A: T \/ T, L \/ C.<\/p>\n<p>&nbsp;<\/p>\n<p>Q3. Quelles conditions d'exp\u00e9dition pouvons-nous choisir?<\/p>\n<p>R: Il y a par mer, par air, par livraison express pour vos options.<br \/>\nQ4.Les vos produits impriment le logo des invit\u00e9s?<\/p>\n<p>R: Oui, les clients fournissent le logo, nous pouvons imprimer sur le produit.<\/p>","protected":false},"excerpt":{"rendered":"<p>Pr\u00e9sentation D\u00e9tails rapides Place d'origine: Zhejiang, Chine Nom de marque: Shuangyang Num\u00e9ro de mod\u00e8le: XP06-4D Type: Robile de c\u00e2ble, Application isol\u00e9e: \u00c9quipement industriel IP: 44 Certification: CE GS ROHS [\u2026]<\/p>","protected":false},"featured_media":537,"template":"","meta":[],"product_cat":[26],"product_tag":[],"class_list":{"0":"post-289","1":"product","2":"type-product","3":"status-publish","4":"has-post-thumbnail","6":"product_cat-cable-reel","8":"first","9":"instock","10":"shipping-taxable","11":"product-type-simple"},"_links":{"self":[{"href":"https:\/\/www.soyang-group.com\/fr\/wp-json\/wp\/v2\/product\/289","targetHints":{"allow":["GET"]}}],"collection":[{"href":"https:\/\/www.soyang-group.com\/fr\/wp-json\/wp\/v2\/product"}],"about":[{"href":"https:\/\/www.soyang-group.com\/fr\/wp-json\/wp\/v2\/types\/product"}],"version-history":[{"count":1,"href":"https:\/\/www.soyang-group.com\/fr\/wp-json\/wp\/v2\/product\/289\/revisions"}],"predecessor-version":[{"id":538,"href":"https:\/\/www.soyang-group.com\/fr\/wp-json\/wp\/v2\/product\/289\/revisions\/538"}],"wp:featuredmedia":[{"embeddable":true,"href":"https:\/\/www.soyang-group.com\/fr\/wp-json\/wp\/v2\/media\/537"}],"wp:attachment":[{"href":"https:\/\/www.soyang-group.com\/fr\/wp-json\/wp\/v2\/media?parent=289"}],"wp:term":[{"taxonomy":"product_cat","embeddable":true,"href":"https:\/\/www.soyang-group.com\/fr\/wp-json\/wp\/v2\/product_cat?post=289"},{"taxonomy":"product_tag","embeddable":true,"href":"https:\/\/www.soyang-group.com\/fr\/wp-json\/wp\/v2\/product_tag?post=289"}],"curies":[{"name":"wp","href":"https:\/\/api.w.org\/{rel}","templated":true}]}}