{"id":299,"date":"2024-12-12T13:46:58","date_gmt":"2024-12-12T05:46:58","guid":{"rendered":"https:\/\/shuangy.gg12.globaldeepsea.site\/?post_type=product&#038;p=299"},"modified":"2024-12-12T13:48:12","modified_gmt":"2024-12-12T05:48:12","slug":"hot-sale-cable-organizer","status":"publish","type":"product","link":"https:\/\/www.soyang-group.com\/fr\/product\/hot-sale-cable-organizer\/","title":{"rendered":"Organisateur de c\u00e2ble \u00e0 vente chaude"},"content":{"rendered":"<p><strong>(1) Informations de base<\/strong><br \/>\nN \u00b0 de mod\u00e8le: Organisateur de c\u00e2ble<br \/>\nNom de marque: Shuangyang<br \/>\nMat\u00e9riau de coque: PP<br \/>\nWarrant: 1 an<br \/>\nCertificat: Rohs, Reach, Haps<\/p>\n<p>&nbsp;<\/p>\n<p><strong>(2) D\u00e9tail du produit:<\/strong><br \/>\nNum\u00e9ro de mod\u00e8le: RXJ-02<br \/>\nNom de marque: Shuangyang<br \/>\nUtilisation: Rouler le c\u00e2ble<\/p>\n<p><strong>Description et fonctionnalit\u00e9s<\/strong><br \/>\n1. Imperm\u00e9able: IP44<br \/>\n2.color:blue<br \/>\n3. Taille unit\u00e9: 440x120x8,7 mm<\/p>\n<p><img decoding=\"async\" src=\"https:\/\/www.soyanggroup.com\/uploads\/c218d87a.png\" alt=\"\" \/><br \/>\n4. Capacit\u00e9 d'approvisionnement: 10 000 000 pi\u00e8ces \/ pi\u00e8ces par mois<\/p>\n<p><strong>Sp\u00e9cification<\/strong><br \/>\nPackage: \u00e9tiquette<br \/>\nQt\u00e9 \/ ctn: 100pcs<br \/>\nGW: 5,2 kg<br \/>\nNW: 4,8 kg<br \/>\nTaille du carton: 46x30x20 cm<br \/>\nQt\u00e9 \/ 20 ': 97 800 PCS<br \/>\nCertifications: Rohs, Reach, Haps<\/p>\n<p><img decoding=\"async\" src=\"https:\/\/www.soyanggroup.com\/uploads\/ff0edabc.png\" alt=\"\" \/><img decoding=\"async\" src=\"https:\/\/www.soyanggroup.com\/uploads\/1c7ddccc.png\" alt=\"\" \/><\/p>\n<p><strong>Our Services<\/strong><br \/>\n1. Once get your message, we will reply you in 24 hours<br \/>\n2. We have professional sales team to offer service for you<br \/>\n3. Offer 2 years as warranty time and after-sales service<\/p>\n<p>&nbsp;<\/p>\n<p>&nbsp;<\/p>\n<p><strong>Information de l'entreprise<\/strong><\/p>\n<p>Zhejiang Shuangyang Group Co.ltd. a \u00e9t\u00e9 cr\u00e9\u00e9 en 1986, est une entreprise priv\u00e9e, l'une des \u00e9toiles d'entreprise de Ningbo City en 1998, et approuv\u00e9e par ISO9001 \/ 14000\/18000. Nous avons situ\u00e9 \u00e0 Cixi, Ningbo City, qui n'est qu'\u00e0 une heure de Ningbo Harbor and Airport, et de deux heures \u00e0 Shanghai.<\/p>\n<p><img decoding=\"async\" src=\"https:\/\/sc01.alicdn.com\/kf\/He5ba632c74e44a68a587403dde671c5eH\/1942321\/He5ba632c74e44a68a587403dde671c5eH.png_.webp\" alt=\"\" \/><br \/>\nJusqu'\u00e0 pr\u00e9sent, la capitale enregistr\u00e9e d\u00e9passe 16 millions d'USDollar. Notre surface de plancher est d'environ 120 000 m\u00b2 et la zone de construction est d'environ 85 000 m\u00b2. En 2018, notre virage total est de 80 millions d'USDollar. Nous avons dix personnes R&amp;D et plus de 100 QC pour garantir la qualit\u00e9, chaque ann\u00e9e, nous concevons et d\u00e9veloppons plus de dix nouveaux produits agissant en tant que fabricant principal.<\/p>\n<p>Nos principaux produits sont les minuteries, les prises, les c\u00e2bles flexibles, les cordons d'alimentation, les bouchons, les prises d'extension, les bobines de c\u00e2bles et les \u00e9clairages. Nous pouvons fournir de nombreux types de minuteries telles que les minuteries quotidiennes, les minuteries m\u00e9caniques et num\u00e9riques, compter les minuteries, les minuteries de l'industrie avec toutes sortes de prises. Nos march\u00e9s cibles sont le march\u00e9 europ\u00e9en et le march\u00e9 am\u00e9ricain. Nos produits approuv\u00e9s par CE, GS, D, N, S, NF, ETL, VDE, ROHS, Reach, PAHS, etc.<\/p>\n<p>Nous avons une bonne r\u00e9putation parmi nos clients. Nous nous concentrons toujours sur la protection de l'environnement et de l'\u00eatre humain. L'am\u00e9lioration de la qualit\u00e9 de vie est notre dernier objectif.<\/p>\n<p>Les cordons d'alimentation, les rallonges et les bobines de c\u00e2ble sont nos principales affaires, nous sommes le fabricant principal des commandes de promotion du march\u00e9 europ\u00e9en chaque ann\u00e9e. Nous sommes un fabricant Top One coop\u00e9rant avec VDE Global Service en Allemagne pour prot\u00e9ger la marque.<\/p>\n<p>Chaudeur chaleureusement pour coop\u00e9rer avec tous les clients pour le b\u00e9n\u00e9fice mutuel et le brillant avenir.<\/p>\n<p>&nbsp;<\/p>\n<p><strong>FAQ<\/strong><\/p>\n<p>Q1. Quelles conditions d'exp\u00e9dition pouvons-nous choisir?<\/p>\n<p>R: Il y a par mer, par air, par livraison express pour vos options.<\/p>\n<p>&nbsp;<\/p>\n<p>Q2. Qu'en est-il des produits de temps de garantie et de garantie?<\/p>\n<p>R: La plupart des produits sont 2 ans, coupent les fils et prennent des photos.<\/p>\n<p>&nbsp;<\/p>\n<p>Q3. Quelles conditions d'exp\u00e9dition pouvons-nous choisir?<\/p>\n<p>R: Il y a par mer, par air, par livraison express pour vos options.<\/p>\n<p>&nbsp;<\/p>\n<p>Q4. Testez-vous tous les produits avant la livraison?<\/p>\n<p>R: Oui, nous testons 100% de produits avant la livraison, gardez les produits 100% fonctionnant normalement.<\/p>","protected":false},"excerpt":{"rendered":"<p>Pi\u00e8ces de rallonge d'extension en plastique<br \/>\nC\u00e2ble facile \u00e0 organiser,<br \/>\nFacile \u00e0 transporter et \u00e0 transporter<br \/>\nD\u00e9lai de mise en \u0153uvre :<br \/>\nQuantit\u00e9 (pi\u00e8ces) 1 - 10000&gt; 10000<br \/>\nHNE. Temps (jours) 60 \u00e0 n\u00e9gocier<\/p>","protected":false},"featured_media":300,"template":"","meta":[],"product_cat":[27],"product_tag":[],"class_list":{"0":"post-299","1":"product","2":"type-product","3":"status-publish","4":"has-post-thumbnail","6":"product_cat-cable-organizer","8":"first","9":"instock","10":"shipping-taxable","11":"product-type-simple"},"_links":{"self":[{"href":"https:\/\/www.soyang-group.com\/fr\/wp-json\/wp\/v2\/product\/299","targetHints":{"allow":["GET"]}}],"collection":[{"href":"https:\/\/www.soyang-group.com\/fr\/wp-json\/wp\/v2\/product"}],"about":[{"href":"https:\/\/www.soyang-group.com\/fr\/wp-json\/wp\/v2\/types\/product"}],"version-history":[{"count":0,"href":"https:\/\/www.soyang-group.com\/fr\/wp-json\/wp\/v2\/product\/299\/revisions"}],"wp:featuredmedia":[{"embeddable":true,"href":"https:\/\/www.soyang-group.com\/fr\/wp-json\/wp\/v2\/media\/300"}],"wp:attachment":[{"href":"https:\/\/www.soyang-group.com\/fr\/wp-json\/wp\/v2\/media?parent=299"}],"wp:term":[{"taxonomy":"product_cat","embeddable":true,"href":"https:\/\/www.soyang-group.com\/fr\/wp-json\/wp\/v2\/product_cat?post=299"},{"taxonomy":"product_tag","embeddable":true,"href":"https:\/\/www.soyang-group.com\/fr\/wp-json\/wp\/v2\/product_tag?post=299"}],"curies":[{"name":"wp","href":"https:\/\/api.w.org\/{rel}","templated":true}]}}