{"id":303,"date":"2024-12-12T13:52:00","date_gmt":"2024-12-12T05:52:00","guid":{"rendered":"https:\/\/shuangy.gg12.globaldeepsea.site\/?post_type=product&#038;p=303"},"modified":"2024-12-12T13:52:00","modified_gmt":"2024-12-12T05:52:00","slug":"3ways-extension-sockets","status":"publish","type":"product","link":"https:\/\/www.soyang-group.com\/fr\/product\/3ways-extension-sockets\/","title":{"rendered":"Sockets d'extension 3WAYS"},"content":{"rendered":"<p><strong>Aper\u00e7u<\/strong><\/p>\n<p><strong>D\u00e9tails rapides<\/strong><br \/>\nPlace of Origin:Zhejiang, China<br \/>\nNom de marque: Shuangyang<br \/>\nNum\u00e9ro de mod\u00e8le: TXB-3-D<br \/>\nType: socket d'extension<br \/>\nCertificat: S NF GS CE<\/p>\n<p><strong>Capacit\u00e9 d'offre<\/strong><br \/>\nCapacit\u00e9 d'approvisionnement: 9000000 m\u00e8tres \/ m\u00e8tres par mois<\/p>\n<p><strong>Emballage et livraison<\/strong><br \/>\nD\u00e9tails de l'emballage: sac PE avec \u00e9tiquette<br \/>\nPort: Ningbo<br \/>\nD\u00e9lai: 25 jours apr\u00e8s avoir re\u00e7u le d\u00e9p\u00f4t<br \/>\nRallonge en Allemagne<\/p>\n<p>&nbsp;<\/p>\n<p><strong>D\u00e9tail Description du produit<\/strong><\/p>\n<p><strong>Prises d'extension r\u00e9sidentielle<\/strong><br \/>\nNum\u00e9ro de mod\u00e8le: TXB-3-D<br \/>\nNom de marque: Shuangyang<br \/>\nTerre \u00e0 la terre: mise \u00e0 la terre standard<\/p>\n<p><strong>Description et fonctionnalit\u00e9s<\/strong><br \/>\n1. Voltage: 250V AC<br \/>\n2. Courant nominal: 16A<br \/>\n3. Imperm\u00e9trique: IP44<br \/>\n4. Avec la protection de la protection de l'enfant<br \/>\n5.Colore: noir<br \/>\n6. C\u00e2ble correspondant comme suit: H05RN-F 3G1.0<br \/>\nH05RR-F 3G1.5<br \/>\nH07RN-F 3G1.0 \/ 1.5 \/ 2,5<br \/>\n7. La longueur du c\u00e2ble peut en fonction des exigences du client. Par exemple: 10m, 25m, 50m\u2026.<br \/>\n8.Comp\u00e8de en fonction des exigences du client \u00e0 l'emballage.<br \/>\n9. Capacit\u00e9 d'approvisionnement: 5000000 pi\u00e8ces \/ pi\u00e8ces par mois<br \/>\n10. Capacit\u00e9 disponible pour une autre conception: version fran\u00e7aise, version allemande<\/p>\n<p><img decoding=\"async\" src=\"https:\/\/www.soyanggroup.com\/uploads\/dc719d6c.png\" alt=\"\" \/><img decoding=\"async\" src=\"https:\/\/www.soyanggroup.com\/uploads\/d4047062.png\" alt=\"\" \/><\/p>\n<p><strong>Sp\u00e9cification<\/strong><br \/>\nPackage: sac PP avec carte<br \/>\nCERTIFICATIONS: S, GS, CE, ROHS, REACH, PAHS<\/p>\n<p><img decoding=\"async\" src=\"https:\/\/www.soyanggroup.com\/uploads\/38a0b92314.jpg\" alt=\"\" \/><\/p>\n<p>&nbsp;<\/p>\n<p><strong>Information de l'entreprise<\/strong><\/p>\n<p>Zhejiang Shuangyang Group Co.ltd. a \u00e9t\u00e9 cr\u00e9\u00e9 en 1986, est une entreprise priv\u00e9e, l'une des \u00e9toiles d'entreprise de Ningbo City en 1998, et approuv\u00e9e par ISO9001 \/ 14000\/18000. Nous avons situ\u00e9 \u00e0 Cixi, Ningbo City, qui n'est qu'\u00e0 une heure de Ningbo Harbor and Airport, et de deux heures \u00e0 Shanghai.<\/p>\n<p><img decoding=\"async\" src=\"https:\/\/sc01.alicdn.com\/kf\/He5ba632c74e44a68a587403dde671c5eH\/1942321\/He5ba632c74e44a68a587403dde671c5eH.png_.webp\" alt=\"\" \/><br \/>\nJusqu'\u00e0 pr\u00e9sent, la capitale enregistr\u00e9e d\u00e9passe 16 millions d'USDollar. Notre surface de plancher est d'environ 120 000 m\u00b2 et la zone de construction est d'environ 85 000 m\u00b2. En 2018, notre virage total est de 80 millions d'USDollar. Nous avons dix personnes R&amp;D et plus de 100 QC pour garantir la qualit\u00e9, chaque ann\u00e9e, nous concevons et d\u00e9veloppons plus de dix nouveaux produits agissant en tant que fabricant principal.<\/p>\n<p>Nos principaux produits sont les minuteries, les prises, les c\u00e2bles flexibles, les cordons d'alimentation, les bouchons, les prises d'extension, les bobines de c\u00e2bles et les \u00e9clairages. Nous pouvons fournir de nombreux types de minuteries telles que les minuteries quotidiennes, les minuteries m\u00e9caniques et num\u00e9riques, compter les minuteries, les minuteries de l'industrie avec toutes sortes de prises. Nos march\u00e9s cibles sont le march\u00e9 europ\u00e9en et le march\u00e9 am\u00e9ricain. Nos produits approuv\u00e9s par CE, GS, D, N, S, NF, ETL, VDE, ROHS, Reach, PAHS, etc.<\/p>\n<p>Nous avons une bonne r\u00e9putation parmi nos clients. Nous nous concentrons toujours sur la protection de l'environnement et de l'\u00eatre humain. L'am\u00e9lioration de la qualit\u00e9 de vie est notre dernier objectif.<\/p>\n<p>Les cordons d'alimentation, les rallonges et les bobines de c\u00e2ble sont nos principales affaires, nous sommes le fabricant principal des commandes de promotion du march\u00e9 europ\u00e9en chaque ann\u00e9e. Nous sommes un fabricant Top One coop\u00e9rant avec VDE Global Service en Allemagne pour prot\u00e9ger la marque.<\/p>\n<p>Chaudeur chaleureusement pour coop\u00e9rer avec tous les clients pour le b\u00e9n\u00e9fice mutuel et le brillant avenir.<\/p>\n<p>&nbsp;<\/p>\n<p><strong>FAQ<\/strong><\/p>\n<p>Q1. Qu'en est-il des produits de temps de garantie et de garantie?<\/p>\n<p>R: La plupart des produits sont 2 ans, coupent les fils et prennent des photos.<\/p>\n<p>&nbsp;<\/p>\n<p>Q2. Quelles sont vos conditions de paiement?<\/p>\n<p>A: T \/ T, L \/ C.<\/p>\n<p>&nbsp;<\/p>\n<p>Q3. Testez-vous tous les produits avant la livraison?<\/p>\n<p>R: Oui, nous testons 100% de produits avant la livraison, gardez les produits 100% fonctionnant normalement.<\/p>\n<p>&nbsp;<\/p>\n<p>Q4.Quel audit de la responsabilit\u00e9 sociale avez-vous pass\u00e9?<\/p>\n<p>R: Oui, nous avons BSCI, Sedex.<\/p>","protected":false},"excerpt":{"rendered":"<p>1.Courage: H05RN-F 3G1.0, H05RR-F 3G1.0 \/ 1.5, H07RN-F 3G1.0 \/ 1.5.<br \/>\n2. La longueur du c\u00e2ble peut en fonction des exigences du client. Par exemple: 1m, 3m, 10m\u2026.<br \/>\n3.Par en fonction du client pour l'emballage<\/p>\n<p>D\u00e9lai de mise en \u0153uvre :<br \/>\nQuantit\u00e9 (pi\u00e8ces) 1 - 10000&gt; 10000<br \/>\nHNE. Temps (jours) 60 \u00e0 n\u00e9gocier<\/p>","protected":false},"featured_media":304,"template":"","meta":[],"product_cat":[29],"product_tag":[],"class_list":{"0":"post-303","1":"product","2":"type-product","3":"status-publish","4":"has-post-thumbnail","6":"product_cat-extension-sockets","8":"first","9":"instock","10":"shipping-taxable","11":"product-type-simple"},"_links":{"self":[{"href":"https:\/\/www.soyang-group.com\/fr\/wp-json\/wp\/v2\/product\/303","targetHints":{"allow":["GET"]}}],"collection":[{"href":"https:\/\/www.soyang-group.com\/fr\/wp-json\/wp\/v2\/product"}],"about":[{"href":"https:\/\/www.soyang-group.com\/fr\/wp-json\/wp\/v2\/types\/product"}],"version-history":[{"count":0,"href":"https:\/\/www.soyang-group.com\/fr\/wp-json\/wp\/v2\/product\/303\/revisions"}],"wp:featuredmedia":[{"embeddable":true,"href":"https:\/\/www.soyang-group.com\/fr\/wp-json\/wp\/v2\/media\/304"}],"wp:attachment":[{"href":"https:\/\/www.soyang-group.com\/fr\/wp-json\/wp\/v2\/media?parent=303"}],"wp:term":[{"taxonomy":"product_cat","embeddable":true,"href":"https:\/\/www.soyang-group.com\/fr\/wp-json\/wp\/v2\/product_cat?post=303"},{"taxonomy":"product_tag","embeddable":true,"href":"https:\/\/www.soyang-group.com\/fr\/wp-json\/wp\/v2\/product_tag?post=303"}],"curies":[{"name":"wp","href":"https:\/\/api.w.org\/{rel}","templated":true}]}}