{"id":305,"date":"2024-12-12T13:53:58","date_gmt":"2024-12-12T05:53:58","guid":{"rendered":"https:\/\/shuangy.gg12.globaldeepsea.site\/?post_type=product&#038;p=305"},"modified":"2024-12-12T13:53:58","modified_gmt":"2024-12-12T05:53:58","slug":"ip44-garden-sockets","status":"publish","type":"product","link":"https:\/\/www.soyang-group.com\/fr\/product\/ip44-garden-sockets\/","title":{"rendered":"Sockets de jardin IP44"},"content":{"rendered":"<p><strong>1) Informations de base<\/strong><br \/>\nMod\u00e8le no.: Sockets de jardin<br \/>\nNom de marque: Shuangyang<br \/>\nMat\u00e9riau: caoutchouc et cuivre<br \/>\nUtilisation: connexion de l'alimentation aux appareils \u00e9lectriques<br \/>\nWarrant: 1 an<br \/>\nCertificat: CE, GS, S, ROHS, Reach, HAPS<\/p>\n<p>&nbsp;<\/p>\n<p><strong>(2) D\u00e9tail du produit:<\/strong><br \/>\nSockets de jardin IP44<br \/>\nNum\u00e9ro de mod\u00e8le: SYH05-D<br \/>\nSockets \u00e0 2 voies avec minuterie 24h \/ 24 \u00e0 l'arri\u00e8re<br \/>\nNom de marque: Shuangyang<br \/>\nUtilisation: connexion de l'alimentation aux appareils \u00e9lectriques<br \/>\nVersion allemande<\/p>\n<p><strong>Description et fonctionnalit\u00e9s<\/strong><br \/>\n1.Maximum Power: 3 680W<br \/>\n2. Voltage: 250V AC<br \/>\n3. Fr\u00e9quence: 50Hz<br \/>\n4. Courant: 16A<br \/>\n5.Water-proof:IP44<br \/>\n6.color:black<br \/>\n7. C\u00e2ble de force comme suit: H05RR-F 3G1.5<br \/>\nH07RN-F 3G1.5 \/ 2.5<br \/>\n8. La longueur du c\u00e2ble peut en fonction des exigences du client. Par exemple: 10m, 25m, 50m\u2026.<br \/>\n9.Comp\u00e8de selon les exigences du client pour emballer.<br \/>\n10. Capacit\u00e9 d'approvisionnement: 9000000 m\u00e8tres \/ m\u00e8tres par mois<br \/>\n11.Capacit\u00e9 disponible pour une autre conception: version fran\u00e7aise, version du Danemark, version britannique,<\/p>\n<p><img decoding=\"async\" src=\"https:\/\/www.soyanggroup.com\/uploads\/6f376e2b.png\" alt=\"\" \/><img decoding=\"async\" src=\"https:\/\/www.soyanggroup.com\/uploads\/f9847a52.png\" alt=\"\" \/><img decoding=\"async\" src=\"https:\/\/www.soyanggroup.com\/uploads\/38ebe9c8.png\" alt=\"\" \/><\/p>\n<p><strong>Sp\u00e9cification<\/strong><br \/>\nPackage: bo\u00eete blanche<br \/>\nCERTIFICATIONS: S, GS, CE, ROHS, REACH, PAHS<\/p>\n<p><img decoding=\"async\" src=\"https:\/\/www.soyanggroup.com\/uploads\/fa9c9669.png\" alt=\"\" \/><br \/>\n<strong>Sales point<\/strong><br \/>\n1.High quality<br \/>\n2.Favorable price<br \/>\n3.Great variety of products<br \/>\n4.Attractive design<br \/>\n5.Environment friendly technology<br \/>\n6.OEM and ODM service provided<\/p>\n<p>&nbsp;<\/p>\n<p><strong>Voir<\/strong><br \/>\nZhejiang Shuangyang Group Co., Ltd s'en tiens toujours \u00e0 la qualit\u00e9 et au service, nous ne fournissons pas seulement de haute qualit\u00e9,<br \/>\nmais pr\u00eatez \u00e9galement attention \u00e0 la protection de l'environnement et de l'\u00eatre humain.<br \/>\nUninterruptedly improving the quality of human life is our final aim.<\/p>\n<p><img decoding=\"async\" src=\"https:\/\/sc02.alicdn.com\/kf\/HTB1sKohk5OYBuNjSsD4q6zSkFXaQ\/1942321\/HTB1sKohk5OYBuNjSsD4q6zSkFXaQ.jpg_.webp\" alt=\"\" \/><\/p>\n<p>&nbsp;<\/p>\n<p><strong>FAQ<\/strong><br \/>\nQ1. Pouvez-vous accepter un exemple de commande?<\/p>\n<p>R: Oui, bien s\u00fbr, nous acceptons un exemple de commande.<\/p>\n<p>&nbsp;<\/p>\n<p>Q2. Comment nous contracter?<\/p>\n<p>R: Vous pouvez nous envoyer du courrier ou appeler.<\/p>\n<p>&nbsp;<\/p>\n<p>Q3. Qu'en est-il des produits de temps de garantie et de garantie?<\/p>\n<p>R: La plupart des produits sont 2 ans, coupent les fils et prennent des photos.<\/p>\n<p>&nbsp;<\/p>\n<p>Q4. Quelles sont vos conditions de paiement?<\/p>\n<p>A: T \/ T, L \/ C.<\/p>\n<p>&nbsp;<\/p>\n<p>Q5. Comment \u00e9tablir des relations commerciales de longue date entre nous?<\/p>\n<p>R: Nous offrons une qualit\u00e9 de produits de haute qualit\u00e9 et un prix tr\u00e8s comp\u00e9titif pour assurer le profit de nos clients.<\/p>\n<p>&nbsp;<\/p>\n<p>Q6. Quelles conditions d'exp\u00e9dition pouvons-nous choisir?<\/p>\n<p>R: Il y a par mer, par air, par livraison express pour vos options.<\/p>\n<p>&nbsp;<\/p>","protected":false},"excerpt":{"rendered":"<p>Orbites de jardin<br \/>\nIP44<br \/>\nLa longueur du c\u00e2ble peut en fonction des exigences du client.<br \/>\nPar exemple: 10m, 25m, 50m\u2026.<\/p>","protected":false},"featured_media":306,"template":"","meta":[],"product_cat":[30],"product_tag":[],"class_list":{"0":"post-305","1":"product","2":"type-product","3":"status-publish","4":"has-post-thumbnail","6":"product_cat-gardenspike-sockets","8":"first","9":"instock","10":"shipping-taxable","11":"product-type-simple"},"_links":{"self":[{"href":"https:\/\/www.soyang-group.com\/fr\/wp-json\/wp\/v2\/product\/305","targetHints":{"allow":["GET"]}}],"collection":[{"href":"https:\/\/www.soyang-group.com\/fr\/wp-json\/wp\/v2\/product"}],"about":[{"href":"https:\/\/www.soyang-group.com\/fr\/wp-json\/wp\/v2\/types\/product"}],"version-history":[{"count":1,"href":"https:\/\/www.soyang-group.com\/fr\/wp-json\/wp\/v2\/product\/305\/revisions"}],"predecessor-version":[{"id":307,"href":"https:\/\/www.soyang-group.com\/fr\/wp-json\/wp\/v2\/product\/305\/revisions\/307"}],"wp:featuredmedia":[{"embeddable":true,"href":"https:\/\/www.soyang-group.com\/fr\/wp-json\/wp\/v2\/media\/306"}],"wp:attachment":[{"href":"https:\/\/www.soyang-group.com\/fr\/wp-json\/wp\/v2\/media?parent=305"}],"wp:term":[{"taxonomy":"product_cat","embeddable":true,"href":"https:\/\/www.soyang-group.com\/fr\/wp-json\/wp\/v2\/product_cat?post=305"},{"taxonomy":"product_tag","embeddable":true,"href":"https:\/\/www.soyang-group.com\/fr\/wp-json\/wp\/v2\/product_tag?post=305"}],"curies":[{"name":"wp","href":"https:\/\/api.w.org\/{rel}","templated":true}]}}