{"id":308,"date":"2024-12-12T13:58:07","date_gmt":"2024-12-12T05:58:07","guid":{"rendered":"https:\/\/shuangy.gg12.globaldeepsea.site\/?post_type=product&#038;p=308"},"modified":"2024-12-12T13:58:07","modified_gmt":"2024-12-12T05:58:07","slug":"water-proof-box","status":"publish","type":"product","link":"https:\/\/www.soyang-group.com\/fr\/product\/water-proof-box\/","title":{"rendered":"Bo\u00eete \u00e0 feuilles d'eau"},"content":{"rendered":"<div class=\"fl-row fl-row-full-width fl-row-bg-none fl-node-5e997254d129b\" data-node=\"5e997254d129b\">\n<div class=\"fl-row-content-wrap\">\n<div class=\"fl-row-content fl-row-full-width fl-node-content\">\n<div class=\"fl-col-group fl-node-5e997254d1bad\" data-node=\"5e997254d1bad\">\n<div class=\"fl-col fl-node-5e997254d1c02 fl-col-has-cols\" data-node=\"5e997254d1c02\">\n<div class=\"fl-col-content fl-node-content\">\n<div class=\"fl-col-group fl-node-5e9f9a3977ba2 fl-col-group-nested\" data-node=\"5e9f9a3977ba2\">\n<div class=\"fl-col fl-node-5e9f9a39780e0 fl-col-small\" data-node=\"5e9f9a39780e0\">\n<div class=\"fl-col-content fl-node-content\">\n<div class=\"fl-module fl-module-rich-text fl-node-5e997254d1d2f\" data-node=\"5e997254d1d2f\" data-animation-delay=\"0.0\">\n<div class=\"fl-module-content fl-node-content\">\n<div class=\"fl-rich-text\">\n<p><b>D\u00e9tail du produit:<\/b><b><\/b><\/p>\n<p><b><\/b><b>(1) Mini bo\u00eete \u00e9tanche \u00e0 l'eau<\/b>\u00a0<b><\/b><br \/>\nNum\u00e9ro de mod\u00e8le: FSH-01<br \/>\nNom de marque: Shuangyang<br \/>\nTepy: mini<\/p>\n<\/div>\n<\/div>\n<\/div>\n<\/div>\n<\/div>\n<div class=\"fl-col fl-node-5e9f9a3978138\" data-node=\"5e9f9a3978138\">\n<div class=\"fl-col-content fl-node-content\">\n<div class=\"fl-module fl-module-photo fl-node-5e997254d1dc0\" data-node=\"5e997254d1dc0\" data-animation-delay=\"0.0\">\n<div class=\"fl-module-content fl-node-content\">\n<div class=\"fl-photo fl-photo-align-center\">\n<div class=\"fl-photo-content fl-photo-img-png\"><img decoding=\"async\" class=\"fl-photo-img wp-image-1695 size-thumbnail\" src=\"https:\/\/www.soyanggroup.com\/uploads\/38a0b92310-300x217.png\" alt=\"1\" \/><\/div>\n<\/div>\n<\/div>\n<\/div>\n<\/div>\n<\/div>\n<\/div>\n<\/div>\n<\/div>\n<\/div>\n<div class=\"fl-col-group fl-node-5e997254d1e08\" data-node=\"5e997254d1e08\">\n<div class=\"fl-col fl-node-5e997254d1e50\" data-node=\"5e997254d1e50\">\n<div class=\"fl-col-content fl-node-content\">\n<div class=\"fl-module fl-module-rich-text fl-node-5e997254d1e98\" data-node=\"5e997254d1e98\" data-animation-delay=\"0.0\">\n<div class=\"fl-module-content fl-node-content\">\n<div class=\"fl-rich-text\">\n<p><b>Description et fonctionnalit\u00e9s<\/b><\/p>\n<p>1. Dia ext\u00e9rieur (mm): \u03c66,5 -\u03c611<br \/>\n2. Waerproof: IP44<br \/>\n3.color:red<br \/>\n4. Taille des unit\u00e9s: 216x87x85 mm<br \/>\n<img decoding=\"async\" class=\"alignnone size-full wp-image-1689\" src=\"https:\/\/www.soyanggroup.com\/uploads\/8d9d4c2f10.png\" alt=\"2\" \/><br \/>\n5.Usage:<br \/>\n<img decoding=\"async\" class=\"alignnone size-full wp-image-1690\" src=\"https:\/\/www.soyanggroup.com\/uploads\/7e4b5ce26.png\" alt=\"3\" \/><br \/>\n6. Capacit\u00e9 d'approvisionnement: 10 000 000 pi\u00e8ces \/ pi\u00e8ces par mois<\/p>\n<p><b>Sp\u00e9cification<\/b><\/p>\n<p>Package: sac PP avec \u00e9tiquette<br \/>\nQt\u00e9 \/ ctn: 50pcs<br \/>\nGW: 9,7 kg<br \/>\nNW: 8,8 kg<br \/>\nTaille du carton: 45x39x42 cm<br \/>\nQt\u00e9 \/ 20 ': 18 300 PCS<br \/>\nCertifications: CE, Rohs, Reach, HAPS<\/p>\n<\/div>\n<\/div>\n<\/div>\n<\/div>\n<\/div>\n<\/div>\n<\/div>\n<\/div>\n<\/div>\n<div class=\"fl-row fl-row-fixed-width fl-row-bg-none fl-node-5e99710fb8431\" data-node=\"5e99710fb8431\">\n<div class=\"fl-row-content-wrap\">\n<div class=\"fl-row-content fl-row-fixed-width fl-node-content\">\n<div class=\"fl-col-group fl-node-5e99710fbb6e8\" data-node=\"5e99710fbb6e8\">\n<div class=\"fl-col fl-node-5e99710fbb9e7\" data-node=\"5e99710fbb9e7\">\n<div class=\"fl-col-content fl-node-content\">\n<div class=\"fl-module fl-module-photo fl-node-5e99710fb808f\" data-node=\"5e99710fb808f\" data-animation-delay=\"0.0\">\n<div class=\"fl-module-content fl-node-content\">\n<div class=\"fl-photo fl-photo-align-left\">\n<div class=\"fl-photo-content fl-photo-img-png\"><img decoding=\"async\" class=\"fl-photo-img wp-image-1694 size-full\" src=\"https:\/\/www.soyanggroup.com\/uploads\/a19d8a122.png\" alt=\"111\" \/><\/div>\n<\/div>\n<\/div>\n<\/div>\n<\/div>\n<\/div>\n<\/div>\n<\/div>\n<\/div>\n<\/div>\n<div class=\"fl-row fl-row-full-width fl-row-bg-none fl-node-5e996dfb42b4a\" data-node=\"5e996dfb42b4a\">\n<div class=\"fl-row-content-wrap\">\n<div class=\"fl-row-content fl-row-full-width fl-node-content\">\n<div class=\"fl-col-group fl-node-5e9f9a5c13dd8\" data-node=\"5e9f9a5c13dd8\">\n<div class=\"fl-col fl-node-5e9f9a5c1429a fl-col-small\" data-node=\"5e9f9a5c1429a\">\n<div class=\"fl-col-content fl-node-content\">\n<div class=\"fl-module fl-module-rich-text fl-node-5e996e3b1e028\" data-node=\"5e996e3b1e028\" data-animation-delay=\"0.0\">\n<div class=\"fl-module-content fl-node-content\">\n<div class=\"fl-rich-text\">\n<p><b>(2)CEE\u00a0<\/b><b>Bo\u00eete \u00e0 feuilles d'eau<\/b>\u00a0<b><\/b><\/p>\n<p>Num\u00e9ro de mod\u00e8le: FSH-02<br \/>\nNom de marque: Shuangyang<br \/>\nTh\u00e9orie: industrie<\/p>\n<\/div>\n<\/div>\n<\/div>\n<\/div>\n<\/div>\n<div class=\"fl-col fl-node-5e9f9a5c142f3\" data-node=\"5e9f9a5c142f3\">\n<div class=\"fl-col-content fl-node-content\">\n<div class=\"fl-module fl-module-photo fl-node-5e996e6e3cbb6\" data-node=\"5e996e6e3cbb6\" data-animation-delay=\"0.0\">\n<div class=\"fl-module-content fl-node-content\">\n<div class=\"fl-photo fl-photo-align-center\">\n<div class=\"fl-photo-content fl-photo-img-png\"><img decoding=\"async\" class=\"fl-photo-img wp-image-1696 size-thumbnail\" src=\"https:\/\/www.soyanggroup.com\/uploads\/38a0b92311-300x249.png\" alt=\"1\" \/><\/div>\n<\/div>\n<\/div>\n<\/div>\n<\/div>\n<\/div>\n<\/div>\n<div class=\"fl-col-group fl-node-5e996ea8cefcb\" data-node=\"5e996ea8cefcb\">\n<div class=\"fl-col fl-node-5e996ea8cf27e fl-col-has-cols\" data-node=\"5e996ea8cf27e\">\n<div class=\"fl-col-content fl-node-content\">\n<div class=\"fl-module fl-module-rich-text fl-node-5e996ea8cee06\" data-node=\"5e996ea8cee06\" data-animation-delay=\"0.0\">\n<div class=\"fl-module-content fl-node-content\">\n<div class=\"fl-rich-text\">\n<p><b>Description et fonctionnalit\u00e9s<\/b><\/p>\n<p>1. Dia ext\u00e9rieur (mm): \u03c66,5-\u03c612<br \/>\n2. Imperm\u00e9trique: IP44<br \/>\n3.Color:Blue<br \/>\n4. Taille des unit\u00e9s: 367x90x103 mm<\/p>\n<\/div>\n<\/div>\n<\/div>\n<div class=\"fl-col-group fl-node-5e9fabf342e33 fl-col-group-nested\" data-node=\"5e9fabf342e33\">\n<div class=\"fl-col fl-node-5e9fabf34342d\" data-node=\"5e9fabf34342d\">\n<div class=\"fl-col-content fl-node-content\">\n<div class=\"fl-module fl-module-photo fl-node-5e99734426101\" data-node=\"5e99734426101\" data-animation-delay=\"0.0\">\n<div class=\"fl-module-content fl-node-content\">\n<div class=\"fl-photo fl-photo-align-center\">\n<div class=\"fl-photo-content fl-photo-img-png\"><img decoding=\"async\" class=\"fl-photo-img wp-image-1697 size-full\" src=\"https:\/\/www.soyanggroup.com\/uploads\/8d9d4c2f11.png\" alt=\"2\" \/><\/div>\n<\/div>\n<\/div>\n<\/div>\n<\/div>\n<\/div>\n<div class=\"fl-col fl-node-5e9fabf343484 fl-col-small\" data-node=\"5e9fabf343484\">\n<div class=\"fl-col-content fl-node-content\"><\/div>\n<\/div>\n<\/div>\n<\/div>\n<\/div>\n<\/div>\n<div class=\"fl-col-group fl-node-5e99735e7a0b0\" data-node=\"5e99735e7a0b0\">\n<div class=\"fl-col fl-node-5e99735e7a50c\" data-node=\"5e99735e7a50c\">\n<div class=\"fl-col-content fl-node-content\">\n<div class=\"fl-module fl-module-rich-text fl-node-5e99735a8f4df\" data-node=\"5e99735a8f4df\" data-animation-delay=\"0.0\">\n<div class=\"fl-module-content fl-node-content\">\n<div class=\"fl-rich-text\">\n<p>5.Usage<\/p>\n<\/div>\n<\/div>\n<\/div>\n<\/div>\n<\/div>\n<\/div>\n<div class=\"fl-col-group fl-node-5e9fac35bc8f0\" data-node=\"5e9fac35bc8f0\">\n<div class=\"fl-col fl-node-5e9fac35bce94\" data-node=\"5e9fac35bce94\">\n<div class=\"fl-col-content fl-node-content\">\n<div class=\"fl-module fl-module-photo fl-node-5e99737fb1d36\" data-node=\"5e99737fb1d36\" data-animation-delay=\"0.0\">\n<div class=\"fl-module-content fl-node-content\">\n<div class=\"fl-photo fl-photo-align-center\">\n<div class=\"fl-photo-content fl-photo-img-png\"><img decoding=\"async\" class=\"fl-photo-img wp-image-1699\" src=\"http:\/\/c517.quanqiusou.cn\/uploads\/7e4b5ce28.png\" alt=\"3\" \/><\/div>\n<\/div>\n<\/div>\n<\/div>\n<\/div>\n<\/div>\n<div class=\"fl-col fl-node-5e9fac35bceed fl-col-small\" data-node=\"5e9fac35bceed\">\n<div class=\"fl-col-content fl-node-content\"><\/div>\n<\/div>\n<\/div>\n<div class=\"fl-col-group fl-node-5e9973a0c1e72\" data-node=\"5e9973a0c1e72\">\n<div class=\"fl-col fl-node-5e9973a0c2306\" data-node=\"5e9973a0c2306\">\n<div class=\"fl-col-content fl-node-content\">\n<div class=\"fl-module fl-module-rich-text fl-node-5e99739cda354\" data-node=\"5e99739cda354\" data-animation-delay=\"0.0\">\n<div class=\"fl-module-content fl-node-content\">\n<div class=\"fl-rich-text\">\n<p>6. Capacit\u00e9 d'approvisionnement: 10 000 000 pi\u00e8ces \/ pi\u00e8ces par mois<\/p>\n<p><b>Sp\u00e9cification<\/b><\/p>\n<p>Package: sac PP avec carte<br \/>\nQt\u00e9 \/ ctn: 10pcs<br \/>\nGW: 3,9 kg<br \/>\nNW: 2,9 kg<br \/>\nTaille du carton: 46x37x21 cm<br \/>\nQt\u00e9 \/ 20 ': 7 550 PCS<br \/>\nCertifications: CE, Rohs, Reach, HAPS<\/p>\n<\/div>\n<\/div>\n<\/div>\n<\/div>\n<\/div>\n<\/div>\n<\/div>\n<\/div>\n<\/div>\n<div class=\"fl-row fl-row-fixed-width fl-row-bg-none fl-node-5e9973c6a10f6\" data-node=\"5e9973c6a10f6\">\n<div class=\"fl-row-content-wrap\">\n<div class=\"fl-row-content fl-row-fixed-width fl-node-content\">\n<div class=\"fl-col-group fl-node-5e9973c6a1578\" data-node=\"5e9973c6a1578\">\n<div class=\"fl-col fl-node-5e9973c6a15c8\" data-node=\"5e9973c6a15c8\">\n<div class=\"fl-col-content fl-node-content\">\n<div class=\"fl-module fl-module-photo fl-node-5e9973c6a1615\" data-node=\"5e9973c6a1615\" data-animation-delay=\"0.0\">\n<div class=\"fl-module-content fl-node-content\">\n<div class=\"fl-photo fl-photo-align-left\">\n<div class=\"fl-photo-content fl-photo-img-png\"><img decoding=\"async\" class=\"fl-photo-img wp-image-1694 size-full\" src=\"https:\/\/www.soyanggroup.com\/uploads\/a19d8a122.png\" alt=\"111\" \/><\/div>\n<\/div>\n<\/div>\n<\/div>\n<\/div>\n<\/div>\n<\/div>\n<\/div>\n<\/div>\n<\/div>\n<div class=\"fl-row fl-row-fixed-width fl-row-bg-none fl-node-5e9973e722fd7\" data-node=\"5e9973e722fd7\">\n<div class=\"fl-row-content-wrap\">\n<div class=\"fl-row-content fl-row-fixed-width fl-node-content\">\n<div class=\"fl-col-group fl-node-5ea53002ddc48\" data-node=\"5ea53002ddc48\">\n<div class=\"fl-col fl-node-5ea53002de02e\" data-node=\"5ea53002de02e\">\n<div class=\"fl-col-content fl-node-content\">\n<div class=\"fl-module fl-module-rich-text fl-node-5ea53002dd9ae\" data-node=\"5ea53002dd9ae\" data-animation-delay=\"0.0\">\n<div class=\"fl-module-content fl-node-content\">\n<div class=\"fl-rich-text\">\n<h3><b>Flux de production:<\/b><b><\/b><\/h3>\n<\/div>\n<\/div>\n<\/div>\n<\/div>\n<\/div>\n<\/div>\n<div class=\"fl-col-group fl-node-5e9973e729e0e\" data-node=\"5e9973e729e0e\">\n<div class=\"fl-col fl-node-5e9973e72a1b7 fl-col-small\" data-node=\"5e9973e72a1b7\">\n<div class=\"fl-col-content fl-node-content\">\n<div class=\"fl-module fl-module-heading fl-node-5e9974ae31156\" data-node=\"5e9974ae31156\" data-animation-delay=\"0.0\">\n<div class=\"fl-module-content fl-node-content\">\n<h3 class=\"fl-heading\"><span class=\"fl-heading-text\">M\u00e9moires razales (timersockets)<\/span><\/h3>\n<\/div>\n<\/div>\n<div class=\"fl-module fl-module-photo fl-node-5e9974220fab4\" data-node=\"5e9974220fab4\" data-animation-delay=\"0.0\">\n<div class=\"fl-module-content fl-node-content\">\n<div class=\"fl-photo fl-photo-align-center\">\n<div class=\"fl-photo-content fl-photo-img-png\"><img decoding=\"async\" class=\"fl-photo-img wp-image-1700 size-full\" src=\"https:\/\/www.soyanggroup.com\/uploads\/38a0b92312.png\" alt=\"1\" \/><\/div>\n<\/div>\n<\/div>\n<\/div>\n<\/div>\n<\/div>\n<div class=\"fl-col fl-node-5e9973e72a20f fl-col-small\" data-node=\"5e9973e72a20f\">\n<div class=\"fl-col-content fl-node-content\">\n<div class=\"fl-module fl-module-heading fl-node-5e99746f5c869\" data-node=\"5e99746f5c869\" data-animation-delay=\"0.0\">\n<div class=\"fl-module-content fl-node-content\">\n<h3 class=\"fl-heading\"><span class=\"fl-heading-text\">injection<\/span><\/h3>\n<\/div>\n<\/div>\n<div class=\"fl-module fl-module-photo fl-node-5e99740fd34d5\" data-node=\"5e99740fd34d5\" data-animation-delay=\"0.0\">\n<div class=\"fl-module-content fl-node-content\">\n<div class=\"fl-photo fl-photo-align-center\">\n<div class=\"fl-photo-content fl-photo-img-png\"><img decoding=\"async\" class=\"fl-photo-img wp-image-1701 size-full\" src=\"https:\/\/www.soyanggroup.com\/uploads\/8d9d4c2f12.png\" alt=\"2\" \/><\/div>\n<\/div>\n<\/div>\n<\/div>\n<\/div>\n<\/div>\n<div class=\"fl-col fl-node-5e9973e72a262 fl-col-small\" data-node=\"5e9973e72a262\">\n<div class=\"fl-col-content fl-node-content\">\n<div class=\"fl-module fl-module-heading fl-node-5e9974b62b77d\" data-node=\"5e9974b62b77d\" data-animation-delay=\"0.0\">\n<div class=\"fl-module-content fl-node-content\">\n<h3 class=\"fl-heading\"><span class=\"fl-heading-text\">fascinant<\/span><\/h3>\n<\/div>\n<\/div>\n<div class=\"fl-module fl-module-photo fl-node-5e997423b7a10\" data-node=\"5e997423b7a10\" data-animation-delay=\"0.0\">\n<div class=\"fl-module-content fl-node-content\">\n<div class=\"fl-photo fl-photo-align-center\">\n<div class=\"fl-photo-content fl-photo-img-png\"><img decoding=\"async\" class=\"fl-photo-img wp-image-1703 size-full\" src=\"https:\/\/www.soyanggroup.com\/uploads\/7e4b5ce210.png\" alt=\"3\" \/><\/div>\n<\/div>\n<\/div>\n<\/div>\n<\/div>\n<\/div>\n<\/div>\n<\/div>\n<\/div>\n<\/div>\n<div class=\"fl-row fl-row-fixed-width fl-row-bg-none fl-node-5e9974e84048d\" data-node=\"5e9974e84048d\">\n<div class=\"fl-row-content-wrap\">\n<div class=\"fl-row-content fl-row-fixed-width fl-node-content\">\n<div class=\"fl-col-group fl-node-5e9974e840ef3\" data-node=\"5e9974e840ef3\">\n<div class=\"fl-col fl-node-5e9974e840f47 fl-col-small\" data-node=\"5e9974e840f47\">\n<div class=\"fl-col-content fl-node-content\">\n<div class=\"fl-module fl-module-heading fl-node-5e9974e840f9c\" data-node=\"5e9974e840f9c\" data-animation-delay=\"0.0\">\n<div class=\"fl-module-content fl-node-content\">\n<h3 class=\"fl-heading\"><span class=\"fl-heading-text\">assemblage<\/span><\/h3>\n<\/div>\n<\/div>\n<div class=\"fl-module fl-module-photo fl-node-5e9974e840ff7\" data-node=\"5e9974e840ff7\" data-animation-delay=\"0.0\">\n<div class=\"fl-module-content fl-node-content\">\n<div class=\"fl-photo fl-photo-align-center\">\n<div class=\"fl-photo-content fl-photo-img-png\"><img decoding=\"async\" class=\"fl-photo-img wp-image-1704\" src=\"http:\/\/c517.quanqiusou.cn\/uploads\/79a2f3e72.png\" alt=\"4\" \/><\/div>\n<\/div>\n<\/div>\n<\/div>\n<\/div>\n<\/div>\n<div class=\"fl-col fl-node-5e9974e841044 fl-col-small\" data-node=\"5e9974e841044\">\n<div class=\"fl-col-content fl-node-content\">\n<div class=\"fl-module fl-module-heading fl-node-5e9974e84108e\" data-node=\"5e9974e84108e\" data-animation-delay=\"0.0\">\n<div class=\"fl-module-content fl-node-content\">\n<h3 class=\"fl-heading\"><span class=\"fl-heading-text\">essai<\/span><\/h3>\n<\/div>\n<\/div>\n<div class=\"fl-module fl-module-photo fl-node-5e9974e8410d7\" data-node=\"5e9974e8410d7\" data-animation-delay=\"0.0\">\n<div class=\"fl-module-content fl-node-content\">\n<div class=\"fl-photo fl-photo-align-center\">\n<div class=\"fl-photo-content fl-photo-img-png\"><img decoding=\"async\" class=\"fl-photo-img wp-image-1705\" src=\"http:\/\/c517.quanqiusou.cn\/uploads\/7fbbce231.png\" alt=\"5\" \/><\/div>\n<\/div>\n<\/div>\n<\/div>\n<\/div>\n<\/div>\n<div class=\"fl-col fl-node-5e9974e841122 fl-col-small\" data-node=\"5e9974e841122\">\n<div class=\"fl-col-content fl-node-content\">\n<div class=\"fl-module fl-module-heading fl-node-5e9974e841172\" data-node=\"5e9974e841172\" data-animation-delay=\"0.0\">\n<div class=\"fl-module-content fl-node-content\">\n<h3 class=\"fl-heading\"><span class=\"fl-heading-text\">entrep\u00f4t<\/span><\/h3>\n<\/div>\n<\/div>\n<div class=\"fl-module fl-module-photo fl-node-5e9974e8411cb\" data-node=\"5e9974e8411cb\" data-animation-delay=\"0.0\">\n<div class=\"fl-module-content fl-node-content\">\n<div class=\"fl-photo fl-photo-align-center\">\n<div class=\"fl-photo-content fl-photo-img-png\"><img decoding=\"async\" class=\"fl-photo-img wp-image-1706\" src=\"http:\/\/c517.quanqiusou.cn\/uploads\/1c5a880f1.png\" alt=\"6\" \/><\/div>\n<\/div>\n<\/div>\n<\/div>\n<\/div>\n<\/div>\n<\/div>\n<\/div>\n<\/div>\n<\/div>\n<div class=\"fl-row fl-row-fixed-width fl-row-bg-none fl-node-5e9975353b2b5\" data-node=\"5e9975353b2b5\">\n<div class=\"fl-row-content-wrap\">\n<div class=\"fl-row-content fl-row-fixed-width fl-node-content\">\n<div class=\"fl-col-group fl-node-5e9975354602f\" data-node=\"5e9975354602f\">\n<div class=\"fl-col fl-node-5e99753546455\" data-node=\"5e99753546455\">\n<div class=\"fl-col-content fl-node-content\">\n<div class=\"fl-module fl-module-rich-text fl-node-5e9975353a998\" data-node=\"5e9975353a998\" data-animation-delay=\"0.0\">\n<div class=\"fl-module-content fl-node-content\">\n<div class=\"fl-rich-text\">\n<p><b>Avantage<\/b><b><\/b><\/p>\n<ul>\n<li>Pi\u00e8ces de marque<\/li>\n<li>Pays d'origine<\/li>\n<li>Distributeurs offerts<\/li>\n<li>Personnel exp\u00e9riment\u00e9<\/li>\n<li>Former un<\/li>\n<li>Produit vert<\/li>\n<li>Garantie \/ garantie<\/li>\n<li>Approbations internationales<\/li>\n<li>Conditionnement<\/li>\n<li>Prix<\/li>\n<li>Caract\u00e9ristiques du produit<\/li>\n<li>Performance du produit<\/li>\n<li>Livraison rapide<\/li>\n<li>Approbations de qualit\u00e9<\/li>\n<li>R\u00e9putation<\/li>\n<li>Service<\/li>\n<li>Petites commandes accept\u00e9es<\/li>\n<li>Service OEM et ODM fourni<\/li>\n<li>Haute qualit\u00e9<\/li>\n<\/ul>\n<\/div>\n<\/div>\n<\/div>\n<\/div>\n<\/div>\n<\/div>\n<\/div>\n<\/div>\n<\/div>\n<div class=\"fl-row fl-row-fixed-width fl-row-bg-none fl-node-5e99755ec0ded\" data-node=\"5e99755ec0ded\">\n<div class=\"fl-row-content-wrap\">\n<div class=\"fl-row-content fl-row-fixed-width fl-node-content\">\n<div class=\"fl-col-group fl-node-5e99755ec12f3\" data-node=\"5e99755ec12f3\">\n<div class=\"fl-col fl-node-5e99755ec1343\" data-node=\"5e99755ec1343\">\n<div class=\"fl-col-content fl-node-content\">\n<div class=\"fl-module fl-module-rich-text fl-node-5e99755ec138e\" data-node=\"5e99755ec138e\" data-animation-delay=\"0.0\">\n<div class=\"fl-module-content fl-node-content\">\n<div class=\"fl-rich-text\">\n<p><b>Packaging&amp;Payment&amp;Shippment<\/b><br \/>\n<strong>D\u00e9tails de l'emballage: sac PP avec \u00e9tiquette<\/strong><br \/>\n<strong>Payment Method:Advance TT, T\/T, L\/C<\/strong><br \/>\n<strong>Livraison: 30-35 jours apr\u00e8s avoir re\u00e7u le d\u00e9p\u00f4t<\/strong><br \/>\n<strong>Port:Ningbo or Shanghai<\/strong><\/p>\n<p><b>Profil de l'entreprise:<\/b><b><\/b><br \/>\n1. Type d'activit\u00e9: fabricant, soci\u00e9t\u00e9 commerciale<br \/>\n2. PRODUITS MAINTR\u00c9S: TIMERS SOCKETS, CABLE, ROBLES DE CABLE, \u00c9CLAIR<br \/>\n3. Total des employ\u00e9s: 501 - 1000 personnes<br \/>\n4. ans \u00e9tabli: 1994<br \/>\n5. Certification du syst\u00e8me de gestion: ISO9001, ISO14001, OHSAS18001<br \/>\n6. Pays \/ r\u00e9gion: Zhejiang, Chine<br \/>\n7.Parncement: propri\u00e9taire priv\u00e9<br \/>\n8. March\u00e9s principaux:<\/p>\n<p>Europe de l'Est 39.00%<br \/>\nEurope du Nord 30.00%<br \/>\nEurope occidentale 16.00%<br \/>\nMarch\u00e9 int\u00e9rieur: 7%<br \/>\nMid East: 5%<br \/>\nAm\u00e9rique du Sud: 3%<\/p>\n<p>&nbsp;<\/p>\n<p><b>FAQ:<\/b><br \/>\n1.Com de vos produits Imprimer le logo des invit\u00e9s?<br \/>\nOui, les clients fournissent le logo, nous pouvons imprimer sur le produit.<br \/>\n2.Quel audit de la responsabilit\u00e9 sociale avez-vous pass\u00e9?<br \/>\nOui, nous avons BSCI, Sedex.<br \/>\n3. Quels sont vos prix?<br \/>\nNos prix sont susceptibles de changer en fonction de l'offre et d'autres facteurs du march\u00e9. Nous vous enverrons et la liste des prix mise \u00e0 jour apr\u00e8s que votre Conmany nous contacte pour plus d'informations.<\/p>\n<\/div>\n<\/div>\n<\/div>\n<\/div>\n<\/div>\n<\/div>\n<\/div>\n<\/div>\n<\/div>","protected":false},"excerpt":{"rendered":"<p>Mod\u00e8le n \u00b0: Bo\u00eete \u00e0 l'\u00e9preuve de l'eau<\/p>\n<p>Nom de marque: Shuangyang<\/p>\n<p>Mat\u00e9riau de coque: PP<\/p>\n<p>Utilisation: preuve de l'eau<\/p>\n<p>Warrant: 1 an<\/p>\n<p>Certificat: CE, Rohs, Reach, HAPS<\/p>","protected":false},"featured_media":309,"template":"","meta":[],"product_cat":[31],"product_tag":[32],"class_list":{"0":"post-308","1":"product","2":"type-product","3":"status-publish","4":"has-post-thumbnail","6":"product_cat-wate-proof-box","7":"product_tag-water-proof-box","9":"first","10":"instock","11":"shipping-taxable","12":"product-type-simple"},"_links":{"self":[{"href":"https:\/\/www.soyang-group.com\/fr\/wp-json\/wp\/v2\/product\/308","targetHints":{"allow":["GET"]}}],"collection":[{"href":"https:\/\/www.soyang-group.com\/fr\/wp-json\/wp\/v2\/product"}],"about":[{"href":"https:\/\/www.soyang-group.com\/fr\/wp-json\/wp\/v2\/types\/product"}],"version-history":[{"count":0,"href":"https:\/\/www.soyang-group.com\/fr\/wp-json\/wp\/v2\/product\/308\/revisions"}],"wp:featuredmedia":[{"embeddable":true,"href":"https:\/\/www.soyang-group.com\/fr\/wp-json\/wp\/v2\/media\/309"}],"wp:attachment":[{"href":"https:\/\/www.soyang-group.com\/fr\/wp-json\/wp\/v2\/media?parent=308"}],"wp:term":[{"taxonomy":"product_cat","embeddable":true,"href":"https:\/\/www.soyang-group.com\/fr\/wp-json\/wp\/v2\/product_cat?post=308"},{"taxonomy":"product_tag","embeddable":true,"href":"https:\/\/www.soyang-group.com\/fr\/wp-json\/wp\/v2\/product_tag?post=308"}],"curies":[{"name":"wp","href":"https:\/\/api.w.org\/{rel}","templated":true}]}}