{"id":236,"date":"2024-12-12T11:36:15","date_gmt":"2024-12-12T03:36:15","guid":{"rendered":"https:\/\/shuangy.gg12.globaldeepsea.site\/?post_type=product&#038;p=236"},"modified":"2024-12-12T11:36:15","modified_gmt":"2024-12-12T03:36:15","slug":"digital-industry-timer-switch","status":"publish","type":"product","link":"https:\/\/www.soyang-group.com\/it\/prodotto\/digital-industry-timer-switch\/","title":{"rendered":"Interruttore del timer del settore digitale"},"content":{"rendered":"<p><strong>Panoramica<\/strong><\/p>\n<p><strong>Dettagli rapidi<\/strong><br \/>\nLuogo di origine: Zhejiang, Cina<br \/>\nMarca: Soyang<br \/>\nNumero modello: TS-GE2<br \/>\nTeoria: digitale<br \/>\nUtilizzo: interruttore timer<br \/>\nTensione: 220-240 V AC<br \/>\nFrequenza: 50Hz<br \/>\nPotenza massima: 3500W<br \/>\nColore: bianco<br \/>\nApplicazione: interruttore timer<br \/>\ncorrente: 16a<\/p>\n<p>&nbsp;<\/p>\n<p><strong>Capacit\u00e0 di fornitura<\/strong><br \/>\nCapacit\u00e0 di alimentazione: 100000 pezzi\/pezzi al mese<\/p>\n<p>&nbsp;<\/p>\n<p><strong>Imballaggio e consegna<\/strong><br \/>\nDettagli dell'imballaggio: doppia vescica, 12 pezzi\/ scatola interna, 48pcs\/ cartone esterno<br \/>\nPorta: Ningbo\/Shanghai<br \/>\nTempi di consegna :<br \/>\nQuantit\u00e0 (pezzi) 1 - 10000&gt; 10000<br \/>\nEst. Tempo (giorni) 60 da negoziare<\/p>\n<p>&nbsp;<\/p>\n<p><strong>Descrizione del prodotto dettagliato<\/strong><\/p>\n<p>Timer del settore digitale<br \/>\nNumero modello: TS-GE2<br \/>\nTimer di interruttore elettrico digitale<br \/>\nMarca: Shuangyang<br \/>\nUtilizzo: interruttore timer<br \/>\nTeoria: digitale<\/p>\n<p><strong>Descrizione e caratteristiche<\/strong><br \/>\n1. Potenza Maximum: 3.680 W.<br \/>\n2. TENSIONE: 220-240 V AC<br \/>\n3. Frequenza: 50\/60Hz<br \/>\n4.CURRENTE: 16A<br \/>\n5. Cambiamento facile per il tempo estivo<br \/>\n6,24 ore e 7 giorni di programmazione<br \/>\n7. 8 programmi on\/off<br \/>\n8.7 Pulsanti grandi per la facile settimana operativa<br \/>\n9. Large LCD display<br \/>\n10. Accuratezza: meno di 3 secondi in un giorno<br \/>\n11. Visualizzazione temporale<br \/>\n12. Funzione di ricerca<br \/>\n13. Batteria Ni-MH reperente utilizzata all'interno, \u00e8 una batteria priva di danni<br \/>\n14. Abilit\u00e0 di alimentazione: 1000000 pezzi\/pezzi al mese timer<br \/>\n<strong>Specifiche<\/strong><br \/>\nPACCHETTO: scatola bianca<br \/>\nQty\/Box: 50pcs<br \/>\nQTY\/CTN: 100pcs<br \/>\nGW: 11kg<br \/>\nNW: 10 kg<br \/>\nDimensione del cartone: 51*31*56 cm<br \/>\nQTY\/20 \u2032: 18.720pcs<br \/>\nCertificazioni: CE, ROHS, REACH, IPA<\/p>\n<p>&nbsp;<\/p>\n<p><strong>Punto di vendita<\/strong><br \/>\n1. Alta qualit\u00e0<br \/>\n2. Prezzo favorito<br \/>\n3. GRANDE variet\u00e0 di prodotti<br \/>\n4.As Design attractive<br \/>\n5. Tecnologia amichevole per l'ambiente<br \/>\n6.OEM e servizio ODM fornito<\/p>\n<p>&nbsp;<\/p>\n<p>&nbsp;<\/p>\n<p><strong>Informazioni sulla societ\u00e0<\/strong><\/p>\n<p>Zhejiang Shuangyang Group Co.ltd. \u00e8 stato fondato nel 1986, \u00e8 un'impresa privata, una delle stelle imprese di Ningbo City nel 1998, e approvata da ISO9001\/14000\/18000. Abbiamo localizzato a Cixi, Ningbo City, che \u00e8 solo un'ora per il porto e l'aeroporto di Ningbo e due ore a Shanghai.<\/p>\n<p><img decoding=\"async\" src=\"https:\/\/sc01.alicdn.com\/kf\/He5ba632c74e44a68a587403dde671c5eH\/1942321\/He5ba632c74e44a68a587403dde671c5eH.png_.webp\" alt=\"\" \/><br \/>\nFino ad ora, il capitale registrato \u00e8 di oltre 16 milioni di usdo. La nostra area del pavimento \u00e8 di circa 120.000 mq e l'area di costruzione \u00e8 di circa 85.000 mq. Nel 2018, il nostro turno totale \u00e8 di 80 milioni di usdo. Abbiamo dieci persone di ricerca e sviluppo e oltre 100 QC per garantire la qualit\u00e0, ogni anno, progettiamo e sviluppiamo oltre dieci nuovi prodotti che agiscono come produttore di piombo.<\/p>\n<p>I nostri prodotti principali sono timer, prese, cavi flessibili, cavi di alimentazione, tappi, prese di estensione, bobine per cavi e illuminazione. Possiamo fornire molti tipi di timer come timer quotidiani, timer meccanici e digitali, conti con timer, timer del settore con tutti i tipi di prese. I nostri mercati target sono il mercato europeo e il mercato americano. I nostri prodotti approvati da CE, GS, D, N, S, NF, ETL, VDE, ROHS, REACH, IPA e cos\u00ec via.<\/p>\n<p>Abbiamo una buona reputazione tra i nostri clienti. Ci concentriamo sempre sulla protezione dell'ambiente e della sicurezza umana. Migliorare la qualit\u00e0 della vita \u00e8 il nostro scopo finale.<\/p>\n<p>Le cavi di alimentazione, le prolunghe e le bobine dei cavi sono la nostra attivit\u00e0 principale, siamo il produttore principale degli ordini di promozione dal mercato europeo ogni anno. Siamo i migliori produttori che collaborano con VDE Global Service in Germania per proteggere il marchio.<\/p>\n<p>Benvenuto calorosamente per collaborare con tutti i clienti per il beneficio reciproco e un futuro luminoso.<\/p>\n<p>&nbsp;<\/p>\n<p><strong>Profilo Aziendale:<\/strong><br \/>\n1. Tipo di buste: produttore, societ\u00e0 commerciale<br \/>\n2. Prodotti Main: prese timer, cavi, bobine per cavi, illuminazione<br \/>\n3. Dipendenti totali: 501 - 1000 persone<br \/>\n4. Year Stabilita: 1994<br \/>\n5. Certificazione del sistema di gestione: ISO9001, ISO14001, OHSAS18001<br \/>\n6. Paese \/ regione: Zhejiang, Cina<br \/>\n7.Onership: proprietario privato<br \/>\n8. Mercati principali: Europa orientale 39.00%<br \/>\nNord Europa 30.00%<br \/>\nEuropa occidentale 16.00%<br \/>\nMercato interno: 7%<br \/>\nMid East: 5%<br \/>\nSud America: 3%<\/p>\n<p><strong>FAQ<\/strong><\/p>\n<p>Q1. Quali sono i tuoi termini di pagamento?<\/p>\n<p>A: T\/T, L\/C.<\/p>\n<p>&nbsp;<\/p>\n<p>Q2. Come stabilire relazioni commerciali da molto tempo tra noi?<\/p>\n<p>A: Offriamo un'alta qualit\u00e0 dei prodotti e un prezzo molto competitivo per assicurare il profitto dei nostri clienti.<\/p>\n<p>&nbsp;<\/p>\n<p>Q3. Quali termini di spedizione possiamo scegliere?<\/p>\n<p>A : There are by sea, by air, by express delivery for your options.<\/p>","protected":false},"excerpt":{"rendered":"<p>L'interruttore temporale controlla qualsiasi elettrico<br \/>\nInstallazione per mezzo di programmi quotidiani.<br \/>\nUtilizzato per dimostrare la macchina, l'attrezzatura,<br \/>\nil tempo di funzionamento dell'accumulo del dispositivo.<\/p>","protected":false},"featured_media":240,"template":"","meta":[],"product_cat":[22],"product_tag":[],"class_list":{"0":"post-236","1":"product","2":"type-product","3":"status-publish","4":"has-post-thumbnail","6":"product_cat-timer","8":"first","9":"instock","10":"shipping-taxable","11":"product-type-simple"},"_links":{"self":[{"href":"https:\/\/www.soyang-group.com\/it\/wp-json\/wp\/v2\/product\/236","targetHints":{"allow":["GET"]}}],"collection":[{"href":"https:\/\/www.soyang-group.com\/it\/wp-json\/wp\/v2\/product"}],"about":[{"href":"https:\/\/www.soyang-group.com\/it\/wp-json\/wp\/v2\/types\/product"}],"version-history":[{"count":0,"href":"https:\/\/www.soyang-group.com\/it\/wp-json\/wp\/v2\/product\/236\/revisions"}],"wp:featuredmedia":[{"embeddable":true,"href":"https:\/\/www.soyang-group.com\/it\/wp-json\/wp\/v2\/media\/240"}],"wp:attachment":[{"href":"https:\/\/www.soyang-group.com\/it\/wp-json\/wp\/v2\/media?parent=236"}],"wp:term":[{"taxonomy":"product_cat","embeddable":true,"href":"https:\/\/www.soyang-group.com\/it\/wp-json\/wp\/v2\/product_cat?post=236"},{"taxonomy":"product_tag","embeddable":true,"href":"https:\/\/www.soyang-group.com\/it\/wp-json\/wp\/v2\/product_tag?post=236"}],"curies":[{"name":"wp","href":"https:\/\/api.w.org\/{rel}","templated":true}]}}