{"id":266,"date":"2024-12-12T13:10:17","date_gmt":"2024-12-12T05:10:17","guid":{"rendered":"https:\/\/shuangy.gg12.globaldeepsea.site\/?post_type=product&#038;p=266"},"modified":"2024-12-12T13:10:17","modified_gmt":"2024-12-12T05:10:17","slug":"2-1a-usb-socket","status":"publish","type":"product","link":"https:\/\/www.soyang-group.com\/it\/prodotto\/2-1a-usb-socket\/","title":{"rendered":"2.1A Socket USB"},"content":{"rendered":"<p><strong>Panoramica<\/strong><\/p>\n<p><strong>Dettagli rapidi<\/strong><br \/>\nLuogo di origine: Zhejiang, Cina<br \/>\nMarca: Soyang<br \/>\nNumero modello: USB-D2<br \/>\nDC: 5V AC<br \/>\nMax:2.1A<br \/>\nColore: bianco<br \/>\nApplicazione: interruttore timer<\/p>\n<p><strong>Capacit\u00e0 di fornitura<\/strong><br \/>\nCapacit\u00e0 di alimentazione: 100000 pezzi\/pezzi al mese<\/p>\n<p><strong>Imballaggio e consegna<\/strong><br \/>\nDettagli dell'imballaggio: doppia vescica, 10pcs\/ scatola interna, 60pcs\/ cartone esterno<br \/>\nPorta: Ningbo\/Shanghai<br \/>\nTempi di consegna :<br \/>\nQuantit\u00e0 (pezzi) 1 - 10000&gt; 10000<br \/>\nEst. Tempo (giorni) 60 da negoziare<\/p>\n<p>&nbsp;<\/p>\n<p><strong>Descrizione del prodotto dettagliato<\/strong><\/p>\n<p><strong>2.1A Socket USB<\/strong><br \/>\nNumero modello: USB-D2<br \/>\nVersione tedesca<br \/>\nMarca: Shuangyang<br \/>\nUtilizzo: presa del caricabatterie<br \/>\nTeoria: meccanico<br \/>\nDescrizione e caratteristiche<br \/>\n1.max: 2.1a<br \/>\n2.dc: 5v<br \/>\n3. La dimensione dell'unit\u00e0:<\/p>\n<p><a class=\"fancybox\" href=\"https:\/\/www.soyanggroup.com\/uploads\/125.jpg\" target=\"_blank\" rel=\"noopener\"><img decoding=\"async\" class=\"alignnone size-full wp-image-4344\" src=\"https:\/\/www.soyanggroup.com\/uploads\/125.jpg\" alt=\"1\" \/><\/a><\/p>\n<p>4. Abilit\u00e0 di alimentazione: 1000000 pezzi\/pezzi al mese timer<br \/>\n5. Capacit\u00e0 disponibile per un altro design: versione Gemany, versione Danimarca, versione francese<\/p>\n<p>&nbsp;<\/p>\n<p><strong>Specifiche<\/strong><br \/>\nPACCHETTO: doppia vescica<br \/>\nQty\/Box: 10pcs<br \/>\nQty\/ctn: 60pcs<br \/>\nGW: 5,8 kg<br \/>\nNW: 4,8 kg<br \/>\nDimensione del cartone: 38*73*23cm<br \/>\nQTY\/20 \u2032: 23.040pcs<br \/>\nCertificazioni: GS, CE, ROHS, REACH, Pahs<\/p>\n<p>&nbsp;<\/p>\n<p><strong>Punto di vendita<\/strong><br \/>\n1. Alta qualit\u00e0<br \/>\n2. Prezzo favorito<br \/>\n3. GRANDE variet\u00e0 di prodotti<br \/>\n4.As Design attractive<br \/>\n5. Tecnologia amichevole per l'ambiente<br \/>\n6.OEM e servizio ODM fornito<\/p>\n<p>&nbsp;<\/p>\n<p><strong>Packaging, pagamento e shippment<\/strong><br \/>\nDettagli del packaging: scatola bianca<br \/>\nMetodo di pagamento: anticipo TT, T\/T, L\/C<br \/>\nConsegna: 30-45 giorni dopo aver ricevuto il deposito<br \/>\nPorta: Ningbo o Shanghai<\/p>\n<p>&nbsp;<\/p>\n<p><strong>I nostri servizi<\/strong><br \/>\n1. Una volta ricevere il tuo messaggio, ti risponderemo tra 24 ore<br \/>\n2. Abbiamo un team di vendita professionale per offrire un servizio per te<br \/>\n3. Offri 2 anni come tempo di garanzia e servizio post-vendita<\/p>\n<p>&nbsp;<\/p>\n<p><strong>Informazioni sulla societ\u00e0<\/strong><\/p>\n<p>Zhejiang Shuangyang Group Co.ltd. \u00e8 stato fondato nel 1986, \u00e8 un'impresa privata, una delle stelle imprese di Ningbo City nel 1998, e approvata da ISO9001\/14000\/18000. Abbiamo localizzato a Cixi, Ningbo City, che \u00e8 solo un'ora per il porto e l'aeroporto di Ningbo e due ore a Shanghai.<\/p>\n<p><a class=\"fancybox\" href=\"https:\/\/www.soyanggroup.com\/uploads\/11.jpg\" target=\"_blank\" rel=\"noopener\"><img decoding=\"async\" class=\"alignnone size-full wp-image-4014\" src=\"https:\/\/www.soyanggroup.com\/uploads\/11.jpg\" alt=\"\u00c4\u00da\u00d2\u00b3\u00d0\u00a7\u00b9\u00fb-1\" \/><\/a><br \/>\nFino ad ora, il capitale registrato \u00e8 di oltre 16 milioni di usdo. La nostra area del pavimento \u00e8 di circa 120.000 mq e l'area di costruzione \u00e8 di circa 85.000 mq. Nel 2018, il nostro turno totale \u00e8 di 80 milioni di usdo. Abbiamo dieci persone di ricerca e sviluppo e oltre 100 QC per garantire la qualit\u00e0, ogni anno, progettiamo e sviluppiamo oltre dieci nuovi prodotti che agiscono come produttore di piombo.<\/p>\n<p>I nostri prodotti principali sono timer, prese, cavi flessibili, cavi di alimentazione, tappi, prese di estensione, bobine per cavi e illuminazione. Possiamo fornire molti tipi di timer come timer quotidiani, timer meccanici e digitali, conti con timer, timer del settore con tutti i tipi di prese. I nostri mercati target sono il mercato europeo e il mercato americano. I nostri prodotti approvati da CE, GS, D, N, S, NF, ETL, VDE, ROHS, REACH, IPA e cos\u00ec via.<\/p>\n<p>Abbiamo una buona reputazione tra i nostri clienti. Ci concentriamo sempre sulla protezione dell'ambiente e della sicurezza umana. Migliorare la qualit\u00e0 della vita \u00e8 il nostro scopo finale.<\/p>\n<p>Le cavi di alimentazione, le prolunghe e le bobine dei cavi sono la nostra attivit\u00e0 principale, siamo il produttore principale degli ordini di promozione dal mercato europeo ogni anno. Siamo i migliori produttori che collaborano con VDE Global Service in Germania per proteggere il marchio.<\/p>\n<p>Benvenuto calorosamente per collaborare con tutti i clienti per il beneficio reciproco e un futuro luminoso.<\/p>\n<p>&nbsp;<\/p>\n<p><strong>FAQ<\/strong><br \/>\nQ1. Puoi accettare l'ordine di esempio?<\/p>\n<p>A: S\u00ec, certo, accettiamo l'ordine di esempio.<\/p>\n<p>&nbsp;<\/p>\n<p>Q2. Come contrarre noi?<\/p>\n<p>A: Puoi inviarci posta o chiamare.<\/p>","protected":false},"excerpt":{"rendered":"<p>Plug del mini socket di Caricatore USB Home USB<br \/>\nI dispositivi iOS e Android sono compatibili,<br \/>\nSupportare due dispositivi per caricare insieme risolvere il problema della ricarica difficile<\/p>","protected":false},"featured_media":270,"template":"","meta":[],"product_cat":[24],"product_tag":[],"class_list":{"0":"post-266","1":"product","2":"type-product","3":"status-publish","4":"has-post-thumbnail","6":"product_cat-socketplug","8":"first","9":"instock","10":"shipping-taxable","11":"product-type-simple"},"_links":{"self":[{"href":"https:\/\/www.soyang-group.com\/it\/wp-json\/wp\/v2\/product\/266","targetHints":{"allow":["GET"]}}],"collection":[{"href":"https:\/\/www.soyang-group.com\/it\/wp-json\/wp\/v2\/product"}],"about":[{"href":"https:\/\/www.soyang-group.com\/it\/wp-json\/wp\/v2\/types\/product"}],"version-history":[{"count":0,"href":"https:\/\/www.soyang-group.com\/it\/wp-json\/wp\/v2\/product\/266\/revisions"}],"wp:featuredmedia":[{"embeddable":true,"href":"https:\/\/www.soyang-group.com\/it\/wp-json\/wp\/v2\/media\/270"}],"wp:attachment":[{"href":"https:\/\/www.soyang-group.com\/it\/wp-json\/wp\/v2\/media?parent=266"}],"wp:term":[{"taxonomy":"product_cat","embeddable":true,"href":"https:\/\/www.soyang-group.com\/it\/wp-json\/wp\/v2\/product_cat?post=266"},{"taxonomy":"product_tag","embeddable":true,"href":"https:\/\/www.soyang-group.com\/it\/wp-json\/wp\/v2\/product_tag?post=266"}],"curies":[{"name":"wp","href":"https:\/\/api.w.org\/{rel}","templated":true}]}}