{"id":287,"date":"2024-12-12T13:31:12","date_gmt":"2024-12-12T05:31:12","guid":{"rendered":"https:\/\/shuangy.gg12.globaldeepsea.site\/?post_type=product&#038;p=287"},"modified":"2024-12-12T13:31:12","modified_gmt":"2024-12-12T05:31:12","slug":"industrial-equipment-ip44-european-cable-reel","status":"publish","type":"product","link":"https:\/\/www.soyang-group.com\/it\/prodotto\/industrial-equipment-ip44-european-cable-reel\/","title":{"rendered":"Attrezzatura industriale IP44 Cavo europeo bobina"},"content":{"rendered":"<p><strong>Informazioni di base<\/strong><br \/>\nModello n.: Bobina via cavo del settore<br \/>\nMarca: Shuangyang<br \/>\nMateriale a guscio: gomma e rame<br \/>\nUtilizzo: collegamento dell'alimentazione all'elettricit\u00e0<br \/>\nelettrodomestici<br \/>\nWarlyly: 1 anni<br \/>\nCertificato: CE, GS, S, ROHS, REACH, IPA<\/p>\n<p>&nbsp;<\/p>\n<p><strong>Industria\u00a0<a title=\"Visualizza tutti i pali in bobina via cavo\" href=\"https:\/\/www.soyanggroup.com\/cable-reel\/\" target=\"_blank\" rel=\"noopener\">Bobina del cavo<\/a><\/strong><br \/>\nNumero modello: XP03-SY6H<br \/>\nMarca: Shuangyang<br \/>\nUtilizzo: connessione dell'alimentazione agli elettrodomestici elettrici<\/p>\n<p><strong>Descrizione e caratteristiche<\/strong><br \/>\n1.Foltaggio: 230 V AC<br \/>\n2.frequenza: 50Hz<br \/>\n3.Water-proof:IP44<br \/>\n4. Potenza valutata massima: 720W (bobina completa), 3680W (non recuperata)<br \/>\nCavo corrispondente: H05VV-F 3G1.5mm2 (massimo 50 metri)<br \/>\nH05RR-F 3G1.5\/ H07RN-F 3G1.5mm2 (Max 25Meters)<\/p>\n<p>5.color:black<br \/>\n6.Outer Dia. (Mm): \u03c6280<br \/>\n7. Sicurezza del calore<br \/>\n8. La lunghezza del cavo pu\u00f2 secondo i requisiti del cliente. Ad esempio: 10m, 25m, 50m\u2026.<br \/>\n9.Can in base alla necessit\u00e0 del cliente per l'imballaggio.<br \/>\n10. Abilit\u00e0 di alimentazione: 50000 pezzi\/pezzi al mese bobina cavo<\/p>\n<p>&nbsp;<\/p>\n<p><strong>Specifiche<\/strong><br \/>\nPACCHETTO: 1pcs\/Color Box<br \/>\n2 pezzi\/cartone esterno<br \/>\nDimensione del cartone: 46*31,5*40 cm<br \/>\nCertificazioni: CE, ROHS, REACH, IPA<\/p>\n<p><img decoding=\"async\" src=\"https:\/\/www.soyanggroup.com\/uploads\/38a0b92314.jpg\" alt=\"\" \/><\/p>\n<p>&nbsp;<\/p>\n<p><strong>Vantaggio<\/strong><br \/>\n1. Parti di marchio<br \/>\n2. Capo di origine<br \/>\n3. Distribuzione offerte<br \/>\n4. Personale esperto<br \/>\n5.Form a<br \/>\n6. PRODOTTO GEGNO<br \/>\n7.Guarantee\/Warranty<br \/>\n8. Approvazioni internazionali<br \/>\n9.Packaging<br \/>\n10.Price<br \/>\n11. Caratteristiche del prodotto<br \/>\n12.Portazioni del prodotto<br \/>\n13.Prompt Delivery<br \/>\n14. Approvazioni di qualit\u00e0<br \/>\n15.Reputation<br \/>\n16.Service<br \/>\n17.Mer ordini accettati<br \/>\n18.OEM e servizio ODM fornito<br \/>\n19. Alta qualit\u00e0<\/p>\n<p>&nbsp;<\/p>\n<p>&nbsp;<\/p>\n<p><strong>Informazioni sulla societ\u00e0<\/strong><\/p>\n<p>Zhejiang Shuangyang Group Co.ltd. \u00e8 stato fondato nel 1986, \u00e8 un'impresa privata, una delle stelle imprese di Ningbo City nel 1998, e approvata da ISO9001\/14000\/18000. Abbiamo localizzato a Cixi, Ningbo City, che \u00e8 solo un'ora per il porto e l'aeroporto di Ningbo e due ore a Shanghai.<\/p>\n<p><img decoding=\"async\" src=\"https:\/\/sc01.alicdn.com\/kf\/He5ba632c74e44a68a587403dde671c5eH\/1942321\/He5ba632c74e44a68a587403dde671c5eH.png_.webp\" alt=\"\" \/><br \/>\nFino ad ora, il capitale registrato \u00e8 di oltre 16 milioni di usdo. La nostra area del pavimento \u00e8 di circa 120.000 mq e l'area di costruzione \u00e8 di circa 85.000 mq. Nel 2018, il nostro turno totale \u00e8 di 80 milioni di usdo. Abbiamo dieci persone di ricerca e sviluppo e oltre 100 QC per garantire la qualit\u00e0, ogni anno, progettiamo e sviluppiamo oltre dieci nuovi prodotti che agiscono come produttore di piombo.<\/p>\n<p>I nostri prodotti principali sono timer, prese, cavi flessibili, cavi di alimentazione, tappi, prese di estensione, bobine per cavi e illuminazione. Possiamo fornire molti tipi di timer come timer quotidiani, timer meccanici e digitali, conti con timer, timer del settore con tutti i tipi di prese. I nostri mercati target sono il mercato europeo e il mercato americano. I nostri prodotti approvati da CE, GS, D, N, S, NF, ETL, VDE, ROHS, REACH, IPA e cos\u00ec via.<\/p>\n<p>Abbiamo una buona reputazione tra i nostri clienti. Ci concentriamo sempre sulla protezione dell'ambiente e della sicurezza umana. Migliorare la qualit\u00e0 della vita \u00e8 il nostro scopo finale.<\/p>\n<p>Le cavi di alimentazione, le prolunghe e le bobine dei cavi sono la nostra attivit\u00e0 principale, siamo il produttore principale degli ordini di promozione dal mercato europeo ogni anno. Siamo i migliori produttori che collaborano con VDE Global Service in Germania per proteggere il marchio. Benvenuto per collaborare con tutti i clienti per il beneficio reciproco e un futuro luminoso.<\/p>\n<p>&nbsp;<\/p>\n<p><strong>Linee di prodotti<\/strong><\/p>\n<p><img decoding=\"async\" src=\"https:\/\/sc02.alicdn.com\/kf\/HTB17nDwaFqZBuNjt_jqq6ymzpXa2\/1942321\/HTB17nDwaFqZBuNjt_jqq6ymzpXa2.jpg_.webp\" alt=\"\" \/><\/p>\n<p><strong>Approvazioni<\/strong><\/p>\n<p><img decoding=\"async\" src=\"https:\/\/sc01.alicdn.com\/kf\/HTB1mMxLgOQnBKNjSZFmq6AApVXab\/1942321\/HTB1mMxLgOQnBKNjSZFmq6AApVXab.jpg_.webp\" alt=\"\" \/><\/p>\n<p><strong>FAQ<\/strong><\/p>\n<p>Q1. Come contrarre noi?<\/p>\n<p>A: Puoi inviarci posta o chiamare.<\/p>\n<p>&nbsp;<\/p>\n<p>Q2. Quali sono i tuoi termini di pagamento?<\/p>\n<p>A: T\/T, L\/C.<\/p>","protected":false},"excerpt":{"rendered":"<p>Bobina via cavo del settore IP44<br \/>\nLa lunghezza del cavo pu\u00f2 in base alle esigenze del cliente.<br \/>\nAd esempio: 10m, 25m, 40m, 50m\u2026.<br \/>\n1000 pezzi\/pezzi europei europei (Min. Ordine)<\/p>","protected":false},"featured_media":288,"template":"","meta":[],"product_cat":[26],"product_tag":[],"class_list":{"0":"post-287","1":"product","2":"type-product","3":"status-publish","4":"has-post-thumbnail","6":"product_cat-cable-reel","8":"first","9":"instock","10":"shipping-taxable","11":"product-type-simple"},"_links":{"self":[{"href":"https:\/\/www.soyang-group.com\/it\/wp-json\/wp\/v2\/product\/287","targetHints":{"allow":["GET"]}}],"collection":[{"href":"https:\/\/www.soyang-group.com\/it\/wp-json\/wp\/v2\/product"}],"about":[{"href":"https:\/\/www.soyang-group.com\/it\/wp-json\/wp\/v2\/types\/product"}],"version-history":[{"count":0,"href":"https:\/\/www.soyang-group.com\/it\/wp-json\/wp\/v2\/product\/287\/revisions"}],"wp:featuredmedia":[{"embeddable":true,"href":"https:\/\/www.soyang-group.com\/it\/wp-json\/wp\/v2\/media\/288"}],"wp:attachment":[{"href":"https:\/\/www.soyang-group.com\/it\/wp-json\/wp\/v2\/media?parent=287"}],"wp:term":[{"taxonomy":"product_cat","embeddable":true,"href":"https:\/\/www.soyang-group.com\/it\/wp-json\/wp\/v2\/product_cat?post=287"},{"taxonomy":"product_tag","embeddable":true,"href":"https:\/\/www.soyang-group.com\/it\/wp-json\/wp\/v2\/product_tag?post=287"}],"curies":[{"name":"wp","href":"https:\/\/api.w.org\/{rel}","templated":true}]}}